
{"id":3339,"date":"2023-05-02T18:55:35","date_gmt":"2023-05-02T18:55:35","guid":{"rendered":"https:\/\/sic.nodscloud.com\/nodsglobal\/?page_id=3339"},"modified":"2023-06-01T18:53:13","modified_gmt":"2023-06-01T18:53:13","slug":"proceso-de-admision","status":"publish","type":"page","link":"https:\/\/sic.nodscloud.com\/nodsglobal\/proceso-de-admision\/","title":{"rendered":"Proceso de admision"},"content":{"rendered":"<h1 style=\"text-align: center;\">Maza<\/h1>\n<p>&nbsp;<\/p>\n<h4><\/h4>\n<h3><span style=\"color: #ff0000;\"><b>Proceso de admisi\u00f3n:<\/b><\/span><\/h3>\n<h4 style=\"text-align: left;\"><\/h4>\n<p><span style=\"font-weight: 400;\">1- Cuando el aspirante confirma inter\u00e9s, llenamos el formulario de inscripci\u00f3n &#8211; debe realizarlo el asesor &#8211;\u00a0 <\/span><b>(<a href=\"https:\/\/sic.nodscloud.com\/universidad-maza\/wp-content\/uploads\/sites\/27\/2023\/05\/POS_-_Ficha_de_Inscripcion_estudiante_-_rev.0-2.docx\" target=\"_blank\" rel=\"noopener\">FICHA de inscripcion<\/a>)<\/b><span style=\"font-weight: 400;\"> y ser\u00e1 enviado directamente a la Universidad (cargandolo en la carpeta de Drive compartido) para que contin\u00faen el proceso de alta de alumno, env\u00edo de documentaci\u00f3n y pago de arancel &#8211; matr\u00edcula.<\/span><\/p>\n","protected":false},"excerpt":{"rendered":"<p>Maza &nbsp; Proceso de admisi\u00f3n: 1- Cuando el aspirante confirma inter\u00e9s, llenamos el formulario de inscripci\u00f3n &#8211; debe realizarlo el asesor &#8211;\u00a0 (FICHA de inscripcion) y ser\u00e1 enviado directamente a la Universidad (cargandolo en la carpeta de Drive compartido) para que contin\u00faen el proceso de&#8230;<\/p>\n","protected":false},"author":16,"featured_media":0,"parent":0,"menu_order":0,"comment_status":"closed","ping_status":"closed","template":"","meta":{"footnotes":""},"class_list":["post-3339","page","type-page","status-publish","hentry"],"aioseo_notices":[],"_links":{"self":[{"href":"https:\/\/sic.nodscloud.com\/nodsglobal\/wp-json\/wp\/v2\/pages\/3339","targetHints":{"allow":["GET"]}}],"collection":[{"href":"https:\/\/sic.nodscloud.com\/nodsglobal\/wp-json\/wp\/v2\/pages"}],"about":[{"href":"https:\/\/sic.nodscloud.com\/nodsglobal\/wp-json\/wp\/v2\/types\/page"}],"author":[{"embeddable":true,"href":"https:\/\/sic.nodscloud.com\/nodsglobal\/wp-json\/wp\/v2\/users\/16"}],"replies":[{"embeddable":true,"href":"https:\/\/sic.nodscloud.com\/nodsglobal\/wp-json\/wp\/v2\/comments?post=3339"}],"version-history":[{"count":2,"href":"https:\/\/sic.nodscloud.com\/nodsglobal\/wp-json\/wp\/v2\/pages\/3339\/revisions"}],"predecessor-version":[{"id":3401,"href":"https:\/\/sic.nodscloud.com\/nodsglobal\/wp-json\/wp\/v2\/pages\/3339\/revisions\/3401"}],"wp:attachment":[{"href":"https:\/\/sic.nodscloud.com\/nodsglobal\/wp-json\/wp\/v2\/media?parent=3339"}],"curies":[{"name":"wp","href":"https:\/\/api.w.org\/{rel}","templated":true}]}}