
{"id":3527,"date":"2023-11-21T13:03:05","date_gmt":"2023-11-21T13:03:05","guid":{"rendered":"https:\/\/sic.nodscloud.com\/nodsglobal\/?page_id=3527"},"modified":"2025-02-03T15:04:53","modified_gmt":"2025-02-03T15:04:53","slug":"financiacion-flevo","status":"publish","type":"page","link":"https:\/\/sic.nodscloud.com\/nodsglobal\/financiacion-flevo\/","title":{"rendered":"Financiaci\u00f3n Flevo (NO DISPONIBLE)"},"content":{"rendered":"<p>[vc_row css_animation=\u00bb\u00bb row_type=\u00bbrow\u00bb use_row_as_full_screen_section=\u00bbno\u00bb type=\u00bbfull_width\u00bb angled_section=\u00bbno\u00bb text_align=\u00bbleft\u00bb background_image_as_pattern=\u00bbwithout_pattern\u00bb][vc_column][vc_column_text]<\/p>\n<h2>FINANCIACI\u00d3N FLEVO<\/h2>\n<h3><strong><img fetchpriority=\"high\" decoding=\"async\" class=\"alignnone size-large wp-image-3819\" src=\"https:\/\/sic.nodscloud.com\/nodsglobal\/wp-content\/uploads\/sites\/3\/2023\/11\/Flevo-1024x553.png\" alt=\"\" width=\"1024\" height=\"553\" srcset=\"https:\/\/sic.nodscloud.com\/nodsglobal\/wp-content\/uploads\/sites\/3\/2023\/11\/Flevo-1024x553.png 1024w, https:\/\/sic.nodscloud.com\/nodsglobal\/wp-content\/uploads\/sites\/3\/2023\/11\/Flevo-300x162.png 300w, https:\/\/sic.nodscloud.com\/nodsglobal\/wp-content\/uploads\/sites\/3\/2023\/11\/Flevo-768x415.png 768w, https:\/\/sic.nodscloud.com\/nodsglobal\/wp-content\/uploads\/sites\/3\/2023\/11\/Flevo-700x378.png 700w, https:\/\/sic.nodscloud.com\/nodsglobal\/wp-content\/uploads\/sites\/3\/2023\/11\/Flevo.png 1222w\" sizes=\"(max-width: 1024px) 100vw, 1024px\" \/><\/strong><\/h3>\n<h3><strong>Enlaces y documentos claves<\/strong><\/h3>\n<h3><strong>1.Plataforma Flevo:\u00a0<\/strong><\/h3>\n<p><a href=\"https:\/\/plataforma.beflevo.co\/\" target=\"_blank\" rel=\"noopener\"><span style=\"color: #0000ff\">https:\/\/plataforma.beflevo.co\/<\/span><\/a><\/p>\n<h3><strong>2.Ayuda r\u00e1pida para gestion asesores:\u00a0<\/strong><\/h3>\n<p><a href=\"https:\/\/flevo.notion.site\/Ayuda-r-pida-Flevo-db2f46bc16de4f969da5909af84574c2\" target=\"_blank\" rel=\"noopener\"><span style=\"color: #0000ff\">https:\/\/flevo.notion.site\/Ayuda-r-pida-Flevo-db2f46bc16de4f969da5909af84574c2<\/span><\/a><\/p>\n<h3><strong>3.Material de apoyo Flevo:\u00a0<\/strong><\/h3>\n<ul>\n<li>\n<h3><strong><span style=\"color: #0000ff\"><a style=\"color: #0000ff\" href=\"https:\/\/sic.nodscloud.com\/nodsglobal\/wp-content\/uploads\/sites\/3\/2023\/11\/Que-es-Flevo-1.png\" target=\"_blank\" rel=\"noopener\">\u00bfQue es Flevo?<\/a><\/span><\/strong><\/h3>\n<\/li>\n<li>\n<h3><strong><span style=\"color: #0000ff\"><a style=\"color: #0000ff\" href=\"https:\/\/sic.nodscloud.com\/nodsglobal\/wp-content\/uploads\/sites\/3\/2023\/11\/InstructivoFlevo-2-1.pdf\" target=\"_blank\" rel=\"noopener\">PPT Instructivo Flevo<\/a><\/span><\/strong><\/h3>\n<\/li>\n<li>\n<h3><strong><a href=\"https:\/\/sic.nodscloud.com\/nodsglobal\/wp-content\/uploads\/sites\/3\/2023\/11\/202310_Uniandes.pdf\" target=\"_blank\" rel=\"noopener\"><span style=\"color: #0000ff\">PPT Flevo Alternativa de Financiamiento<\/span><\/a><\/strong><\/h3>\n<\/li>\n<\/ul>\n<p>&nbsp;<\/p>\n<p>&nbsp;<\/p>\n<h3 style=\"text-align: center\"><span style=\"color: #008000\"><em><strong><span style=\"color: #0000ff\">CAPACITACION FLEVO<\/span><\/strong><\/em><\/span><\/h3>\n<p>[\/vc_column_text][vc_video link=\u00bbhttps:\/\/www.youtube.com\/watch?v=5KHkSTzTGfA\u00bb el_width=\u00bb80&#8243; align=\u00bbcenter\u00bb][\/vc_column][\/vc_row][vc_row css_animation=\u00bb\u00bb row_type=\u00bbrow\u00bb use_row_as_full_screen_section=\u00bbno\u00bb type=\u00bbfull_width\u00bb angled_section=\u00bbno\u00bb text_align=\u00bbleft\u00bb background_image_as_pattern=\u00bbwithout_pattern\u00bb][vc_column][\/vc_column][\/vc_row]<\/p>\n<p>&nbsp;<\/p>\n<h5><\/h5>\n<h5><span style=\"color: #ff0000\"><strong>Importante:<\/strong> <\/span>Una vez el aspirante haya formalizado el anticipo con Flevo, debe enviarnos el documento de identidad (foto por ambos lados), para poder legalizar la matr\u00edcula al interno de la Universidad, se sugiere pedir el documento previo al proceso de aplicaci\u00f3n del aspirante en Flevo para que esto sea parte del proceso de financiaci\u00f3n y transparente para la persona.<\/h5>\n<p>&nbsp;<\/p>\n","protected":false},"excerpt":{"rendered":"<p>[vc_row css_animation=\u00bb\u00bb row_type=\u00bbrow\u00bb use_row_as_full_screen_section=\u00bbno\u00bb type=\u00bbfull_width\u00bb angled_section=\u00bbno\u00bb text_align=\u00bbleft\u00bb background_image_as_pattern=\u00bbwithout_pattern\u00bb][vc_column][vc_column_text] FINANCIACI\u00d3N FLEVO Enlaces y documentos claves 1.Plataforma Flevo:\u00a0 https:\/\/plataforma.beflevo.co\/ 2.Ayuda r\u00e1pida para gestion asesores:\u00a0 https:\/\/flevo.notion.site\/Ayuda-r-pida-Flevo-db2f46bc16de4f969da5909af84574c2 3.Material de apoyo Flevo:\u00a0 \u00bfQue es Flevo? PPT Instructivo Flevo PPT Flevo Alternativa de Financiamiento &nbsp; &nbsp; CAPACITACION FLEVO [\/vc_column_text][vc_video link=\u00bbhttps:\/\/www.youtube.com\/watch?v=5KHkSTzTGfA\u00bb el_width=\u00bb80&#8243;&#8230;<\/p>\n","protected":false},"author":16,"featured_media":0,"parent":0,"menu_order":0,"comment_status":"closed","ping_status":"closed","template":"","meta":{"footnotes":""},"class_list":["post-3527","page","type-page","status-publish","hentry"],"aioseo_notices":[],"_links":{"self":[{"href":"https:\/\/sic.nodscloud.com\/nodsglobal\/wp-json\/wp\/v2\/pages\/3527","targetHints":{"allow":["GET"]}}],"collection":[{"href":"https:\/\/sic.nodscloud.com\/nodsglobal\/wp-json\/wp\/v2\/pages"}],"about":[{"href":"https:\/\/sic.nodscloud.com\/nodsglobal\/wp-json\/wp\/v2\/types\/page"}],"author":[{"embeddable":true,"href":"https:\/\/sic.nodscloud.com\/nodsglobal\/wp-json\/wp\/v2\/users\/16"}],"replies":[{"embeddable":true,"href":"https:\/\/sic.nodscloud.com\/nodsglobal\/wp-json\/wp\/v2\/comments?post=3527"}],"version-history":[{"count":21,"href":"https:\/\/sic.nodscloud.com\/nodsglobal\/wp-json\/wp\/v2\/pages\/3527\/revisions"}],"predecessor-version":[{"id":6356,"href":"https:\/\/sic.nodscloud.com\/nodsglobal\/wp-json\/wp\/v2\/pages\/3527\/revisions\/6356"}],"wp:attachment":[{"href":"https:\/\/sic.nodscloud.com\/nodsglobal\/wp-json\/wp\/v2\/media?parent=3527"}],"curies":[{"name":"wp","href":"https:\/\/api.w.org\/{rel}","templated":true}]}}