
{"id":3707,"date":"2023-11-24T18:41:00","date_gmt":"2023-11-24T18:41:00","guid":{"rendered":"https:\/\/sic.nodscloud.com\/nodsglobal\/?page_id=3707"},"modified":"2023-11-24T18:41:00","modified_gmt":"2023-11-24T18:41:00","slug":"documentacion","status":"publish","type":"page","link":"https:\/\/sic.nodscloud.com\/nodsglobal\/documentacion\/","title":{"rendered":"Documentaci\u00f3n"},"content":{"rendered":"<p><span style=\"font-weight: 400;\">1- Los Aspirante cargaran la documentaci\u00f3n y datos personales en la Plataforma de Digital Admin.<\/span><\/p>\n<p>&nbsp;<\/p>\n<p><span style=\"font-weight: 400;\">2-La documentaci\u00f3n es correcta si se respetan los siguientes requisitos:\u00a0<\/span><\/p>\n<ul>\n<li style=\"font-weight: 400;\" aria-level=\"1\"><span style=\"font-weight: 400;\">\u00a0Se debe poder\u00a0 leer toda la informaci\u00f3n de los documentos correctamente incluyendo firmas y sellos.<\/span><\/li>\n<li style=\"font-weight: 400;\" aria-level=\"1\"><span style=\"font-weight: 400;\">Toda la documentaci\u00f3n debe estar carga de manera individual por campo.<\/span><\/li>\n<li style=\"font-weight: 400;\" aria-level=\"1\"><span style=\"font-weight: 400;\">Todos los documentos se deben cargar a Color, NO BLANCO Y NEGRO.<\/span><\/li>\n<li style=\"font-weight: 400;\" aria-level=\"1\"><span style=\"font-weight: 400;\">Escanear archivos con cualquier APP de manera individual<\/span><\/li>\n<li style=\"font-weight: 400;\" aria-level=\"1\"><span style=\"font-weight: 400;\">\u00a0En caso de ser una Foto debe ser sin flash y sobre un fondo blanco, en caso de ser necesario deber\u00e1 estar\u00a0 recortada la imagen\u00a0 respetando los m\u00e1rgenes del documento\u00a0<\/span><\/li>\n<li style=\"font-weight: 400;\" aria-level=\"1\"><span style=\"font-weight: 400;\">Todos los documentos deben ser en formato PDF.<\/span><\/li>\n<\/ul>\n<p>&nbsp;<\/p>\n<p><span style=\"font-weight: 400;\">3- Con respecto a los t\u00edtulos secundarios tener en cuenta:<\/span><\/p>\n<ul>\n<li style=\"font-weight: 400;\" aria-level=\"1\"><span style=\"font-weight: 400;\">El t\u00edtulo es un papel donde figuran los datos de la persona y el t\u00edtulo que se le otorga de acuerdo a la especializaci\u00f3n que tiene el colegio ejemplo: Perito mercantil. Suele tener una aclaraci\u00f3n que dice \u201ccorresponde a la educaci\u00f3n secundaria\u201d. En el anal\u00edtico figuran todas las materias que se dieron en los diferentes ciclos lectivos.<\/span><\/li>\n<li style=\"font-weight: 400;\" aria-level=\"1\"><span style=\"font-weight: 400;\">Antes del\u00a0 a\u00f1o 1998 hasta el 2006 aproximadamente se les entreg\u00f3 \u00fanicamente\u00a0 t\u00edtulo (En la Facultad de derecho solicitaron adem\u00e1s copia del libro matriz)\u00a0 o anal\u00edtico dependiendo de la provincia en donde finalizaron sus estudios.<\/span><\/li>\n<li style=\"font-weight: 400;\" aria-level=\"1\"><span style=\"font-weight: 400;\">2007 a 2017 aproximadamente se entreg\u00f3 t\u00edtulo y anal\u00edtico.<\/span><\/li>\n<li style=\"font-weight: 400;\" aria-level=\"1\"><span style=\"font-weight: 400;\">2018 en adelante solo anal\u00edtico.\u00a0<\/span><\/li>\n<li style=\"font-weight: 400;\" aria-level=\"1\"><span style=\"font-weight: 400;\">Legalizaci\u00f3n del t\u00edtulo: Pueden faltar dos sellos en el t\u00edtulo, el de Ministerio de Educaci\u00f3n el cual se puede pedir en el Instituto donde egres\u00f3 o el del Ministerio del Interior para los\u00a0 t\u00edtulo secundario o terciario que\u00a0 fueron emitidos antes del 1\u00b0 de enero del 2010 (fijarse en fecha de emisi\u00f3n, no importa la fecha de egreso), a este \u00faltimo lo puede hacer en el siguiente link:<\/span><\/li>\n<\/ul>\n<p><a href=\"https:\/\/www.argentina.gob.ar\/servicio\/legalizar-el-certificado-de-estudio-secundario-yo-terciario\"><span style=\"font-weight: 400;\">https:\/\/www.argentina.gob.ar\/servicio\/legalizar-el-certificado-de-estudio-secundario-yo-terciario<\/span><\/a><\/p>\n<p><span style=\"font-weight: 400;\">No todas las facultades solicitan la legalizaci\u00f3n del t\u00edtulo secundario.<\/span><\/p>\n<p>&nbsp;<\/p>\n<p><b><i>Ingresos por Art. 7 de la Ley de Educaci\u00f3n Superior (alumnos mayores de 25 a\u00f1os sin t\u00edtulo secundario)<\/i><\/b><\/p>\n<p><b><i>REQUISITOS<\/i><\/b><\/p>\n<ul>\n<li style=\"font-weight: 400;\" aria-level=\"1\"><span style=\"font-weight: 400;\">Tener 25 a\u00f1os cumplidos al momento de su inscripci\u00f3n como postulante al r\u00e9gimen de esta Ordenanza.<\/span><\/li>\n<li style=\"font-weight: 400;\" aria-level=\"1\"><span style=\"font-weight: 400;\">Poseer estudios primarios completos. (Presentar t\u00edtulo o comprobante de Estudios Primarios completos)<\/span><\/li>\n<li style=\"font-weight: 400;\" aria-level=\"1\"><span style=\"font-weight: 400;\">Tener preparaci\u00f3n y\/o experiencia laboral acordes con la carrera elegida. (Presentar CV y carta de recomendaci\u00f3n)<\/span><\/li>\n<li style=\"font-weight: 400;\" aria-level=\"1\"><span style=\"font-weight: 400;\">Poseer las aptitudes y conocimientos suficientes para cursar la carrera elegida satisfactoriamente.<\/span><\/li>\n<\/ul>\n<p>&nbsp;<\/p>\n<ul>\n<li style=\"font-weight: 400;\" aria-level=\"1\">\n<h3><span style=\"color: #ff0000;\"><strong>Este \u00faltimo punto es para solicitar la preinscripci\u00f3n en SIU y cargarla en la plataforma aplica para todos.<\/strong><\/span><\/h3>\n<\/li>\n<\/ul>\n<p>&nbsp;<\/p>\n","protected":false},"excerpt":{"rendered":"<p>1- Los Aspirante cargaran la documentaci\u00f3n y datos personales en la Plataforma de Digital Admin. &nbsp; 2-La documentaci\u00f3n es correcta si se respetan los siguientes requisitos:\u00a0 \u00a0Se debe poder\u00a0 leer toda la informaci\u00f3n de los documentos correctamente incluyendo firmas y sellos. Toda la documentaci\u00f3n debe&#8230;<\/p>\n","protected":false},"author":16,"featured_media":0,"parent":0,"menu_order":0,"comment_status":"closed","ping_status":"closed","template":"","meta":{"footnotes":""},"class_list":["post-3707","page","type-page","status-publish","hentry"],"aioseo_notices":[],"_links":{"self":[{"href":"https:\/\/sic.nodscloud.com\/nodsglobal\/wp-json\/wp\/v2\/pages\/3707","targetHints":{"allow":["GET"]}}],"collection":[{"href":"https:\/\/sic.nodscloud.com\/nodsglobal\/wp-json\/wp\/v2\/pages"}],"about":[{"href":"https:\/\/sic.nodscloud.com\/nodsglobal\/wp-json\/wp\/v2\/types\/page"}],"author":[{"embeddable":true,"href":"https:\/\/sic.nodscloud.com\/nodsglobal\/wp-json\/wp\/v2\/users\/16"}],"replies":[{"embeddable":true,"href":"https:\/\/sic.nodscloud.com\/nodsglobal\/wp-json\/wp\/v2\/comments?post=3707"}],"version-history":[{"count":1,"href":"https:\/\/sic.nodscloud.com\/nodsglobal\/wp-json\/wp\/v2\/pages\/3707\/revisions"}],"predecessor-version":[{"id":3708,"href":"https:\/\/sic.nodscloud.com\/nodsglobal\/wp-json\/wp\/v2\/pages\/3707\/revisions\/3708"}],"wp:attachment":[{"href":"https:\/\/sic.nodscloud.com\/nodsglobal\/wp-json\/wp\/v2\/media?parent=3707"}],"curies":[{"name":"wp","href":"https:\/\/api.w.org\/{rel}","templated":true}]}}