
{"id":3713,"date":"2023-11-24T18:54:18","date_gmt":"2023-11-24T18:54:18","guid":{"rendered":"https:\/\/sic.nodscloud.com\/nodsglobal\/?page_id=3713"},"modified":"2024-05-13T14:31:21","modified_gmt":"2024-05-13T14:31:21","slug":"funnel-de-tipificaciones-2","status":"publish","type":"page","link":"https:\/\/sic.nodscloud.com\/nodsglobal\/funnel-de-tipificaciones-2\/","title":{"rendered":"Funnel de Tipificaciones"},"content":{"rendered":"<p>[vc_row css_animation=\u00bb\u00bb row_type=\u00bbrow\u00bb use_row_as_full_screen_section=\u00bbno\u00bb type=\u00bbfull_width\u00bb angled_section=\u00bbno\u00bb text_align=\u00bbleft\u00bb background_image_as_pattern=\u00bbwithout_pattern\u00bb][vc_column][vc_column_text]<\/p>\n<h3><strong>FUNNEL DE TIPICIACIONES<\/strong><\/h3>\n<table dir=\"ltr\" style=\"height: 706px;\" width=\"944\" cellspacing=\"0\" cellpadding=\"0\" data-sheets-root=\"1\">\n<colgroup>\n<col width=\"74\" \/>\n<col width=\"74\" \/>\n<col width=\"74\" \/>\n<col width=\"211\" \/>\n<col width=\"74\" \/>\n<col width=\"74\" \/>\n<col width=\"74\" \/>\n<col width=\"74\" \/>\n<col width=\"405\" \/><\/colgroup>\n<tbody>\n<tr>\n<td colspan=\"4\" rowspan=\"1\" data-sheets-value=\"{&quot;1&quot;:2,&quot;2&quot;:&quot;1. No Util_Pide no ser llamado&quot;}\"><span style=\"color: #ff0000;\"><strong>1. No Util_Pide no ser llamado \u2192<\/strong><\/span><\/td>\n<td colspan=\"5\" rowspan=\"1\" data-sheets-value=\"{&quot;1&quot;:2,&quot;2&quot;:&quot;Solo aplica cuando la persona pide que no la llamemos m\u00e1s&quot;}\"><strong>Solo aplica cuando la persona pide que no la llamemos m\u00e1s<\/strong><\/td>\n<\/tr>\n<tr>\n<td colspan=\"4\" rowspan=\"1\" data-sheets-value=\"{&quot;1&quot;:2,&quot;2&quot;:&quot;2. No \u00fatil_Tel\u00e9fono Err\u00f3neo o Fuera Servicio&quot;}\"><span style=\"color: #ff0000;\"><strong>2. No \u00fatil_Tel\u00e9fono Err\u00f3neo o Fuera Servicio \u2192<\/strong><\/span><\/td>\n<td colspan=\"5\" rowspan=\"1\" data-sheets-value=\"{&quot;1&quot;:2,&quot;2&quot;:&quot;Telefono fuera de servicio o que no esta completo&quot;}\"><b>Tel\u00e9fono fuera de servicio o que no esta completo<\/b><\/td>\n<\/tr>\n<tr>\n<td colspan=\"4\" rowspan=\"1\" data-sheets-value=\"{&quot;1&quot;:2,&quot;2&quot;:&quot;3. No \u00fatil_Imposible Contactar&quot;}\"><span style=\"color: #ff0000;\"><strong>3. No \u00fatil_Imposible Contactar \u2192<\/strong><\/span><\/td>\n<td colspan=\"5\" rowspan=\"1\" data-sheets-value=\"{&quot;1&quot;:2,&quot;2&quot;:&quot;Ultimo intento de llamada de los no contesta&quot;}\"><strong>Ultimo intento de llamada de los no contesta<\/strong><\/td>\n<\/tr>\n<tr>\n<td colspan=\"4\" rowspan=\"1\" data-sheets-value=\"{&quot;1&quot;:2,&quot;2&quot;:&quot;4 - No \u00fatil Negativo Spam&quot;}\"><\/td>\n<td colspan=\"5\" rowspan=\"1\" data-sheets-value=\"{&quot;1&quot;:2,&quot;2&quot;:&quot;Casos de Spam&quot;}\"><\/td>\n<\/tr>\n<tr>\n<td colspan=\"4\" rowspan=\"1\" data-sheets-value=\"{&quot;1&quot;:2,&quot;2&quot;:&quot;4. Util Negativo_No cumple requisitos&quot;}\"><span style=\"color: #339966;\"><strong>4. Util Negativo_No cumple requisitos \u2192<\/strong><\/span><\/td>\n<td colspan=\"5\" rowspan=\"1\" data-sheets-value=\"{&quot;1&quot;:2,&quot;2&quot;:&quot;No cumple requisitos para la inscripci\u00f3n&quot;}\"><strong>No cumple requisitos para la inscripci\u00f3n<\/strong><\/td>\n<\/tr>\n<tr>\n<td colspan=\"4\" rowspan=\"1\" data-sheets-value=\"{&quot;1&quot;:2,&quot;2&quot;:&quot;5. Util Negativo_Le parece Caro&quot;}\"><span style=\"color: #339966;\"><strong>5. Util Negativo_Le parece Caro \u2192<\/strong><\/span><\/td>\n<td colspan=\"5\" rowspan=\"1\" data-sheets-value=\"{&quot;1&quot;:2,&quot;2&quot;:&quot;No cuenta con el presupuesto&quot;}\"><strong>No cuenta con el presupuesto<\/strong><\/td>\n<\/tr>\n<tr>\n<td colspan=\"4\" rowspan=\"1\" data-sheets-value=\"{&quot;1&quot;:2,&quot;2&quot;:&quot;6. Util Negativo_Siguiente Cohorte&quot;}\"><span style=\"color: #339966;\"><strong>6. Util Negativo_Siguiente Cohorte \u2192<\/strong><\/span><\/td>\n<td colspan=\"5\" rowspan=\"1\" data-sheets-value=\"{&quot;1&quot;:2,&quot;2&quot;:&quot;Para el pr\u00f3ximo per\u00edodo&quot;}\"><strong>Para el pr\u00f3ximo per\u00edodo<\/strong><\/td>\n<\/tr>\n<tr>\n<td colspan=\"4\" rowspan=\"1\" data-sheets-value=\"{&quot;1&quot;:2,&quot;2&quot;:&quot;7. Util Negativo_Inscrito otra Universidad&quot;}\"><span style=\"color: #339966;\"><strong>7. Util Negativo_Inscrito otra Universidad \u2192<\/strong><\/span><\/td>\n<td colspan=\"5\" rowspan=\"1\" data-sheets-value=\"{&quot;1&quot;:2,&quot;2&quot;:&quot;Ya se inscribi\u00f3 en otro programa&quot;}\"><strong>Ya se inscribi\u00f3 en otro programa<\/strong><\/td>\n<\/tr>\n<tr>\n<td colspan=\"4\" rowspan=\"1\" data-sheets-value=\"{&quot;1&quot;:2,&quot;2&quot;:&quot;8. Util Negativo_Horarios&quot;}\"><span style=\"color: #339966;\"><strong>8. Util Negativo_Horarios \u2192<\/strong><\/span><\/td>\n<td colspan=\"5\" rowspan=\"1\" data-sheets-value=\"{&quot;1&quot;:2,&quot;2&quot;:&quot;No puede por Horarios&quot;}\"><strong>No puede por Horarios<\/strong><\/td>\n<\/tr>\n<tr>\n<td colspan=\"4\" rowspan=\"1\" data-sheets-value=\"{&quot;1&quot;:2,&quot;2&quot;:&quot;9. Util Negativo_Modalidad de Cursado&quot;}\"><span style=\"color: #339966;\"><strong>9. Util Negativo_Modalidad de Cursado \u2192<\/strong><\/span><\/td>\n<td colspan=\"5\" rowspan=\"1\" data-sheets-value=\"{&quot;1&quot;:2,&quot;2&quot;:&quot;No le interesa por Modalidad de cursado&quot;}\"><strong>No le interesa por Modalidad de cursado<\/strong><\/td>\n<\/tr>\n<tr>\n<td colspan=\"4\" rowspan=\"1\" data-sheets-value=\"{&quot;1&quot;:2,&quot;2&quot;:&quot;10. Util Negativo_Motivos personales&quot;}\"><span style=\"color: #339966;\"><strong>10. Util Negativo_Motivos personales \u2192<\/strong><\/span><\/td>\n<td colspan=\"5\" rowspan=\"1\" data-sheets-value=\"{&quot;1&quot;:2,&quot;2&quot;:&quot;Interesado pero descarta por motivos personales&quot;}\"><strong>Interesado pero descarta por motivos personales<\/strong><\/td>\n<\/tr>\n<tr>\n<td colspan=\"4\" rowspan=\"1\" data-sheets-value=\"{&quot;1&quot;:2,&quot;2&quot;:&quot;11. Util Negativo_No es la oferta buscada&quot;}\"><span style=\"color: #339966;\"><strong>11. Util Negativo_No es la oferta buscada \u2192<\/strong><\/span><\/td>\n<td colspan=\"5\" rowspan=\"1\" data-sheets-value=\"{&quot;1&quot;:2,&quot;2&quot;:&quot;No es el programa que esta buscando&quot;}\"><strong>No es el programa que esta buscando<\/strong><\/td>\n<\/tr>\n<tr>\n<td colspan=\"4\" rowspan=\"1\" data-sheets-value=\"{&quot;1&quot;:2,&quot;2&quot;:&quot;12. Util Pendiente_No contesta&quot;}\"><span style=\"color: #0000ff;\"><strong>12. Util Pendiente_Volver a llamar \u2192<\/strong><\/span><\/td>\n<td colspan=\"5\" rowspan=\"1\" data-sheets-value=\"{&quot;1&quot;:2,&quot;2&quot;:&quot;No contesta el llamado&quot;}\"><b>No contesta\/ Buz\u00f3n\/ocupado<\/b><\/td>\n<\/tr>\n<tr>\n<td colspan=\"4\" rowspan=\"1\" data-sheets-value=\"{&quot;1&quot;:2,&quot;2&quot;:&quot;13. Util Pendiente_Buzon de voz&quot;}\"><span style=\"color: #0000ff;\"><strong>13. Util Pendiente_Volver a llamar Ultimo intento \u2192<\/strong><\/span><\/td>\n<td colspan=\"5\" rowspan=\"1\" data-sheets-value=\"{&quot;1&quot;:2,&quot;2&quot;:&quot;Buzon de voz&quot;}\"><span style=\"color: #333300;\"><strong>Despues de 3 llamados sin contactaci\u00f3n<\/strong><\/span><\/td>\n<\/tr>\n<tr>\n<td colspan=\"4\" rowspan=\"1\" data-sheets-value=\"{&quot;1&quot;:2,&quot;2&quot;:&quot;14. Util Pendiente_Volver a llamar&quot;}\"><span style=\"color: #0000ff;\"><strong>14. Util Pendiente_Se Brinda informacion \u2192<\/strong><\/span><\/td>\n<td colspan=\"5\" rowspan=\"1\" data-sheets-value=\"{&quot;1&quot;:2,&quot;2&quot;:&quot;Volver a llamarporque esta ocupado &quot;}\"><b>Solo se le brinda informacion, por Whatapps y llamada y no genera promesa<\/b><\/td>\n<\/tr>\n<tr>\n<td colspan=\"4\" rowspan=\"1\" data-sheets-value=\"{&quot;1&quot;:2,&quot;2&quot;:&quot;15. Util Pendiente_Volver a Llamar Ultimo Intento&quot;}\"><span style=\"color: #0000ff;\"><strong>15. Util Pendiente_Analizando propuesta \u2192<\/strong><\/span><\/td>\n<td colspan=\"5\" rowspan=\"1\"><strong>Persona que manifiesta estar interesado y manifiesta que quiere consultarlo o analizarlo por alg\u00fan motivo<\/strong><\/td>\n<\/tr>\n<tr>\n<td colspan=\"4\" rowspan=\"1\" data-sheets-value=\"{&quot;1&quot;:2,&quot;2&quot;:&quot;16. Util Pendiente_Oportunidad de venta&quot;}\"><span style=\"color: #0000ff;\"><strong>16. Util Pendiente_Oportunidad de Venta<\/strong><\/span><\/td>\n<td colspan=\"5\" rowspan=\"1\" data-sheets-value=\"{&quot;1&quot;:2,&quot;2&quot;:&quot;1. Que tiene inter\u00e9s real en el programa y 2. Que tiene el perfil adecuado.&quot;}\"><b>Persona que manifiesta estar interesado y que quiere quieren le env\u00eden informaci\u00f3n suficiente a su Whatapps para tomar la decisi\u00f3n<\/b><\/td>\n<\/tr>\n<tr>\n<td colspan=\"4\" rowspan=\"1\" data-sheets-value=\"{&quot;1&quot;:2,&quot;2&quot;:&quot;17. Util Pendiente_Analizando propuesta&quot;}\"><span style=\"color: #0000ff;\"><strong>17. Util Pendiente_Solicitud de Reconocimiento \u2192<\/strong><\/span><\/td>\n<td colspan=\"5\" rowspan=\"1\" data-sheets-value=\"{&quot;1&quot;:2,&quot;2&quot;:&quot;Persona que manifiesta estar interesado y manifiesta que quiere consultarlo o analizarlo por alg\u00fan motivo&quot;}\"><strong>Personas interesadas en querer realizar equivalencias\u00a0<\/strong><\/td>\n<\/tr>\n<tr>\n<td colspan=\"4\" rowspan=\"1\" data-sheets-value=\"{&quot;1&quot;:2,&quot;2&quot;:&quot;18. Util Pendiente_En proceso de pago empresa&quot;}\"><span style=\"color: #0000ff;\"><strong>18. Util Pendiente_Envio de documentacion \u2192<\/strong><\/span><\/td>\n<td colspan=\"5\" rowspan=\"1\" data-sheets-value=\"{&quot;1&quot;:2,&quot;2&quot;:&quot;Para la forma de pago empresa, cuando el asesor env\u00ede el formato para realizar este pago,&quot;}\"><b>cuando el asesor env\u00eda\u00a0el link de pago y esta el aspirante por cargar la documentacion\u00a0<\/b><\/td>\n<\/tr>\n<tr>\n<td colspan=\"4\" rowspan=\"1\" data-sheets-value=\"{&quot;1&quot;:2,&quot;2&quot;:&quot;19. Util Pendiente_solicitud de financiaci\u00f3n&quot;}\"><span style=\"color: #0000ff;\"><strong>19. Util Pendiente_Preinscripto\u2192<\/strong><\/span><\/td>\n<td colspan=\"5\" rowspan=\"1\" data-sheets-value=\"{&quot;1&quot;:2,&quot;2&quot;:&quot;cuando el asesor env\u00ede el link de pago debe tipificar&quot;}\"><strong>Aspirante se preinscribe en SIU de San Luis<\/strong><\/td>\n<\/tr>\n<tr>\n<td colspan=\"4\" rowspan=\"1\" data-sheets-value=\"{&quot;1&quot;:2,&quot;2&quot;:&quot;20. Util Pendiente_En proceso de pago&quot;}\"><strong><span style=\"color: #0000ff;\">20. Util Pendiente_Matriculado\u2192 <\/span>\u00a0 \u00a0 \u00a0 \u00a0 \u00a0 \u00a0 \u00a0 \u00a0 \u00a0 \u00a0 \u00a0 \u00a0<\/strong><\/td>\n<td colspan=\"5\" rowspan=\"1\" data-sheets-value=\"{&quot;1&quot;:2,&quot;2&quot;:&quot;Para la forma de pago recursos propios, cuando el asesor realice la inscripci\u00f3n por SIRE&quot;}\"><b>\u00a0Cuando el aspirante ya pago, se inscribi\u00f3 en SIU<\/b><\/td>\n<\/tr>\n<\/tbody>\n<\/table>\n<table dir=\"ltr\" width=\"944\" cellspacing=\"0\" cellpadding=\"0\" data-sheets-root=\"1\">\n<tbody>\n<tr>\n<td colspan=\"4\" rowspan=\"1\" data-sheets-value=\"{&quot;1&quot;:2,&quot;2&quot;:&quot;20. Util Pendiente_En proceso de pago&quot;}\"><strong><span style=\"color: #0000ff;\">21. Util Pendiente_Duplicado\u2192<\/span>\u00a0 \u00a0 \u00a0 \u00a0 \u00a0 \u00a0 \u00a0 \u00a0 \u00a0 \u00a0 \u00a0 \u00a0 \u00a0 \u00a0 \u00a0 \u00a0 Aspirante duplicado en la base<\/strong><\/td>\n<td colspan=\"5\" rowspan=\"1\" data-sheets-value=\"{&quot;1&quot;:2,&quot;2&quot;:&quot;Para la forma de pago recursos propios, cuando el asesor realice la inscripci\u00f3n por SIRE&quot;}\"><\/td>\n<\/tr>\n<\/tbody>\n<\/table>\n<table dir=\"ltr\" width=\"944\" cellspacing=\"0\" cellpadding=\"0\" data-sheets-root=\"1\">\n<tbody>\n<tr>\n<td colspan=\"4\" rowspan=\"1\" data-sheets-value=\"{&quot;1&quot;:2,&quot;2&quot;:&quot;20. Util Pendiente_En proceso de pago&quot;}\"><span style=\"color: #0000ff;\">22. Util Pendiente_Ya se inscribio\u2192<\/span><b>\u00a0 \u00a0 \u00a0 \u00a0 \u00a0 \u00a0 \u00a0 \u00a0 \u00a0 \u00a0 \u00a0 \u00a0 \u00a0 Ya se inscribi\u00f3 solo sin nuestro asesoramiento.<\/b><\/td>\n<td colspan=\"5\" rowspan=\"1\" data-sheets-value=\"{&quot;1&quot;:2,&quot;2&quot;:&quot;Para la forma de pago recursos propios, cuando el asesor realice la inscripci\u00f3n por SIRE&quot;}\"><\/td>\n<\/tr>\n<\/tbody>\n<\/table>\n<table dir=\"ltr\" width=\"944\" cellspacing=\"0\" cellpadding=\"0\" data-sheets-root=\"1\">\n<tbody>\n<tr>\n<td colspan=\"4\" rowspan=\"1\" data-sheets-value=\"{&quot;1&quot;:2,&quot;2&quot;:&quot;20. Util Pendiente_En proceso de pago&quot;}\"><strong><span style=\"color: #0000ff;\">23. Util Dejo de contestar\u2192<\/span>\u00a0 \u00a0 \u00a0 \u00a0 \u00a0 \u00a0 \u00a0 \u00a0 \u00a0 \u00a0 \u00a0 \u00a0 \u00a0 \u00a0 \u00a0 \u00a0 \u00a0 \u00a0 \u00a0 Aspirante despues de ser contacto ya no responde por ningun medio<\/strong><\/td>\n<td colspan=\"5\" rowspan=\"1\" data-sheets-value=\"{&quot;1&quot;:2,&quot;2&quot;:&quot;Para la forma de pago recursos propios, cuando el asesor realice la inscripci\u00f3n por SIRE&quot;}\"><\/td>\n<\/tr>\n<\/tbody>\n<\/table>\n<table dir=\"ltr\" width=\"944\" cellspacing=\"0\" cellpadding=\"0\" data-sheets-root=\"1\">\n<tbody>\n<tr>\n<td colspan=\"4\" rowspan=\"1\" data-sheets-value=\"{&quot;1&quot;:2,&quot;2&quot;:&quot;20. Util Pendiente_En proceso de pago&quot;}\"><\/td>\n<td colspan=\"5\" rowspan=\"1\" data-sheets-value=\"{&quot;1&quot;:2,&quot;2&quot;:&quot;Para la forma de pago recursos propios, cuando el asesor realice la inscripci\u00f3n por SIRE&quot;}\"><\/td>\n<\/tr>\n<\/tbody>\n<\/table>\n<p>&nbsp;<\/p>\n<p>[\/vc_column_text][\/vc_column][\/vc_row]<\/p>\n","protected":false},"excerpt":{"rendered":"<p>[vc_row css_animation=\u00bb\u00bb row_type=\u00bbrow\u00bb use_row_as_full_screen_section=\u00bbno\u00bb type=\u00bbfull_width\u00bb angled_section=\u00bbno\u00bb text_align=\u00bbleft\u00bb background_image_as_pattern=\u00bbwithout_pattern\u00bb][vc_column][vc_column_text] FUNNEL DE TIPICIACIONES 1. No Util_Pide no ser llamado \u2192 Solo aplica cuando la persona pide que no la llamemos m\u00e1s 2. No \u00fatil_Tel\u00e9fono Err\u00f3neo o Fuera Servicio \u2192 Tel\u00e9fono fuera de servicio o que no esta&#8230;<\/p>\n","protected":false},"author":16,"featured_media":0,"parent":0,"menu_order":0,"comment_status":"closed","ping_status":"closed","template":"","meta":{"footnotes":""},"class_list":["post-3713","page","type-page","status-publish","hentry"],"aioseo_notices":[],"_links":{"self":[{"href":"https:\/\/sic.nodscloud.com\/nodsglobal\/wp-json\/wp\/v2\/pages\/3713","targetHints":{"allow":["GET"]}}],"collection":[{"href":"https:\/\/sic.nodscloud.com\/nodsglobal\/wp-json\/wp\/v2\/pages"}],"about":[{"href":"https:\/\/sic.nodscloud.com\/nodsglobal\/wp-json\/wp\/v2\/types\/page"}],"author":[{"embeddable":true,"href":"https:\/\/sic.nodscloud.com\/nodsglobal\/wp-json\/wp\/v2\/users\/16"}],"replies":[{"embeddable":true,"href":"https:\/\/sic.nodscloud.com\/nodsglobal\/wp-json\/wp\/v2\/comments?post=3713"}],"version-history":[{"count":5,"href":"https:\/\/sic.nodscloud.com\/nodsglobal\/wp-json\/wp\/v2\/pages\/3713\/revisions"}],"predecessor-version":[{"id":4882,"href":"https:\/\/sic.nodscloud.com\/nodsglobal\/wp-json\/wp\/v2\/pages\/3713\/revisions\/4882"}],"wp:attachment":[{"href":"https:\/\/sic.nodscloud.com\/nodsglobal\/wp-json\/wp\/v2\/media?parent=3713"}],"curies":[{"name":"wp","href":"https:\/\/api.w.org\/{rel}","templated":true}]}}