
{"id":3750,"date":"2023-11-27T19:20:58","date_gmt":"2023-11-27T19:20:58","guid":{"rendered":"https:\/\/sic.nodscloud.com\/nodsglobal\/?page_id=3750"},"modified":"2023-11-28T14:41:54","modified_gmt":"2023-11-28T14:41:54","slug":"hoja-de-ruta-crexe","status":"publish","type":"page","link":"https:\/\/sic.nodscloud.com\/nodsglobal\/hoja-de-ruta-crexe\/","title":{"rendered":"Hoja de Ruta Crexe"},"content":{"rendered":"<p>[vc_row css_animation=\u00bb\u00bb row_type=\u00bbrow\u00bb use_row_as_full_screen_section=\u00bbno\u00bb type=\u00bbfull_width\u00bb angled_section=\u00bbno\u00bb text_align=\u00bbleft\u00bb background_image_as_pattern=\u00bbwithout_pattern\u00bb][vc_column][vc_column_text]<\/p>\n<h1 style=\"text-align: center;\"><b>Hoja de Ruta Crexe<\/b><img decoding=\"async\" class=\"alignnone wp-image-3774 aligncenter\" src=\"https:\/\/sic.nodscloud.com\/nodsglobal\/wp-content\/uploads\/sites\/3\/2023\/11\/logo-uniandes.png\" alt=\"\" width=\"260\" height=\"149\" srcset=\"https:\/\/sic.nodscloud.com\/nodsglobal\/wp-content\/uploads\/sites\/3\/2023\/11\/logo-uniandes.png 542w, https:\/\/sic.nodscloud.com\/nodsglobal\/wp-content\/uploads\/sites\/3\/2023\/11\/logo-uniandes-300x172.png 300w, https:\/\/sic.nodscloud.com\/nodsglobal\/wp-content\/uploads\/sites\/3\/2023\/11\/logo-uniandes-345x198.png 345w\" sizes=\"(max-width: 260px) 100vw, 260px\" \/><img decoding=\"async\" class=\"alignnone wp-image-3775 aligncenter\" src=\"https:\/\/sic.nodscloud.com\/nodsglobal\/wp-content\/uploads\/sites\/3\/2023\/11\/crexeeducaciondigital_logo.jpg\" alt=\"\" width=\"121\" height=\"121\" srcset=\"https:\/\/sic.nodscloud.com\/nodsglobal\/wp-content\/uploads\/sites\/3\/2023\/11\/crexeeducaciondigital_logo.jpg 200w, https:\/\/sic.nodscloud.com\/nodsglobal\/wp-content\/uploads\/sites\/3\/2023\/11\/crexeeducaciondigital_logo-150x150.jpg 150w\" sizes=\"(max-width: 121px) 100vw, 121px\" \/><\/h1>\n<h2 style=\"text-align: center;\"><span style=\"font-weight: 500;\">D\u00edas de Capacitaci\u00f3n: 3 d\u00edas\u00a0<\/span><\/h2>\n<p>&nbsp;<\/p>\n<p><b>Temario por d\u00eda:<\/b><\/p>\n<p>&nbsp;<\/p>\n<h2 style=\"text-align: center;\"><b>D\u00eda 1: <\/b><span style=\"color: #0000ff;\"><b>Inducci\u00f3n a la Universidad\/SIC<\/b><\/span><\/h2>\n<p>&nbsp;<\/p>\n<ul>\n<li style=\"font-weight: 500;\" aria-level=\"1\"><span style=\"font-weight: 500;\">Universidad de Los Andes <\/span><b>(3h)<\/b><\/li>\n<\/ul>\n<ol>\n<li style=\"font-weight: 500;\" aria-level=\"1\"><span style=\"font-weight: 500;\">Propuesta de valor<\/span><\/li>\n<li style=\"font-weight: 500;\" aria-level=\"1\"><span style=\"font-weight: 500;\">Global Mind<\/span><\/li>\n<li style=\"font-weight: 500;\" aria-level=\"1\"><span style=\"font-weight: 500;\">Diferenciales<\/span><\/li>\n<li style=\"font-weight: 500;\" aria-level=\"1\"><span style=\"font-weight: 500;\">Propuestas acad\u00e9micas.<\/span><\/li>\n<\/ol>\n<p>&nbsp;<\/p>\n<p><b>\u2014&#8212;&#8212;&#8212;&#8212;&#8212;&#8212;&#8212;Break 30 min\u2014&#8212;&#8212;&#8212;&#8212;&#8212;&#8212;&#8212;&#8212;<\/b><\/p>\n<p>&nbsp;<\/p>\n<ul>\n<li style=\"font-weight: 500;\" aria-level=\"1\"><span style=\"font-weight: 500;\">Intranet SIC <\/span><b>(1h)<\/b><\/li>\n<\/ul>\n<ol>\n<li style=\"font-weight: 400;\" aria-level=\"1\"><a href=\"https:\/\/sic.nodscloud.com\/nodsglobal\/plantillas-de-llamadas-chats\/\"><span style=\"font-weight: 500;\">Portfolio Programas Premium<\/span><\/a><\/li>\n<li style=\"font-weight: 400;\" aria-level=\"1\"><a href=\"https:\/\/sic.nodscloud.com\/nodsglobal\/global-mind\/\"><span style=\"font-weight: 500;\">Global Mind<\/span><\/a><\/li>\n<li style=\"font-weight: 400;\" aria-level=\"1\"><a href=\"https:\/\/sic.nodscloud.com\/nodsglobal\/brochure\/\"><span style=\"font-weight: 500;\">Brochure<\/span><\/a><\/li>\n<li style=\"font-weight: 400;\" aria-level=\"1\"><a href=\"https:\/\/sic.nodscloud.com\/nodsglobal\/diplomas\/\"><span style=\"font-weight: 500;\">Diplomas<\/span><\/a><\/li>\n<\/ol>\n<p>&nbsp;<\/p>\n<p><span style=\"font-weight: 500;\">Actividad: Encuesta de evaluaci\u00f3n (temario 1era capacitaci\u00f3n)<\/span><b> (1h)<\/b><\/p>\n<p><a href=\"https:\/\/forms.gle\/TzyqsyfyevGB3i1r5\"><span style=\"font-weight: 500;\">https:\/\/forms.gle\/TzyqsyfyevGB3i1r5<\/span><\/a><\/p>\n<p>&nbsp;<\/p>\n<p><b>\u2014&#8212;&#8212;&#8212;&#8212;&#8212;&#8212;&#8212;&#8212;- Resumen y dudas 30m\u2014&#8212;&#8212;&#8212;&#8212;&#8212;&#8212;-<\/b><\/p>\n<p>&nbsp;<\/p>\n<h2 style=\"text-align: center;\"><b>D\u00eda 2:<\/b><span style=\"color: #0000ff;\"><b> Pagos y financiaci\u00f3n<\/b><\/span><\/h2>\n<p>&nbsp;<\/p>\n<ul>\n<li style=\"font-weight: 500;\" aria-level=\"1\"><span style=\"font-weight: 500;\">Pagos SIRE <\/span><b>(2h)<\/b><\/li>\n<\/ul>\n<ol>\n<li style=\"font-weight: 500;\" aria-level=\"1\"><span style=\"font-weight: 500;\">Link de pagos por descuentos<\/span><\/li>\n<li style=\"font-weight: 500;\" aria-level=\"1\"><span style=\"font-weight: 500;\">Simulaci\u00f3n<\/span><\/li>\n<\/ol>\n<p><b>\u2014&#8212;&#8212;&#8212;&#8212;&#8212;&#8212;&#8212;Break 30 min\u2014&#8212;&#8212;&#8212;&#8212;&#8212;&#8212;&#8212;&#8212;<\/b><\/p>\n<ul>\n<li style=\"font-weight: 500;\" aria-level=\"1\"><span style=\"font-weight: 500;\">Financiaci\u00f3n Flevo <\/span><b>(2h)<\/b><\/li>\n<\/ul>\n<ol>\n<li style=\"font-weight: 500;\" aria-level=\"1\"><span style=\"font-weight: 500;\">\u00bfQu\u00e9 es flevo?<\/span><\/li>\n<li style=\"font-weight: 500;\" aria-level=\"1\"><span style=\"font-weight: 500;\">\u00bfC\u00f3mo aplicar?<\/span><\/li>\n<li style=\"font-weight: 500;\" aria-level=\"1\"><span style=\"font-weight: 500;\">Simulaci\u00f3n<\/span><\/li>\n<\/ol>\n<p>&nbsp;<\/p>\n<ul>\n<li style=\"font-weight: 500;\" aria-level=\"1\"><span style=\"font-weight: 500;\">SIC \/ SIRE- Flevo (<\/span><b>1h)<\/b><\/li>\n<\/ul>\n<ol>\n<li style=\"font-weight: 400;\" aria-level=\"1\"><a href=\"https:\/\/sic.nodscloud.com\/nodsglobal\/link-de-pagos-sire-2\/\"><span style=\"font-weight: 500;\">Link de Pagos SIRE<\/span><\/a><\/li>\n<li style=\"font-weight: 400;\" aria-level=\"1\"><a href=\"https:\/\/sic.nodscloud.com\/nodsglobal\/financiacion-flevo\/\"><span style=\"font-weight: 500;\">Financiaci\u00f3n Flevo<\/span><\/a><\/li>\n<\/ol>\n<p><span style=\"font-weight: 500;\">Actividad: Encuesta de evaluaci\u00f3n (temario 2da capacitaci\u00f3n)<\/span><b> (1h)<\/b><\/p>\n<h2 style=\"text-align: center;\"><b>D\u00eda 3:<\/b><span style=\"color: #0000ff;\"><strong> Herramientas \/ Calidad \/ Operativa.<\/strong><\/span><\/h2>\n<p>&nbsp;<\/p>\n<ul>\n<li style=\"font-weight: 500;\" aria-level=\"1\"><span style=\"font-weight: 500;\">CRM <\/span><b>(2h)<\/b><\/li>\n<\/ul>\n<ol>\n<li style=\"font-weight: 500;\" aria-level=\"1\"><span style=\"font-weight: 500;\">Registro de llamadas\u00a0<\/span><\/li>\n<li style=\"font-weight: 500;\" aria-level=\"1\"><span style=\"font-weight: 500;\">Registro de\u00a0 Whatsapp<\/span><\/li>\n<li style=\"font-weight: 500;\" aria-level=\"1\"><span style=\"font-weight: 500;\">Filtros<\/span><\/li>\n<li style=\"font-weight: 500;\" aria-level=\"1\"><span style=\"font-weight: 500;\">Tipificaciones<\/span><\/li>\n<\/ol>\n<p><b>\u2014&#8212;&#8212;&#8212;&#8212;&#8212;&#8212;&#8212;Break 30 min\u2014&#8212;&#8212;&#8212;&#8212;&#8212;&#8212;&#8212;&#8212;<\/b><\/p>\n<p>&nbsp;<\/p>\n<ul>\n<li style=\"font-weight: 500;\" aria-level=\"1\"><span style=\"font-weight: 500;\">Net2Phone <\/span><b>(30m)<\/b><\/li>\n<\/ul>\n<ol>\n<li style=\"font-weight: 500;\" aria-level=\"1\"><span style=\"font-weight: 500;\">Uso de la herramienta de llamada<\/span><\/li>\n<li style=\"font-weight: 500;\" aria-level=\"1\"><span style=\"font-weight: 500;\">pruebas<\/span><\/li>\n<\/ol>\n<p>&nbsp;<\/p>\n<ul>\n<li style=\"font-weight: 500;\" aria-level=\"1\"><span style=\"font-weight: 500;\">Callbell<\/span><b> (1h)<\/b><\/li>\n<\/ul>\n<ol>\n<li style=\"font-weight: 400;\" aria-level=\"1\"><span style=\"font-weight: 500;\">Uso de herramienta de mensajer\u00eda de texto<\/span><\/li>\n<li style=\"font-weight: 400;\" aria-level=\"1\"><span style=\"font-weight: 500;\">pruebas<\/span><\/li>\n<\/ol>\n<p>&nbsp;<\/p>\n<ul>\n<li style=\"font-weight: 500;\" aria-level=\"1\"><span style=\"font-weight: 500;\">Calidad y Particularidades del Cliente <\/span><b>(1h)<\/b><span style=\"font-weight: 500;\"> (Gaby Yubel)<\/span><\/li>\n<\/ul>\n<ol>\n<li style=\"font-weight: 500;\" aria-level=\"1\"><span style=\"font-weight: 500;\">Speech\u00a0<\/span><\/li>\n<li style=\"font-weight: 500;\" aria-level=\"1\"><span style=\"font-weight: 500;\">Plantillas\u00a0<\/span><\/li>\n<li aria-level=\"1\">Escuchas de llamadas<\/li>\n<\/ol>\n<p>&nbsp;<\/p>\n<ul>\n<li style=\"font-weight: 500;\" aria-level=\"1\"><span style=\"font-weight: 500;\">Operativa\u00a0 <\/span><b>(1h) <\/b><span style=\"font-weight: 500;\">(Florencia)<\/span><\/li>\n<\/ul>\n<ol>\n<li style=\"font-weight: 500;\" aria-level=\"1\"><span style=\"font-weight: 500;\">Objetivos \/\/ Leads barridos, ventas, contactabilidad, etc<\/span><\/li>\n<li style=\"font-weight: 500;\" aria-level=\"1\"><span style=\"font-weight: 500;\">Resultados<\/span><\/li>\n<li style=\"font-weight: 500;\" aria-level=\"1\"><span style=\"font-weight: 500;\">Ventas<\/span><\/li>\n<li style=\"font-weight: 500;\" aria-level=\"1\"><span style=\"font-weight: 500;\">\u00a0Estrategias <\/span><\/li>\n<\/ol>\n<p><span style=\"font-weight: 500;\">Actividad Final: Encuesta de evaluaci\u00f3n (temario de las 3 capacitaciones)<\/span><\/p>\n<p>&nbsp;<\/p>\n<p><span style=\"font-weight: 500;\">D\u00eda 4 \/ 5 \/ 6: D\u00edas de OJT. Bajo seguimiento de calidad y l\u00edder.<\/span>[\/vc_column_text][\/vc_column][\/vc_row]<\/p>\n","protected":false},"excerpt":{"rendered":"<p>[vc_row css_animation=\u00bb\u00bb row_type=\u00bbrow\u00bb use_row_as_full_screen_section=\u00bbno\u00bb type=\u00bbfull_width\u00bb angled_section=\u00bbno\u00bb text_align=\u00bbleft\u00bb background_image_as_pattern=\u00bbwithout_pattern\u00bb][vc_column][vc_column_text] Hoja de Ruta Crexe D\u00edas de Capacitaci\u00f3n: 3 d\u00edas\u00a0 &nbsp; Temario por d\u00eda: &nbsp; D\u00eda 1: Inducci\u00f3n a la Universidad\/SIC &nbsp; Universidad de Los Andes (3h) Propuesta de valor Global Mind Diferenciales Propuestas acad\u00e9micas. &nbsp; \u2014&#8212;&#8212;&#8212;&#8212;&#8212;&#8212;&#8212;Break 30&#8230;<\/p>\n","protected":false},"author":16,"featured_media":0,"parent":0,"menu_order":0,"comment_status":"closed","ping_status":"closed","template":"","meta":{"footnotes":""},"class_list":["post-3750","page","type-page","status-publish","hentry"],"aioseo_notices":[],"_links":{"self":[{"href":"https:\/\/sic.nodscloud.com\/nodsglobal\/wp-json\/wp\/v2\/pages\/3750","targetHints":{"allow":["GET"]}}],"collection":[{"href":"https:\/\/sic.nodscloud.com\/nodsglobal\/wp-json\/wp\/v2\/pages"}],"about":[{"href":"https:\/\/sic.nodscloud.com\/nodsglobal\/wp-json\/wp\/v2\/types\/page"}],"author":[{"embeddable":true,"href":"https:\/\/sic.nodscloud.com\/nodsglobal\/wp-json\/wp\/v2\/users\/16"}],"replies":[{"embeddable":true,"href":"https:\/\/sic.nodscloud.com\/nodsglobal\/wp-json\/wp\/v2\/comments?post=3750"}],"version-history":[{"count":4,"href":"https:\/\/sic.nodscloud.com\/nodsglobal\/wp-json\/wp\/v2\/pages\/3750\/revisions"}],"predecessor-version":[{"id":3773,"href":"https:\/\/sic.nodscloud.com\/nodsglobal\/wp-json\/wp\/v2\/pages\/3750\/revisions\/3773"}],"wp:attachment":[{"href":"https:\/\/sic.nodscloud.com\/nodsglobal\/wp-json\/wp\/v2\/media?parent=3750"}],"curies":[{"name":"wp","href":"https:\/\/api.w.org\/{rel}","templated":true}]}}