
{"id":3885,"date":"2023-12-19T19:04:17","date_gmt":"2023-12-19T19:04:17","guid":{"rendered":"https:\/\/sic.nodscloud.com\/nodsglobal\/?page_id=3885"},"modified":"2024-07-17T15:12:54","modified_gmt":"2024-07-17T15:12:54","slug":"docentes","status":"publish","type":"page","link":"https:\/\/sic.nodscloud.com\/nodsglobal\/docentes\/","title":{"rendered":"Docentes"},"content":{"rendered":"<p><strong><img fetchpriority=\"high\" decoding=\"async\" class=\"alignnone size-full wp-image-3774 aligncenter\" src=\"https:\/\/sic.nodscloud.com\/nodsglobal\/wp-content\/uploads\/sites\/3\/2023\/11\/logo-uniandes.png\" alt=\"\" width=\"542\" height=\"310\" srcset=\"https:\/\/sic.nodscloud.com\/nodsglobal\/wp-content\/uploads\/sites\/3\/2023\/11\/logo-uniandes.png 542w, https:\/\/sic.nodscloud.com\/nodsglobal\/wp-content\/uploads\/sites\/3\/2023\/11\/logo-uniandes-300x172.png 300w, https:\/\/sic.nodscloud.com\/nodsglobal\/wp-content\/uploads\/sites\/3\/2023\/11\/logo-uniandes-345x198.png 345w\" sizes=\"(max-width: 542px) 100vw, 542px\" \/><\/strong><\/p>\n<h1 style=\"text-align: center;\"><strong><span style=\"color: #008000;\">DOCENTES<\/span><\/strong><\/h1>\n<p>&nbsp;<\/p>\n<h3>Growth Mindset: <strong><span style=\"color: #0000ff;\"><a style=\"color: #0000ff;\" href=\"https:\/\/sic.nodscloud.com\/nodsglobal\/wp-content\/uploads\/sites\/3\/2024\/07\/Docentes_Growth_Mindset.pdf\" target=\"_blank\" rel=\"noopener\">Ver aqu\u00ed<\/a><\/span><\/strong><\/h3>\n<p>&nbsp;<\/p>\n<h3>Liderando Organizaciones Consciente: <strong><span style=\"color: #0000ff;\"><a style=\"color: #0000ff;\" href=\"https:\/\/sic.nodscloud.com\/nodsglobal\/wp-content\/uploads\/sites\/3\/2024\/07\/Docentes_Liderando_Organizaciones_Conscientes.pdf\" target=\"_blank\" rel=\"noopener\">Ver aqu\u00ed<\/a><\/span><\/strong><\/h3>\n<p>&nbsp;<\/p>\n<h3>Neurociencia y Mindfullnes: <strong><span style=\"color: #0000ff;\"><a style=\"color: #0000ff;\" href=\"https:\/\/sic.nodscloud.com\/nodsglobal\/wp-content\/uploads\/sites\/3\/2024\/07\/Docentes_Neurociencia_Mindfulness.pdf\" target=\"_blank\" rel=\"noopener\">Ver aqu\u00ed<\/a><\/span><\/strong><\/h3>\n<p>&nbsp;<\/p>\n<p>&nbsp;<\/p>\n<p>&nbsp;<\/p>\n<p>&nbsp;<\/p>\n<p>&nbsp;<\/p>\n<p>&nbsp;<\/p>\n","protected":false},"excerpt":{"rendered":"<p>DOCENTES &nbsp; Growth Mindset: Ver aqu\u00ed &nbsp; Liderando Organizaciones Consciente: Ver aqu\u00ed &nbsp; Neurociencia y Mindfullnes: Ver aqu\u00ed &nbsp; &nbsp; &nbsp; &nbsp; &nbsp; &nbsp;<\/p>\n","protected":false},"author":16,"featured_media":0,"parent":0,"menu_order":0,"comment_status":"closed","ping_status":"closed","template":"","meta":{"footnotes":""},"class_list":["post-3885","page","type-page","status-publish","hentry"],"aioseo_notices":[],"_links":{"self":[{"href":"https:\/\/sic.nodscloud.com\/nodsglobal\/wp-json\/wp\/v2\/pages\/3885","targetHints":{"allow":["GET"]}}],"collection":[{"href":"https:\/\/sic.nodscloud.com\/nodsglobal\/wp-json\/wp\/v2\/pages"}],"about":[{"href":"https:\/\/sic.nodscloud.com\/nodsglobal\/wp-json\/wp\/v2\/types\/page"}],"author":[{"embeddable":true,"href":"https:\/\/sic.nodscloud.com\/nodsglobal\/wp-json\/wp\/v2\/users\/16"}],"replies":[{"embeddable":true,"href":"https:\/\/sic.nodscloud.com\/nodsglobal\/wp-json\/wp\/v2\/comments?post=3885"}],"version-history":[{"count":5,"href":"https:\/\/sic.nodscloud.com\/nodsglobal\/wp-json\/wp\/v2\/pages\/3885\/revisions"}],"predecessor-version":[{"id":3888,"href":"https:\/\/sic.nodscloud.com\/nodsglobal\/wp-json\/wp\/v2\/pages\/3885\/revisions\/3888"}],"wp:attachment":[{"href":"https:\/\/sic.nodscloud.com\/nodsglobal\/wp-json\/wp\/v2\/media?parent=3885"}],"curies":[{"name":"wp","href":"https:\/\/api.w.org\/{rel}","templated":true}]}}