
{"id":3931,"date":"2024-01-02T18:52:22","date_gmt":"2024-01-02T18:52:22","guid":{"rendered":"https:\/\/sic.nodscloud.com\/nodsglobal\/?page_id=3931"},"modified":"2024-08-05T19:36:54","modified_gmt":"2024-08-05T19:36:54","slug":"resolucion-ministerial","status":"publish","type":"page","link":"https:\/\/sic.nodscloud.com\/nodsglobal\/resolucion-ministerial\/","title":{"rendered":"Resoluci\u00f3n Ministerial"},"content":{"rendered":"<h2 style=\"text-align: center;\"><strong><span style=\"color: #008000;\"><img decoding=\"async\" class=\"alignnone size-full wp-image-4564\" src=\"https:\/\/sic.nodscloud.com\/nodsglobal\/wp-content\/uploads\/sites\/3\/2024\/04\/cuyo.png\" alt=\"\" width=\"83\" height=\"118\" \/><\/span><\/strong><\/h2>\n<h2 style=\"text-align: center;\"><strong><span style=\"color: #008000;\">Resoluciones Ministerial &#8211; Programas Cuyo<\/span><\/strong><\/h2>\n<p>&nbsp;<\/p>\n<p style=\"text-align: center;\"><strong><span style=\"color: #0000ff;\"><a style=\"color: #0000ff;\" href=\"https:\/\/sic.nodscloud.com\/nodsglobal\/wp-content\/uploads\/sites\/3\/2024\/01\/UNIV.-CATLICA-DE-CUYO-2229.pdf\" target=\"_blank\" rel=\"noopener\">Lic. En Seguridad y Salud Ocupacional<\/a><\/span><\/strong><\/p>\n<p style=\"text-align: center;\"><strong><span style=\"color: #0000ff;\"><a style=\"color: #0000ff;\" href=\"https:\/\/sic.nodscloud.com\/nodsglobal\/wp-content\/uploads\/sites\/3\/2024\/01\/Resolucion-Ministerial-Tec.-Univ.-en-RRHH-y-Relaciones-Laborales.pdf\" target=\"_blank\" rel=\"noopener\">Tecnicatura en RRHH y Relaciones Laborales<\/a><\/span><\/strong><\/p>\n<p style=\"text-align: center;\"><strong><span style=\"color: #0000ff;\"><a style=\"color: #0000ff;\" href=\"https:\/\/sic.nodscloud.com\/nodsglobal\/wp-content\/uploads\/sites\/3\/2024\/01\/Lic-en-RRHH-Ciclo-de-Complementacion.pdf\" target=\"_blank\" rel=\"noopener\">Lic. En Actividad F\u00edsica CCC<\/a><\/span><\/strong><\/p>\n<p style=\"text-align: center;\"><strong><span style=\"color: #0000ff;\"><a style=\"color: #0000ff;\" href=\"https:\/\/sic.nodscloud.com\/nodsglobal\/wp-content\/uploads\/sites\/3\/2024\/01\/Lic-en-RRHH-Ciclo-de-Complementacion.pdf\" target=\"_blank\" rel=\"noopener\">Lic. En Gesti\u00f3n Deportiva CCC<\/a><\/span><\/strong><\/p>\n<p style=\"text-align: center;\"><strong><span style=\"color: #0000ff;\"><a style=\"color: #0000ff;\" href=\"https:\/\/sic.nodscloud.com\/nodsglobal\/wp-content\/uploads\/sites\/3\/2024\/01\/RES-1019-23-LIC-EN-ACOMPANAMIENTO-TERAPEUTICO.pdf\" target=\"_blank\" rel=\"noopener\">Lic. En Acompa\u00f1amiento Terap\u00e9utico CCC<\/a><\/span><\/strong><\/p>\n<p style=\"text-align: center;\"><strong><span style=\"color: #0000ff;\"><a style=\"color: #0000ff;\" href=\"https:\/\/sic.nodscloud.com\/nodsglobal\/wp-content\/uploads\/sites\/3\/2024\/01\/Resolucion-Ministerial-Tec.-Univ.-en-Acomp-Terapeutico.pdf\" target=\"_blank\" rel=\"noopener\">Tecnicatura en Acompa\u00f1amiento Terap\u00e9utico\u00a0<\/a><\/span><\/strong><\/p>\n<p style=\"text-align: center;\"><strong><span style=\"color: #0000ff;\"><a style=\"color: #0000ff;\" href=\"https:\/\/sic.nodscloud.com\/nodsglobal\/wp-content\/uploads\/sites\/3\/2024\/01\/Lic-en-RRHH-Ciclo-de-Complementacion.pdf\" target=\"_blank\" rel=\"noopener\">Lic. En Recursos Humanos\u00a0 CCC<\/a><\/span><\/strong><\/p>\n<p style=\"text-align: center;\"><strong><span style=\"color: #0000ff;\"><a style=\"color: #0000ff;\" href=\"https:\/\/sic.nodscloud.com\/nodsglobal\/wp-content\/uploads\/sites\/3\/2024\/01\/Resolucion-Ministerial-Contador-Publico.-Modalidad-a-Distancia.pdf\" target=\"_blank\" rel=\"noopener\">Contador P\u00fablico<\/a><\/span><\/strong><\/p>\n<p style=\"text-align: center;\"><strong><span style=\"color: #0000ff;\"><a style=\"color: #0000ff;\" href=\"https:\/\/sic.nodscloud.com\/nodsglobal\/wp-content\/uploads\/sites\/3\/2024\/01\/Resolucion-Ministerial-Abogacia.pdf\" target=\"_blank\" rel=\"noopener\">Abogac\u00eda<\/a>\u00a0<\/span><\/strong><\/p>\n<p style=\"text-align: center;\"><strong><span style=\"color: #0000ff;\"><a style=\"color: #0000ff;\" href=\"https:\/\/sic.nodscloud.com\/nodsglobal\/wp-content\/uploads\/sites\/3\/2024\/01\/Resolucion-Ministerial-Gestion-Ambiental-A-distancia.pdf\" target=\"_blank\" rel=\"noopener\">Lic. En Gesti\u00f3n Ambiental<\/a><\/span><\/strong><\/p>\n<p style=\"text-align: center;\"><strong><span style=\"color: #0000ff;\"><a style=\"color: #0000ff;\" href=\"https:\/\/sic.nodscloud.com\/nodsglobal\/wp-content\/uploads\/sites\/3\/2024\/01\/IRESOLUCION_N_0869_Lic_enCeremonialsede_San_Luis.pdf\" target=\"_blank\" rel=\"noopener\">Lic. en Ceremonial y Organizaci\u00f3n de Eventos<\/a><\/span><\/strong><\/p>\n<p style=\"text-align: center;\"><strong><span style=\"color: #0000ff;\"><a style=\"color: #0000ff;\" href=\"https:\/\/sic.nodscloud.com\/nodsglobal\/wp-content\/uploads\/sites\/3\/2024\/01\/RES.-No-0849-CS-2020-legalizada-1.Tec_.Universitaria-en-Auditoria-Bromatologica.-pdf-1.pdf\" target=\"_blank\" rel=\"noopener\">Tecnicatura Universitaria en Auditoria Bromatologica<\/a><\/span><\/strong><\/p>\n<p style=\"text-align: center;\"><strong><span style=\"color: #0000ff;\"><a style=\"color: #0000ff;\" href=\"https:\/\/sic.nodscloud.com\/nodsglobal\/wp-content\/uploads\/sites\/3\/2024\/01\/Resolucion-Lic-en-Adm-a-Distancia.pdf\" target=\"_blank\" rel=\"noopener\">Lic. En Administraci\u00f3n<\/a><\/span><\/strong><\/p>\n<p style=\"text-align: center;\"><span style=\"color: #0000ff;\"><a style=\"color: #0000ff;\" href=\"https:\/\/sic.nodscloud.com\/nodsglobal\/wp-content\/uploads\/sites\/3\/2024\/08\/Resolucion-Ed.-Inclusiva.pdf\" target=\"_blank\" rel=\"noopener\"><strong>Lic. En Ed Inclusiva CCC<\/strong><\/a><\/span><\/p>\n<p style=\"text-align: center;\"><a href=\"https:\/\/sic.nodscloud.com\/nodsglobal\/wp-content\/uploads\/sites\/3\/2024\/08\/RM-2422-20-TECNICO-A-UNIVERSITARIO-A-EN-RECURSOS-HUMANOS-Y-RELACIONES-LABORALES-1.pdf\" target=\"_blank\" rel=\"noopener\"><span style=\"color: #0000ff;\"><b>T\u00e9cnico Universitario en RRHH y Relaciones laborales<\/b><\/span><\/a><\/p>\n<p style=\"text-align: center;\"><span style=\"color: #0000ff;\"><a style=\"color: #0000ff;\" href=\"https:\/\/sic.nodscloud.com\/nodsglobal\/wp-content\/uploads\/sites\/3\/2024\/08\/RES-1366-21-TECNICO-A-UNIVERSITARIO-A-EN-ACOMPANAMIENTO-TERAPEUTICO.pdf\" target=\"_blank\" rel=\"noopener\"><b>T\u00e9cnico Universitario en Acompa\u00f1ante <\/b><span style=\"color: #0000ff;\"><b>Terap\u00e9utico<\/b><\/span><b>\u00a0 <\/b><\/a><\/span><\/p>\n<p>&nbsp;<\/p>\n<p>&nbsp;<\/p>\n<p>&nbsp;<\/p>\n<p>&nbsp;<\/p>\n<p>&nbsp;<\/p>\n<p>&nbsp;<\/p>\n<h3 style=\"text-align: center;\"><\/h3>\n","protected":false},"excerpt":{"rendered":"<p>Resoluciones Ministerial &#8211; Programas Cuyo &nbsp; Lic. En Seguridad y Salud Ocupacional Tecnicatura en RRHH y Relaciones Laborales Lic. En Actividad F\u00edsica CCC Lic. En Gesti\u00f3n Deportiva CCC Lic. En Acompa\u00f1amiento Terap\u00e9utico CCC Tecnicatura en Acompa\u00f1amiento Terap\u00e9utico\u00a0 Lic. En Recursos Humanos\u00a0 CCC Contador P\u00fablico Abogac\u00eda\u00a0&#8230;<\/p>\n","protected":false},"author":16,"featured_media":0,"parent":0,"menu_order":0,"comment_status":"closed","ping_status":"closed","template":"","meta":{"footnotes":""},"class_list":["post-3931","page","type-page","status-publish","hentry"],"aioseo_notices":[],"_links":{"self":[{"href":"https:\/\/sic.nodscloud.com\/nodsglobal\/wp-json\/wp\/v2\/pages\/3931","targetHints":{"allow":["GET"]}}],"collection":[{"href":"https:\/\/sic.nodscloud.com\/nodsglobal\/wp-json\/wp\/v2\/pages"}],"about":[{"href":"https:\/\/sic.nodscloud.com\/nodsglobal\/wp-json\/wp\/v2\/types\/page"}],"author":[{"embeddable":true,"href":"https:\/\/sic.nodscloud.com\/nodsglobal\/wp-json\/wp\/v2\/users\/16"}],"replies":[{"embeddable":true,"href":"https:\/\/sic.nodscloud.com\/nodsglobal\/wp-json\/wp\/v2\/comments?post=3931"}],"version-history":[{"count":12,"href":"https:\/\/sic.nodscloud.com\/nodsglobal\/wp-json\/wp\/v2\/pages\/3931\/revisions"}],"predecessor-version":[{"id":4951,"href":"https:\/\/sic.nodscloud.com\/nodsglobal\/wp-json\/wp\/v2\/pages\/3931\/revisions\/4951"}],"wp:attachment":[{"href":"https:\/\/sic.nodscloud.com\/nodsglobal\/wp-json\/wp\/v2\/media?parent=3931"}],"curies":[{"name":"wp","href":"https:\/\/api.w.org\/{rel}","templated":true}]}}