
{"id":4068,"date":"2024-02-06T15:08:47","date_gmt":"2024-02-06T15:08:47","guid":{"rendered":"https:\/\/sic.nodscloud.com\/nodsglobal\/?page_id=4068"},"modified":"2024-04-23T13:02:55","modified_gmt":"2024-04-23T13:02:55","slug":"speech-de-llamada","status":"publish","type":"page","link":"https:\/\/sic.nodscloud.com\/nodsglobal\/speech-de-llamada\/","title":{"rendered":"Speech de llamada"},"content":{"rendered":"<h1 style=\"text-align: center;\"><span style=\"color: #008000;\"><strong><img fetchpriority=\"high\" decoding=\"async\" class=\"alignnone wp-image-4065\" src=\"https:\/\/sic.nodscloud.com\/nodsglobal\/wp-content\/uploads\/sites\/3\/2024\/02\/ucsa-noticia.png\" alt=\"\" width=\"547\" height=\"274\" srcset=\"https:\/\/sic.nodscloud.com\/nodsglobal\/wp-content\/uploads\/sites\/3\/2024\/02\/ucsa-noticia.png 1000w, https:\/\/sic.nodscloud.com\/nodsglobal\/wp-content\/uploads\/sites\/3\/2024\/02\/ucsa-noticia-300x150.png 300w, https:\/\/sic.nodscloud.com\/nodsglobal\/wp-content\/uploads\/sites\/3\/2024\/02\/ucsa-noticia-768x384.png 768w, https:\/\/sic.nodscloud.com\/nodsglobal\/wp-content\/uploads\/sites\/3\/2024\/02\/ucsa-noticia-700x350.png 700w\" sizes=\"(max-width: 547px) 100vw, 547px\" \/><\/strong><\/span><\/h1>\n<h1 style=\"text-align: center;\"><span style=\"color: #008000;\"><strong>Speech de Llamada<\/strong><\/span><br \/>\n<strong><span style=\"color: #008000;\">Universidad del Cono Sur de las Am\u00e9ricas<\/span><\/strong><\/h1>\n<p>&nbsp;<\/p>\n<p>&nbsp;<\/p>\n<p><strong><span style=\"color: #008000;\">PUNTOS CLAVES QUE DEBEN ESTAR EN LA LLAMADA<\/span><\/strong><\/p>\n<p><strong><span style=\"color: #0000ff;\">&#8211; PRESENTACI\u00d3N<\/span><\/strong><br \/>\n\u00a1Hola, buenos d\u00edas\/buenas tardes! \u00bfHablo con Juan Carlos?<br \/>\nMi nombre es XX, soy su asesora educativa de la Universidad del Cono Sur de<br \/>\nlas Am\u00e9ricas. \u00a1Un placer hablar con usted!, le comento que hemos recibido su<br \/>\ninter\u00e9s por XXXX (Nombre de la carrera), \u00bfes correcto?<\/p>\n<p>&nbsp;<\/p>\n<p>&nbsp;<\/p>\n<p><strong><span style=\"color: #0000ff;\">&#8211; INDAGACI\u00d3N Y ESCUCHA ACTIVA<\/span>:<\/strong> El sondeo puede variar seg\u00fan el tipo de<br \/>\ncliente, no obstante, para el indagar correctamente la escucha activa es<br \/>\nfundamental, esto permitir\u00e1 detectar lo que quiere\/necesita nuestro interesado.<\/p>\n<p>Juan Carlos, para saber un poco de usted:<br \/>\n\u00bfA qu\u00e9 se dedica actualmente?<br \/>\n\u00bfPor qu\u00e9 ha elegido esta licenciatura?<br \/>\n\u00bfCu\u00e1les son sus expectativas respecto a esta licenciatura?<br \/>\n\u00bfDesea que le comente algo espec\u00edfico respecto a esta licenciatura?<br \/>\n\u201c\u00a1Le agradezco por compartir esto conmigo (lo que le hayan comentado)! Su<br \/>\nfeedback es muy importante para nosotros.<br \/>\nSi le parece, para avanzar con este asesoramiento, puedo comentarle la<br \/>\ndescripci\u00f3n de la licenciatura, para que me indique qu\u00e9 le parece la propuesta.<br \/>\n\u00bfTiene unos minutos ahora?\u201d<\/p>\n<p>&nbsp;<\/p>\n<p>&nbsp;<\/p>\n<p><strong><span style=\"color: #0000ff;\">&#8211; DESCRIPCI\u00d3N DEL PROGRAMA:<\/span><\/strong><\/p>\n<p>&#8211; Fecha de inicio<br \/>\n&#8211; D\u00edas de cursado<br \/>\n&#8211; Duraci\u00f3n del programa<br \/>\n&#8211; Modalidad de cursado (100% VIRTUAL) y los beneficios de<br \/>\nesa modalidad.<br \/>\n&#8211; Menci\u00f3n de ACREDITACI\u00d3N (Cones) y HABILITACI\u00d3N<br \/>\n(Aneaes)<br \/>\n\u00bfAlguna duda hasta aqu\u00ed?<\/p>\n<p>Bueno Juan Carlos, el cursado de XXXX comienza en el mes de xxxxx, sus inscripciones ya est\u00e1n abiertas.<br \/>\nEsta Licenciatura ofrece beneficios que me gustar\u00eda comentarle: (aqu\u00ed bondades, diferenciales y\/o caracter\u00edsticas de la carrera en particular), adem\u00e1s, tiene una duraci\u00f3n de xx a\u00f1os, con un sistema de cursado que puede<br \/>\nacomodar a su gusto y disponibilidad, esto puede permitirle finalizar antes.<\/p>\n<p>\u00bfEs relevante para usted que le brinde un detalle mayor respecto a esto?: (Si<br \/>\nmuestra inter\u00e9s en ese beneficio desarrollar el mismo), Algo positivo e importante para comentarle tambi\u00e9n, es que en este momento es el valor de la matr\u00edcula se encuentra exonerada, (es decir que no lo abona).<\/p>\n<p>Respecto al valor, le informo que para ser alumno de la universidad actualmente se solicita la matricula que por ser alumno nuevo se encuentra exonerada, el pago de un m\u00ednimo de dos materias por bimestre, y luego el derecho de examen.<\/p>\n<p>Este pago lo gestiona directamente con la universidad para su tranquilidad y<br \/>\nseguridad. Puede hacerlo v\u00eda transferencia bancaria o presencialmente.<\/p>\n<p>\u201c\u00bfMe expliqu\u00e9 bien Juan Carlos? \u00bfNo dude en consultarme si tiene alguna duda?\u201d<br \/>\nEn caso de no tener duda: \u201c\u00bfLe comento los requisitos para su admisi\u00f3n?, En caso de<br \/>\nnecesitar tambi\u00e9n lo puedo ayudar con la inscripci\u00f3n\u201d \u2b05\ufe0f CIERRES PARCIAL DE<br \/>\nVENTA<\/p>\n<p>(Si est\u00e1 de acuerdo avanzamos, y si plantea alguna objeci\u00f3n, es el<br \/>\nmomento para negociar y as\u00ed poder avanzar).<\/p>\n<p>&nbsp;<\/p>\n<p>&nbsp;<\/p>\n<p>&nbsp;<\/p>\n<p><strong><span style=\"color: #0000ff;\">REQUISITOS Y PROCESO DE ADMISI\u00d3N*<\/span><\/strong><br \/>\n&#8211; Juan Carlos, para poder iniciar el proceso de preinscripci\u00f3n de manera<br \/>\nsegura, vamos a necesitar que nos env\u00ede la documentaci\u00f3n<br \/>\nrespaldatoria (informar el mail).<br \/>\nLe detallo:<br \/>\n(Enumerar la documentaci\u00f3n requerida y a donde enviarla)<br \/>\n1. CERTIFICADO DE ESTUDIO (Visado por la M.E.C)<br \/>\n2. 1 FOTOCOPIA DE C\u00c9DULA (Autenticada por escriban\u00eda)<br \/>\n3. 1 FOTO TIPO CARNET.<br \/>\n&#8211; Una vez que recibamos la documentaci\u00f3n, le enviaremos un correo<br \/>\nelectr\u00f3nico informando cu\u00e1ndo debe presentar la documentaci\u00f3n<br \/>\nf\u00edsicamente en la sede.<br \/>\nDirecci\u00f3n: Sgto Gauto 972 c\/Venezuela- Asunci\u00f3n.<\/p>\n<p>&nbsp;<\/p>\n<p>&nbsp;<\/p>\n<p>&nbsp;<\/p>\n<p><strong><span style=\"color: #0000ff;\">&#8211; CIERRE DE LA VENTA FINAL:<\/span><\/strong><br \/>\n&#8211; Juan Carlos, me alegra mucho que haya tomado la decisi\u00f3n de formar parte<br \/>\nde UCSA.<br \/>\nSi est\u00e1 de acuerdo, procedemos a validar sus datos para poder avanzar en el<br \/>\nproceso.<\/p>\n<p>(Si el aspirante manifiesta que lo debe consultar o analizar un poco,<br \/>\ndebemos cerrar una agenda con fecha y horario para volver a<br \/>\ncontactarnos).<\/p>\n","protected":false},"excerpt":{"rendered":"<p>Speech de Llamada Universidad del Cono Sur de las Am\u00e9ricas &nbsp; &nbsp; PUNTOS CLAVES QUE DEBEN ESTAR EN LA LLAMADA &#8211; PRESENTACI\u00d3N \u00a1Hola, buenos d\u00edas\/buenas tardes! \u00bfHablo con Juan Carlos? Mi nombre es XX, soy su asesora educativa de la Universidad del Cono Sur de&#8230;<\/p>\n","protected":false},"author":16,"featured_media":0,"parent":0,"menu_order":0,"comment_status":"closed","ping_status":"closed","template":"","meta":{"footnotes":""},"class_list":["post-4068","page","type-page","status-publish","hentry"],"aioseo_notices":[],"_links":{"self":[{"href":"https:\/\/sic.nodscloud.com\/nodsglobal\/wp-json\/wp\/v2\/pages\/4068","targetHints":{"allow":["GET"]}}],"collection":[{"href":"https:\/\/sic.nodscloud.com\/nodsglobal\/wp-json\/wp\/v2\/pages"}],"about":[{"href":"https:\/\/sic.nodscloud.com\/nodsglobal\/wp-json\/wp\/v2\/types\/page"}],"author":[{"embeddable":true,"href":"https:\/\/sic.nodscloud.com\/nodsglobal\/wp-json\/wp\/v2\/users\/16"}],"replies":[{"embeddable":true,"href":"https:\/\/sic.nodscloud.com\/nodsglobal\/wp-json\/wp\/v2\/comments?post=4068"}],"version-history":[{"count":5,"href":"https:\/\/sic.nodscloud.com\/nodsglobal\/wp-json\/wp\/v2\/pages\/4068\/revisions"}],"predecessor-version":[{"id":4387,"href":"https:\/\/sic.nodscloud.com\/nodsglobal\/wp-json\/wp\/v2\/pages\/4068\/revisions\/4387"}],"wp:attachment":[{"href":"https:\/\/sic.nodscloud.com\/nodsglobal\/wp-json\/wp\/v2\/media?parent=4068"}],"curies":[{"name":"wp","href":"https:\/\/api.w.org\/{rel}","templated":true}]}}