
{"id":4103,"date":"2024-02-14T20:23:13","date_gmt":"2024-02-14T20:23:13","guid":{"rendered":"https:\/\/sic.nodscloud.com\/nodsglobal\/?page_id=4103"},"modified":"2024-04-26T15:36:53","modified_gmt":"2024-04-26T15:36:53","slug":"mintic","status":"publish","type":"page","link":"https:\/\/sic.nodscloud.com\/nodsglobal\/mintic\/","title":{"rendered":"MINTIC"},"content":{"rendered":"<h1 style=\"text-align: center;\"><span style=\"color: #008000;\"><strong><img decoding=\"async\" class=\"alignnone wp-image-3768\" src=\"https:\/\/sic.nodscloud.com\/nodsglobal\/wp-content\/uploads\/sites\/3\/2023\/11\/Logo_PUJ.png\" alt=\"\" width=\"180\" height=\"180\" srcset=\"https:\/\/sic.nodscloud.com\/nodsglobal\/wp-content\/uploads\/sites\/3\/2023\/11\/Logo_PUJ.png 480w, https:\/\/sic.nodscloud.com\/nodsglobal\/wp-content\/uploads\/sites\/3\/2023\/11\/Logo_PUJ-300x300.png 300w, https:\/\/sic.nodscloud.com\/nodsglobal\/wp-content\/uploads\/sites\/3\/2023\/11\/Logo_PUJ-150x150.png 150w\" sizes=\"(max-width: 180px) 100vw, 180px\" \/><\/strong><\/span><\/h1>\n<h1 style=\"text-align: center;\"><span style=\"color: #008000;\"><strong>MINTIC<\/strong><\/span><\/h1>\n<div><\/div>\n<div>\n<p><strong>La Especializaci\u00f3n en Inteligencia Artificial<\/strong> abre inscripciones en febrero para iniciar actividades en el segundo semestre del a\u00f1o. Si bien el programa est\u00e1 mencionado en la convocatoria, el programa NO tiene inscripciones abiertas para el 24-1, las tendr\u00e1 a partir de febrero para el periodo 24-2.<\/p>\n<p>&nbsp;<\/p>\n<p>Formalmente hemos sido informados de que un grupo de programas de posgrado participan de la convocatoria de MINTIC <strong>\u201cFormaci\u00f3n TIC para el cambio POSGRADOS\u201d<\/strong>. Estos programas son:<\/p>\n<p>&nbsp;<\/p>\n<p><span style=\"color: #0000ff;\">Especializaci\u00f3n en Arquitectura Empresarial de Software: 24 cupos<\/span><br \/>\n<span style=\"color: #0000ff;\">Especializaci\u00f3n en gerencia de proyectos de tecnolog\u00edas de informaci\u00f3n: 27 cupos<\/span><br \/>\n<span style=\"color: #0000ff;\">Especializaci\u00f3n en tecnolog\u00eda de la construcci\u00f3n de edificaciones: 24 cupos<\/span><br \/>\n<span style=\"color: #0000ff;\">Especializaci\u00f3n en inteligencia artificial (virtual): 25 cupos<\/span><br \/>\n<span style=\"color: #0000ff;\">Especializaci\u00f3n en gerencia estrat\u00e9gica de la innovaci\u00f3n: 36 cupos<\/span><\/p>\n<p>&nbsp;<\/p>\n<p>Objeto: financiar estudios de especializaciones en temas TIC que inicien en el primer semestre de 2024, en universidades con acreditaci\u00f3n en alta calidad en el pa\u00eds, se financiar\u00e1 el 90% del valor de programa y el 10% lo debe asumir el beneficiario y pagarlo directamente a la universidad en el \u00faltimo ciclo de formaci\u00f3n.<\/p>\n<p>&nbsp;<\/p>\n<p><strong>Convocatoria<\/strong><\/p>\n<p>1 de diciembre de 2023<\/p>\n<p>Inscripci\u00f3n de aspirantes<\/p>\n<p>1 de diciembre de 2023 al 12 de enero de 2024<\/p>\n<p>Cargue documental y Subsanaci\u00f3n<\/p>\n<p>4 de diciembre de 2023 al 15 de enero de 2024<\/p>\n<p>Verificaci\u00f3n de cumplimiento de requisitos y calificaci\u00f3n<\/p>\n<p>16 al 22 de enero de 2024<\/p>\n<p>Publicaci\u00f3n de resultados, reporte de Legalizados y Lista de Espera<\/p>\n<p>25 de enero de 2024<\/p>\n<p>Firma de garant\u00edas<\/p>\n<p>Del 26 de enero al 16 de febrero de 2024<\/p>\n<\/div>\n<p>&nbsp;<\/p>\n<div>\n<p>Es importante resaltar:<\/p>\n<p>que todos los aspirantes deber\u00e1n contar con carta de admisi\u00f3n definitiva o recibo de pago para poder realizar la postulaci\u00f3n a la convocatoria, la cual ser\u00e1 publicada en la p\u00e1gina del ICETEX.<\/p>\n<p>&nbsp;<\/p>\n<p>El valor de la inscripci\u00f3n a los posgrados ser\u00e1 asumido por los aspirantes, es decir no se otorgar\u00e1n c\u00f3digos de descuento.<br \/>\nSi bien el programa de especializaci\u00f3n en inteligencia artificial est\u00e1 mencionado en la convocatoria, confirmo que el programa no tiene inscripciones abiertas para el 24-1, las tendr\u00e1 a partir de febrero para el periodo 24-2<\/p>\n<\/div>\n<div><\/div>\n<div><\/div>\n<div><\/div>\n<div>\n<div><\/div>\n<div>Para poder aspirar a los cr\u00e9ditos condonables hay que ser ciudadano colombiano mayor de edad, estar admitido al programa de manera definitiva (la admisi\u00f3n debe tener el valor, duraci\u00f3n del programa y semestre a ingresar) y\/o recibo de matr\u00edcula del programa acad\u00e9mico 2024-1 expedido por la Instituci\u00f3n de Educaci\u00f3n Superior, en uno de los programas habilitados en la oferta, tener una cuenta propia de correo electr\u00f3nico y tener estudio CIFIN con resultado aceptado en el momento de la inscripci\u00f3n, ya sea del aspirante o del deudor solidario<\/div>\n<\/div>\n<div><\/div>\n<div><\/div>\n<div>\n<div>\n<p>El siguiente es el cronograma de &#8216;Formaci\u00f3n TIC para el Cambio: Posgrados&#8217;:<\/p>\n<\/div>\n<p>&nbsp;<\/p>\n<div>\n<p>Desde el 1 de diciembre de 2023 hasta el 12 de enero de 2024 Inscripci\u00f3n de aspirantes.<br \/>\nDesde el 4 de diciembre hasta el 15 de enero de 2024 Cargue documental y Subsanaci\u00f3n.<br \/>\nDesde el 16 de enero de 2024 hasta el 22 de enero de 2024 Verificaci\u00f3n de cumplimiento de requisitos y calificaci\u00f3n.<br \/>\n25 de enero de 2024 Publicaci\u00f3n de resultados, reporte de legalizados y lista de espera.<br \/>\nDel 26 de enero al 16 de febrero de 2024 Firma de garant\u00edas.<\/p>\n<\/div>\n<p>&nbsp;<\/p>\n<div><\/div>\n<div><span style=\"color: #0000ff;\"><a style=\"color: #0000ff;\" href=\"https:\/\/www.javeriana.edu.co\/especializacion-en-arquitectura-empresarial-de-software\" target=\"_blank\" rel=\"noopener\" data-saferedirecturl=\"https:\/\/www.google.com\/url?q=https:\/\/www.javeriana.edu.co\/especializacion-en-arquitectura-empresarial-de-software&amp;source=gmail&amp;ust=1708019752725000&amp;usg=AOvVaw1tL4isgRJ-dlV2-Sz4Nvlz\">https:\/\/www.javeriana.edu.co\/<wbr \/>especializacion-en-<wbr \/>arquitectura-empresarial-de-<wbr \/>software<\/a>\u00a0\u00a0 \u00a0 \u00a0 \u00a0\u00a0<\/span><\/div>\n<div><span style=\"color: #0000ff;\"><a style=\"color: #0000ff;\" href=\"https:\/\/www.javeriana.edu.co\/especializacion-gerencia-proyectos-tecnologias-informacion\" target=\"_blank\" rel=\"noopener\" data-saferedirecturl=\"https:\/\/www.google.com\/url?q=https:\/\/www.javeriana.edu.co\/especializacion-gerencia-proyectos-tecnologias-informacion&amp;source=gmail&amp;ust=1708019752725000&amp;usg=AOvVaw0cN_XtFJNmFSyU2xZ4N2Kt\">https:\/\/www.javeriana.edu.co\/<wbr \/>especializacion-gerencia-<wbr \/>proyectos-tecnologias-<wbr \/>informacion<\/a>\u00a0\u00a0 \u00a0 \u00a0 \u00a0 \u00a0 \u00a0 \u00a0 \u00a0\u00a0<\/span><\/div>\n<div><span style=\"color: #0000ff;\"><a style=\"color: #0000ff;\" href=\"https:\/\/www.javeriana.edu.co\/especializacion-gerencia-estrategica-innovacion\/\" target=\"_blank\" rel=\"noopener\" data-saferedirecturl=\"https:\/\/www.google.com\/url?q=https:\/\/www.javeriana.edu.co\/especializacion-gerencia-estrategica-innovacion\/&amp;source=gmail&amp;ust=1708019752725000&amp;usg=AOvVaw0K_cc_vSpIHy0b2_XMnlxs\">https:\/\/www.javeriana.edu.co\/<wbr \/>especializacion-gerencia-<wbr \/>estrategica-innovacion\/<\/a>\u00a0\u00a0 \u00a0 \u00a0 \u00a0 \u00a0\u00a0<\/span><\/div>\n<div><span style=\"color: #0000ff;\"><a style=\"color: #0000ff;\" href=\"https:\/\/www.javeriana.edu.co\/maestria-inteligencia-artificial\" target=\"_blank\" rel=\"noopener\" data-saferedirecturl=\"https:\/\/www.google.com\/url?q=https:\/\/www.javeriana.edu.co\/maestria-inteligencia-artificial&amp;source=gmail&amp;ust=1708019752725000&amp;usg=AOvVaw05jX8B0DT537EByx6bZ8fO\">https:\/\/www.javeriana.edu.co\/<wbr \/>maestria-inteligencia-<wbr \/>artificial<\/a>\u00a0\u00a0 \u00a0 \u00a0 \u00a0 \u00a0 \u00a0 \u00a0 \u00a0 \u00a0 \u00a0 \u00a0 \u00a0 \u00a0 \u00a0 \u00a0 \u00a0<\/span><\/div>\n<div><span style=\"color: #0000ff;\"><a style=\"color: #0000ff;\" href=\"https:\/\/www.javeriana.edu.co\/especializacion-tecnologia-construccion-edificaciones\" target=\"_blank\" rel=\"noopener\" data-saferedirecturl=\"https:\/\/www.google.com\/url?q=https:\/\/www.javeriana.edu.co\/especializacion-tecnologia-construccion-edificaciones&amp;source=gmail&amp;ust=1708019752725000&amp;usg=AOvVaw19fH9IH2Tjvf4j9Il0kXm4\">https:\/\/www.javeriana.edu.co\/<wbr \/>especializacion-tecnologia-<wbr \/>construccion-edificaciones<\/a>\u00a0\u00a0 \u00a0 \u00a0<\/span><\/div>\n<div><\/div>\n<div><\/div>\n<div><\/div>\n<div><\/div>\n<div>Estos Posgrados son los que MINTIC incluye para las BECAS del 90% \u00a0 Lo que deben hacer los aspirantes es realizar el proceso de inscripci\u00f3n y de ser admitidos, deben informar al MINTIC para completar los datos que exigen para aplicar a la BECA, ellos les informar\u00e1n si fueron o no beneficiados. En caso de no ser beneficiados y estar admitidos, pueden obtener financiaci\u00f3n con la Universidad, esto deben consultarlo con Apoyo Financiero.<\/div>\n<div><\/div>\n<div><\/div>\n<div>\n<p><img decoding=\"async\" class=\"an1\" src=\"https:\/\/fonts.gstatic.com\/s\/e\/notoemoji\/15.0\/1f4cc\/32.png\" alt=\"\ud83d\udccc\" data-emoji=\"\ud83d\udccc\" aria-label=\"\ud83d\udccc\" \/><strong>Desde el 1 de diciembre de 2023 hasta el 12 de enero de 2024 los interesados en acceder a estudios de posgrados en temas TIC, podr\u00e1n inscribirse.<\/strong><\/p>\n<p><img decoding=\"async\" class=\"an1\" src=\"https:\/\/fonts.gstatic.com\/s\/e\/notoemoji\/15.0\/1f4cc\/32.png\" alt=\"\ud83d\udccc\" data-emoji=\"\ud83d\udccc\" aria-label=\"\ud83d\udccc\" \/><strong>Se financiar\u00e1 desde el MinTIC el 90% del valor total de la matr\u00edcula en posgrados en \u00e1reas TIC. El 10% estar\u00e1 a cargo del aspirante, y deber\u00e1 cancelarlo en el \u00faltimo periodo directamente a la Instituci\u00f3n de Educaci\u00f3n Superior.<\/strong><\/p>\n<p>&nbsp;<\/p>\n<p>La convocatoria cuenta con un sencillo proceso para participar:<\/p>\n<p>-Escoger el programa y hacer proceso de admisi\u00f3n con la Instituci\u00f3n de Educaci\u00f3n Superior.<br \/>\n-Inscripci\u00f3n en el formulario de solicitud.<br \/>\n-Cargar todos los documentos requeridos en el proceso.<br \/>\n-Estar atentos a los resultados de adjudicaci\u00f3n, que ser\u00e1n publicados el 25 de enero.<\/p>\n<\/div>\n<\/div>\n","protected":false},"excerpt":{"rendered":"<p>MINTIC La Especializaci\u00f3n en Inteligencia Artificial abre inscripciones en febrero para iniciar actividades en el segundo semestre del a\u00f1o. Si bien el programa est\u00e1 mencionado en la convocatoria, el programa NO tiene inscripciones abiertas para el 24-1, las tendr\u00e1 a partir de febrero para el&#8230;<\/p>\n","protected":false},"author":16,"featured_media":0,"parent":0,"menu_order":0,"comment_status":"closed","ping_status":"closed","template":"","meta":{"footnotes":""},"class_list":["post-4103","page","type-page","status-publish","hentry"],"aioseo_notices":[],"_links":{"self":[{"href":"https:\/\/sic.nodscloud.com\/nodsglobal\/wp-json\/wp\/v2\/pages\/4103","targetHints":{"allow":["GET"]}}],"collection":[{"href":"https:\/\/sic.nodscloud.com\/nodsglobal\/wp-json\/wp\/v2\/pages"}],"about":[{"href":"https:\/\/sic.nodscloud.com\/nodsglobal\/wp-json\/wp\/v2\/types\/page"}],"author":[{"embeddable":true,"href":"https:\/\/sic.nodscloud.com\/nodsglobal\/wp-json\/wp\/v2\/users\/16"}],"replies":[{"embeddable":true,"href":"https:\/\/sic.nodscloud.com\/nodsglobal\/wp-json\/wp\/v2\/comments?post=4103"}],"version-history":[{"count":4,"href":"https:\/\/sic.nodscloud.com\/nodsglobal\/wp-json\/wp\/v2\/pages\/4103\/revisions"}],"predecessor-version":[{"id":4495,"href":"https:\/\/sic.nodscloud.com\/nodsglobal\/wp-json\/wp\/v2\/pages\/4103\/revisions\/4495"}],"wp:attachment":[{"href":"https:\/\/sic.nodscloud.com\/nodsglobal\/wp-json\/wp\/v2\/media?parent=4103"}],"curies":[{"name":"wp","href":"https:\/\/api.w.org\/{rel}","templated":true}]}}