
{"id":4154,"date":"2024-04-08T13:35:56","date_gmt":"2024-04-08T13:35:56","guid":{"rendered":"https:\/\/sic.nodscloud.com\/nodsglobal\/?page_id=4154"},"modified":"2024-04-10T19:32:58","modified_gmt":"2024-04-10T19:32:58","slug":"plan-de-estudios","status":"publish","type":"page","link":"https:\/\/sic.nodscloud.com\/nodsglobal\/plan-de-estudios\/","title":{"rendered":"Planes de Estudios \/ Mapa Curricular"},"content":{"rendered":"<p><img fetchpriority=\"high\" decoding=\"async\" class=\"size-full wp-image-4203 aligncenter\" src=\"https:\/\/sic.nodscloud.com\/nodsglobal\/wp-content\/uploads\/sites\/3\/2024\/04\/images.png\" sizes=\"(max-width: 483px) 100vw, 483px\" srcset=\"https:\/\/sic.nodscloud.com\/nodsglobal\/wp-content\/uploads\/sites\/3\/2024\/04\/images.png 483w, https:\/\/sic.nodscloud.com\/nodsglobal\/wp-content\/uploads\/sites\/3\/2024\/04\/images-300x65.png 300w\" alt=\"\" width=\"483\" height=\"104\" \/><\/p>\n<h1 style=\"text-align: center;\"><span style=\"color: #008000;\"><strong>PLANES DE ESTUDIOS<\/strong><\/span><\/h1>\n<p>&nbsp;<\/p>\n<h2><strong><span style=\"color: #008000;\">LICENCIATURAS<\/span><\/strong><\/h2>\n<p><span style=\"color: #0000ff;\"><a style=\"color: #0000ff;\" href=\"https:\/\/sic.nodscloud.com\/nodsglobal\/wp-content\/uploads\/sites\/3\/2024\/04\/Plan-de-estudios-Ingenieria-Industrial.pdf\">Plan de estudios Ingenieria Industrial<\/a><\/span><\/p>\n<p><span style=\"color: #0000ff;\"><a style=\"color: #0000ff;\" href=\"https:\/\/sic.nodscloud.com\/nodsglobal\/wp-content\/uploads\/sites\/3\/2024\/04\/Plan-de-estudios-Ingenieria-Sistemas-Computacionales.pdf\">Plan de estudios Ingenieria Sistemas Computacionales<\/a><\/span><\/p>\n<p><span style=\"color: #0000ff;\"><a style=\"color: #0000ff;\" href=\"https:\/\/sic.nodscloud.com\/nodsglobal\/wp-content\/uploads\/sites\/3\/2024\/04\/Plan-de-estudios-Maestria-Administracion-de-Negocios.pdf\">Plan de estudios Maestr\u00eda Administraci\u00f3n de Negocios<\/a><\/span><\/p>\n<p><span style=\"color: #0000ff;\"><a style=\"color: #0000ff;\" href=\"https:\/\/sic.nodscloud.com\/nodsglobal\/wp-content\/uploads\/sites\/3\/2024\/04\/Plan-de-estudios-Admin-Empresas-Turisticas.pdf\">Plan de estudios Admin Empresas Tur\u00edsticas<\/a><\/span><\/p>\n<p><span style=\"color: #0000ff;\"><a style=\"color: #0000ff;\" href=\"https:\/\/sic.nodscloud.com\/nodsglobal\/wp-content\/uploads\/sites\/3\/2024\/04\/Plan-de-estudios-Admon-Empresas.pdf\">Plan de estudios Admon-Empresas<\/a><\/span><\/p>\n<p><span style=\"color: #0000ff;\"><a style=\"color: #0000ff;\" href=\"https:\/\/sic.nodscloud.com\/nodsglobal\/wp-content\/uploads\/sites\/3\/2024\/04\/Plan-de-estudios-Alta-Direccion_ETAC-Oficial.pdf\">Plan de estudios Alta Direccion_ETAC Oficial<\/a><\/span><\/p>\n<p><span style=\"color: #0000ff;\"><a style=\"color: #0000ff;\" href=\"https:\/\/sic.nodscloud.com\/nodsglobal\/wp-content\/uploads\/sites\/3\/2024\/04\/Plan-de-estudios-Ciencias-de-la-Educacion.pdf\">Plan de estudios Ciencias de la Educacion<\/a><\/span><\/p>\n<p><span style=\"color: #0000ff;\"><a style=\"color: #0000ff;\" href=\"https:\/\/sic.nodscloud.com\/nodsglobal\/wp-content\/uploads\/sites\/3\/2024\/04\/Plan-de-estudios-Contaduria-Publica.pdf\">Plan de estudios Contaduria Publica<\/a><\/span><\/p>\n<p><span style=\"color: #0000ff;\"><a style=\"color: #0000ff;\" href=\"https:\/\/sic.nodscloud.com\/nodsglobal\/wp-content\/uploads\/sites\/3\/2024\/04\/Plan-de-estudios-Criminalistica.pdf\">Plan de estudios Criminalistica<\/a><\/span><\/p>\n<p><span style=\"color: #0000ff;\"><a style=\"color: #0000ff;\" href=\"https:\/\/sic.nodscloud.com\/nodsglobal\/wp-content\/uploads\/sites\/3\/2024\/04\/Plan-de-estudios-Derecho.pdf\">Plan de estudios Derecho<\/a><\/span><\/p>\n<p><span style=\"color: #0000ff;\"><a style=\"color: #0000ff;\" href=\"https:\/\/sic.nodscloud.com\/nodsglobal\/wp-content\/uploads\/sites\/3\/2024\/04\/Plan-de-estudios-Pedagogia.pdf\">Plan de estudios Pedagog\u00eda<\/a><\/span><\/p>\n<p><span style=\"color: #0000ff;\"><a style=\"color: #0000ff;\" href=\"https:\/\/sic.nodscloud.com\/nodsglobal\/wp-content\/uploads\/sites\/3\/2024\/04\/Plan-de-estudios-Psicologia.pdf\">Plan de estudios Psicolog\u00eda<\/a><\/span><\/p>\n<p><span style=\"color: #0000ff;\"><a style=\"color: #0000ff;\" href=\"https:\/\/sic.nodscloud.com\/nodsglobal\/wp-content\/uploads\/sites\/3\/2024\/04\/Plan-de-estudiso-Comercio-Internacional.pdf\">Plan de estudiso Comercio Internacional<\/a><\/span><\/p>\n<p><span style=\"color: #0000ff;\"><a style=\"color: #0000ff;\" href=\"https:\/\/sic.nodscloud.com\/nodsglobal\/wp-content\/uploads\/sites\/3\/2024\/04\/Plan-de-estudios-Mercadotecnia.pdf\">Plan de estudios Mercadotecnia<\/a><\/span><\/p>\n<p>&nbsp;<\/p>\n<h2><strong><span style=\"color: #008000;\">MAESTRIAS<\/span><\/strong><\/h2>\n<p><span style=\"color: #0000ff;\"><a style=\"color: #0000ff;\" href=\"https:\/\/sic.nodscloud.com\/nodsglobal\/wp-content\/uploads\/sites\/3\/2024\/04\/Plan-de-estudios-Maestria-Docencia.pdf\">Plan de estudios Maestria Docencia<\/a><\/span><\/p>\n<p><span style=\"color: #0000ff;\"><a style=\"color: #0000ff;\" href=\"https:\/\/sic.nodscloud.com\/nodsglobal\/wp-content\/uploads\/sites\/3\/2024\/04\/Plan-de-estudios-Maestria-Gestion-Educativa.pdf\">Plan de estudios Maestria Gestion Educativa<\/a><\/span><\/p>\n<p><span style=\"color: #0000ff;\"><a style=\"color: #0000ff;\" href=\"https:\/\/sic.nodscloud.com\/nodsglobal\/wp-content\/uploads\/sites\/3\/2024\/04\/Plan-de-estudios-Maestria-Administracion-de-Negocios.pdf\">Plan de estudios Maestr\u00eda Administraci\u00f3n de Negocios<\/a><\/span><\/p>\n<p>&nbsp;<\/p>\n<h1 style=\"text-align: center;\"><strong><span style=\"color: #008000;\">MAPAS CURRICULARES<\/span><\/strong><\/h1>\n<p>&nbsp;<\/p>\n<h2><strong><span style=\"color: #008000;\">LICENCIATURAS<\/span><\/strong><\/h2>\n<p><span style=\"color: #0000ff;\"><a style=\"color: #0000ff;\" href=\"https:\/\/sic.nodscloud.com\/nodsglobal\/wp-content\/uploads\/sites\/3\/2024\/04\/Mapa-curricular-Psicologia.pdf\">Mapa curricular Psicolog\u00eda<\/a><\/span><\/p>\n<p><span style=\"color: #0000ff;\"><a style=\"color: #0000ff;\" href=\"https:\/\/sic.nodscloud.com\/nodsglobal\/wp-content\/uploads\/sites\/3\/2024\/04\/Mapa-curricualar-Administracion-de-Empresas.pdf\">Mapa curricualar Administraci\u00f3n de Empresas<\/a><\/span><\/p>\n<p><span style=\"color: #0000ff;\"><a style=\"color: #0000ff;\" href=\"https:\/\/sic.nodscloud.com\/nodsglobal\/wp-content\/uploads\/sites\/3\/2024\/04\/Mapa-curricular-Admin-Empresas-Turisticas.pdf\">Mapa curricular Admin Empresas Tur\u00edsticas<\/a><\/span><\/p>\n<p><span style=\"color: #0000ff;\"><a style=\"color: #0000ff;\" href=\"https:\/\/sic.nodscloud.com\/nodsglobal\/wp-content\/uploads\/sites\/3\/2024\/04\/Mapa-curricular-Alta-Direccion.pdf\">Mapa curricular Alta Direcci\u00f3n<\/a><\/span><\/p>\n<p><span style=\"color: #0000ff;\"><a style=\"color: #0000ff;\" href=\"https:\/\/sic.nodscloud.com\/nodsglobal\/wp-content\/uploads\/sites\/3\/2024\/04\/Mapa-curricular-Ciencias-de-la-Educacion.pdf\">Mapa curricular Ciencias de la Educaci\u00f3n<\/a><\/span><\/p>\n<p><span style=\"color: #0000ff;\"><a style=\"color: #0000ff;\" href=\"https:\/\/sic.nodscloud.com\/nodsglobal\/wp-content\/uploads\/sites\/3\/2024\/04\/Mapa-curricular-Comercio-Internacional.pdf\">Mapa curricular Comercio Internacional<\/a><\/span><\/p>\n<p><span style=\"color: #0000ff;\"><a style=\"color: #0000ff;\" href=\"https:\/\/sic.nodscloud.com\/nodsglobal\/wp-content\/uploads\/sites\/3\/2024\/04\/Mapa-curricular-Contaduria-Publica.pdf\">Mapa curricular Contadur\u00eda P\u00fablica<\/a><\/span><\/p>\n<p><span style=\"color: #0000ff;\"><a style=\"color: #0000ff;\" href=\"https:\/\/sic.nodscloud.com\/nodsglobal\/wp-content\/uploads\/sites\/3\/2024\/04\/Mapa-curricular-Criminalistica.pdf\">Mapa curricular Criminal\u00edstica<\/a><\/span><\/p>\n<p><span style=\"color: #0000ff;\"><a style=\"color: #0000ff;\" href=\"https:\/\/sic.nodscloud.com\/nodsglobal\/wp-content\/uploads\/sites\/3\/2024\/04\/Mapa-curricular-Derecho.pdf\">Mapa curricular Derecho<\/a><\/span><\/p>\n<p><span style=\"color: #0000ff;\"><a style=\"color: #0000ff;\" href=\"https:\/\/sic.nodscloud.com\/nodsglobal\/wp-content\/uploads\/sites\/3\/2024\/04\/Mapa-curricular-Ingenieria-en-Sistemas-Computacionales.pdf\">Mapa curricular Ingenier\u00eda en Sistemas Computacionales<\/a><\/span><\/p>\n<p><span style=\"color: #0000ff;\"><a style=\"color: #0000ff;\" href=\"https:\/\/sic.nodscloud.com\/nodsglobal\/wp-content\/uploads\/sites\/3\/2024\/04\/Mapa-curricular-Ingenieria-Industrial.pdf\">Mapa curricular Ingenier\u00eda Industrial<\/a><\/span><\/p>\n<p><span style=\"color: #0000ff;\"><a style=\"color: #0000ff;\" href=\"https:\/\/sic.nodscloud.com\/nodsglobal\/wp-content\/uploads\/sites\/3\/2024\/04\/Mapa-curricular-Mercadotecnia.pdf\">Mapa curricular Mercadotecnia<\/a><\/span><\/p>\n<p><span style=\"color: #0000ff;\"><a style=\"color: #0000ff;\" href=\"https:\/\/sic.nodscloud.com\/nodsglobal\/wp-content\/uploads\/sites\/3\/2024\/04\/Mapa-curricular-Pedagogia.pdf\">Mapa curricular Pedagog\u00eda<\/a><\/span><\/p>\n<p>&nbsp;<\/p>\n<h2><strong><span style=\"color: #008000;\">MAESTR\u00cdAS\u00a0<\/span><\/strong><\/h2>\n<p><span style=\"color: #0000ff;\"><a style=\"color: #0000ff;\" href=\"https:\/\/sic.nodscloud.com\/nodsglobal\/wp-content\/uploads\/sites\/3\/2024\/04\/Mapa-curricular-Maestria-Administracion-De-Negocios.pdf\">Mapa curricular Maestr\u00eda Administraci\u00f3n De Negocios<\/a><\/span><\/p>\n<p><span style=\"color: #0000ff;\"><a style=\"color: #0000ff;\" href=\"https:\/\/sic.nodscloud.com\/nodsglobal\/wp-content\/uploads\/sites\/3\/2024\/04\/Mapa-curricular-Maestria-Docencia.pdf\">Mapa curricular Maestr\u00eda Docencia<\/a><\/span><\/p>\n<p><span style=\"color: #0000ff;\"><a style=\"color: #0000ff;\" href=\"https:\/\/sic.nodscloud.com\/nodsglobal\/wp-content\/uploads\/sites\/3\/2024\/04\/Mapa-curricular-Maestria-Gestion-Educativa.pdf\">Mapa curricular Maestr\u00eda Gesti\u00f3n Educativa<\/a><\/span><\/p>\n<p>&nbsp;<\/p>\n<p>&nbsp;<\/p>\n<p><img decoding=\"async\" class=\"wp-image-4211 aligncenter\" src=\"https:\/\/sic.nodscloud.com\/nodsglobal\/wp-content\/uploads\/sites\/3\/2024\/04\/onaliat-1024x264.png\" alt=\"\" width=\"655\" height=\"169\" srcset=\"https:\/\/sic.nodscloud.com\/nodsglobal\/wp-content\/uploads\/sites\/3\/2024\/04\/onaliat-1024x264.png 1024w, https:\/\/sic.nodscloud.com\/nodsglobal\/wp-content\/uploads\/sites\/3\/2024\/04\/onaliat-300x77.png 300w, https:\/\/sic.nodscloud.com\/nodsglobal\/wp-content\/uploads\/sites\/3\/2024\/04\/onaliat-768x198.png 768w, https:\/\/sic.nodscloud.com\/nodsglobal\/wp-content\/uploads\/sites\/3\/2024\/04\/onaliat-700x180.png 700w, https:\/\/sic.nodscloud.com\/nodsglobal\/wp-content\/uploads\/sites\/3\/2024\/04\/onaliat.png 1164w\" sizes=\"(max-width: 655px) 100vw, 655px\" \/><\/p>\n","protected":false},"excerpt":{"rendered":"<p>PLANES DE ESTUDIOS &nbsp; LICENCIATURAS Plan de estudios Ingenieria Industrial Plan de estudios Ingenieria Sistemas Computacionales Plan de estudios Maestr\u00eda Administraci\u00f3n de Negocios Plan de estudios Admin Empresas Tur\u00edsticas Plan de estudios Admon-Empresas Plan de estudios Alta Direccion_ETAC Oficial Plan de estudios Ciencias de la&#8230;<\/p>\n","protected":false},"author":16,"featured_media":0,"parent":0,"menu_order":0,"comment_status":"closed","ping_status":"closed","template":"","meta":{"footnotes":""},"class_list":["post-4154","page","type-page","status-publish","hentry"],"aioseo_notices":[],"_links":{"self":[{"href":"https:\/\/sic.nodscloud.com\/nodsglobal\/wp-json\/wp\/v2\/pages\/4154","targetHints":{"allow":["GET"]}}],"collection":[{"href":"https:\/\/sic.nodscloud.com\/nodsglobal\/wp-json\/wp\/v2\/pages"}],"about":[{"href":"https:\/\/sic.nodscloud.com\/nodsglobal\/wp-json\/wp\/v2\/types\/page"}],"author":[{"embeddable":true,"href":"https:\/\/sic.nodscloud.com\/nodsglobal\/wp-json\/wp\/v2\/users\/16"}],"replies":[{"embeddable":true,"href":"https:\/\/sic.nodscloud.com\/nodsglobal\/wp-json\/wp\/v2\/comments?post=4154"}],"version-history":[{"count":6,"href":"https:\/\/sic.nodscloud.com\/nodsglobal\/wp-json\/wp\/v2\/pages\/4154\/revisions"}],"predecessor-version":[{"id":4327,"href":"https:\/\/sic.nodscloud.com\/nodsglobal\/wp-json\/wp\/v2\/pages\/4154\/revisions\/4327"}],"wp:attachment":[{"href":"https:\/\/sic.nodscloud.com\/nodsglobal\/wp-json\/wp\/v2\/media?parent=4154"}],"curies":[{"name":"wp","href":"https:\/\/api.w.org\/{rel}","templated":true}]}}