
{"id":4156,"date":"2024-04-08T13:36:40","date_gmt":"2024-04-08T13:36:40","guid":{"rendered":"https:\/\/sic.nodscloud.com\/nodsglobal\/?page_id=4156"},"modified":"2024-10-07T14:49:21","modified_gmt":"2024-10-07T14:49:21","slug":"oferta-licenciaturas","status":"publish","type":"page","link":"https:\/\/sic.nodscloud.com\/nodsglobal\/oferta-licenciaturas\/","title":{"rendered":"Oferta Licenciaturas"},"content":{"rendered":"<p><img fetchpriority=\"high\" decoding=\"async\" class=\"size-full wp-image-4203 aligncenter\" src=\"https:\/\/sic.nodscloud.com\/nodsglobal\/wp-content\/uploads\/sites\/3\/2024\/04\/images.png\" alt=\"\" width=\"483\" height=\"104\" srcset=\"https:\/\/sic.nodscloud.com\/nodsglobal\/wp-content\/uploads\/sites\/3\/2024\/04\/images.png 483w, https:\/\/sic.nodscloud.com\/nodsglobal\/wp-content\/uploads\/sites\/3\/2024\/04\/images-300x65.png 300w\" sizes=\"(max-width: 483px) 100vw, 483px\" \/><\/p>\n<h1 style=\"text-align: center;\"><span style=\"color: #008000;\"><strong>PORFOLIO ACAD\u00c9MICO<\/strong><\/span><\/h1>\n<p>&nbsp;<\/p>\n<div>\n<div class=\"DF_utQ _0xkaeQ\">\n<div class=\"aF9o6Q _0yZ6Qg\">\n<div class=\"AdBbhQ hGbcYA rLWGlw _7rUwsA\" lang=\"es-MX\">\n<div>\n<div class=\"DF_utQ _0xkaeQ\">\n<div class=\"aF9o6Q _0yZ6Qg\">\n<div class=\"AdBbhQ hGbcYA rLWGlw _7rUwsA\" lang=\"es-MX\">\n<h2 class=\"cgHgbA pYZEjA Xp24Nw PanoWQ\"><span style=\"color: #008000;\"><strong><span class=\"OYPEnA\">VISI\u00d3N<\/span><\/strong><\/span><\/h2>\n<\/div>\n<\/div>\n<\/div>\n<\/div>\n<div>\n<div class=\"DF_utQ _0xkaeQ\">\n<div class=\"aF9o6Q _0yZ6Qg\">\n<div class=\"AdBbhQ hGbcYA rLWGlw _7rUwsA\" lang=\"es-MX\">\n<p class=\"cgHgbA pYZEjA Xp24Nw PanoWQ\">\u201cSer una instituci\u00f3n reconocida por su prestigio y el excelente desempe\u00f1o de sus egresados en el campo laboral, su capacidad de emprendimiento y su contribuci\u00f3n a nuestro pa\u00eds.\u201d<\/p>\n<\/div>\n<\/div>\n<p>&nbsp;<\/p>\n<div class=\"aF9o6Q _0yZ6Qg\">\n<div>\n<div class=\"DF_utQ _0xkaeQ\">\n<div class=\"aF9o6Q _0yZ6Qg\">\n<div class=\"AdBbhQ hGbcYA rLWGlw _7rUwsA\" lang=\"es-MX\">\n<h2 class=\"cgHgbA pYZEjA Xp24Nw PanoWQ\"><span style=\"color: #008000;\"><strong><span class=\"OYPEnA\">MISI\u00d3N<\/span><\/strong><\/span><\/h2>\n<\/div>\n<\/div>\n<\/div>\n<\/div>\n<div>\n<div class=\"DF_utQ _0xkaeQ\">\n<div class=\"aF9o6Q _0yZ6Qg\">\n<div class=\"AdBbhQ hGbcYA rLWGlw _7rUwsA\" lang=\"es-MX\">\n<p class=\"cgHgbA pYZEjA Xp24Nw PanoWQ\"><span class=\"OYPEnA\">\u201cImpartir programas acad\u00e9micos de <\/span><span class=\"OYPEnA\">calidad en los niveles de educaci\u00f3n media <\/span><span class=\"OYPEnA\">superior y superior, a trav\u00e9s de nuestra <\/span><span class=\"OYPEnA\">red de universidades, mejorando <\/span><span class=\"OYPEnA\">continuamente los servicios orientados al <\/span><span class=\"OYPEnA\">estudiante, en un \u00e1mbito que favorece la <\/span><span class=\"OYPEnA\">integridad y la accesibilidad, impulsando <\/span><span class=\"OYPEnA\">la empleabilidad de nuestros egresados <\/span><span class=\"OYPEnA\">para que contribuyan a una mejor <\/span><span class=\"OYPEnA\">sociedad.\u201d<\/span><\/p>\n<\/div>\n<p>&nbsp;<\/p>\n<\/div>\n<\/div>\n<\/div>\n<\/div>\n<\/div>\n<\/div>\n<\/div>\n<\/div>\n<\/div>\n<\/div>\n<p><b>Aliat Universidades<\/b>\u00a0es una red de universidades de la Rep\u00fablica Mexicana, conformada por 7 instituciones educativas que, juntas, suman m\u00e1s de 50 a\u00f1os de experiencia en educaci\u00f3n. La Red se compone por m\u00e1s de 30 campus, presentes en 15 estados con una matr\u00edcula de m\u00e1s de 50,000 estudiantes.<\/p>\n<p>&nbsp;<\/p>\n<p>Las siguientes instituciones est\u00e1n incorporadas a Aliat Universidades:\u200b<\/p>\n<ul>\n<li><strong>Universidad de Estudios Avanzados\u00a0(UNEA)<\/strong><\/li>\n<li><strong>Centro de Estudios Superiores de Tapachula\u00a0(CEST)<\/strong><\/li>\n<li><strong>Universidad La Concordia\u00a0(ULC)<\/strong><\/li>\n<li><strong>Escuela Gastron\u00f3mica Corbus\u00e9<\/strong><\/li>\n<li><strong>Universidad ETAC<\/strong><\/li>\n<li><strong>Universidad Tangamanga\u00a0(UTAN)<\/strong><\/li>\n<li><strong>Universidad Valle del Grijalva\u00a0(UVG)<\/strong><\/li>\n<\/ul>\n<p>&nbsp;<\/p>\n<div>\n<div class=\"DF_utQ _0xkaeQ\">\n<div class=\"aF9o6Q _0yZ6Qg\">\n<div class=\"AdBbhQ hGbcYA rLWGlw _7rUwsA\" lang=\"es-MX\">\n<p class=\"cgHgbA PPKxyg Xp24Nw PanoWQ\"><span class=\"OYPEnA\">En M\u00e9xico hay 5 mil 343 universidades y Universidad ETAC se encuentra en la posici\u00f3n n\u00famero 21 dentro del TOP 40 de las mejores universidades privadas de M\u00e9xico de acuerdo a la Gu\u00eda Universitaria de Selecciones de Reader\u2019s Digest (2023).<\/span><\/p>\n<\/div>\n<\/div>\n<\/div>\n<\/div>\n<div>\n<div class=\"DF_utQ _0xkaeQ\">\n<div class=\"aF9o6Q _0yZ6Qg\">\n<div class=\"AdBbhQ hGbcYA rLWGlw _7rUwsA\" lang=\"es-MX\">\n<p class=\"cgHgbA PPKxyg Xp24Nw PanoWQ\"><span class=\"OYPEnA\">Todos nuestros programas cuentan RVOE<br \/>\nFederal.<\/span><\/p>\n<\/div>\n<\/div>\n<\/div>\n<\/div>\n<p>&nbsp;<\/p>\n<div>\n<div class=\"DF_utQ _0xkaeQ\">\n<div class=\"aF9o6Q _0yZ6Qg\">\n<div class=\"AdBbhQ hGbcYA rLWGlw _7rUwsA\" lang=\"es-MX\">\n<h2 class=\"cgHgbA pYZEjA Xp24Nw PanoWQ\"><span style=\"color: #008000;\"><strong><span class=\"OYPEnA\">\u00bfQu\u00e9 es On Aliat?<\/span><\/strong><\/span><\/h2>\n<h1 class=\"cgHgbA pYZEjA Xp24Nw PanoWQ\"><span style=\"color: #008000;\"><strong><span class=\"OYPEnA\">\u00a0 <img decoding=\"async\" class=\"alignnone wp-image-4204\" src=\"https:\/\/sic.nodscloud.com\/nodsglobal\/wp-content\/uploads\/sites\/3\/2024\/04\/descarga-1.png\" alt=\"\" width=\"259\" height=\"69\" srcset=\"https:\/\/sic.nodscloud.com\/nodsglobal\/wp-content\/uploads\/sites\/3\/2024\/04\/descarga-1.png 436w, https:\/\/sic.nodscloud.com\/nodsglobal\/wp-content\/uploads\/sites\/3\/2024\/04\/descarga-1-300x80.png 300w\" sizes=\"(max-width: 259px) 100vw, 259px\" \/><\/span><\/strong><\/span><\/h1>\n<\/div>\n<\/div>\n<\/div>\n<\/div>\n<div>\n<div class=\"DF_utQ _0xkaeQ\">\n<div class=\"aF9o6Q _0yZ6Qg\">\n<div class=\"AdBbhQ hGbcYA _7rUwsA\" lang=\"es-MX\">\n<p class=\"cgHgbA nxe3IQ Xp24Nw PanoWQ\"><span class=\"OYPEnA\">Dise\u00f1ado para:<\/span><\/p>\n<ul class=\"yL4mFA\">\n<li class=\"Xp24Nw _bsDhw cgHgbA nxe3IQ _4c44Ng\"><span class=\"OYPEnA\">P<\/span><span class=\"OYPEnA\">ersonas que trabajan.<\/span><\/li>\n<li class=\"Xp24Nw _bsDhw cgHgbA nxe3IQ _4c44Ng\"><span class=\"OYPEnA\">Desean iniciar sus estudios desde cero.<\/span><\/li>\n<li class=\"Xp24Nw _bsDhw cgHgbA nxe3IQ _4c44Ng\"><span class=\"OYPEnA\">Retomar sus estudios a trav\u00e9s de una equivalencia.<\/span><\/li>\n<li class=\"Xp24Nw _bsDhw cgHgbA nxe3IQ _4c44Ng\"><span class=\"OYPEnA\">Revalidar estudios realizados en el extranjero.<\/span><\/li>\n<\/ul>\n<p>&nbsp;<\/p>\n<\/div>\n<\/div>\n<\/div>\n<\/div>\n<div>\n<div class=\"DF_utQ _0xkaeQ\">\n<div class=\"aF9o6Q _0yZ6Qg\">\n<div class=\"AdBbhQ hGbcYA _7rUwsA\" lang=\"es-MX\">\n<p class=\"cgHgbA nxe3IQ Xp24Nw PanoWQ\"><span class=\"OYPEnA\">Es la plataforma de educaci\u00f3n en l\u00ednea de Aliat Universidades que ofrece licenciaturas, maestr\u00edas y doctorados avalados por la SEP.<\/span><\/p>\n<p>&nbsp;<\/p>\n<\/div>\n<p>Las siguientes instituciones est\u00e1n incorporadas a ON Aliat :<\/p>\n<ul>\n<li><strong>Universidad de Estudios Avanzados\u00a0(UNEA)<\/strong><\/li>\n<li><strong>Universidad ETAC<\/strong><\/li>\n<li><strong>Universidad Tangamanga\u00a0(UTAN)<\/strong><\/li>\n<li><strong>Universidad Valle del Grijalva\u00a0(UVG)<\/strong><\/li>\n<\/ul>\n<p>&nbsp;<\/p>\n<\/div>\n<\/div>\n<h1 style=\"text-align: center;\"><strong><span style=\"color: #008000;\">Licenciaturas online\u00a0<\/span><\/strong><\/h1>\n<\/div>\n<div>\n<div class=\"DF_utQ _0xkaeQ\">\n<div class=\"aF9o6Q _0yZ6Qg\">\n<div class=\"AdBbhQ hGbcYA rLWGlw _7rUwsA\" lang=\"es-MX\"><\/div>\n<\/div>\n<\/div>\n<\/div>\n<div>\n<div class=\"DF_utQ _0xkaeQ\">\n<div class=\"aF9o6Q _0yZ6Qg\"><\/div>\n<\/div>\n<\/div>\n<div>\n<div class=\"DF_utQ _0xkaeQ\">\n<div class=\"aF9o6Q _0yZ6Qg\">\n<div class=\"AdBbhQ hGbcYA rLWGlw _7rUwsA\" lang=\"es-MX\">\n<h2 class=\"cgHgbA nxe3IQ Xp24Nw PanoWQ\"><span style=\"color: #008000;\"><strong><span class=\"OYPEnA\"><img decoding=\"async\" class=\"alignnone size-large wp-image-4206\" src=\"https:\/\/sic.nodscloud.com\/nodsglobal\/wp-content\/uploads\/sites\/3\/2024\/04\/licenciaturas-1-1024x532.png\" alt=\"\" width=\"1024\" height=\"532\" srcset=\"https:\/\/sic.nodscloud.com\/nodsglobal\/wp-content\/uploads\/sites\/3\/2024\/04\/licenciaturas-1-1024x532.png 1024w, https:\/\/sic.nodscloud.com\/nodsglobal\/wp-content\/uploads\/sites\/3\/2024\/04\/licenciaturas-1-300x156.png 300w, https:\/\/sic.nodscloud.com\/nodsglobal\/wp-content\/uploads\/sites\/3\/2024\/04\/licenciaturas-1-768x399.png 768w, https:\/\/sic.nodscloud.com\/nodsglobal\/wp-content\/uploads\/sites\/3\/2024\/04\/licenciaturas-1-700x364.png 700w, https:\/\/sic.nodscloud.com\/nodsglobal\/wp-content\/uploads\/sites\/3\/2024\/04\/licenciaturas-1.png 1100w\" sizes=\"(max-width: 1024px) 100vw, 1024px\" \/><\/span><\/strong><\/span><\/h2>\n<h2 class=\"cgHgbA nxe3IQ Xp24Nw PanoWQ\"><span style=\"color: #008000;\"><strong><span class=\"OYPEnA\">Duraci\u00f3n y carga de materias :\u00a0<\/span><\/strong><\/span><\/h2>\n<p>&nbsp;<\/p>\n<\/div>\n<\/div>\n<\/div>\n<\/div>\n<div>\n<div class=\"DF_utQ _0xkaeQ\">\n<div class=\"aF9o6Q _0yZ6Qg\">\n<div class=\"AdBbhQ hGbcYA rLWGlw _7rUwsA\" lang=\"es-MX\">\n<h4 class=\"cgHgbA pYZEjA Xp24Nw PanoWQ\"><strong><span class=\"OYPEnA\">3 a\u00f1os \/ 9 <\/span>cuatrimestres \/ 14 Semanas\u00a0 \/ 5 materias<\/strong><\/h4>\n<p>&nbsp;<\/p>\n<h2><span style=\"color: #008000;\"><strong>Sistema 7+7<\/strong><\/span><\/h2>\n<\/div>\n<p><img loading=\"lazy\" decoding=\"async\" class=\"alignnone size-large wp-image-4207\" src=\"https:\/\/sic.nodscloud.com\/nodsglobal\/wp-content\/uploads\/sites\/3\/2024\/04\/77-1024x426.png\" alt=\"\" width=\"1024\" height=\"426\" srcset=\"https:\/\/sic.nodscloud.com\/nodsglobal\/wp-content\/uploads\/sites\/3\/2024\/04\/77-1024x426.png 1024w, https:\/\/sic.nodscloud.com\/nodsglobal\/wp-content\/uploads\/sites\/3\/2024\/04\/77-300x125.png 300w, https:\/\/sic.nodscloud.com\/nodsglobal\/wp-content\/uploads\/sites\/3\/2024\/04\/77-768x319.png 768w, https:\/\/sic.nodscloud.com\/nodsglobal\/wp-content\/uploads\/sites\/3\/2024\/04\/77-700x291.png 700w, https:\/\/sic.nodscloud.com\/nodsglobal\/wp-content\/uploads\/sites\/3\/2024\/04\/77.png 1390w\" sizes=\"(max-width: 1024px) 100vw, 1024px\" \/><\/p>\n<\/div>\n<h1><\/h1>\n<div>\n<div class=\"DF_utQ _0xkaeQ\">\n<div class=\"aF9o6Q _0yZ6Qg\">\n<div class=\"AdBbhQ hGbcYA rLWGlw _7rUwsA\" lang=\"es-MX\">\n<h2><\/h2>\n<h2 class=\"cgHgbA nxe3IQ Xp24Nw PanoWQ\"><span style=\"color: #008000;\"><strong><span class=\"OYPEnA\">Formas de titulaci\u00f3n licenciatura<\/span><\/strong><\/span><\/h2>\n<\/div>\n<\/div>\n<\/div>\n<\/div>\n<div>\n<div class=\"DF_utQ _0xkaeQ\">\n<div class=\"aF9o6Q _0yZ6Qg\">\n<div class=\"AdBbhQ hGbcYA _7rUwsA\" lang=\"es-MX\">\n<ol class=\"yL4mFA\">\n<li class=\"Xp24Nw _bsDhw cgHgbA _2jiogg _3koQEA nxe3IQ _4c44Ng PanoWQ\">\n<h4><strong><span class=\"OYPEnA\">Titulaci\u00f3n autom\u00e1tica por promedio (9.0).<\/span><\/strong><\/h4>\n<\/li>\n<li class=\"Xp24Nw _bsDhw cgHgbA _2jiogg _3koQEA nxe3IQ _4c44Ng\">\n<h4><strong><span class=\"OYPEnA\">Estudios de posgrado (maestr\u00eda).<\/span><\/strong><\/h4>\n<\/li>\n<li class=\"Xp24Nw _bsDhw cgHgbA _2jiogg _3koQEA nxe3IQ _4c44Ng\">\n<h4><strong><span class=\"OYPEnA\">Curso especial de titulaci\u00f3n.<\/span><\/strong><\/h4>\n<\/li>\n<li class=\"Xp24Nw _bsDhw cgHgbA _2jiogg _3koQEA nxe3IQ _4c44Ng\">\n<h4><strong><span class=\"OYPEnA\">Reporte de experiencia laboral.<\/span><\/strong><\/h4>\n<\/li>\n<li class=\"Xp24Nw _bsDhw cgHgbA _2jiogg _3koQEA nxe3IQ _4c44Ng\">\n<h4><strong><span class=\"OYPEnA\">Tesis.<\/span><\/strong><\/h4>\n<\/li>\n<li class=\"Xp24Nw _bsDhw cgHgbA _2jiogg _3koQEA nxe3IQ _4c44Ng\">\n<h4><strong><span class=\"OYPEnA\">Examen profesional.<\/span><\/strong><\/h4>\n<\/li>\n<li class=\"Xp24Nw _bsDhw cgHgbA _2jiogg _3koQEA nxe3IQ _4c44Ng\">\n<h4><strong><span class=\"OYPEnA\">Examen general de conocimientos.<\/span><\/strong><\/h4>\n<\/li>\n<li class=\"Xp24Nw _bsDhw cgHgbA _2jiogg _3koQEA nxe3IQ _4c44Ng\">\n<h4><strong><span class=\"OYPEnA\">Memoria del servicio social.<\/span><\/strong><\/h4>\n<\/li>\n<li class=\"Xp24Nw _bsDhw cgHgbA _2jiogg _3koQEA nxe3IQ _4c44Ng\">\n<h4><strong><span class=\"OYPEnA\">Libro de texto o prototipo did\u00e1ctico.<\/span><\/strong><\/h4>\n<\/li>\n<li class=\"Xp24Nw _bsDhw cgHgbA _2jiogg _3koQEA nxe3IQ _4c44Ng\">\n<h4><strong><span class=\"OYPEnA\">Informe de programa en el extranjero.<\/span><\/strong><\/h4>\n<\/li>\n<li class=\"Xp24Nw _bsDhw cgHgbA _2jiogg _3koQEA nxe3IQ _4c44Ng\">\n<h4><strong><span class=\"OYPEnA\">Publicaci\u00f3n.<\/span><\/strong><\/h4>\n<\/li>\n<\/ol>\n<p>&nbsp;<\/p>\n<\/div>\n<\/div>\n<\/div>\n<h3><span style=\"color: #0000ff;\"><a style=\"color: #0000ff;\" href=\"https:\/\/sic.nodscloud.com\/nodsglobal\/wp-content\/uploads\/sites\/3\/2024\/04\/Descripcion-formas-de-titulacion-licenciatura-.pdf\">Descripci\u00f3n formas de titulaci\u00f3n licenciatura<\/a><\/span><\/h3>\n<h3>\u00a0 \u00a0 \u00a0 \u00a0 \u00a0 \u00a0 \u00a0 \u00a0 \u00a0 \u00a0 \u00a0 \u00a0 \u00a0 \u00a0 \u00a0 \u00a0 \u00a0 \u00a0 \u00a0<img loading=\"lazy\" decoding=\"async\" class=\"alignnone wp-image-4459\" src=\"https:\/\/sic.nodscloud.com\/nodsglobal\/wp-content\/uploads\/sites\/3\/2024\/04\/196-1960563_mouse-click-clique-hand-cursor-png-transparent-png-removebg-preview.png\" alt=\"\" width=\"54\" height=\"72\" srcset=\"https:\/\/sic.nodscloud.com\/nodsglobal\/wp-content\/uploads\/sites\/3\/2024\/04\/196-1960563_mouse-click-clique-hand-cursor-png-transparent-png-removebg-preview.png 432w, https:\/\/sic.nodscloud.com\/nodsglobal\/wp-content\/uploads\/sites\/3\/2024\/04\/196-1960563_mouse-click-clique-hand-cursor-png-transparent-png-removebg-preview-224x300.png 224w\" sizes=\"(max-width: 54px) 100vw, 54px\" \/><\/h3>\n<p>&nbsp;<\/p>\n<div class=\"DF_utQ _0xkaeQ\">\n<div class=\"aF9o6Q _0yZ6Qg\">\n<div>\n<div class=\"DF_utQ _0xkaeQ\">\n<div class=\"aF9o6Q _0yZ6Qg\">\n<div class=\"AdBbhQ hGbcYA rLWGlw _7rUwsA\" lang=\"es-MX\">\n<h2 class=\"cgHgbA nxe3IQ Xp24Nw PanoWQ\"><span style=\"color: #008000;\"><strong><span class=\"OYPEnA\">Licenciaturas que requieren el nivel de Ingl\u00e9s B2 para proceso de titulaci\u00f3n<\/span><\/strong><\/span><\/h2>\n<p>&nbsp;<\/p>\n<\/div>\n<\/div>\n<\/div>\n<\/div>\n<div class=\"DF_utQ _0xkaeQ\">\n<div class=\"Zp7NQw\">\n<div class=\"a26Xuw\">\n<div class=\"PcHy7w\">\n<div class=\"uk_25A Ty61NA\">\n<div class=\"Izwocg\"><\/div>\n<\/div>\n<\/div>\n<\/div>\n<\/div>\n<\/div>\n<div>\n<div class=\"DF_utQ _0xkaeQ\">\n<div class=\"aF9o6Q _0yZ6Qg\">\n<div class=\"AdBbhQ hGbcYA rLWGlw _7rUwsA\" lang=\"es-MX\">\n<ul class=\"yL4mFA\">\n<li class=\"Xp24Nw _bsDhw cgHgbA nxe3IQ _4c44Ng PanoWQ\"><span class=\"OYPEnA\">Administraci\u00f3n de Empresas Tur\u00edsticas.<\/span><\/li>\n<li class=\"Xp24Nw _bsDhw cgHgbA nxe3IQ _4c44Ng\"><span class=\"OYPEnA\">Comercio Internacional.<\/span><\/li>\n<li class=\"Xp24Nw _bsDhw cgHgbA nxe3IQ _4c44Ng\"><span class=\"OYPEnA\">Psicolog\u00eda.<\/span><\/li>\n<li class=\"Xp24Nw _bsDhw cgHgbA nxe3IQ _4c44Ng\"><span class=\"OYPEnA\">Ingenier\u00eda Industrial.<\/span><\/li>\n<li class=\"Xp24Nw _bsDhw cgHgbA nxe3IQ _4c44Ng\"><span class=\"OYPEnA\">Ingenier\u00eda en Sistemas Computacionales.<\/span><\/li>\n<\/ul>\n<p>&nbsp;<\/p>\n<\/div>\n<\/div>\n<\/div>\n<\/div>\n<div>\n<div class=\"DF_utQ _0xkaeQ\">\n<div class=\"aF9o6Q _0yZ6Qg\">\n<div class=\"AdBbhQ hGbcYA rLWGlw _7rUwsA\" lang=\"es-MX\">\n<p class=\"cgHgbA nxe3IQ Xp24Nw PanoWQ\"><span class=\"OYPEnA\">Se aplica una evaluaci\u00f3n al estudiante para validar que <\/span><span class=\"OYPEnA\">cuente con el nivel requerido. <\/span><span class=\"OYPEnA\">Si acredita se le entrega una <\/span><span class=\"OYPEnA\">constancia misma que entregar\u00e1 a escolares cuando inicie <\/span><span class=\"OYPEnA\">tr\u00e1mites de titulaci\u00f3n<\/span><span class=\"OYPEnA\"> y si no acredita se le dar\u00e1 la <\/span><span class=\"OYPEnA\">alternativa <\/span><span class=\"OYPEnA\">de realizar un curso de nivelaci\u00f3n 100% en l\u00ednea a trav\u00e9s del <\/span><span class=\"OYPEnA\">Centro de Idiomas de Aliat Universidades<\/span><span class=\"OYPEnA\"> (el estudiante <\/span><span class=\"OYPEnA\">tambi\u00e9n podr\u00e1 buscar un curso por propia cuenta).<\/span><\/p>\n<\/div>\n<\/div>\n<\/div>\n<\/div>\n<p><img loading=\"lazy\" decoding=\"async\" class=\"alignnone size-large wp-image-4211\" src=\"https:\/\/sic.nodscloud.com\/nodsglobal\/wp-content\/uploads\/sites\/3\/2024\/04\/onaliat-1024x264.png\" alt=\"\" width=\"1024\" height=\"264\" srcset=\"https:\/\/sic.nodscloud.com\/nodsglobal\/wp-content\/uploads\/sites\/3\/2024\/04\/onaliat-1024x264.png 1024w, https:\/\/sic.nodscloud.com\/nodsglobal\/wp-content\/uploads\/sites\/3\/2024\/04\/onaliat-300x77.png 300w, https:\/\/sic.nodscloud.com\/nodsglobal\/wp-content\/uploads\/sites\/3\/2024\/04\/onaliat-768x198.png 768w, https:\/\/sic.nodscloud.com\/nodsglobal\/wp-content\/uploads\/sites\/3\/2024\/04\/onaliat-700x180.png 700w, https:\/\/sic.nodscloud.com\/nodsglobal\/wp-content\/uploads\/sites\/3\/2024\/04\/onaliat.png 1164w\" sizes=\"(max-width: 1024px) 100vw, 1024px\" \/><\/p>\n<\/div>\n<\/div>\n<\/div>\n<div class=\"aF9o6Q _0yZ6Qg\">\n<h4><\/h4>\n<\/div>\n<\/div>\n<\/div>\n","protected":false},"excerpt":{"rendered":"<p>PORFOLIO ACAD\u00c9MICO &nbsp; VISI\u00d3N \u201cSer una instituci\u00f3n reconocida por su prestigio y el excelente desempe\u00f1o de sus egresados en el campo laboral, su capacidad de emprendimiento y su contribuci\u00f3n a nuestro pa\u00eds.\u201d &nbsp; MISI\u00d3N \u201cImpartir programas acad\u00e9micos de calidad en los niveles de educaci\u00f3n media&#8230;<\/p>\n","protected":false},"author":16,"featured_media":0,"parent":0,"menu_order":0,"comment_status":"closed","ping_status":"closed","template":"","meta":{"footnotes":""},"class_list":["post-4156","page","type-page","status-publish","hentry"],"aioseo_notices":[],"_links":{"self":[{"href":"https:\/\/sic.nodscloud.com\/nodsglobal\/wp-json\/wp\/v2\/pages\/4156","targetHints":{"allow":["GET"]}}],"collection":[{"href":"https:\/\/sic.nodscloud.com\/nodsglobal\/wp-json\/wp\/v2\/pages"}],"about":[{"href":"https:\/\/sic.nodscloud.com\/nodsglobal\/wp-json\/wp\/v2\/types\/page"}],"author":[{"embeddable":true,"href":"https:\/\/sic.nodscloud.com\/nodsglobal\/wp-json\/wp\/v2\/users\/16"}],"replies":[{"embeddable":true,"href":"https:\/\/sic.nodscloud.com\/nodsglobal\/wp-json\/wp\/v2\/comments?post=4156"}],"version-history":[{"count":7,"href":"https:\/\/sic.nodscloud.com\/nodsglobal\/wp-json\/wp\/v2\/pages\/4156\/revisions"}],"predecessor-version":[{"id":5542,"href":"https:\/\/sic.nodscloud.com\/nodsglobal\/wp-json\/wp\/v2\/pages\/4156\/revisions\/5542"}],"wp:attachment":[{"href":"https:\/\/sic.nodscloud.com\/nodsglobal\/wp-json\/wp\/v2\/media?parent=4156"}],"curies":[{"name":"wp","href":"https:\/\/api.w.org\/{rel}","templated":true}]}}