
{"id":4158,"date":"2024-04-08T13:37:03","date_gmt":"2024-04-08T13:37:03","guid":{"rendered":"https:\/\/sic.nodscloud.com\/nodsglobal\/?page_id=4158"},"modified":"2024-10-07T14:48:16","modified_gmt":"2024-10-07T14:48:16","slug":"oferta-maestrias","status":"publish","type":"page","link":"https:\/\/sic.nodscloud.com\/nodsglobal\/oferta-maestrias\/","title":{"rendered":"Oferta Maestr\u00edas"},"content":{"rendered":"<p><img fetchpriority=\"high\" decoding=\"async\" class=\"size-full wp-image-4203 aligncenter\" src=\"https:\/\/sic.nodscloud.com\/nodsglobal\/wp-content\/uploads\/sites\/3\/2024\/04\/images.png\" sizes=\"(max-width: 483px) 100vw, 483px\" srcset=\"https:\/\/sic.nodscloud.com\/nodsglobal\/wp-content\/uploads\/sites\/3\/2024\/04\/images.png 483w, https:\/\/sic.nodscloud.com\/nodsglobal\/wp-content\/uploads\/sites\/3\/2024\/04\/images-300x65.png 300w\" alt=\"\" width=\"483\" height=\"104\" \/><\/p>\n<h1 style=\"text-align: center;\"><span style=\"color: #008000;\"><strong>PORFOLIO ACAD\u00c9MICO<\/strong><\/span><\/h1>\n<p>&nbsp;<\/p>\n<div>\n<div class=\"DF_utQ _0xkaeQ\">\n<div class=\"aF9o6Q _0yZ6Qg\">\n<div class=\"AdBbhQ hGbcYA rLWGlw _7rUwsA\" lang=\"es-MX\">\n<h2 class=\"cgHgbA pYZEjA Xp24Nw PanoWQ\"><span style=\"color: #008000;\"><strong><span class=\"OYPEnA\">VISI\u00d3N<\/span><\/strong><\/span><\/h2>\n<\/div>\n<\/div>\n<\/div>\n<\/div>\n<div>\n<div class=\"DF_utQ _0xkaeQ\">\n<div class=\"aF9o6Q _0yZ6Qg\">\n<div class=\"AdBbhQ hGbcYA rLWGlw _7rUwsA\" lang=\"es-MX\">\n<p class=\"cgHgbA pYZEjA Xp24Nw PanoWQ\">\u201cSer una instituci\u00f3n reconocida por su prestigio y el excelente desempe\u00f1o de sus egresados en el campo laboral, su capacidad de emprendimiento y su contribuci\u00f3n a nuestro pa\u00eds.\u201d<\/p>\n<\/div>\n<\/div>\n<p>&nbsp;<\/p>\n<div class=\"aF9o6Q _0yZ6Qg\">\n<div>\n<div class=\"DF_utQ _0xkaeQ\">\n<div class=\"aF9o6Q _0yZ6Qg\">\n<div class=\"AdBbhQ hGbcYA rLWGlw _7rUwsA\" lang=\"es-MX\">\n<h2 class=\"cgHgbA pYZEjA Xp24Nw PanoWQ\"><span style=\"color: #008000;\"><strong><span class=\"OYPEnA\">MISI\u00d3N<\/span><\/strong><\/span><\/h2>\n<\/div>\n<\/div>\n<\/div>\n<\/div>\n<div>\n<div class=\"DF_utQ _0xkaeQ\">\n<div class=\"aF9o6Q _0yZ6Qg\">\n<div class=\"AdBbhQ hGbcYA rLWGlw _7rUwsA\" lang=\"es-MX\">\n<p class=\"cgHgbA pYZEjA Xp24Nw PanoWQ\"><span class=\"OYPEnA\">\u201cImpartir programas acad\u00e9micos de <\/span><span class=\"OYPEnA\">calidad en los niveles de educaci\u00f3n media <\/span><span class=\"OYPEnA\">superior y superior, a trav\u00e9s de nuestra <\/span><span class=\"OYPEnA\">red de universidades, mejorando <\/span><span class=\"OYPEnA\">continuamente los servicios orientados al <\/span><span class=\"OYPEnA\">estudiante, en un \u00e1mbito que favorece la <\/span><span class=\"OYPEnA\">integridad y la accesibilidad, impulsando <\/span><span class=\"OYPEnA\">la empleabilidad de nuestros egresados <\/span><span class=\"OYPEnA\">para que contribuyan a una mejor <\/span><span class=\"OYPEnA\">sociedad.\u201d<\/span><\/p>\n<p>&nbsp;<\/p>\n<\/div>\n<\/div>\n<\/div>\n<\/div>\n<\/div>\n<\/div>\n<\/div>\n<p><b>Aliat Universidades<\/b>\u00a0es una red de universidades de la Rep\u00fablica Mexicana, conformada por 7 instituciones educativas que, juntas, suman m\u00e1s de 50 a\u00f1os de experiencia en educaci\u00f3n. La Red se compone por m\u00e1s de 30 campus, presentes en 15 estados con una matr\u00edcula de m\u00e1s de 50,000 estudiantes.<\/p>\n<p>&nbsp;<\/p>\n<p>Las siguientes instituciones est\u00e1n incorporadas a Aliat Universidades:\u200b<\/p>\n<ul>\n<li><strong>Universidad de Estudios Avanzados\u00a0(UNEA)<\/strong><\/li>\n<li><strong>Centro de Estudios Superiores de Tapachula\u00a0(CEST)<\/strong><\/li>\n<li><strong>Universidad La Concordia\u00a0(ULC)<\/strong><\/li>\n<li><strong>Escuela Gastron\u00f3mica Corbus\u00e9<\/strong><\/li>\n<li><strong>Universidad ETAC<\/strong><\/li>\n<li><strong>Universidad Tangamanga\u00a0(UTAN)<\/strong><\/li>\n<li><strong>Universidad Valle del Grijalva\u00a0(UVG)<\/strong><\/li>\n<\/ul>\n<p>&nbsp;<\/p>\n<div>\n<div class=\"DF_utQ _0xkaeQ\">\n<div class=\"aF9o6Q _0yZ6Qg\">\n<div class=\"AdBbhQ hGbcYA rLWGlw _7rUwsA\" lang=\"es-MX\">\n<p class=\"cgHgbA PPKxyg Xp24Nw PanoWQ\"><span class=\"OYPEnA\">En M\u00e9xico hay 5 mil 343 universidades y Universidad ETAC se encuentra en la posici\u00f3n n\u00famero 21 dentro del TOP 40 de las mejores universidades privadas de M\u00e9xico de acuerdo a la Gu\u00eda Universitaria de Selecciones de Reader\u2019s Digest (2023).<\/span><\/p>\n<\/div>\n<\/div>\n<\/div>\n<\/div>\n<div>\n<div class=\"DF_utQ _0xkaeQ\">\n<div class=\"aF9o6Q _0yZ6Qg\">\n<div class=\"AdBbhQ hGbcYA rLWGlw _7rUwsA\" lang=\"es-MX\">\n<p class=\"cgHgbA PPKxyg Xp24Nw PanoWQ\"><span class=\"OYPEnA\">Todos nuestros programas cuentan RVOE<br \/>\nFederal.<\/span><\/p>\n<\/div>\n<\/div>\n<\/div>\n<\/div>\n<p>&nbsp;<\/p>\n<div>\n<div class=\"DF_utQ _0xkaeQ\">\n<div class=\"aF9o6Q _0yZ6Qg\">\n<div class=\"AdBbhQ hGbcYA rLWGlw _7rUwsA\" lang=\"es-MX\">\n<h2 class=\"cgHgbA pYZEjA Xp24Nw PanoWQ\"><span style=\"color: #008000;\"><strong><span class=\"OYPEnA\">\u00bfQu\u00e9 es On Aliat?<\/span><\/strong><\/span><\/h2>\n<h1 class=\"cgHgbA pYZEjA Xp24Nw PanoWQ\"><strong><span class=\"OYPEnA\">\u00a0\u00a0<img decoding=\"async\" class=\"alignnone wp-image-4204\" src=\"https:\/\/sic.nodscloud.com\/nodsglobal\/wp-content\/uploads\/sites\/3\/2024\/04\/descarga-1.png\" sizes=\"(max-width: 259px) 100vw, 259px\" srcset=\"https:\/\/sic.nodscloud.com\/nodsglobal\/wp-content\/uploads\/sites\/3\/2024\/04\/descarga-1.png 436w, https:\/\/sic.nodscloud.com\/nodsglobal\/wp-content\/uploads\/sites\/3\/2024\/04\/descarga-1-300x80.png 300w\" alt=\"\" width=\"259\" height=\"69\" \/><\/span><\/strong><\/h1>\n<\/div>\n<\/div>\n<\/div>\n<\/div>\n<div>\n<div class=\"DF_utQ _0xkaeQ\">\n<div class=\"aF9o6Q _0yZ6Qg\">\n<div class=\"AdBbhQ hGbcYA _7rUwsA\" lang=\"es-MX\">\n<p class=\"cgHgbA nxe3IQ Xp24Nw PanoWQ\"><span class=\"OYPEnA\">Dise\u00f1ado para:<\/span><\/p>\n<ul class=\"yL4mFA\">\n<li class=\"Xp24Nw _bsDhw cgHgbA nxe3IQ _4c44Ng\"><span class=\"OYPEnA\">P<\/span><span class=\"OYPEnA\">ersonas que trabajan.<\/span><\/li>\n<li class=\"Xp24Nw _bsDhw cgHgbA nxe3IQ _4c44Ng\"><span class=\"OYPEnA\">Desean iniciar sus estudios desde cero.<\/span><\/li>\n<li class=\"Xp24Nw _bsDhw cgHgbA nxe3IQ _4c44Ng\"><span class=\"OYPEnA\">Retomar sus estudios a trav\u00e9s de una equivalencia.<\/span><\/li>\n<li class=\"Xp24Nw _bsDhw cgHgbA nxe3IQ _4c44Ng\"><span class=\"OYPEnA\">Revalidar estudios realizados en el extranjero.<\/span><\/li>\n<\/ul>\n<p>&nbsp;<\/p>\n<\/div>\n<\/div>\n<\/div>\n<\/div>\n<div>\n<div class=\"DF_utQ _0xkaeQ\">\n<div class=\"aF9o6Q _0yZ6Qg\">\n<div class=\"AdBbhQ hGbcYA _7rUwsA\" lang=\"es-MX\">\n<p class=\"cgHgbA nxe3IQ Xp24Nw PanoWQ\"><span class=\"OYPEnA\">Es la plataforma de educaci\u00f3n en l\u00ednea de Aliat Universidades que ofrece licenciaturas, maestr\u00edas y doctorados avalados por la SEP.<\/span><\/p>\n<p>&nbsp;<\/p>\n<\/div>\n<p>Las siguientes instituciones est\u00e1n incorporadas a ON Aliat :<\/p>\n<ul>\n<li><strong>Universidad de Estudios Avanzados\u00a0(UNEA)<\/strong><\/li>\n<li><strong>Universidad ETAC<\/strong><\/li>\n<li><strong>Universidad Tangamanga\u00a0(UTAN)<\/strong><\/li>\n<li><strong>Universidad Valle del Grijalva\u00a0(UVG)<\/strong><\/li>\n<\/ul>\n<p>&nbsp;<\/p>\n<\/div>\n<\/div>\n<h1 style=\"text-align: center;\"><span style=\"color: #008000;\"><strong>Maestr\u00edas online<\/strong><\/span><\/h1>\n<p><img decoding=\"async\" class=\"alignnone size-full wp-image-4213\" src=\"https:\/\/sic.nodscloud.com\/nodsglobal\/wp-content\/uploads\/sites\/3\/2024\/04\/maestria.png\" alt=\"\" width=\"568\" height=\"316\" srcset=\"https:\/\/sic.nodscloud.com\/nodsglobal\/wp-content\/uploads\/sites\/3\/2024\/04\/maestria.png 568w, https:\/\/sic.nodscloud.com\/nodsglobal\/wp-content\/uploads\/sites\/3\/2024\/04\/maestria-300x167.png 300w\" sizes=\"(max-width: 568px) 100vw, 568px\" \/><\/p>\n<p>&nbsp;<\/p>\n<\/div>\n<div>\n<div class=\"DF_utQ _0xkaeQ\">\n<div class=\"aF9o6Q _0yZ6Qg\">\n<div class=\"AdBbhQ hGbcYA rLWGlw _7rUwsA\" lang=\"es-MX\">\n<h2 class=\"cgHgbA nxe3IQ Xp24Nw PanoWQ\"><span style=\"color: #008000;\"><strong><span class=\"OYPEnA\">Duraci\u00f3n y carga de materias : <em>Docencia y Gesti\u00f3n Educativa<\/em><\/span><\/strong><\/span><\/h2>\n<p>&nbsp;<\/p>\n<\/div>\n<\/div>\n<\/div>\n<\/div>\n<div>\n<div class=\"DF_utQ _0xkaeQ\">\n<div class=\"aF9o6Q _0yZ6Qg\">\n<div class=\"AdBbhQ hGbcYA rLWGlw _7rUwsA\" lang=\"es-MX\">\n<h4 class=\"cgHgbA pYZEjA Xp24Nw PanoWQ\"><strong><span class=\"OYPEnA\">2 a\u00f1os \/ 6 <\/span>cuatrimestres \/ 14 Semanas\u00a0 \/ 2 materias<\/strong><\/h4>\n<p>&nbsp;<\/p>\n<\/div>\n<\/div>\n<\/div>\n<h2><span style=\"color: #008000;\"><strong>Sistema 7+7<\/strong><\/span><\/h2>\n<p><img loading=\"lazy\" decoding=\"async\" class=\"alignnone size-large wp-image-4214\" src=\"https:\/\/sic.nodscloud.com\/nodsglobal\/wp-content\/uploads\/sites\/3\/2024\/04\/maestria--1024x440.png\" alt=\"\" width=\"1024\" height=\"440\" srcset=\"https:\/\/sic.nodscloud.com\/nodsglobal\/wp-content\/uploads\/sites\/3\/2024\/04\/maestria--1024x440.png 1024w, https:\/\/sic.nodscloud.com\/nodsglobal\/wp-content\/uploads\/sites\/3\/2024\/04\/maestria--300x129.png 300w, https:\/\/sic.nodscloud.com\/nodsglobal\/wp-content\/uploads\/sites\/3\/2024\/04\/maestria--768x330.png 768w, https:\/\/sic.nodscloud.com\/nodsglobal\/wp-content\/uploads\/sites\/3\/2024\/04\/maestria--700x301.png 700w, https:\/\/sic.nodscloud.com\/nodsglobal\/wp-content\/uploads\/sites\/3\/2024\/04\/maestria-.png 1364w\" sizes=\"(max-width: 1024px) 100vw, 1024px\" \/><\/p>\n<\/div>\n<div>\n<div class=\"DF_utQ _0xkaeQ\">\n<div class=\"aF9o6Q _0yZ6Qg\">\n<div class=\"AdBbhQ hGbcYA rLWGlw _7rUwsA\" lang=\"es-MX\">\n<h2 class=\"cgHgbA nxe3IQ Xp24Nw PanoWQ\"><span style=\"color: #008000;\"><strong><span class=\"OYPEnA\">Duraci\u00f3n y carga de materias : <em>Administraci\u00f3n de Negocios<\/em><\/span><\/strong><\/span><\/h2>\n<p>&nbsp;<\/p>\n<\/div>\n<\/div>\n<\/div>\n<\/div>\n<div>\n<div class=\"DF_utQ _0xkaeQ\">\n<div class=\"aF9o6Q _0yZ6Qg\">\n<div class=\"AdBbhQ hGbcYA rLWGlw _7rUwsA\" lang=\"es-MX\">\n<h4 class=\"cgHgbA pYZEjA Xp24Nw PanoWQ\"><strong><span class=\"OYPEnA\">2 a\u00f1os \/ 6 <\/span>cuatrimestres \/ 14 Semanas\u00a0 \/ 3 materias<\/strong><\/h4>\n<p>&nbsp;<\/p>\n<\/div>\n<\/div>\n<h2><span style=\"color: #008000;\"><strong>Sistema 5+5+4<\/strong><\/span><\/h2>\n<p><img loading=\"lazy\" decoding=\"async\" class=\"alignnone size-large wp-image-4215\" src=\"https:\/\/sic.nodscloud.com\/nodsglobal\/wp-content\/uploads\/sites\/3\/2024\/04\/maestria-1-1-1024x543.png\" alt=\"\" width=\"1024\" height=\"543\" srcset=\"https:\/\/sic.nodscloud.com\/nodsglobal\/wp-content\/uploads\/sites\/3\/2024\/04\/maestria-1-1-1024x543.png 1024w, https:\/\/sic.nodscloud.com\/nodsglobal\/wp-content\/uploads\/sites\/3\/2024\/04\/maestria-1-1-300x159.png 300w, https:\/\/sic.nodscloud.com\/nodsglobal\/wp-content\/uploads\/sites\/3\/2024\/04\/maestria-1-1-768x407.png 768w, https:\/\/sic.nodscloud.com\/nodsglobal\/wp-content\/uploads\/sites\/3\/2024\/04\/maestria-1-1-700x371.png 700w, https:\/\/sic.nodscloud.com\/nodsglobal\/wp-content\/uploads\/sites\/3\/2024\/04\/maestria-1-1.png 1038w\" sizes=\"(max-width: 1024px) 100vw, 1024px\" \/><\/p>\n<\/div>\n<\/div>\n<div>\n<div class=\"DF_utQ _0xkaeQ\">\n<div class=\"aF9o6Q _0yZ6Qg\">\n<div class=\"AdBbhQ hGbcYA _7rUwsA\" lang=\"es-MX\">\n<h2 class=\"cgHgbA nxe3IQ Xp24Nw PanoWQ\"><span style=\"color: #008000;\"><strong><span class=\"OYPEnA\">Formas de titulaci\u00f3n maestr\u00eda<\/span><\/strong><\/span><\/h2>\n<p>&nbsp;<\/p>\n<\/div>\n<\/div>\n<\/div>\n<\/div>\n<div>\n<div class=\"DF_utQ _0xkaeQ\">\n<div class=\"aF9o6Q _0yZ6Qg\">\n<div class=\"AdBbhQ hGbcYA _7rUwsA\" lang=\"es-MX\">\n<ol class=\"yL4mFA\">\n<li class=\"Xp24Nw _bsDhw cgHgbA _2jiogg _3koQEA nxe3IQ _4c44Ng\">\n<h4><strong><span class=\"OYPEnA\">Titulaci\u00f3n autom\u00e1tica por promedio (9.5).<\/span><\/strong><\/h4>\n<\/li>\n<li class=\"Xp24Nw _bsDhw cgHgbA _2jiogg _3koQEA nxe3IQ _4c44Ng\">\n<h4><strong><span class=\"OYPEnA\">Defensa oral de un estudio.<\/span><\/strong><\/h4>\n<\/li>\n<li class=\"Xp24Nw _bsDhw cgHgbA _2jiogg _3koQEA nxe3IQ _4c44Ng\">\n<h4><strong><span class=\"OYPEnA\">Estudios de posgrado (doctorado).<\/span><\/strong><\/h4>\n<\/li>\n<li class=\"Xp24Nw _bsDhw cgHgbA _2jiogg _3koQEA nxe3IQ _4c44Ng\">\n<h4><strong><span class=\"OYPEnA\">Producto patentado.<\/span><\/strong><\/h4>\n<\/li>\n<li class=\"Xp24Nw _bsDhw cgHgbA _2jiogg _3koQEA nxe3IQ _4c44Ng\">\n<h4><strong><span class=\"OYPEnA\">Reporte de investigaci\u00f3n aplicada.<\/span><\/strong><\/h4>\n<\/li>\n<li class=\"Xp24Nw _bsDhw cgHgbA _2jiogg _3koQEA nxe3IQ _4c44Ng\">\n<h4><strong><span class=\"OYPEnA\">Tesis.<\/span><\/strong><\/h4>\n<\/li>\n<li class=\"Xp24Nw _bsDhw cgHgbA _2jiogg _3koQEA nxe3IQ _4c44Ng\">\n<h4><strong><span class=\"OYPEnA\">Portafolio de evidencias.<\/span><\/strong><\/h4>\n<\/li>\n<li class=\"Xp24Nw _bsDhw cgHgbA _2jiogg _3koQEA nxe3IQ _4c44Ng\">\n<h4><strong><span class=\"OYPEnA\">Publicaci\u00f3n.<\/span><\/strong><\/h4>\n<\/li>\n<\/ol>\n<\/div>\n<\/div>\n<\/div>\n<\/div>\n<div class=\"DF_utQ _0xkaeQ\">\n<h2 class=\"cgHgbA nxe3IQ Xp24Nw PanoWQ\"><span style=\"color: #0000ff;\"><a style=\"color: #0000ff;\" href=\"https:\/\/sic.nodscloud.com\/nodsglobal\/wp-content\/uploads\/sites\/3\/2024\/04\/Descripcion-formas-de-titulacion-maestria.pdf-1.pdf\" target=\"_blank\" rel=\"noopener\">Descripci\u00f3n formas de titulaci\u00f3n maestr\u00eda<\/a><\/span><\/h2>\n<\/div>\n<div>\n<div class=\"DF_utQ _0xkaeQ\">\n<div class=\"aF9o6Q _0yZ6Qg\">\n<div class=\"AdBbhQ hGbcYA _7rUwsA\" lang=\"es-MX\">\n<h4 class=\"cgHgbA nxe3IQ Xp24Nw PanoWQ\"><strong><span class=\"OYPEnA\">\u00a0 \u00a0 \u00a0 \u00a0 \u00a0 \u00a0 \u00a0 \u00a0 \u00a0 \u00a0 \u00a0 \u00a0 \u00a0 \u00a0 \u00a0 \u00a0 \u00a0 \u00a0 \u00a0 \u00a0 \u00a0 \u00a0 \u00a0 \u00a0 \u00a0 \u00a0 \u00a0 \u00a0 \u00a0 \u00a0 <img loading=\"lazy\" decoding=\"async\" class=\"alignnone wp-image-4459\" src=\"https:\/\/sic.nodscloud.com\/nodsglobal\/wp-content\/uploads\/sites\/3\/2024\/04\/196-1960563_mouse-click-clique-hand-cursor-png-transparent-png-removebg-preview.png\" alt=\"\" width=\"43\" height=\"58\" srcset=\"https:\/\/sic.nodscloud.com\/nodsglobal\/wp-content\/uploads\/sites\/3\/2024\/04\/196-1960563_mouse-click-clique-hand-cursor-png-transparent-png-removebg-preview.png 432w, https:\/\/sic.nodscloud.com\/nodsglobal\/wp-content\/uploads\/sites\/3\/2024\/04\/196-1960563_mouse-click-clique-hand-cursor-png-transparent-png-removebg-preview-224x300.png 224w\" sizes=\"(max-width: 43px) 100vw, 43px\" \/><\/span><\/strong><\/h4>\n<h4><\/h4>\n<h4 class=\"cgHgbA nxe3IQ Xp24Nw PanoWQ\"><strong><span class=\"OYPEnA\">Nivel de ingl\u00e9s requerido para titulaci\u00f3n: B2.<\/span><\/strong><\/h4>\n<p>&nbsp;<\/p>\n<\/div>\n<\/div>\n<\/div>\n<\/div>\n<div>\n<div class=\"DF_utQ _0xkaeQ\">\n<div class=\"aF9o6Q _0yZ6Qg\">\n<div class=\"AdBbhQ hGbcYA rLWGlw _7rUwsA\" lang=\"es-MX\">\n<p><img loading=\"lazy\" decoding=\"async\" class=\"alignnone size-large wp-image-4211\" src=\"https:\/\/sic.nodscloud.com\/nodsglobal\/wp-content\/uploads\/sites\/3\/2024\/04\/onaliat-1024x264.png\" alt=\"\" width=\"1024\" height=\"264\" srcset=\"https:\/\/sic.nodscloud.com\/nodsglobal\/wp-content\/uploads\/sites\/3\/2024\/04\/onaliat-1024x264.png 1024w, https:\/\/sic.nodscloud.com\/nodsglobal\/wp-content\/uploads\/sites\/3\/2024\/04\/onaliat-300x77.png 300w, https:\/\/sic.nodscloud.com\/nodsglobal\/wp-content\/uploads\/sites\/3\/2024\/04\/onaliat-768x198.png 768w, https:\/\/sic.nodscloud.com\/nodsglobal\/wp-content\/uploads\/sites\/3\/2024\/04\/onaliat-700x180.png 700w, https:\/\/sic.nodscloud.com\/nodsglobal\/wp-content\/uploads\/sites\/3\/2024\/04\/onaliat.png 1164w\" sizes=\"(max-width: 1024px) 100vw, 1024px\" \/><\/p>\n<\/div>\n<\/div>\n<\/div>\n<\/div>\n","protected":false},"excerpt":{"rendered":"<p>PORFOLIO ACAD\u00c9MICO &nbsp; VISI\u00d3N \u201cSer una instituci\u00f3n reconocida por su prestigio y el excelente desempe\u00f1o de sus egresados en el campo laboral, su capacidad de emprendimiento y su contribuci\u00f3n a nuestro pa\u00eds.\u201d &nbsp; MISI\u00d3N \u201cImpartir programas acad\u00e9micos de calidad en los niveles de educaci\u00f3n media&#8230;<\/p>\n","protected":false},"author":16,"featured_media":0,"parent":0,"menu_order":0,"comment_status":"closed","ping_status":"closed","template":"","meta":{"footnotes":""},"class_list":["post-4158","page","type-page","status-publish","hentry"],"aioseo_notices":[],"_links":{"self":[{"href":"https:\/\/sic.nodscloud.com\/nodsglobal\/wp-json\/wp\/v2\/pages\/4158","targetHints":{"allow":["GET"]}}],"collection":[{"href":"https:\/\/sic.nodscloud.com\/nodsglobal\/wp-json\/wp\/v2\/pages"}],"about":[{"href":"https:\/\/sic.nodscloud.com\/nodsglobal\/wp-json\/wp\/v2\/types\/page"}],"author":[{"embeddable":true,"href":"https:\/\/sic.nodscloud.com\/nodsglobal\/wp-json\/wp\/v2\/users\/16"}],"replies":[{"embeddable":true,"href":"https:\/\/sic.nodscloud.com\/nodsglobal\/wp-json\/wp\/v2\/comments?post=4158"}],"version-history":[{"count":5,"href":"https:\/\/sic.nodscloud.com\/nodsglobal\/wp-json\/wp\/v2\/pages\/4158\/revisions"}],"predecessor-version":[{"id":5541,"href":"https:\/\/sic.nodscloud.com\/nodsglobal\/wp-json\/wp\/v2\/pages\/4158\/revisions\/5541"}],"wp:attachment":[{"href":"https:\/\/sic.nodscloud.com\/nodsglobal\/wp-json\/wp\/v2\/media?parent=4158"}],"curies":[{"name":"wp","href":"https:\/\/api.w.org\/{rel}","templated":true}]}}