
{"id":4162,"date":"2024-04-08T13:38:27","date_gmt":"2024-04-08T13:38:27","guid":{"rendered":"https:\/\/sic.nodscloud.com\/nodsglobal\/?page_id=4162"},"modified":"2024-12-23T18:19:00","modified_gmt":"2024-12-23T18:19:00","slug":"diferenciadores","status":"publish","type":"page","link":"https:\/\/sic.nodscloud.com\/nodsglobal\/diferenciadores\/","title":{"rendered":"Diferenciadores"},"content":{"rendered":"<p>[vc_row css_animation=\u00bb\u00bb row_type=\u00bbrow\u00bb use_row_as_full_screen_section=\u00bbno\u00bb type=\u00bbfull_width\u00bb angled_section=\u00bbno\u00bb text_align=\u00bbleft\u00bb background_image_as_pattern=\u00bbwithout_pattern\u00bb][vc_column][vc_column_text]<img fetchpriority=\"high\" decoding=\"async\" class=\"size-full wp-image-4203 aligncenter\" src=\"https:\/\/sic.nodscloud.com\/nodsglobal\/wp-content\/uploads\/sites\/3\/2024\/04\/images.png\" sizes=\"(max-width: 483px) 100vw, 483px\" srcset=\"https:\/\/sic.nodscloud.com\/nodsglobal\/wp-content\/uploads\/sites\/3\/2024\/04\/images.png 483w, https:\/\/sic.nodscloud.com\/nodsglobal\/wp-content\/uploads\/sites\/3\/2024\/04\/images-300x65.png 300w\" alt=\"\" width=\"483\" height=\"104\" \/><\/p>\n<h1 style=\"text-align: center;\"><span style=\"color: #008000;\"><strong>DIFERENCIADORES<\/strong><\/span><\/h1>\n<h4 style=\"text-align: center;\"><\/h4>\n<h4 style=\"text-align: center;\"><span class=\"OYPEnA\">Un\u00a0<\/span><span class=\"OYPEnA\">diferenciador\u00a0<\/span><span class=\"OYPEnA\">son un\u00a0<\/span><span class=\"OYPEnA\">conjunto de beneficios<\/span><span class=\"OYPEnA\">\u00a0que dan valor agregado a la universidad haciendo diferente nuestra oferta al resto de las universidades.<\/span><\/h4>\n<h4 style=\"text-align: center;\"><img decoding=\"async\" class=\"size-large wp-image-4232 alignnone\" src=\"https:\/\/sic.nodscloud.com\/nodsglobal\/wp-content\/uploads\/sites\/3\/2024\/04\/DIFE-1024x516.png\" sizes=\"(max-width: 1024px) 100vw, 1024px\" srcset=\"https:\/\/sic.nodscloud.com\/nodsglobal\/wp-content\/uploads\/sites\/3\/2024\/04\/DIFE-1024x516.png 1024w, https:\/\/sic.nodscloud.com\/nodsglobal\/wp-content\/uploads\/sites\/3\/2024\/04\/DIFE-300x151.png 300w, https:\/\/sic.nodscloud.com\/nodsglobal\/wp-content\/uploads\/sites\/3\/2024\/04\/DIFE-768x387.png 768w, https:\/\/sic.nodscloud.com\/nodsglobal\/wp-content\/uploads\/sites\/3\/2024\/04\/DIFE-700x352.png 700w, https:\/\/sic.nodscloud.com\/nodsglobal\/wp-content\/uploads\/sites\/3\/2024\/04\/DIFE.png 1158w\" alt=\"\" width=\"1024\" height=\"516\" \/><\/h4>\n<hr \/>\n<h1 style=\"text-align: center;\"><span style=\"color: #ffcc00;\"><strong>Oficina Aliat Emprende<\/strong><\/span><\/h1>\n<p>&nbsp;<\/p>\n<h2 class=\"cgHgbA nxe3IQ Xp24Nw PanoWQ\"><strong><span class=\"OYPEnA\">Objetivo:<\/span><\/strong><\/h2>\n<p class=\"cgHgbA nxe3IQ Xp24Nw\"><span class=\"OYPEnA\">Dar\u00e1 servicio a los alumnos desde el primer per\u00edodo y hasta su egreso en temas de\u00a0<\/span><span class=\"OYPEnA\">empleabilidad,\u00a0<\/span><span class=\"OYPEnA\">emprendimiento\u00a0<\/span><span class=\"OYPEnA\">y\u00a0<\/span><span class=\"OYPEnA\">vida estudiantil<\/span><span class=\"OYPEnA\">.<\/span><\/p>\n<p class=\"cgHgbA nxe3IQ Xp24Nw\"><span class=\"OYPEnA\">Ofrece al estudiante, una serie de\u00a0<\/span><span class=\"OYPEnA\">beneficios adicionales<\/span><span class=\"OYPEnA\">\u00a0en su experiencia, que<\/span><span class=\"OYPEnA\">\u00a0le permitir\u00e1n formarse mejor y desarrollar nuevas habilidades<\/span><span class=\"OYPEnA\">, gracias a los distintos programas y numerosos aliados con los que la oficina de vinculaci\u00f3n cuenta.<\/span><\/p>\n<p>&nbsp;<\/p>\n<p>[\/vc_column_text][vc_video link=\u00bbhttps:\/\/www.youtube.com\/watch?v=lqUlWdSphS4&#8243; el_width=\u00bb80&#8243;][\/vc_column][\/vc_row][vc_row css_animation=\u00bb\u00bb row_type=\u00bbrow\u00bb use_row_as_full_screen_section=\u00bbno\u00bb type=\u00bbfull_width\u00bb angled_section=\u00bbno\u00bb text_align=\u00bbleft\u00bb background_image_as_pattern=\u00bbwithout_pattern\u00bb][vc_column][\/vc_column][\/vc_row][vc_row css_animation=\u00bb\u00bb row_type=\u00bbrow\u00bb use_row_as_full_screen_section=\u00bbno\u00bb type=\u00bbfull_width\u00bb angled_section=\u00bbno\u00bb text_align=\u00bbleft\u00bb background_image_as_pattern=\u00bbwithout_pattern\u00bb][vc_column][vc_column_text]<\/p>\n<p>&nbsp;<\/p>\n<p>&nbsp;<\/p>\n<div>\n<div class=\"DF_utQ _0xkaeQ\">\n<div class=\"aF9o6Q _0yZ6Qg\">\n<div class=\"AdBbhQ hGbcYA rLWGlw _7rUwsA\" lang=\"es-MX\">\n<h2 class=\"cgHgbA nxe3IQ Xp24Nw PanoWQ\"><strong><span class=\"OYPEnA\">Empleabilidad<\/span><\/strong><\/h2>\n<\/div>\n<\/div>\n<\/div>\n<\/div>\n<div>\n<div class=\"DF_utQ _0xkaeQ\">\n<div class=\"aF9o6Q _0yZ6Qg\">\n<div class=\"AdBbhQ hGbcYA rLWGlw _7rUwsA\" lang=\"es-MX\">\n<p class=\"cgHgbA nxe3IQ Xp24Nw PanoWQ\"><span class=\"OYPEnA\">Somos la Universidad de la\u00a0<\/span><span class=\"OYPEnA\">Empleabilidad<\/span><span class=\"OYPEnA\">, al ser parte de On Aliat, nuestros estudiantes tienen la\u00a0<\/span><span class=\"OYPEnA\">oportunidad\u00a0<\/span><span class=\"OYPEnA\">de contar con especialistas y herramientas que les permiten ser m\u00e1s\u00a0<\/span><span class=\"OYPEnA\">competitivos\u00a0<\/span><span class=\"OYPEnA\">y encontrar m\u00e1s y\u00a0<\/span><span class=\"OYPEnA\">mejores\u00a0<\/span><span class=\"OYPEnA\">oportunidades.<\/span><\/p>\n<\/div>\n<\/div>\n<\/div>\n<\/div>\n<div>\n<div class=\"DF_utQ _0xkaeQ\">\n<div class=\"aF9o6Q _0yZ6Qg\">\n<div class=\"AdBbhQ hGbcYA rLWGlw _7rUwsA\" lang=\"es-MX\">\n<p class=\"cgHgbA nxe3IQ Xp24Nw\"><span class=\"OYPEnA\">\u201cEducaci\u00f3n que te prepara para los\u00a0<\/span><span class=\"OYPEnA\">verdaderos\u00a0<\/span><span class=\"OYPEnA\">retos del mundo laboral en M\u00e9xico\u201d<\/span><\/p>\n<\/div>\n<\/div>\n<\/div>\n<\/div>\n<p><span class=\"OYPEnA\">En Aliat tenemos m\u00e1s de 300 alianzas empresariales que generan alrededor de 200 vacantes nuevas semanales. Hemos empleado a m\u00e1s de 3000 alumnos y egresados a trav\u00e9s del<\/span><span class=\"OYPEnA\">\u00a0<\/span><span class=\"OYPEnA\">Proceso de empleabilidad Aliat.<\/span><\/p>\n<p class=\"cgHgbA WvQL9w Xp24Nw PanoWQ\"><span class=\"OYPEnA\">El alumno encontrar\u00e1\u00a0<\/span><span class=\"OYPEnA\">vacantes flexibles y profesionales<\/span><span class=\"OYPEnA\">\u00a0solo de empresas aliadas a la red a trav\u00e9s de una bolsa de trabajo.<\/span><\/p>\n<p class=\"cgHgbA WvQL9w Xp24Nw\"><span class=\"OYPEnA\">Adem\u00e1s a trav\u00e9s del Proceso de empleabilidad\u00a0<\/span><span class=\"OYPEnA\">apoyamos\u00a0<\/span><span class=\"OYPEnA\">al estudiante a\u00a0<\/span><span class=\"OYPEnA\">encontrar<\/span><span class=\"OYPEnA\">\u00a0un\u00a0<\/span><span class=\"OYPEnA\">empleo\u00a0<\/span><span class=\"OYPEnA\">relacionado a lo que est\u00e1 estudiando.<\/span><\/p>\n<p>[\/vc_column_text][vc_video link=\u00bbhttps:\/\/www.youtube.com\/watch?v=tHDQ8Sjtmes\u00bb el_width=\u00bb80&#8243;][\/vc_column][\/vc_row][vc_row css_animation=\u00bb\u00bb row_type=\u00bbrow\u00bb use_row_as_full_screen_section=\u00bbno\u00bb type=\u00bbfull_width\u00bb angled_section=\u00bbno\u00bb text_align=\u00bbleft\u00bb background_image_as_pattern=\u00bbwithout_pattern\u00bb][vc_column][\/vc_column][\/vc_row][vc_row css_animation=\u00bb\u00bb row_type=\u00bbrow\u00bb use_row_as_full_screen_section=\u00bbno\u00bb type=\u00bbfull_width\u00bb angled_section=\u00bbno\u00bb text_align=\u00bbleft\u00bb background_image_as_pattern=\u00bbwithout_pattern\u00bb][vc_column][vc_column_text]<\/p>\n<p>&nbsp;<\/p>\n<p><img decoding=\"async\" class=\"alignnone size-large wp-image-4233\" src=\"https:\/\/sic.nodscloud.com\/nodsglobal\/wp-content\/uploads\/sites\/3\/2024\/04\/EMPLE-1024x695.png\" alt=\"\" width=\"1024\" height=\"695\" srcset=\"https:\/\/sic.nodscloud.com\/nodsglobal\/wp-content\/uploads\/sites\/3\/2024\/04\/EMPLE-1024x695.png 1024w, https:\/\/sic.nodscloud.com\/nodsglobal\/wp-content\/uploads\/sites\/3\/2024\/04\/EMPLE-300x203.png 300w, https:\/\/sic.nodscloud.com\/nodsglobal\/wp-content\/uploads\/sites\/3\/2024\/04\/EMPLE-768x521.png 768w, https:\/\/sic.nodscloud.com\/nodsglobal\/wp-content\/uploads\/sites\/3\/2024\/04\/EMPLE-700x475.png 700w, https:\/\/sic.nodscloud.com\/nodsglobal\/wp-content\/uploads\/sites\/3\/2024\/04\/EMPLE.png 1150w\" sizes=\"(max-width: 1024px) 100vw, 1024px\" \/><\/p>\n<p class=\"cgHgbA nxe3IQ Xp24Nw\"><span class=\"OYPEnA\">La prueba se\u00a0<\/span><span class=\"OYPEnA\">integra\u00a0<\/span><span class=\"OYPEnA\">en diversas etapas de la vida acad\u00e9mica del alumno, present\u00e1ndola 3 veces a lo largo de su carrera, para que pueda\u00a0<\/span><span class=\"OYPEnA\">visualizar la evoluci\u00f3n de su desarrollo.<\/span><\/p>\n<p class=\"cgHgbA nxe3IQ Xp24Nw\"><span class=\"OYPEnA\">Acorde a su perfil y necesidades el director de la Oficina de Aliat Emprende podr\u00e1\u00a0<\/span><span class=\"OYPEnA\">ayudar\u00a0<\/span><span class=\"OYPEnA\">al estudiante para que acceda a grandes oportunidades.<\/span><\/p>\n<p>&nbsp;<\/p>\n<p>&nbsp;<\/p>\n<h2 style=\"text-align: left;\"><strong><span class=\"OYPEnA\">Emprendimiento<\/span><\/strong><\/h2>\n<p>&nbsp;<\/p>\n<p class=\"cgHgbA nxe3IQ Xp24Nw PanoWQ\"><span class=\"OYPEnA\">Apoya\u00a0<\/span><span class=\"OYPEnA\">a los alumnos que tienen iniciativas e ideas negocio para\u00a0<\/span><span class=\"OYPEnA\">lanzar\u00a0<\/span><span class=\"OYPEnA\">un producto o servicio al mercado con\u00a0<\/span><span class=\"OYPEnA\">asesor\u00eda, capacitaci\u00f3n y alianzas empresariales.<\/span><\/p>\n<p class=\"cgHgbA nxe3IQ Xp24Nw\"><span class=\"OYPEnA\">El alumno podr\u00e1 participar en<\/span><span class=\"OYPEnA\">\u00a0Desaf\u00edo Aliat<\/span><span class=\"OYPEnA\">\u00a0concurso con el que podr\u00e1 obtener un apoyo econ\u00f3mico para el desarrollo de tu proyecto.<\/span><\/p>\n<p>[\/vc_column_text][vc_video link=\u00bbhttps:\/\/www.youtube.com\/watch?v=hWuCDpR2VB8&#8243; el_width=\u00bb80&#8243;][\/vc_column][\/vc_row][vc_row css_animation=\u00bb\u00bb row_type=\u00bbrow\u00bb use_row_as_full_screen_section=\u00bbno\u00bb type=\u00bbfull_width\u00bb angled_section=\u00bbno\u00bb text_align=\u00bbleft\u00bb background_image_as_pattern=\u00bbwithout_pattern\u00bb][vc_column][\/vc_column][\/vc_row][vc_row css_animation=\u00bb\u00bb row_type=\u00bbrow\u00bb use_row_as_full_screen_section=\u00bbno\u00bb type=\u00bbfull_width\u00bb angled_section=\u00bbno\u00bb text_align=\u00bbleft\u00bb background_image_as_pattern=\u00bbwithout_pattern\u00bb][vc_column][vc_column_text]<\/p>\n<p>&nbsp;<\/p>\n<div>\n<div class=\"DF_utQ _0xkaeQ\">\n<div class=\"aF9o6Q _0yZ6Qg\">\n<div class=\"AdBbhQ hGbcYA rLWGlw _7rUwsA\" lang=\"es-MX\">\n<h2 class=\"cgHgbA pYZEjA Xp24Nw PanoWQ\"><strong><span class=\"OYPEnA\">Vida estudiantil<\/span><\/strong><\/h2>\n<p>&nbsp;<\/p>\n<\/div>\n<\/div>\n<\/div>\n<\/div>\n<div>\n<div class=\"DF_utQ _0xkaeQ\">\n<div class=\"AdBbhQ hGbcYA _7rUwsA\" lang=\"es-MX\">\n<div>\n<div class=\"DF_utQ _0xkaeQ\">\n<div class=\"aF9o6Q _0yZ6Qg\">\n<div class=\"AdBbhQ hGbcYA _7rUwsA\" lang=\"es-MX\">\n<p class=\"cgHgbA nxe3IQ Xp24Nw PanoWQ\"><span class=\"OYPEnA\">En On Aliat, nuestros estudiantes forman parte de una de las\u00a0<\/span><span class=\"OYPEnA\">comunidades de alumnos m\u00e1s grandes del pa\u00eds<\/span><span class=\"OYPEnA\">, y\u00a0<\/span><span class=\"OYPEnA\">cuentan con acceso<\/span><span class=\"OYPEnA\">\u00a0a los servicios, instalaciones y eventos de la Red Aliat.<\/span><\/p>\n<p>&nbsp;<\/p>\n<\/div>\n<\/div>\n<\/div>\n<\/div>\n<div class=\"DF_utQ _0xkaeQ\">\n<div>\n<div class=\"hWv4NA\">\n<div class=\"bFnJ2A _682gpw\">\u201cFormas parte de la mejor Universidad\u201d<\/div>\n<div><\/div>\n<\/div>\n<\/div>\n<div>\n<ul class=\"yL4mFA\">\n<li class=\"Xp24Nw _bsDhw cgHgbA nxe3IQ _4c44Ng PanoWQ\"><span class=\"OYPEnA\">Torneos\u00a0<\/span><span class=\"OYPEnA\">deportivos locales, regionales y nacionales presenciales de futbol, basquetbol y voleibol.<\/span><\/li>\n<li class=\"Xp24Nw _bsDhw cgHgbA nxe3IQ _4c44Ng\"><span class=\"OYPEnA\">Carrera\u00a0<\/span><span class=\"OYPEnA\">atl\u00e9tica anual.<\/span><\/li>\n<li class=\"Xp24Nw _bsDhw cgHgbA nxe3IQ _4c44Ng\"><span class=\"OYPEnA\">Torneos\u00a0<\/span><span class=\"OYPEnA\">de PlayStation, Xbox local, regional y nacional, presenciales y virtuales.<\/span><\/li>\n<li class=\"Xp24Nw _bsDhw cgHgbA nxe3IQ _4c44Ng\"><span class=\"OYPEnA\">Conferencias<\/span><span class=\"OYPEnA\">, talleres, charlas presenciales y online.<\/span><\/li>\n<li class=\"Xp24Nw _bsDhw cgHgbA nxe3IQ _4c44Ng\"><span class=\"OYPEnA\">Concursos\u00a0<\/span><span class=\"OYPEnA\">de Talento.<\/span><\/li>\n<\/ul>\n<\/div>\n<\/div>\n<\/div>\n<\/div>\n<\/div>\n<p>&nbsp;<\/p>\n<hr \/>\n<h1 style=\"text-align: center;\"><span style=\"color: #003366;\"><strong>Plataforma de apoyo acad\u00e9mico las 24 h<\/strong><\/span><\/h1>\n<p>&nbsp;<\/p>\n<p class=\"cgHgbA nxe3IQ Xp24Nw PanoWQ\"><span class=\"OYPEnA\">En On Aliat entendemos las necesidades de\u00a0<\/span><span class=\"OYPEnA\">tiempo y movilidad<\/span><span class=\"OYPEnA\">\u00a0de nuestros estudiantes, por eso contamos con\u00a0<\/span><span class=\"OYPEnA\">herramientas de vanguardia<\/span><span class=\"OYPEnA\">. Mediante nuestra plataforma<strong>\u00a0<\/strong><\/span><strong><span class=\"OYPEnA\">Brightspace<\/span><\/strong><span class=\"OYPEnA\">\u00a0los estudiantes pueden\u00a0<\/span><span class=\"OYPEnA\">acceder\u00a0<\/span><span class=\"OYPEnA\">desde cualquier lugar con conexi\u00f3n a internet.<\/span><\/p>\n<p class=\"cgHgbA pYZEjA Xp24Nw\"><span class=\"OYPEnA\">\u00ab<\/span><span class=\"OYPEnA\">Tu Universidad 24\/7, a donde vayas, est\u00e9s donde est\u00e9s, siempre habr\u00e1 una manera para que no dejes de estudiar\u201d<\/span><\/p>\n<p>&nbsp;<\/p>\n<div>\n<div class=\"DF_utQ _0xkaeQ\">\n<div class=\"aF9o6Q _0yZ6Qg\">\n<div class=\"AdBbhQ hGbcYA _7rUwsA\" lang=\"es-MX\">\n<h2 class=\"cgHgbA pYZEjA Xp24Nw PanoWQ\"><strong><span class=\"OYPEnA\">Beneficios de Plataforma Brightspace<\/span><\/strong><\/h2>\n<ul class=\"yL4mFA\">\n<li class=\"Xp24Nw _bsDhw cgHgbA WvQL9w _4c44Ng\"><span class=\"OYPEnA\">Disponible 24\/7 los 365 d\u00edas del a\u00f1o.<\/span><\/li>\n<li class=\"Xp24Nw _bsDhw cgHgbA WvQL9w _4c44Ng\"><span class=\"OYPEnA\">Acceso desde cualquier dispositivo.<\/span><\/li>\n<li class=\"Xp24Nw _bsDhw cgHgbA WvQL9w _4c44Ng\"><span class=\"OYPEnA\">Facilidad de gestionar tiempo.<\/span><\/li>\n<li class=\"Xp24Nw _bsDhw cgHgbA WvQL9w _4c44Ng\"><span class=\"OYPEnA\">Acercamiento por parte de los profesores sobre temas que no le han quedado claros.<\/span><\/li>\n<li class=\"Xp24Nw _bsDhw cgHgbA WvQL9w _4c44Ng\"><span class=\"OYPEnA\">Acceso a sesiones con los profesores expertos en la materia en vivo y grabadas.<\/span><\/li>\n<li class=\"Xp24Nw _bsDhw cgHgbA WvQL9w _4c44Ng\"><span class=\"OYPEnA\">Acceso a Paqueter\u00eda Office.<\/span><\/li>\n<li class=\"Xp24Nw _bsDhw cgHgbA WvQL9w _4c44Ng\"><span class=\"OYPEnA\">Contacto directo con el profesor.<\/span><\/li>\n<li class=\"Xp24Nw _bsDhw cgHgbA WvQL9w _4c44Ng\"><span class=\"OYPEnA\">Biblioteca virtual.<\/span><\/li>\n<\/ul>\n<\/div>\n<p>&nbsp;<\/p>\n<\/div>\n<\/div>\n<\/div>\n<p>[\/vc_column_text][vc_video link=\u00bbhttps:\/\/www.youtube.com\/watch?v=pNaD45zd7pk\u00bb el_width=\u00bb80&#8243;][\/vc_column][\/vc_row][vc_row css_animation=\u00bb\u00bb row_type=\u00bbrow\u00bb use_row_as_full_screen_section=\u00bbno\u00bb type=\u00bbfull_width\u00bb angled_section=\u00bbno\u00bb text_align=\u00bbleft\u00bb background_image_as_pattern=\u00bbwithout_pattern\u00bb][vc_column][\/vc_column][\/vc_row]<\/p>\n<p>&nbsp;<\/p>\n<hr \/>\n<h1 style=\"text-align: center;\"><span style=\"color: #c70a3c;\"><strong>Mentores y docentes inspiradores<\/strong><\/span><\/h1>\n<p><img loading=\"lazy\" decoding=\"async\" class=\"alignnone size-large wp-image-4234\" src=\"https:\/\/sic.nodscloud.com\/nodsglobal\/wp-content\/uploads\/sites\/3\/2024\/04\/DOC-1024x485.png\" alt=\"\" width=\"1024\" height=\"485\" srcset=\"https:\/\/sic.nodscloud.com\/nodsglobal\/wp-content\/uploads\/sites\/3\/2024\/04\/DOC-1024x485.png 1024w, https:\/\/sic.nodscloud.com\/nodsglobal\/wp-content\/uploads\/sites\/3\/2024\/04\/DOC-300x142.png 300w, https:\/\/sic.nodscloud.com\/nodsglobal\/wp-content\/uploads\/sites\/3\/2024\/04\/DOC-768x364.png 768w, https:\/\/sic.nodscloud.com\/nodsglobal\/wp-content\/uploads\/sites\/3\/2024\/04\/DOC-700x331.png 700w, https:\/\/sic.nodscloud.com\/nodsglobal\/wp-content\/uploads\/sites\/3\/2024\/04\/DOC.png 1413w\" sizes=\"(max-width: 1024px) 100vw, 1024px\" \/><\/p>\n<p>&nbsp;<\/p>\n<hr \/>\n<div>\n<div class=\"DF_utQ _0xkaeQ\">\n<div class=\"aF9o6Q _0yZ6Qg\">\n<div class=\"AdBbhQ hGbcYA rLWGlw _7rUwsA\" lang=\"es-MX\">\n<h1 class=\"cgHgbA pYZEjA Xp24Nw PanoWQ\" style=\"text-align: center;\"><span style=\"color: #0000ff;\"><strong><span class=\"OYPEnA\">Servicio de apoyo al estudiante<\/span><\/strong><\/span><\/h1>\n<p class=\"cgHgbA nxe3IQ Xp24Nw\"><span class=\"OYPEnA\">Portal de autoservicio:<\/span><\/p>\n<ul class=\"yL4mFA\">\n<li class=\"Xp24Nw _bsDhw cgHgbA nxe3IQ _4c44Ng\"><span class=\"OYPEnA\">Revisar <\/span><span class=\"OYPEnA\">tus datos generales, ver historial acad\u00e9mico, consultar tu estado de cuenta y generar tu referencia de pago sin hacer filas.<\/span><\/li>\n<\/ul>\n<ul class=\"yL4mFA\">\n<li class=\"Xp24Nw _bsDhw cgHgbA nxe3IQ _4c44Ng\"><span class=\"OYPEnA\">R<\/span><span class=\"OYPEnA\">ealizar <\/span><span class=\"OYPEnA\">tus pagos de manera sencilla.<\/span><\/li>\n<\/ul>\n<ul class=\"yL4mFA\">\n<li class=\"Xp24Nw _bsDhw cgHgbA nxe3IQ _4c44Ng\"><span class=\"OYPEnA\">Solicita<\/span><span class=\"OYPEnA\"> y genera factura de servicios proporcionados por la instituci\u00f3n.<\/span><\/li>\n<\/ul>\n<ul class=\"yL4mFA\">\n<li class=\"Xp24Nw _bsDhw cgHgbA nxe3IQ _4c44Ng\"><span class=\"OYPEnA\">Reglamentos<\/span><span class=\"OYPEnA\"> Licenciaturas\/Posgrados.<\/span><\/li>\n<\/ul>\n<ul class=\"yL4mFA\">\n<li class=\"Xp24Nw _bsDhw cgHgbA nxe3IQ _4c44Ng\"><span class=\"OYPEnA\">Convocatoria<\/span><span class=\"OYPEnA\"> de Becas.<\/span><\/li>\n<\/ul>\n<\/div>\n<\/div>\n<\/div>\n<\/div>\n<div class=\"DF_utQ _0xkaeQ\">\n<div>\n<div class=\"bFnJ2A _682gpw\" style=\"text-align: center;\"><a href=\"https:\/\/www.aliatuniversidades.com.mx\/m\/aliat\/comunidad\/estudiantes\" target=\"_blank\" rel=\"noopener\">https:\/\/www.aliatuniversidades.com.mx\/m\/aliat\/comunidad\/estudiantes<\/a><\/div>\n<\/div>\n<\/div>\n<div class=\"DF_utQ _0xkaeQ\">\n<div class=\"Zp7NQw\">\n<div class=\"a26Xuw\">\n<div class=\"PcHy7w\">\n<div class=\"Izwocg\"><\/div>\n<\/div>\n<\/div>\n<\/div>\n<\/div>\n<div class=\"DF_utQ _0xkaeQ\">\n<div class=\"Zp7NQw\">\n<div class=\"xrr2vg\">\n<div class=\"a26Xuw\">\n<div class=\"PcHy7w\">\n<div class=\"uk_25A Ty61NA\">\n<div class=\"Izwocg\"><img decoding=\"async\" class=\"_7_i_XA\" draggable=\"false\" src=\"https:\/\/media.canva.com\/1\/image-resize\/1\/1600_774_100_PNG_F\/czM6Ly9tZWRpYS1wcml2YXRlLmNhbnZhLmNvbS9RZVdUWS9NQUY4XzJRZVdUWS8xL3AucG5n?osig=AAAAAAAAAAAAAAAAAAAAAJ6R9LEnUH0mOi6HlSOFs7H8la8ea9ZKrEks1MPXYF5y&amp;exp=1712621775&amp;x-canva-quality=screen_2x&amp;csig=AAAAAAAAAAAAAAAAAAAAAO5P72FBXhs8DL3ZuGtMuMtYYeaFuAxPyfVR9IhWV4lz\" crossorigin=\"anonymous\" \/><\/div>\n<\/div>\n<\/div>\n<div>\n<p>&nbsp;<\/p>\n<p>&nbsp;<\/p>\n<h2 class=\"cgHgbA nxe3IQ Xp24Nw\"><strong><span class=\"OYPEnA\">Mi Red Aliat<\/span><\/strong><\/h2>\n<ul class=\"yL4mFA\">\n<li style=\"list-style-type: none;\">\n<ul class=\"yL4mFA\">\n<li><span class=\"OYPEnA\">Se descarga<\/span><span class=\"OYPEnA\"> desde Play Store <\/span><span class=\"OYPEnA\">o App Store.<\/span><img loading=\"lazy\" decoding=\"async\" class=\" wp-image-4235 alignright\" src=\"https:\/\/sic.nodscloud.com\/nodsglobal\/wp-content\/uploads\/sites\/3\/2024\/04\/RED.png\" alt=\"\" width=\"622\" height=\"431\" srcset=\"https:\/\/sic.nodscloud.com\/nodsglobal\/wp-content\/uploads\/sites\/3\/2024\/04\/RED.png 1008w, https:\/\/sic.nodscloud.com\/nodsglobal\/wp-content\/uploads\/sites\/3\/2024\/04\/RED-300x208.png 300w, https:\/\/sic.nodscloud.com\/nodsglobal\/wp-content\/uploads\/sites\/3\/2024\/04\/RED-768x532.png 768w, https:\/\/sic.nodscloud.com\/nodsglobal\/wp-content\/uploads\/sites\/3\/2024\/04\/RED-700x485.png 700w\" sizes=\"(max-width: 622px) 100vw, 622px\" \/><\/li>\n<\/ul>\n<\/li>\n<\/ul>\n<p>&nbsp;<\/p>\n<ul class=\"yL4mFA\">\n<li class=\"Xp24Nw _bsDhw cgHgbA nxe3IQ _4c44Ng\"><span class=\"OYPEnA\">Comunicaci\u00f3n<\/span><span class=\"OYPEnA\"> con el mentor.<\/span><\/li>\n<li class=\"Xp24Nw _bsDhw cgHgbA nxe3IQ _4c44Ng\"><span class=\"OYPEnA\">Acceso a la bolsa de trabajo.<\/span><\/li>\n<li class=\"Xp24Nw _bsDhw cgHgbA nxe3IQ _4c44Ng\"><span class=\"OYPEnA\"><br \/>\nSolicitud<\/span><span class=\"OYPEnA\"> de becas.<\/span><\/li>\n<li class=\"Xp24Nw _bsDhw cgHgbA nxe3IQ _4c44Ng\"><span class=\"OYPEnA\">Solicitud de apoyos econ\u00f3micos.<\/span><\/li>\n<li class=\"Xp24Nw _bsDhw cgHgbA nxe3IQ _4c44Ng\"><span class=\"OYPEnA\">Consultar<\/span><span class=\"OYPEnA\"> estado de cuenta.<\/span><\/li>\n<li class=\"Xp24Nw _bsDhw cgHgbA nxe3IQ _4c44Ng\"><span class=\"OYPEnA\">Realiza<\/span><span class=\"OYPEnA\"> el pago en l\u00ednea o descarga ficha de referencia.<\/span><\/li>\n<li class=\"Xp24Nw _bsDhw cgHgbA nxe3IQ _4c44Ng\"><span class=\"OYPEnA\">Mesa<\/span><span class=\"OYPEnA\"> de servicio.<\/span><\/li>\n<li class=\"Xp24Nw _bsDhw cgHgbA nxe3IQ _4c44Ng\"><span class=\"OYPEnA\">Credencial<\/span><span class=\"OYPEnA\"> digital.<\/span><\/li>\n<li class=\"Xp24Nw _bsDhw cgHgbA nxe3IQ _4c44Ng\"><span class=\"OYPEnA\">Revisar<\/span><span class=\"OYPEnA\"> tus datos generales.<\/span><\/li>\n<li class=\"Xp24Nw _bsDhw cgHgbA nxe3IQ _4c44Ng\"><span class=\"OYPEnA\">Ver<\/span><span class=\"OYPEnA\"> historial acad\u00e9mico.<\/span><\/li>\n<\/ul>\n<\/div>\n<\/div>\n<\/div>\n<\/div>\n<\/div>\n<p>&nbsp;<\/p>\n<p>&nbsp;<\/p>\n<p>&nbsp;<\/p>\n<p>&nbsp;<\/p>\n<div>\n<div class=\"DF_utQ _0xkaeQ\">\n<div class=\"aF9o6Q _0yZ6Qg\">\n<div class=\"AdBbhQ hGbcYA rLWGlw _7rUwsA\" lang=\"es-MX\">\n<h1><\/h1>\n<hr \/>\n<h1 class=\"cgHgbA pYZEjA Xp24Nw PanoWQ\" style=\"text-align: center;\"><span style=\"color: #99cc00;\"><strong><span class=\"OYPEnA\">Oferta acad\u00e9mica innovadora<\/span><\/strong><\/span><\/h1>\n<\/div>\n<\/div>\n<\/div>\n<\/div>\n<div class=\"DF_utQ _0xkaeQ\">\n<div>\n<div class=\"hWv4NA\">\n<div class=\"bFnJ2A _682gpw\"><img loading=\"lazy\" decoding=\"async\" class=\"alignnone size-full wp-image-4236\" src=\"https:\/\/sic.nodscloud.com\/nodsglobal\/wp-content\/uploads\/sites\/3\/2024\/04\/EA.png\" alt=\"\" width=\"910\" height=\"365\" srcset=\"https:\/\/sic.nodscloud.com\/nodsglobal\/wp-content\/uploads\/sites\/3\/2024\/04\/EA.png 910w, https:\/\/sic.nodscloud.com\/nodsglobal\/wp-content\/uploads\/sites\/3\/2024\/04\/EA-300x120.png 300w, https:\/\/sic.nodscloud.com\/nodsglobal\/wp-content\/uploads\/sites\/3\/2024\/04\/EA-768x308.png 768w, https:\/\/sic.nodscloud.com\/nodsglobal\/wp-content\/uploads\/sites\/3\/2024\/04\/EA-700x281.png 700w\" sizes=\"(max-width: 910px) 100vw, 910px\" \/><\/div>\n<\/div>\n<\/div>\n<\/div>\n<div class=\"DF_utQ _0xkaeQ\">\n<div class=\"Zp7NQw\">\n<div class=\"a26Xuw\">\n<div class=\"PcHy7w\">\n<div class=\"uk_25A Ty61NA\">\n<div class=\"Izwocg\"><\/div>\n<\/div>\n<\/div>\n<\/div>\n<\/div>\n<\/div>\n<div class=\"DF_utQ _0xkaeQ\">\n<div class=\"Zp7NQw\">\n<div class=\"a26Xuw\">\n<div class=\"PcHy7w\">\n<div class=\"uk_25A Ty61NA\">\n<div class=\"Izwocg\"><\/div>\n<\/div>\n<\/div>\n<\/div>\n<\/div>\n<\/div>\n<div class=\"DF_utQ _0xkaeQ\">\n<div class=\"Zp7NQw\">\n<div class=\"a26Xuw\">\n<div class=\"PcHy7w\">\n<div class=\"uk_25A Ty61NA\"><\/div>\n<\/div>\n<\/div>\n<\/div>\n<\/div>\n<div class=\"DF_utQ _0xkaeQ\">\n<div class=\"Zp7NQw\">\n<div class=\"a26Xuw\">\n<div class=\"PcHy7w\">\n<div class=\"uk_25A Ty61NA\">\n<div class=\"Izwocg\">\n<div class=\"jXCxjw\"><\/div>\n<\/div>\n<\/div>\n<\/div>\n<\/div>\n<\/div>\n<\/div>\n<div>\n<div class=\"DF_utQ _0xkaeQ\">\n<div class=\"aF9o6Q _0yZ6Qg\">\n<div class=\"AdBbhQ hGbcYA _7rUwsA\" lang=\"es-MX\">\n<p class=\"cgHgbA WvQL9w Xp24Nw PanoWQ\"><span class=\"OYPEnA\">\u200b<\/span><\/p>\n<\/div>\n<\/div>\n<\/div>\n<\/div>\n<div class=\"DF_utQ _0xkaeQ\">\n<div class=\"Zp7NQw\"><\/div>\n<\/div>\n<div class=\"DF_utQ _0xkaeQ\">\n<div class=\"Zp7NQw\">\n<div class=\"a26Xuw\">\n<div class=\"PcHy7w\">\n<div class=\"uk_25A Ty61NA\">\n<div class=\"Izwocg\"><img loading=\"lazy\" decoding=\"async\" class=\"wp-image-4211 aligncenter\" src=\"https:\/\/sic.nodscloud.com\/nodsglobal\/wp-content\/uploads\/sites\/3\/2024\/04\/onaliat-1024x264.png\" alt=\"\" width=\"536\" height=\"138\" srcset=\"https:\/\/sic.nodscloud.com\/nodsglobal\/wp-content\/uploads\/sites\/3\/2024\/04\/onaliat-1024x264.png 1024w, https:\/\/sic.nodscloud.com\/nodsglobal\/wp-content\/uploads\/sites\/3\/2024\/04\/onaliat-300x77.png 300w, https:\/\/sic.nodscloud.com\/nodsglobal\/wp-content\/uploads\/sites\/3\/2024\/04\/onaliat-768x198.png 768w, https:\/\/sic.nodscloud.com\/nodsglobal\/wp-content\/uploads\/sites\/3\/2024\/04\/onaliat-700x180.png 700w, https:\/\/sic.nodscloud.com\/nodsglobal\/wp-content\/uploads\/sites\/3\/2024\/04\/onaliat.png 1164w\" sizes=\"(max-width: 536px) 100vw, 536px\" \/><\/div>\n<\/div>\n<\/div>\n<\/div>\n<\/div>\n<\/div>\n<div>\n<div class=\"DF_utQ _0xkaeQ\">\n<div class=\"aF9o6Q _0yZ6Qg\">\n<div class=\"AdBbhQ hGbcYA rLWGlw _7rUwsA\" lang=\"es-MX\"><\/div>\n<\/div>\n<\/div>\n<\/div>\n","protected":false},"excerpt":{"rendered":"<p>[vc_row css_animation=\u00bb\u00bb row_type=\u00bbrow\u00bb use_row_as_full_screen_section=\u00bbno\u00bb type=\u00bbfull_width\u00bb angled_section=\u00bbno\u00bb text_align=\u00bbleft\u00bb background_image_as_pattern=\u00bbwithout_pattern\u00bb][vc_column][vc_column_text] DIFERENCIADORES Un\u00a0diferenciador\u00a0son un\u00a0conjunto de beneficios\u00a0que dan valor agregado a la universidad haciendo diferente nuestra oferta al resto de las universidades. Oficina Aliat Emprende &nbsp; Objetivo: Dar\u00e1 servicio a los alumnos desde el primer per\u00edodo y hasta su&#8230;<\/p>\n","protected":false},"author":16,"featured_media":0,"parent":0,"menu_order":0,"comment_status":"closed","ping_status":"closed","template":"","meta":{"footnotes":""},"class_list":["post-4162","page","type-page","status-publish","hentry"],"aioseo_notices":[],"_links":{"self":[{"href":"https:\/\/sic.nodscloud.com\/nodsglobal\/wp-json\/wp\/v2\/pages\/4162","targetHints":{"allow":["GET"]}}],"collection":[{"href":"https:\/\/sic.nodscloud.com\/nodsglobal\/wp-json\/wp\/v2\/pages"}],"about":[{"href":"https:\/\/sic.nodscloud.com\/nodsglobal\/wp-json\/wp\/v2\/types\/page"}],"author":[{"embeddable":true,"href":"https:\/\/sic.nodscloud.com\/nodsglobal\/wp-json\/wp\/v2\/users\/16"}],"replies":[{"embeddable":true,"href":"https:\/\/sic.nodscloud.com\/nodsglobal\/wp-json\/wp\/v2\/comments?post=4162"}],"version-history":[{"count":7,"href":"https:\/\/sic.nodscloud.com\/nodsglobal\/wp-json\/wp\/v2\/pages\/4162\/revisions"}],"predecessor-version":[{"id":6167,"href":"https:\/\/sic.nodscloud.com\/nodsglobal\/wp-json\/wp\/v2\/pages\/4162\/revisions\/6167"}],"wp:attachment":[{"href":"https:\/\/sic.nodscloud.com\/nodsglobal\/wp-json\/wp\/v2\/media?parent=4162"}],"curies":[{"name":"wp","href":"https:\/\/api.w.org\/{rel}","templated":true}]}}