
{"id":4166,"date":"2024-04-08T13:45:53","date_gmt":"2024-04-08T13:45:53","guid":{"rendered":"https:\/\/sic.nodscloud.com\/nodsglobal\/?page_id=4166"},"modified":"2025-01-29T20:22:47","modified_gmt":"2025-01-29T20:22:47","slug":"documentacion-2","status":"publish","type":"page","link":"https:\/\/sic.nodscloud.com\/nodsglobal\/documentacion-2\/","title":{"rendered":"Documentaci\u00f3n"},"content":{"rendered":"<p>[vc_row css_animation=\u00bb\u00bb row_type=\u00bbrow\u00bb use_row_as_full_screen_section=\u00bbno\u00bb type=\u00bbfull_width\u00bb angled_section=\u00bbno\u00bb text_align=\u00bbleft\u00bb background_image_as_pattern=\u00bbwithout_pattern\u00bb][vc_column][vc_column_text]<\/p>\n<div>\n<div class=\"DF_utQ _0xkaeQ\">\n<div class=\"aF9o6Q _0yZ6Qg\">\n<div class=\"AdBbhQ hGbcYA rLWGlw _7rUwsA\" lang=\"es-MX\">\n<p><img decoding=\"async\" class=\"aligncenter\" src=\"https:\/\/sic.nodscloud.com\/nodsglobal\/wp-content\/uploads\/sites\/3\/2024\/04\/images.png\" \/><\/p>\n<h1 style=\"text-align: center;\"><span style=\"color: #008000;\"><strong>DOCUMENTACI\u00d3N<\/strong><\/span><\/h1>\n<p>&nbsp;<\/p>\n<p class=\"cgHgbA nxe3IQ Xp24Nw PanoWQ\"><span class=\"OYPEnA\">Documentos que integran el expediente\u00a0<\/span><\/p>\n<\/div>\n<\/div>\n<\/div>\n<\/div>\n<div>\n<div class=\"DF_utQ _0xkaeQ\">\n<div class=\"aF9o6Q _0yZ6Qg\">\n<div class=\"AdBbhQ hGbcYA _7rUwsA\" lang=\"es-MX\">\n<ul class=\"yL4mFA\">\n<li class=\"Xp24Nw _bsDhw cgHgbA WvQL9w _4c44Ng\"><span class=\"OYPEnA\">INE (fotograf\u00eda legible).<\/span><\/li>\n<li class=\"Xp24Nw _bsDhw cgHgbA WvQL9w _4c44Ng\"><span class=\"OYPEnA\">Certificado de bachillerato \/ T\u00edtulo profesional (fotograf\u00eda legible).<\/span><\/li>\n<li class=\"Xp24Nw _bsDhw cgHgbA WvQL9w _4c44Ng\"><span class=\"OYPEnA\">Carta adeudo de documentos (en caso aplique).<\/span><\/li>\n<li class=\"Xp24Nw _bsDhw cgHgbA WvQL9w _4c44Ng\"><span class=\"OYPEnA\">Solicitud de ingreso (Env\u00eda asesor educativo).<\/span><\/li>\n<li class=\"Xp24Nw _bsDhw cgHgbA WvQL9w _4c44Ng\"><span class=\"OYPEnA\">Dictamen de descuentos (Env\u00eda asesor educativo).<\/span><\/li>\n<li class=\"Xp24Nw _bsDhw cgHgbA WvQL9w _4c44Ng\"><span class=\"OYPEnA\">Comprobante de pago.<\/span><\/li>\n<li class=\"Xp24Nw _bsDhw cgHgbA WvQL9w _4c44Ng\"><span class=\"OYPEnA\">Propuesta de equivalencia (en caso aplique, env\u00eda asesor educativo).<\/span><\/li>\n<li class=\"Xp24Nw _bsDhw cgHgbA WvQL9w _4c44Ng\"><span class=\"OYPEnA\">Documento colaborador (en caso de inscribir a un colaborador, Env\u00eda asesor educativo).<\/span><\/li>\n<\/ul>\n<p>&nbsp;<\/p>\n<\/div>\n<h2><strong>Carta de Compromiso:\u00a0<span style=\"color: #0000ff;\"><a style=\"color: #0000ff;\" href=\"https:\/\/sic.nodscloud.com\/nodsglobal\/wp-content\/uploads\/sites\/3\/2024\/08\/Carta-Compromiso-ONALIAT-1-1.pdf\" target=\"_blank\" rel=\"noopener\">Descargar<\/a><\/span><\/strong><\/h2>\n<h2><\/h2>\n<h2><strong>Solicitud de Ingresos :\u00a0<span style=\"color: #0000ff;\"><a style=\"color: #0000ff;\" href=\"https:\/\/sic.nodscloud.com\/nodsglobal\/wp-content\/uploads\/sites\/3\/2024\/08\/Solicitud-de-Ingreso-ONALIAT-1-1.pdf\" target=\"_blank\" rel=\"noopener\">Descargar<\/a><\/span><\/strong><\/h2>\n<\/div>\n<\/div>\n<\/div>\n<p>&nbsp;<\/p>\n<p>&nbsp;<\/p>\n<p>&nbsp;<\/p>\n<div>\n<div class=\"DF_utQ _0xkaeQ\">\n<div class=\"aF9o6Q _0yZ6Qg\">\n<h2><\/h2>\n<h2><strong>Dictamen de Becas<\/strong><\/h2>\n<p>&nbsp;<\/p>\n<h2><span style=\"color: #008000;\"><strong>Maestr\u00edas\u00a0<\/strong><\/span><\/h2>\n<\/div>\n<\/div>\n<\/div>\n<h3><strong><span style=\"color: #0000ff;\"><a style=\"color: #0000ff;\" href=\"https:\/\/sic.nodscloud.com\/nodsglobal\/wp-content\/uploads\/sites\/3\/2025\/01\/C-1.5-UVG-Maestria-Admon-Empresas.pdf\">C-1.5 UVG Maestria Admon Empresas<\/a><\/span><\/strong><\/h3>\n<h3><span style=\"color: #0000ff;\"><strong><a style=\"color: #0000ff;\" href=\"https:\/\/sic.nodscloud.com\/nodsglobal\/wp-content\/uploads\/sites\/3\/2025\/01\/C-1.5-UVG-Maestria-1.pdf\">C-1.5 UVG Maestria<\/a><\/strong><\/span><\/h3>\n<h3><span style=\"color: #0000ff;\"><strong><a style=\"color: #0000ff;\" href=\"https:\/\/sic.nodscloud.com\/nodsglobal\/wp-content\/uploads\/sites\/3\/2025\/01\/C-1.5-ETAC-Maestria-Admon-Empresas-1.pdf\">C-1.5 ETAC Maestria Admon Empresas<\/a><\/strong><\/span><\/h3>\n<h3><span style=\"color: #0000ff;\"><strong><a style=\"color: #0000ff;\" href=\"https:\/\/sic.nodscloud.com\/nodsglobal\/wp-content\/uploads\/sites\/3\/2025\/01\/C-1.5-ETAC-Maestria.pdf\">C-1.5 ETAC Maestria<\/a><\/strong><\/span><\/h3>\n<h3><span style=\"color: #0000ff;\"><strong><a style=\"color: #0000ff;\" href=\"https:\/\/sic.nodscloud.com\/nodsglobal\/wp-content\/uploads\/sites\/3\/2025\/01\/C-1.5-UNEA-Maestria-Admon-Empresas-1.pdf\">C-1.5 UNEA Maestria Admon Empresas<\/a><\/strong><\/span><\/h3>\n<h3><span style=\"color: #0000ff;\"><strong><a style=\"color: #0000ff;\" href=\"https:\/\/sic.nodscloud.com\/nodsglobal\/wp-content\/uploads\/sites\/3\/2025\/01\/C-1.5-UNEA-Maestria.pdf\">C-1.5 UNEA Maestria<\/a><\/strong><\/span><\/h3>\n<h3><span style=\"color: #0000ff;\"><strong><a style=\"color: #0000ff;\" href=\"https:\/\/sic.nodscloud.com\/nodsglobal\/wp-content\/uploads\/sites\/3\/2025\/01\/C-1.5-UTAN-Maestria-Admon-de-Empresas.pdf\">C-1.5 UTAN Maestria Admon de Empresas<\/a><\/strong><\/span><\/h3>\n<h3><span style=\"color: #0000ff;\"><strong><a style=\"color: #0000ff;\" href=\"https:\/\/sic.nodscloud.com\/nodsglobal\/wp-content\/uploads\/sites\/3\/2025\/01\/C-1.5-UTAN-Maestria-1.pdf\">C-1.5 UTAN Maestria<\/a><\/strong><\/span><\/h3>\n<p>&nbsp;<\/p>\n<div>\n<div class=\"DF_utQ _0xkaeQ\">\n<div class=\"aF9o6Q _0yZ6Qg\">\n<h2><span style=\"color: #008000;\"><strong>Psicolog\u00eda<\/strong><\/span><\/h2>\n<\/div>\n<\/div>\n<div class=\"DF_utQ _0xkaeQ\"><\/div>\n<\/div>\n<h3><span style=\"color: #0000ff;\"><strong><span style=\"color: #0000ff;\"><a style=\"color: #0000ff;\" href=\"https:\/\/sic.nodscloud.com\/nodsglobal\/wp-content\/uploads\/sites\/3\/2025\/01\/C1.5_2025_UNEA_Psicolog\u00a1a.pdf\">C1.5_2025_UNEA_Psicolog+\u00a1a<\/a><\/span><\/strong><\/span><\/h3>\n<h3><span style=\"color: #0000ff;\"><strong><a style=\"color: #0000ff;\" href=\"https:\/\/sic.nodscloud.com\/nodsglobal\/wp-content\/uploads\/sites\/3\/2025\/01\/C1.5_2025_UTAN_Psicolog\u00a1a.pdf\">C1.5_2025_UTAN_Psicolog+\u00a1a<\/a><\/strong><\/span><\/h3>\n<h3><span style=\"color: #0000ff;\"><strong><a style=\"color: #0000ff;\" href=\"https:\/\/sic.nodscloud.com\/nodsglobal\/wp-content\/uploads\/sites\/3\/2025\/01\/C1.5_2025_UVG_Psicolog\u00a1a.pdf\">C1.5_2025_UVG_Psicolog+\u00a1a<\/a><\/strong><\/span><\/h3>\n<h3><span style=\"color: #0000ff;\"><strong><a style=\"color: #0000ff;\" href=\"https:\/\/sic.nodscloud.com\/nodsglobal\/wp-content\/uploads\/sites\/3\/2025\/01\/C1.5_2025_ETAC_Psicolog\u00a1a.pdf\">C1.5_2025_ETAC_Psicolog+\u00a1a<\/a><\/strong><\/span><\/h3>\n<p>&nbsp;<\/p>\n<div>\n<div class=\"DF_utQ _0xkaeQ\">\n<div class=\"aF9o6Q _0yZ6Qg\">\n<h2><span style=\"color: #008000;\"><strong>LICENCIATURAS<\/strong><\/span><\/h2>\n<\/div>\n<\/div>\n<\/div>\n<h3><span style=\"color: #0000ff;\"><a style=\"color: #0000ff;\" href=\"https:\/\/sic.nodscloud.com\/nodsglobal\/wp-content\/uploads\/sites\/3\/2025\/01\/C-1.5-UTAN-Licenciatura-1.pdf\">C<\/a><a style=\"color: #0000ff;\" href=\"https:\/\/sic.nodscloud.com\/nodsglobal\/wp-content\/uploads\/sites\/3\/2025\/01\/C-1.5-UTAN-Licenciatura-1.pdf\">-1.5 UTAN Licenciatura<\/a><\/span><\/h3>\n<h3><span style=\"color: #0000ff;\"><a style=\"color: #0000ff;\" href=\"https:\/\/sic.nodscloud.com\/nodsglobal\/wp-content\/uploads\/sites\/3\/2025\/01\/C-1.5-UVG-Licenciatura-1.pdf\">C-1.5 UVG Licenciatura<\/a><\/span><\/h3>\n<h3><span style=\"color: #0000ff;\"><a style=\"color: #0000ff;\" href=\"https:\/\/sic.nodscloud.com\/nodsglobal\/wp-content\/uploads\/sites\/3\/2025\/01\/C-1.5-ETAC-Licenciatura-1.pdf\">C-1.5 ETAC Licenciatura<\/a><\/span><\/h3>\n<h3><span style=\"color: #0000ff;\"><a style=\"color: #0000ff;\" href=\"https:\/\/sic.nodscloud.com\/nodsglobal\/wp-content\/uploads\/sites\/3\/2025\/01\/C-1.5-UNEA-Licenciatura-2.pdf\">C-1.5 UNEA Licenciatura<\/a><\/span><\/h3>\n<p>&nbsp;<\/p>\n<h2><strong>Dictamen de facebook\u00a0<\/strong><\/h2>\n<p>&nbsp;<\/p>\n<p><span style=\"color: #0000ff;\"><strong><a style=\"color: #0000ff;\" href=\"https:\/\/sic.nodscloud.com\/nodsglobal\/wp-content\/uploads\/sites\/3\/2024\/08\/ETAC_Licenciatura.pdf\">ETAC_Licenciatura<\/a><\/strong><\/span><\/p>\n<p><span style=\"color: #0000ff;\"><strong><a style=\"color: #0000ff;\" href=\"https:\/\/sic.nodscloud.com\/nodsglobal\/wp-content\/uploads\/sites\/3\/2024\/08\/UNEA_Licenciatura.pdf\">UNEA_Licenciatura<\/a><\/strong><\/span><\/p>\n<p><span style=\"color: #0000ff;\"><strong><a style=\"color: #0000ff;\" href=\"https:\/\/sic.nodscloud.com\/nodsglobal\/wp-content\/uploads\/sites\/3\/2024\/08\/UTAN_Licenciatura.pdf\">UTAN_Licenciatura<\/a><\/strong><\/span><\/p>\n<p><span style=\"color: #0000ff;\"><strong><a style=\"color: #0000ff;\" href=\"https:\/\/sic.nodscloud.com\/nodsglobal\/wp-content\/uploads\/sites\/3\/2024\/08\/UVG_Licenciatura.pdf\">UVG_Licenciatura<\/a><\/strong><\/span><\/p>\n<p>&nbsp;<\/p>\n<p><span style=\"color: #0000ff;\"><strong><a style=\"color: #0000ff;\" href=\"https:\/\/sic.nodscloud.com\/nodsglobal\/wp-content\/uploads\/sites\/3\/2024\/08\/ETAC_Psicologia.pdf\">ETAC_Psicologia<\/a><\/strong><\/span><\/p>\n<p><span style=\"color: #0000ff;\"><strong><a style=\"color: #0000ff;\" href=\"https:\/\/sic.nodscloud.com\/nodsglobal\/wp-content\/uploads\/sites\/3\/2024\/08\/UNEA_Psicologia.pdf\">UNEA_Psicologia<\/a><\/strong><\/span><\/p>\n<p><span style=\"color: #0000ff;\"><strong><a style=\"color: #0000ff;\" href=\"https:\/\/sic.nodscloud.com\/nodsglobal\/wp-content\/uploads\/sites\/3\/2024\/08\/UTAN_Psicologia.pdf\">UTAN_Psicologia<\/a><\/strong><\/span><\/p>\n<p><span style=\"color: #0000ff;\"><strong><a style=\"color: #0000ff;\" href=\"https:\/\/sic.nodscloud.com\/nodsglobal\/wp-content\/uploads\/sites\/3\/2024\/08\/UVG_Psicologia.pdf\">UVG_Psicologia<\/a><\/strong><\/span><\/p>\n<p>&nbsp;<\/p>\n<p>&nbsp;<\/p>\n<p>&nbsp;<\/p>\n<h2 style=\"text-align: center;\"><strong><span style=\"color: #008000;\"><span style=\"color: #008000;\">V\u00cdDEO\u00a0C\u00d3MO REALIZAR FIRMA\u00a0<\/span><\/span><span style=\"color: #008000;\">ELECTR\u00d3NICA <\/span><\/strong><\/h2>\n<h2 style=\"text-align: center;\"><strong><span style=\"color: #008000;\">PARA LAS SOLICITUDES Y DICTAMENES\u00a0<\/span><\/strong><\/h2>\n<p>&nbsp;<\/p>\n<div>\n<div class=\"DF_utQ _0xkaeQ\">\n<div class=\"aF9o6Q _0yZ6Qg\">\n<div class=\"AdBbhQ hGbcYA _7rUwsA\" lang=\"es-MX\">\n<p class=\"cgHgbA WvQL9w Xp24Nw\">\n<\/div>\n<\/div>\n<\/div>\n<\/div>\n<p>[\/vc_column_text][vc_video link=\u00bbhttps:\/\/www.youtube.com\/watch?v=DYsXBWt3d7E&amp;feature=youtu.be\u00bb el_width=\u00bb80&#8243; align=\u00bbcenter\u00bb][\/vc_column][\/vc_row][vc_row css_animation=\u00bb\u00bb row_type=\u00bbrow\u00bb use_row_as_full_screen_section=\u00bbno\u00bb type=\u00bbfull_width\u00bb angled_section=\u00bbno\u00bb text_align=\u00bbleft\u00bb background_image_as_pattern=\u00bbwithout_pattern\u00bb][vc_column][\/vc_column][\/vc_row]<\/p>\n<p>&nbsp;<\/p>\n<p>&nbsp;<\/p>\n<p><img fetchpriority=\"high\" decoding=\"async\" class=\"wp-image-4211 aligncenter\" src=\"https:\/\/sic.nodscloud.com\/nodsglobal\/wp-content\/uploads\/sites\/3\/2024\/04\/onaliat-1024x264.png\" alt=\"\" width=\"604\" height=\"156\" srcset=\"https:\/\/sic.nodscloud.com\/nodsglobal\/wp-content\/uploads\/sites\/3\/2024\/04\/onaliat-1024x264.png 1024w, https:\/\/sic.nodscloud.com\/nodsglobal\/wp-content\/uploads\/sites\/3\/2024\/04\/onaliat-300x77.png 300w, https:\/\/sic.nodscloud.com\/nodsglobal\/wp-content\/uploads\/sites\/3\/2024\/04\/onaliat-768x198.png 768w, https:\/\/sic.nodscloud.com\/nodsglobal\/wp-content\/uploads\/sites\/3\/2024\/04\/onaliat-700x180.png 700w, https:\/\/sic.nodscloud.com\/nodsglobal\/wp-content\/uploads\/sites\/3\/2024\/04\/onaliat.png 1164w\" sizes=\"(max-width: 604px) 100vw, 604px\" \/><\/p>\n","protected":false},"excerpt":{"rendered":"<p>[vc_row css_animation=\u00bb\u00bb row_type=\u00bbrow\u00bb use_row_as_full_screen_section=\u00bbno\u00bb type=\u00bbfull_width\u00bb angled_section=\u00bbno\u00bb text_align=\u00bbleft\u00bb background_image_as_pattern=\u00bbwithout_pattern\u00bb][vc_column][vc_column_text] DOCUMENTACI\u00d3N &nbsp; Documentos que integran el expediente\u00a0 INE (fotograf\u00eda legible). Certificado de bachillerato \/ T\u00edtulo profesional (fotograf\u00eda legible). Carta adeudo de documentos (en caso aplique). Solicitud de ingreso (Env\u00eda asesor educativo). Dictamen de descuentos (Env\u00eda asesor educativo)&#8230;.<\/p>\n","protected":false},"author":16,"featured_media":0,"parent":0,"menu_order":0,"comment_status":"closed","ping_status":"closed","template":"","meta":{"footnotes":""},"class_list":["post-4166","page","type-page","status-publish","hentry"],"aioseo_notices":[],"_links":{"self":[{"href":"https:\/\/sic.nodscloud.com\/nodsglobal\/wp-json\/wp\/v2\/pages\/4166","targetHints":{"allow":["GET"]}}],"collection":[{"href":"https:\/\/sic.nodscloud.com\/nodsglobal\/wp-json\/wp\/v2\/pages"}],"about":[{"href":"https:\/\/sic.nodscloud.com\/nodsglobal\/wp-json\/wp\/v2\/types\/page"}],"author":[{"embeddable":true,"href":"https:\/\/sic.nodscloud.com\/nodsglobal\/wp-json\/wp\/v2\/users\/16"}],"replies":[{"embeddable":true,"href":"https:\/\/sic.nodscloud.com\/nodsglobal\/wp-json\/wp\/v2\/comments?post=4166"}],"version-history":[{"count":15,"href":"https:\/\/sic.nodscloud.com\/nodsglobal\/wp-json\/wp\/v2\/pages\/4166\/revisions"}],"predecessor-version":[{"id":6339,"href":"https:\/\/sic.nodscloud.com\/nodsglobal\/wp-json\/wp\/v2\/pages\/4166\/revisions\/6339"}],"wp:attachment":[{"href":"https:\/\/sic.nodscloud.com\/nodsglobal\/wp-json\/wp\/v2\/media?parent=4166"}],"curies":[{"name":"wp","href":"https:\/\/api.w.org\/{rel}","templated":true}]}}