
{"id":4169,"date":"2024-04-08T13:47:27","date_gmt":"2024-04-08T13:47:27","guid":{"rendered":"https:\/\/sic.nodscloud.com\/nodsglobal\/?page_id=4169"},"modified":"2024-04-09T14:57:17","modified_gmt":"2024-04-09T14:57:17","slug":"becas-descuentos","status":"publish","type":"page","link":"https:\/\/sic.nodscloud.com\/nodsglobal\/becas-descuentos\/","title":{"rendered":"Becas \/ Descuentos"},"content":{"rendered":"<p><img fetchpriority=\"high\" decoding=\"async\" class=\"size-full wp-image-4203 aligncenter\" src=\"https:\/\/sic.nodscloud.com\/nodsglobal\/wp-content\/uploads\/sites\/3\/2024\/04\/images.png\" sizes=\"(max-width: 483px) 100vw, 483px\" srcset=\"https:\/\/sic.nodscloud.com\/nodsglobal\/wp-content\/uploads\/sites\/3\/2024\/04\/images.png 483w, https:\/\/sic.nodscloud.com\/nodsglobal\/wp-content\/uploads\/sites\/3\/2024\/04\/images-300x65.png 300w\" alt=\"\" width=\"483\" height=\"104\" \/><\/p>\n<h1 style=\"text-align: center;\"><strong><span style=\"color: #008000;\">BECAS Y DESCUENTOS<\/span><\/strong><\/h1>\n<p>&nbsp;<\/p>\n<p class=\"cgHgbA nxe3IQ Xp24Nw PanoWQ\"><span style=\"color: #008000;\"><strong><span class=\"OYPEnA\">Descuento:<\/span> <\/strong><\/span><span class=\"OYPEnA\">Es la disminuci\u00f3n econ\u00f3mica promocional brindada al prospecto por tomar la decisi\u00f3n de iniciar con sus estudios.<\/span><\/p>\n<p class=\"cgHgbA nxe3IQ Xp24Nw\"><span class=\"OYPEnA\">Descripci\u00f3n de descuento por programa:<\/span><\/p>\n<ul class=\"yL4mFA\">\n<li class=\"Xp24Nw _bsDhw cgHgbA nxe3IQ _4c44Ng\"><span class=\"OYPEnA\">Licenciatura:<\/span><span class=\"OYPEnA\"> Se brinda Mi Plan Aliat, valido por un a\u00f1o y es un sistema de costos escalonado.<\/span><\/li>\n<li class=\"Xp24Nw _bsDhw cgHgbA nxe3IQ _4c44Ng\"><span class=\"OYPEnA\">Maestr\u00eda<\/span><span class=\"OYPEnA\">:<\/span><span class=\"OYPEnA\"> Se brinda en el primer a\u00f1o del alumno.<\/span><\/li>\n<li class=\"Xp24Nw _bsDhw cgHgbA nxe3IQ _4c44Ng\"><span class=\"OYPEnA\">Doctorado:<\/span> <span class=\"OYPEnA\">Se brinda en el primer semestre del alumno.<\/span><\/li>\n<li class=\"Xp24Nw _bsDhw cgHgbA nxe3IQ _4c44Ng\"><span class=\"OYPEnA\">Colaborador:<\/span><span class=\"OYPEnA\"> Recibe el 80% de descuento en inscripci\u00f3n y colegiaturas. Aplica tambi\u00e9n para familiares directos.<\/span><\/li>\n<\/ul>\n<p>&nbsp;<\/p>\n<p class=\"cgHgbA nxe3IQ Xp24Nw PanoWQ\"><span class=\"OYPEnA\" style=\"color: #008000;\"><strong>Beca:<\/strong> <\/span><span class=\"OYPEnA\">Es la disminuci\u00f3n econ\u00f3mica que se brinda al alumno en sus colegiaturas por buen desempe\u00f1o acad\u00e9mico. Se tiene que renovar cada nuevo ciclo.<\/span><\/p>\n<p class=\"cgHgbA nxe3IQ Xp24Nw\"><span class=\"OYPEnA\">Condiciones para adquirirla:<\/span><\/p>\n<ul class=\"yL4mFA\">\n<li class=\"Xp24Nw _bsDhw cgHgbA nxe3IQ _4c44Ng\"><span class=\"OYPEnA\">C<\/span><span class=\"OYPEnA\">orriente con los pagos.<\/span><\/li>\n<li class=\"Xp24Nw _bsDhw cgHgbA nxe3IQ _4c44Ng\"><span class=\"OYPEnA\">No adeudo de materias.<\/span><\/li>\n<li class=\"Xp24Nw _bsDhw cgHgbA nxe3IQ _4c44Ng\"><span class=\"OYPEnA\">Cumplir con el promedio requerido.<\/span><\/li>\n<li class=\"Xp24Nw _bsDhw cgHgbA nxe3IQ _4c44Ng\"><span class=\"OYPEnA\">Solicitarla dos semanas antes de terminar cada cuatrimestre.<\/span><\/li>\n<\/ul>\n<p>&nbsp;<\/p>\n<p class=\"cgHgbA nxe3IQ Xp24Nw PanoWQ\"><strong><span class=\"OYPEnA\">Licenciatura:<\/span><span class=\"OYPEnA\"> 8.5<\/span><\/strong><\/p>\n<p class=\"cgHgbA nxe3IQ Xp24Nw\"><strong><span class=\"OYPEnA\">Maestr\u00eda: <\/span><span class=\"OYPEnA\">9<\/span><\/strong><\/p>\n<p class=\"cgHgbA nxe3IQ Xp24Nw\"><strong><span class=\"OYPEnA\">Doctorado:<\/span><span class=\"OYPEnA\"> 9<\/span><\/strong><\/p>\n<p>&nbsp;<\/p>\n<p>&nbsp;<\/p>\n<div>\n<div class=\"DF_utQ _0xkaeQ\">\n<div class=\"aF9o6Q _0yZ6Qg\">\n<div class=\"AdBbhQ hGbcYA _7rUwsA\" lang=\"es-MX\">\n<h2 class=\"cgHgbA pYZEjA Xp24Nw PanoWQ\" style=\"text-align: center;\"><strong><span style=\"color: #ff0000;\"><span class=\"OYPEnA\">NO HAY BECA DE NUEVO INGRESO <\/span><span class=\"OYPEnA\">UNICAMENTE SON DESCUENTOS.<\/span><\/span><\/strong><\/h2>\n<p>&nbsp;<\/p>\n<\/div>\n<\/div>\n<div>\n<div class=\"DF_utQ _0xkaeQ\">\n<div class=\"aF9o6Q _0yZ6Qg\">\n<div class=\"AdBbhQ hGbcYA rLWGlw _7rUwsA\" lang=\"es-MX\">\n<p class=\"cgHgbA pYZEjA Xp24Nw PanoWQ\"><strong><span class=\"OYPEnA\" style=\"color: #008000;\">Plan embajador<\/span><\/strong><\/p>\n<p>&nbsp;<\/p>\n<\/div>\n<\/div>\n<\/div>\n<\/div>\n<div class=\"DF_utQ _0xkaeQ\">\n<div class=\"Zp7NQw\">\n<div class=\"a26Xuw\">\n<div class=\"PcHy7w\">\n<div class=\"uk_25A Ty61NA\">\n<div class=\"Izwocg\"><span class=\"OYPEnA\">Los estudiantes de On Aliat pueden <\/span><span class=\"OYPEnA\">referir <\/span><span class=\"OYPEnA\">a familiares y amigos para <\/span><span class=\"OYPEnA\">obtener <\/span><span class=\"OYPEnA\">un <\/span><span class=\"OYPEnA\">descuento<\/span><\/div>\n<\/div>\n<\/div>\n<\/div>\n<\/div>\n<\/div>\n<div>\n<div class=\"DF_utQ _0xkaeQ\">\n<div class=\"aF9o6Q _0yZ6Qg\">\n<div class=\"AdBbhQ hGbcYA rLWGlw _7rUwsA\" lang=\"es-MX\">\n<p class=\"cgHgbA nxe3IQ Xp24Nw PanoWQ\"><span class=\"OYPEnA\">adicional<\/span><span class=\"OYPEnA\"> del 10% sobre los costos actuales del ciclo que est\u00e9n cursando.<\/span><\/p>\n<ul class=\"yL4mFA\">\n<li class=\"Xp24Nw _bsDhw cgHgbA nxe3IQ _4c44Ng\"><span class=\"OYPEnA\">Se otorga cuando un alumno recomienda a otro y este \u00faltimo realiza su inscripci\u00f3n.<\/span><\/li>\n<li class=\"Xp24Nw _bsDhw cgHgbA nxe3IQ _4c44Ng\"><span class=\"OYPEnA\">El programa embajador tiene un l\u00edmite de 7 referidos por ciclo.<\/span><\/li>\n<li class=\"Xp24Nw _bsDhw cgHgbA nxe3IQ _4c44Ng\"><span class=\"OYPEnA\">Es acumulable al descuento de beca.<\/span><\/li>\n<\/ul>\n<\/div>\n<\/div>\n<\/div>\n<\/div>\n<\/div>\n<\/div>\n<div>\n<div class=\"DF_utQ _0xkaeQ\">\n<div class=\"aF9o6Q _0yZ6Qg\">\n<div class=\"AdBbhQ hGbcYA rLWGlw _7rUwsA\" lang=\"es-MX\"><img decoding=\"async\" class=\"alignnone size-large wp-image-4211\" src=\"https:\/\/sic.nodscloud.com\/nodsglobal\/wp-content\/uploads\/sites\/3\/2024\/04\/onaliat-1024x264.png\" alt=\"\" width=\"1024\" height=\"264\" srcset=\"https:\/\/sic.nodscloud.com\/nodsglobal\/wp-content\/uploads\/sites\/3\/2024\/04\/onaliat-1024x264.png 1024w, https:\/\/sic.nodscloud.com\/nodsglobal\/wp-content\/uploads\/sites\/3\/2024\/04\/onaliat-300x77.png 300w, https:\/\/sic.nodscloud.com\/nodsglobal\/wp-content\/uploads\/sites\/3\/2024\/04\/onaliat-768x198.png 768w, https:\/\/sic.nodscloud.com\/nodsglobal\/wp-content\/uploads\/sites\/3\/2024\/04\/onaliat-700x180.png 700w, https:\/\/sic.nodscloud.com\/nodsglobal\/wp-content\/uploads\/sites\/3\/2024\/04\/onaliat.png 1164w\" sizes=\"(max-width: 1024px) 100vw, 1024px\" \/><\/div>\n<\/div>\n<\/div>\n<\/div>\n","protected":false},"excerpt":{"rendered":"<p>BECAS Y DESCUENTOS &nbsp; Descuento: Es la disminuci\u00f3n econ\u00f3mica promocional brindada al prospecto por tomar la decisi\u00f3n de iniciar con sus estudios. Descripci\u00f3n de descuento por programa: Licenciatura: Se brinda Mi Plan Aliat, valido por un a\u00f1o y es un sistema de costos escalonado. Maestr\u00eda:&#8230;<\/p>\n","protected":false},"author":16,"featured_media":0,"parent":0,"menu_order":0,"comment_status":"closed","ping_status":"closed","template":"","meta":{"footnotes":""},"class_list":["post-4169","page","type-page","status-publish","hentry"],"aioseo_notices":[],"_links":{"self":[{"href":"https:\/\/sic.nodscloud.com\/nodsglobal\/wp-json\/wp\/v2\/pages\/4169","targetHints":{"allow":["GET"]}}],"collection":[{"href":"https:\/\/sic.nodscloud.com\/nodsglobal\/wp-json\/wp\/v2\/pages"}],"about":[{"href":"https:\/\/sic.nodscloud.com\/nodsglobal\/wp-json\/wp\/v2\/types\/page"}],"author":[{"embeddable":true,"href":"https:\/\/sic.nodscloud.com\/nodsglobal\/wp-json\/wp\/v2\/users\/16"}],"replies":[{"embeddable":true,"href":"https:\/\/sic.nodscloud.com\/nodsglobal\/wp-json\/wp\/v2\/comments?post=4169"}],"version-history":[{"count":3,"href":"https:\/\/sic.nodscloud.com\/nodsglobal\/wp-json\/wp\/v2\/pages\/4169\/revisions"}],"predecessor-version":[{"id":4250,"href":"https:\/\/sic.nodscloud.com\/nodsglobal\/wp-json\/wp\/v2\/pages\/4169\/revisions\/4250"}],"wp:attachment":[{"href":"https:\/\/sic.nodscloud.com\/nodsglobal\/wp-json\/wp\/v2\/media?parent=4169"}],"curies":[{"name":"wp","href":"https:\/\/api.w.org\/{rel}","templated":true}]}}