
{"id":4331,"date":"2024-04-12T14:35:17","date_gmt":"2024-04-12T14:35:17","guid":{"rendered":"https:\/\/sic.nodscloud.com\/nodsglobal\/?page_id=4331"},"modified":"2024-06-18T19:05:09","modified_gmt":"2024-06-18T19:05:09","slug":"hoja-de-ruta-aliat","status":"publish","type":"page","link":"https:\/\/sic.nodscloud.com\/nodsglobal\/hoja-de-ruta-aliat\/","title":{"rendered":"Hoja de Ruta ALIAT"},"content":{"rendered":"<h1 style=\"text-align: center;\"><b>HOJA DE RUTA ALIAT<\/b><\/h1>\n<h3 style=\"text-align: center;\"><span style=\"font-weight: 500;\"><img fetchpriority=\"high\" decoding=\"async\" class=\"alignnone size-full wp-image-4203\" src=\"https:\/\/sic.nodscloud.com\/nodsglobal\/wp-content\/uploads\/sites\/3\/2024\/04\/images.png\" alt=\"\" width=\"483\" height=\"104\" srcset=\"https:\/\/sic.nodscloud.com\/nodsglobal\/wp-content\/uploads\/sites\/3\/2024\/04\/images.png 483w, https:\/\/sic.nodscloud.com\/nodsglobal\/wp-content\/uploads\/sites\/3\/2024\/04\/images-300x65.png 300w\" sizes=\"(max-width: 483px) 100vw, 483px\" \/><\/span><\/h3>\n<h3 style=\"text-align: center;\"><span style=\"font-weight: 500;\">D\u00edas de Capacitaci\u00f3n: 3 d\u00edas\u00a0<\/span><\/h3>\n<p>&nbsp;<\/p>\n<p><b>Temario por d\u00eda:<\/b><\/p>\n<h2 style=\"text-align: center;\"><b>D\u00eda 1: <\/b><span style=\"font-weight: 500; color: #0000ff;\">Inducci\u00f3n a la Universidad \/ Producto (6h)<\/span><\/h2>\n<p>&nbsp;<\/p>\n<ul>\n<li style=\"font-weight: 500;\" aria-level=\"1\">Bienvenida: Rol del Asesor telefonico<\/li>\n<\/ul>\n<ul>\n<li style=\"font-weight: 500;\" aria-level=\"1\">Induccion Comercial: \u00bfQuienes somos y que es On Aliat?<\/li>\n<\/ul>\n<ul>\n<li style=\"font-weight: 500;\" aria-level=\"1\">Induccion Comercial: Misi\u00f3n y visi\u00f3n<\/li>\n<\/ul>\n<p>&nbsp;<\/p>\n<p><strong>\u00a0 \u00a0 \u00a0 \u00a0 \u00a0Producto Oferta Comercial:\u00a0<\/strong><\/p>\n<ol>\n<li>Oferta Licenciaturas<\/li>\n<li>Oferta Maestr\u00edas<\/li>\n<li>Oferta Doctorados<\/li>\n<li>Formas de titulaci\u00f3n<\/li>\n<li>Centro de idiomas<\/li>\n<li>Doble programas<\/li>\n<\/ol>\n<ul>\n<li><strong>Diferenciadores\u00a0<\/strong><\/li>\n<\/ul>\n<ol>\n<li>Oficina Aliat Emprende<\/li>\n<li>Plataforma de Apoyo academico 24h<\/li>\n<li>Mentores y Docentes inspiradores<\/li>\n<li>Servicios al apoyo del Estudiante<\/li>\n<li>Oferta Acad\u00e9mica Innovadora<\/li>\n<\/ol>\n<ul>\n<li><strong>Equivalencias y particularidades<\/strong><\/li>\n<li><strong>Servicio Social<\/strong><\/li>\n<\/ul>\n<p>&nbsp;<\/p>\n<ul>\n<li><strong>Matriz de Calidad<\/strong><\/li>\n<\/ul>\n<p><span style=\"font-weight: 500;\">Actividad: Practico evaluativo (temario 1era capacitaci\u00f3n)<\/span><\/p>\n<hr \/>\n<p>&nbsp;<\/p>\n<h2 style=\"text-align: center;\"><b>D\u00eda 2:<\/b><span style=\"font-weight: 500; color: #0000ff;\">\u00a0 \u00a0Calculadora de Precios \/ Script de Venta\u00a0 (6h)<\/span><\/h2>\n<p>&nbsp;<\/p>\n<ul>\n<li style=\"font-weight: 500;\" aria-level=\"1\"><strong>FeedBack de 1er Evaluaci\u00f3n.<\/strong><\/li>\n<\/ul>\n<ul>\n<li style=\"font-weight: 500;\" aria-level=\"1\"><strong>Producto oferta Econ\u00f3mica: Calculadora de Precios\u00a0<\/strong><\/li>\n<\/ul>\n<ol>\n<li>Licenciaturas<\/li>\n<li>Psicolog\u00eda<\/li>\n<li>Maestr\u00edas<\/li>\n<\/ol>\n<p>&nbsp;<\/p>\n<ul>\n<li><b>Promociones<\/b><\/li>\n<\/ul>\n<ol>\n<li>Descuentos<\/li>\n<li>Becas<\/li>\n<li>Plan embajador<\/li>\n<\/ol>\n<ul>\n<li style=\"font-weight: 500;\" aria-level=\"1\"><strong>Script de Ventas\u00a0<\/strong><\/li>\n<\/ul>\n<p>&nbsp;<\/p>\n<ul>\n<li style=\"font-weight: 500;\" aria-level=\"1\"><strong>Audioteca de llamada\u00a0<\/strong><\/li>\n<\/ul>\n<p>&nbsp;<\/p>\n<ul>\n<li style=\"font-weight: 500;\" aria-level=\"1\"><strong>Role Play\u00a0<\/strong><\/li>\n<\/ul>\n<p>&nbsp;<\/p>\n<ul>\n<li style=\"font-weight: 500;\" aria-level=\"1\"><strong>Documentaci\u00f3n:\u00a0<\/strong><\/li>\n<\/ul>\n<ol>\n<li>Dict\u00e1menes<\/li>\n<li>Carta de compromiso<\/li>\n<li>Solicitud de Ingresos<\/li>\n<\/ol>\n<ul>\n<li style=\"font-weight: 500;\" aria-level=\"1\"><span style=\"font-weight: 500;\">Firma digital\u00a0<\/span><\/li>\n<li aria-level=\"1\"><\/li>\n<li>Acceso a Plataformas<\/li>\n<\/ul>\n<p><span style=\"font-weight: 500;\">Actividad: Pr\u00e1ctico evaluativo (temario 2da capacitaci\u00f3n)<\/span><\/p>\n<hr \/>\n<h2><\/h2>\n<h2 style=\"text-align: center;\"><b>D\u00eda 3:<\/b><span style=\"font-weight: 500; color: #0000ff;\">\u00a0 Herramienta de Pagos \/<\/span><span style=\"font-weight: 500; color: #0000ff;\">Uso del CRM\u00a0<\/span><span style=\"font-weight: 500; color: #0000ff;\">(6hs)<\/span><\/h2>\n<p>&nbsp;<\/p>\n<ul>\n<li><strong>FeedBack de 2da Evaluaci\u00f3n.<\/strong><\/li>\n<\/ul>\n<p>&nbsp;<\/p>\n<ul>\n<li style=\"font-weight: 500;\" aria-level=\"1\"><span style=\"font-weight: 500;\"><strong>M\u00e9todos de Pago:<\/strong> Pagos en L\u00ednea\u00a0\u00a0<\/span><\/li>\n<\/ul>\n<ul>\n<li style=\"font-weight: 500;\" aria-level=\"1\"><span style=\"font-weight: 500;\"><strong>M\u00e9todos de Pago:<\/strong> Mi Caja Aliat\u00a0<\/span><\/li>\n<\/ul>\n<ul>\n<li style=\"font-weight: 500;\" aria-level=\"1\"><strong>M\u00e9todos de Pago:<\/strong> Pr\u00e1cticas<\/li>\n<\/ul>\n<p>&nbsp;<\/p>\n<ul>\n<li><span style=\"font-weight: 500;\"><strong>Neotel:<\/strong> Uso correcto de la herramientas<\/span><span style=\"font-weight: 500;\">\u00a0<\/span><\/li>\n<\/ul>\n<p>&nbsp;<\/p>\n<ul>\n<li style=\"font-weight: 500;\" aria-level=\"1\"><span style=\"font-weight: 500;\"><strong>CRM Dymanics<\/strong>: Lectura de Pantalla\u00a0\u00a0<\/span><\/li>\n<\/ul>\n<ul>\n<li style=\"font-weight: 500;\" aria-level=\"1\"><span style=\"font-weight: 500;\"><strong>CRM Dymanics:<\/strong> Tipificaci\u00f3n\u00a0<\/span><\/li>\n<li><strong>CRM Dymanics:<\/strong> Pr\u00e1ctica B\u00fasqueda de Registro<\/li>\n<li style=\"font-weight: 500;\" aria-level=\"1\"><span style=\"font-weight: 500;\"><strong>CRM Dymanics:<\/strong> Creaci\u00f3n nuevo prospecto<\/span><\/li>\n<li style=\"font-weight: 500;\" aria-level=\"1\"><span style=\"font-weight: 500;\"><strong>CRM Dymanics:<\/strong> Carga Nuevo Registro<\/span><\/li>\n<li aria-level=\"1\"><span style=\"font-weight: 500;\"><strong>CRM Dymanics:<\/strong> Generaci\u00f3n de Matr\u00edcula\u00a0<\/span><\/li>\n<\/ul>\n<ul>\n<li style=\"text-align: left;\"><strong>Modelo de Certificiaci\u00f3n<\/strong><\/li>\n<\/ul>\n<p><img decoding=\"async\" class=\"wp-image-4211 aligncenter\" src=\"https:\/\/sic.nodscloud.com\/nodsglobal\/wp-content\/uploads\/sites\/3\/2024\/04\/onaliat-1024x264.png\" alt=\"\" width=\"589\" height=\"152\" srcset=\"https:\/\/sic.nodscloud.com\/nodsglobal\/wp-content\/uploads\/sites\/3\/2024\/04\/onaliat-1024x264.png 1024w, https:\/\/sic.nodscloud.com\/nodsglobal\/wp-content\/uploads\/sites\/3\/2024\/04\/onaliat-300x77.png 300w, https:\/\/sic.nodscloud.com\/nodsglobal\/wp-content\/uploads\/sites\/3\/2024\/04\/onaliat-768x198.png 768w, https:\/\/sic.nodscloud.com\/nodsglobal\/wp-content\/uploads\/sites\/3\/2024\/04\/onaliat-700x180.png 700w, https:\/\/sic.nodscloud.com\/nodsglobal\/wp-content\/uploads\/sites\/3\/2024\/04\/onaliat.png 1164w\" sizes=\"(max-width: 589px) 100vw, 589px\" \/><\/p>\n<p>&nbsp;<\/p>\n<p>&nbsp;<\/p>\n","protected":false},"excerpt":{"rendered":"<p>HOJA DE RUTA ALIAT D\u00edas de Capacitaci\u00f3n: 3 d\u00edas\u00a0 &nbsp; Temario por d\u00eda: D\u00eda 1: Inducci\u00f3n a la Universidad \/ Producto (6h) &nbsp; Bienvenida: Rol del Asesor telefonico Induccion Comercial: \u00bfQuienes somos y que es On Aliat? Induccion Comercial: Misi\u00f3n y visi\u00f3n &nbsp; \u00a0 \u00a0&#8230;<\/p>\n","protected":false},"author":16,"featured_media":0,"parent":0,"menu_order":0,"comment_status":"closed","ping_status":"closed","template":"","meta":{"footnotes":""},"class_list":["post-4331","page","type-page","status-publish","hentry"],"aioseo_notices":[],"_links":{"self":[{"href":"https:\/\/sic.nodscloud.com\/nodsglobal\/wp-json\/wp\/v2\/pages\/4331","targetHints":{"allow":["GET"]}}],"collection":[{"href":"https:\/\/sic.nodscloud.com\/nodsglobal\/wp-json\/wp\/v2\/pages"}],"about":[{"href":"https:\/\/sic.nodscloud.com\/nodsglobal\/wp-json\/wp\/v2\/types\/page"}],"author":[{"embeddable":true,"href":"https:\/\/sic.nodscloud.com\/nodsglobal\/wp-json\/wp\/v2\/users\/16"}],"replies":[{"embeddable":true,"href":"https:\/\/sic.nodscloud.com\/nodsglobal\/wp-json\/wp\/v2\/comments?post=4331"}],"version-history":[{"count":6,"href":"https:\/\/sic.nodscloud.com\/nodsglobal\/wp-json\/wp\/v2\/pages\/4331\/revisions"}],"predecessor-version":[{"id":4841,"href":"https:\/\/sic.nodscloud.com\/nodsglobal\/wp-json\/wp\/v2\/pages\/4331\/revisions\/4841"}],"wp:attachment":[{"href":"https:\/\/sic.nodscloud.com\/nodsglobal\/wp-json\/wp\/v2\/media?parent=4331"}],"curies":[{"name":"wp","href":"https:\/\/api.w.org\/{rel}","templated":true}]}}