
{"id":4356,"date":"2024-04-15T16:04:14","date_gmt":"2024-04-15T16:04:14","guid":{"rendered":"https:\/\/sic.nodscloud.com\/nodsglobal\/?page_id=4356"},"modified":"2024-04-15T18:06:41","modified_gmt":"2024-04-15T18:06:41","slug":"webinar-real-madrid","status":"publish","type":"page","link":"https:\/\/sic.nodscloud.com\/nodsglobal\/webinar-real-madrid\/","title":{"rendered":"Webinar REAL MADRID"},"content":{"rendered":"<p>[vc_row css_animation=\u00bb\u00bb row_type=\u00bbrow\u00bb use_row_as_full_screen_section=\u00bbno\u00bb type=\u00bbfull_width\u00bb angled_section=\u00bbno\u00bb text_align=\u00bbleft\u00bb background_image_as_pattern=\u00bbwithout_pattern\u00bb][vc_column][vc_column_text]<\/p>\n<h1 style=\"text-align: center;\"><span style=\"color: #008000;\"><strong>WEBINAR<\/strong><\/span><\/h1>\n<h3 style=\"text-align: center;\"><span style=\"color: #008000;\"><strong>UNIVERSIDAD EUROPEA &#8211; ESCUELA UNIVERSITARIA DEL REAL MADRID<\/strong><\/span><\/h3>\n<p><img fetchpriority=\"high\" decoding=\"async\" class=\"alignnone size-full wp-image-4363 aligncenter\" src=\"https:\/\/sic.nodscloud.com\/nodsglobal\/wp-content\/uploads\/sites\/3\/2024\/04\/eu.png\" alt=\"\" width=\"410\" height=\"183\" srcset=\"https:\/\/sic.nodscloud.com\/nodsglobal\/wp-content\/uploads\/sites\/3\/2024\/04\/eu.png 410w, https:\/\/sic.nodscloud.com\/nodsglobal\/wp-content\/uploads\/sites\/3\/2024\/04\/eu-300x134.png 300w\" sizes=\"(max-width: 410px) 100vw, 410px\" \/><\/p>\n<p>&nbsp;<\/p>\n<p>[\/vc_column_text][vc_video link=\u00bbhttps:\/\/youtu.be\/yS0LEYMTD_s\u00bb el_width=\u00bb90&#8243; align=\u00bbcenter\u00bb][\/vc_column][\/vc_row][vc_row css_animation=\u00bb\u00bb row_type=\u00bbrow\u00bb use_row_as_full_screen_section=\u00bbno\u00bb type=\u00bbfull_width\u00bb angled_section=\u00bbno\u00bb text_align=\u00bbleft\u00bb background_image_as_pattern=\u00bbwithout_pattern\u00bb][vc_column][\/vc_column][\/vc_row][vc_row css_animation=\u00bb\u00bb row_type=\u00bbrow\u00bb use_row_as_full_screen_section=\u00bbno\u00bb type=\u00bbfull_width\u00bb angled_section=\u00bbno\u00bb text_align=\u00bbleft\u00bb background_image_as_pattern=\u00bbwithout_pattern\u00bb][vc_column][vc_column_text]<\/p>\n<p>&nbsp;<\/p>\n<p class=\"MuiTypography-root MuiTypography-body1 css-1ht9rbj\">En la reuni\u00f3n se presentaron los programas de posgrado en colaboraci\u00f3n con la Escuela de Real Madrid, detallando el proceso de admisi\u00f3n y la importancia de la colaboraci\u00f3n de las agencias en este proceso. Se destac\u00f3 la evoluci\u00f3n de la educaci\u00f3n superior en deporte, la diversificaci\u00f3n de programas en \u00e1reas como empresa y tecnolog\u00eda, turismo deportivo, marketing y comunicaci\u00f3n, deporte y salud, y alto rendimiento deportivo, y el enfoque en la formaci\u00f3n pr\u00e1ctica y la alta empleabilidad de los egresados en la industria deportiva. Adem\u00e1s, se discuti\u00f3 la importancia de las entrevistas de admisi\u00f3n para evaluar los perfiles de los estudiantes y aclarar dudas sobre los programas acad\u00e9micos.<\/p>\n<div class=\"MuiCollapse-root MuiCollapse-vertical MuiCollapse-entered css-c4sutr\">\n<div class=\"MuiCollapse-wrapper MuiCollapse-vertical css-hboir5\">\n<div class=\"MuiCollapse-wrapperInner MuiCollapse-vertical css-8atqhb\">\n<div class=\"MuiStack-root css-4ip17j\">\n<p class=\"MuiTypography-root MuiTypography-body1 css-1ht9rbj\">Se enfatiz\u00f3 la exclusividad de la experiencia educativa que ofrece la colaboraci\u00f3n entre la Universidad Europea y el Real Madrid, la posibilidad de realizar pr\u00e1cticas profesionales en el club y la participaci\u00f3n de destacadas personalidades del deporte en conferencias y eventos. Tambi\u00e9n se destacaron las oportunidades de pr\u00e1cticas y empleo para estudiantes LATAM, mencionando la posibilidad de trabajar en el Club Celaya y la alta tasa de retenci\u00f3n de estudiantes en la industria. Adem\u00e1s, se discuti\u00f3 la importancia de los estudiantes involucrarse activamente en la b\u00fasqueda de empleo y la relevancia de los leads provenientes de agentes.<\/p>\n<\/div>\n<h2><\/h2>\n<h2><strong>Tarifario:<\/strong> \u00a0<strong><span style=\"color: #0000ff;\"><a style=\"color: #0000ff;\" href=\"https:\/\/sic.nodscloud.com\/nodsglobal\/wp-content\/uploads\/sites\/3\/2024\/04\/TARIFARIO-Real-Madrid-24-25.pdf\" target=\"_blank\" rel=\"noopener\">Descargar<\/a><\/span><\/strong><\/h2>\n<h2><strong>Presentaci\u00f3n de la Webinar : <span style=\"color: #0000ff;\"><a style=\"color: #0000ff;\" href=\"https:\/\/sic.nodscloud.com\/nodsglobal\/wp-content\/uploads\/sites\/3\/2024\/04\/INTRODUCCION-EURM-UE-2024-Alberto-1.pdf\" target=\"_blank\" rel=\"noopener\">Descargar<\/a><\/span><\/strong><\/h2>\n<\/div>\n<\/div>\n<\/div>\n<p>&nbsp;<\/p>\n","protected":false},"excerpt":{"rendered":"<p>[vc_row css_animation=\u00bb\u00bb row_type=\u00bbrow\u00bb use_row_as_full_screen_section=\u00bbno\u00bb type=\u00bbfull_width\u00bb angled_section=\u00bbno\u00bb text_align=\u00bbleft\u00bb background_image_as_pattern=\u00bbwithout_pattern\u00bb][vc_column][vc_column_text] WEBINAR UNIVERSIDAD EUROPEA &#8211; ESCUELA UNIVERSITARIA DEL REAL MADRID &nbsp; [\/vc_column_text][vc_video link=\u00bbhttps:\/\/youtu.be\/yS0LEYMTD_s\u00bb el_width=\u00bb90&#8243; align=\u00bbcenter\u00bb][\/vc_column][\/vc_row][vc_row css_animation=\u00bb\u00bb row_type=\u00bbrow\u00bb use_row_as_full_screen_section=\u00bbno\u00bb type=\u00bbfull_width\u00bb angled_section=\u00bbno\u00bb text_align=\u00bbleft\u00bb background_image_as_pattern=\u00bbwithout_pattern\u00bb][vc_column][\/vc_column][\/vc_row][vc_row css_animation=\u00bb\u00bb row_type=\u00bbrow\u00bb use_row_as_full_screen_section=\u00bbno\u00bb type=\u00bbfull_width\u00bb angled_section=\u00bbno\u00bb text_align=\u00bbleft\u00bb background_image_as_pattern=\u00bbwithout_pattern\u00bb][vc_column][vc_column_text] &nbsp; En la reuni\u00f3n se presentaron los programas de&#8230;<\/p>\n","protected":false},"author":16,"featured_media":0,"parent":0,"menu_order":0,"comment_status":"closed","ping_status":"closed","template":"","meta":{"footnotes":""},"class_list":["post-4356","page","type-page","status-publish","hentry"],"aioseo_notices":[],"_links":{"self":[{"href":"https:\/\/sic.nodscloud.com\/nodsglobal\/wp-json\/wp\/v2\/pages\/4356","targetHints":{"allow":["GET"]}}],"collection":[{"href":"https:\/\/sic.nodscloud.com\/nodsglobal\/wp-json\/wp\/v2\/pages"}],"about":[{"href":"https:\/\/sic.nodscloud.com\/nodsglobal\/wp-json\/wp\/v2\/types\/page"}],"author":[{"embeddable":true,"href":"https:\/\/sic.nodscloud.com\/nodsglobal\/wp-json\/wp\/v2\/users\/16"}],"replies":[{"embeddable":true,"href":"https:\/\/sic.nodscloud.com\/nodsglobal\/wp-json\/wp\/v2\/comments?post=4356"}],"version-history":[{"count":3,"href":"https:\/\/sic.nodscloud.com\/nodsglobal\/wp-json\/wp\/v2\/pages\/4356\/revisions"}],"predecessor-version":[{"id":4367,"href":"https:\/\/sic.nodscloud.com\/nodsglobal\/wp-json\/wp\/v2\/pages\/4356\/revisions\/4367"}],"wp:attachment":[{"href":"https:\/\/sic.nodscloud.com\/nodsglobal\/wp-json\/wp\/v2\/media?parent=4356"}],"curies":[{"name":"wp","href":"https:\/\/api.w.org\/{rel}","templated":true}]}}