
{"id":4375,"date":"2024-04-17T13:39:46","date_gmt":"2024-04-17T13:39:46","guid":{"rendered":"https:\/\/sic.nodscloud.com\/nodsglobal\/?page_id=4375"},"modified":"2024-04-23T13:02:59","modified_gmt":"2024-04-23T13:02:59","slug":"speech-2","status":"publish","type":"page","link":"https:\/\/sic.nodscloud.com\/nodsglobal\/speech-2\/","title":{"rendered":"Speech"},"content":{"rendered":"<h2>\u00a0 \u00a0 \u00a0 \u00a0 \u00a0 \u00a0 \u00a0 \u00a0 \u00a0 \u00a0 \u00a0 \u00a0 \u00a0 \u00a0 \u00a0 \u00a0<img decoding=\"async\" class=\"wp-image-3774 alignnone\" src=\"https:\/\/sic.nodscloud.com\/nodsglobal\/wp-content\/uploads\/sites\/3\/2023\/11\/logo-uniandes.png\" alt=\"\" width=\"277\" height=\"158\" srcset=\"https:\/\/sic.nodscloud.com\/nodsglobal\/wp-content\/uploads\/sites\/3\/2023\/11\/logo-uniandes.png 542w, https:\/\/sic.nodscloud.com\/nodsglobal\/wp-content\/uploads\/sites\/3\/2023\/11\/logo-uniandes-300x172.png 300w, https:\/\/sic.nodscloud.com\/nodsglobal\/wp-content\/uploads\/sites\/3\/2023\/11\/logo-uniandes-345x198.png 345w\" sizes=\"(max-width: 277px) 100vw, 277px\" \/><img decoding=\"async\" class=\"alignnone size-full wp-image-3775\" src=\"https:\/\/sic.nodscloud.com\/nodsglobal\/wp-content\/uploads\/sites\/3\/2023\/11\/crexeeducaciondigital_logo.jpg\" alt=\"\" width=\"200\" height=\"200\" srcset=\"https:\/\/sic.nodscloud.com\/nodsglobal\/wp-content\/uploads\/sites\/3\/2023\/11\/crexeeducaciondigital_logo.jpg 200w, https:\/\/sic.nodscloud.com\/nodsglobal\/wp-content\/uploads\/sites\/3\/2023\/11\/crexeeducaciondigital_logo-150x150.jpg 150w\" sizes=\"(max-width: 200px) 100vw, 200px\" \/><\/h2>\n<h1 style=\"text-align: center;\"><span style=\"color: #008000;\"><strong>Speech de Llamada <\/strong><\/span><\/h1>\n<h1 style=\"text-align: center;\"><span style=\"color: #008000;\"><strong>Uniandes \/ Crexe\u00a0<\/strong><\/span><\/h1>\n<p>&nbsp;<\/p>\n<h2><\/h2>\n<p>&nbsp;<\/p>\n<h2><span style=\"color: #008000;\"><strong>PRESENTACI\u00d3N<\/strong><\/span><\/h2>\n<p>&nbsp;<\/p>\n<p>Buenos (d\u00edas\/tardes) \u00bfhablo con (nombre del lead registrado)?<br \/>\nUn gusto saludarlo, habla con (nombre del asesor) de la Universidad de Los Andes.<br \/>\nEspero que se encuentre muy bien.<\/p>\n<p>El motivo de esta llamada es porque queremos ofrecerle la informaci\u00f3n que requiera, ya que evidenciamos su inter\u00e9s en el proceso de inscripci\u00f3n al programa (nombre del programa) \u00bfEste es el programa de su inter\u00e9s? \u00bfCorrecto?<\/p>\n<p>Antes, quisiera indicarle que esta llamada puede estar siendo grabada y monitoreada para efectos de la calidad en el servicio.<\/p>\n<p>Esperar la respuesta del lead sobre el inter\u00e9s en el programa.<\/p>\n<p>&nbsp;<\/p>\n<h2><span style=\"color: #008000;\"><strong>ASESORAMIENTO ACAD\u00c9MICO:<\/strong><\/span><\/h2>\n<p>&nbsp;<\/p>\n<p>De acuerdo. Para empezar, quisiera saber si tiene alguna informaci\u00f3n del programa y si conoce la Universidad de los Andes.<\/p>\n<p>Si el lead indica que no: Se debe comentar respecto de la Universidad de los Andes, comentarle el prestigio y los beneficios de estudiar all\u00ed.<br \/>\nLuego proceder a brindar informaci\u00f3n del Programa, indicar las ventajas, beneficios y diferenciales.<\/p>\n<p>Si el lead indica que s\u00ed: Se procede a complementar la informaci\u00f3n que tiene destacando ventajas, beneficios y diferenciales del programa y de estudiar en la Universidad de los Andes.<\/p>\n<p>Informaci\u00f3n que puede utilizar el asesor de manera orientativa:<br \/>\nInformaci\u00f3n de la Universidad:<br \/>\nLa Universidad de los Andes, es la N\u00b01 de Colombia, es la Sexta mejor universidad de Latinoam\u00e9rica y est\u00e1 dentro de las mejores 200 Universidades del Mundo. En cuanto a la Facultad de Administraci\u00f3n de la Universidad de los Andes, es la \u00fanica en Colombia que cuenta con la Triple Corona de acreditaciones internacionales: AACSB, EQUIS y AMBA. Solo 1% de las escuelas de negocio a nivel mundial cuentan con esta distinci\u00f3n.<\/p>\n<p>&nbsp;<\/p>\n<h2><span style=\"color: #008000;\"><strong>Nuestros Diferenciales:<\/strong><\/span><\/h2>\n<p>&nbsp;<\/p>\n<p>Programas con Global Minds: Accede a referentes del \u00e1rea y aprende de las personalidades m\u00e1s exitosas del mundo, tales como James Hunter y Andrew McAfee., quienes participaron cocreando y dise\u00f1ando este programa .<\/p>\n<p>&nbsp;<\/p>\n<p><span style=\"color: #008000;\"><strong>James Hunter:<\/strong><\/span><br \/>\nAutor de tres (3) libros de gran \u00e9xito internacional que han vendido m\u00e1s de 5,5 millones de copias.<br \/>\nConferencista, reconocido por dirigirse a audiencias de todo el mundo sobre temas de liderazgo, cultura y creaci\u00f3n de equipos de alto rendimiento.<\/p>\n<p><span style=\"color: #008000;\"><strong>Andrew McAfee:<\/strong><\/span><br \/>\nCofundador y Codirector de la Iniciativa de la Econom\u00eda Digital del MIT y<br \/>\nCient\u00edfico Principal de Investigaci\u00f3n en la Escuela de Administraci\u00f3n Sloan del MIT.<br \/>\nMcAfee Investiga y estudia c\u00f3mo las tecnolog\u00edas digitales est\u00e1n transformando el mundo.<br \/>\nThe Geek Way: Su pr\u00f3ximo libro revela c\u00f3mo las empresas Geek se destacan al ser m\u00e1s flexibles, r\u00e1pidas, basadas en evidencia, igualitarias, argumentativas y aut\u00f3nomas que las de la Era Industrial.<br \/>\no Sesiones de Networking y Relacionamiento: Construye una red con profesionales y establece contactos de relevancia para tu \u00e1rea.<br \/>\no 50% clases en vivo | 50% contenido interactivo: Con\u00e9ctate con modalidad online desde cualquier lugar del mundo.<br \/>\no Contenido interactivo y visual de calidad premium: Vive una experiencia de aprendizaje ejecutivo con recursos digitales de alta calidad a tu disposici\u00f3n<\/p>\n<p>&nbsp;<\/p>\n<h2><span style=\"color: #008000;\"><strong>CIERRE PARCIAL:<\/strong><\/span><\/h2>\n<p>&nbsp;<\/p>\n<p>(Nombre del lead registrado), hasta el momento alguna duda o consulta de la informaci\u00f3n brindada?<\/p>\n<p>Si tiene dudas o consultas: Se procede a despejarlas para lograr un asesoramiento efectivo.<\/p>\n<p>Si no tiene dudas o consultas: Proceder a comentarle de la inversi\u00f3n requerida para iniciar su proceso de inscripci\u00f3n y asesorar como se la realiza la misma.<\/p>\n<p>&nbsp;<\/p>\n<h2><strong><span style=\"color: #008000;\">CIERRE PARCIAL:<\/span><\/strong><\/h2>\n<p>&nbsp;<\/p>\n<p>Respecto a lo informado le parece que avancemos en la inscripci\u00f3n a este programa? o le parece que le acompa\u00f1e en la inscripci\u00f3n a este programa?<\/p>\n<p>Si nos dice que si: Avanzamos con el proceso de inscripci\u00f3n.<\/p>\n<p>Si nos dice que no: Aqu\u00ed se aperturan las objeciones<\/p>\n<p>Posibles objeciones (solo a modo ejemplo)<\/p>\n<p>1 &#8211; Tema precios: En este caso ofrecer posibles descuentos seg\u00fan el caso.<\/p>\n<p>Ejemplo: Sr xxx, el precio del programa es de $xxx (bajar descuentos correspondiente seg\u00fan la base) y tiene la posibilidad de financiar el pago en xx cuotas aprobandose de manera inmediata de acuerdo al perfil crediticio.<\/p>\n<p>2 &#8211; Quiere inscribirse m\u00e1s adelante: En este caso se ofrecer\u00e1n descuentos indicando que son para mes actual y as\u00ed lograr cerrar en el momento.<br \/>\nEjemplo: Sr, le comento que este precio con este beneficio que le estoy comentando, es por tiempo limitado, por lo tanto, deber\u00edamos cerrarlo cuanto antes. \u00bfLe parece que avancemos en la inscripci\u00f3n?<\/p>\n<p>3- No tengo tiempo para hacer el programa: En este caso debemos destacar la modalidad de cursado. (virtual y con clases grabados).<\/p>\n<p>Ejemplo: Sr, respecto a esto, le comento que el gran beneficio de nuestro programa referido a tiempos, es que es totalmente virtual, y adem\u00e1s al tener el 50% de las clases grabadas , si no puede participar en el momento , luego cuando tenga disponibilidad accede a ellas desde cualquier lugar del mundo.<\/p>\n<p>&nbsp;<\/p>\n<h2><strong><span style=\"color: #008000;\">CIERRE DE LLAMADA:<\/span><\/strong><\/h2>\n<p>(Nombre del lead), fue un gusto atenderle el d\u00eda de hoy, recuerde que habl\u00f3 con<br \/>\n(nombre del asesor) de la Universidad de Los Andes que tenga buen d\u00eda. Espero que la informaci\u00f3n ofrecida haya sido pertinente y \u00fatil para usted.<br \/>\nSi quedo en volver a contactar: Al finalizar la llamada le recordar\u00e1 que se volver\u00e1 a contactar en el d\u00eda y horario pactado con el aspirante.<\/p>\n<p>Si nos preguntan por CREXE:<br \/>\nEn la Universidad de los Andes ampliamos nuestros programas de Executive Education en modalidad virtual y nos hemos aliado con CreXe para transformar el mundo de la educaci\u00f3n virtual. Fusionamos la experiencia de Executive Education de la Facultad de Administraci\u00f3n con nuestra Facultad de Medicina para ofrecer de la mano de CreXe programas premium y la posibilidad de estudiar con las mentes m\u00e1s brillantes del mundo.<\/p>\n","protected":false},"excerpt":{"rendered":"<p>\u00a0 \u00a0 \u00a0 \u00a0 \u00a0 \u00a0 \u00a0 \u00a0 \u00a0 \u00a0 \u00a0 \u00a0 \u00a0 \u00a0 \u00a0 \u00a0 Speech de Llamada Uniandes \/ Crexe\u00a0 &nbsp; &nbsp; PRESENTACI\u00d3N &nbsp; Buenos (d\u00edas\/tardes) \u00bfhablo con (nombre del lead registrado)? Un gusto saludarlo, habla con (nombre del asesor) de la Universidad&#8230;<\/p>\n","protected":false},"author":16,"featured_media":0,"parent":0,"menu_order":0,"comment_status":"closed","ping_status":"closed","template":"","meta":{"footnotes":""},"class_list":["post-4375","page","type-page","status-publish","hentry"],"aioseo_notices":[],"_links":{"self":[{"href":"https:\/\/sic.nodscloud.com\/nodsglobal\/wp-json\/wp\/v2\/pages\/4375","targetHints":{"allow":["GET"]}}],"collection":[{"href":"https:\/\/sic.nodscloud.com\/nodsglobal\/wp-json\/wp\/v2\/pages"}],"about":[{"href":"https:\/\/sic.nodscloud.com\/nodsglobal\/wp-json\/wp\/v2\/types\/page"}],"author":[{"embeddable":true,"href":"https:\/\/sic.nodscloud.com\/nodsglobal\/wp-json\/wp\/v2\/users\/16"}],"replies":[{"embeddable":true,"href":"https:\/\/sic.nodscloud.com\/nodsglobal\/wp-json\/wp\/v2\/comments?post=4375"}],"version-history":[{"count":5,"href":"https:\/\/sic.nodscloud.com\/nodsglobal\/wp-json\/wp\/v2\/pages\/4375\/revisions"}],"predecessor-version":[{"id":4389,"href":"https:\/\/sic.nodscloud.com\/nodsglobal\/wp-json\/wp\/v2\/pages\/4375\/revisions\/4389"}],"wp:attachment":[{"href":"https:\/\/sic.nodscloud.com\/nodsglobal\/wp-json\/wp\/v2\/media?parent=4375"}],"curies":[{"name":"wp","href":"https:\/\/api.w.org\/{rel}","templated":true}]}}