
{"id":4421,"date":"2024-04-23T14:24:03","date_gmt":"2024-04-23T14:24:03","guid":{"rendered":"https:\/\/sic.nodscloud.com\/nodsglobal\/?page_id=4421"},"modified":"2024-04-23T14:24:03","modified_gmt":"2024-04-23T14:24:03","slug":"speech-de-llamada-3","status":"publish","type":"page","link":"https:\/\/sic.nodscloud.com\/nodsglobal\/speech-de-llamada-3\/","title":{"rendered":"Speech de Llamada"},"content":{"rendered":"<h2 style=\"text-align: center;\"><span style=\"color: #008000;\"><strong><img fetchpriority=\"high\" decoding=\"async\" class=\"alignnone wp-image-4422\" src=\"https:\/\/sic.nodscloud.com\/nodsglobal\/wp-content\/uploads\/sites\/3\/2024\/04\/universidad-kennedy.jpeg\" alt=\"\" width=\"395\" height=\"253\" srcset=\"https:\/\/sic.nodscloud.com\/nodsglobal\/wp-content\/uploads\/sites\/3\/2024\/04\/universidad-kennedy.jpeg 623w, https:\/\/sic.nodscloud.com\/nodsglobal\/wp-content\/uploads\/sites\/3\/2024\/04\/universidad-kennedy-300x192.jpeg 300w\" sizes=\"(max-width: 395px) 100vw, 395px\" \/><\/strong><\/span><\/h2>\n<h2 style=\"text-align: center;\"><span style=\"color: #008000;\"><strong>Speech de Llamada\u00a0<\/strong><\/span><\/h2>\n<h2 style=\"text-align: center;\"><span style=\"color: #008000;\"><strong>Universidad Kennedy<\/strong><\/span><\/h2>\n<p>&nbsp;<\/p>\n<ul>\n<li aria-level=\"1\"><b>PRESENTACI\u00d3N \/ SPEECH<\/b><\/li>\n<\/ul>\n<p><span style=\"font-weight: 400;\">&#8211; \u00a1Hola, Buenas tardes! \u00bfHablo con <\/span><span style=\"font-weight: 400;\">XXXXXXX<\/span><span style=\"font-weight: 400;\">?<\/span><\/p>\n<p><span style=\"font-weight: 400;\">&#8211; Mi nombre es <\/span><span style=\"font-weight: 400;\">XXXXXX<\/span><span style=\"font-weight: 400;\">, su asesora educativa de Universidad Kennedy<\/span><\/p>\n<p><b><\/b><\/p>\n<ul>\n<li aria-level=\"1\"><b>DESCRIPCI\u00d3N DEL DIPLOMADO EN TRES L\u00cdNEAS<\/b><\/li>\n<\/ul>\n<p><span style=\"font-weight: 400;\">&#8211; Hemos recibido su inter\u00e9s por el <\/span><span style=\"font-weight: 400;\">M\u00e1ster en Psicoanalisis.<\/span><\/p>\n<p><span style=\"font-weight: 400;\">&#8211; Usted solicit\u00f3 informaci\u00f3n sobre el <\/span><span style=\"font-weight: 400;\">Doctorado en Derecho<\/span><\/p>\n<p><b><\/b><\/p>\n<ul>\n<li aria-level=\"1\"><b>ESCUCHA ACTIVA<\/b><\/li>\n<\/ul>\n<p><span style=\"font-weight: 400;\">Verificamos si recibi\u00f3 la informaci\u00f3n, o si tiene alguna duda concreta. De no ser as\u00ed contin\u00fao con la estructura de llamada.\u00a0<\/span><\/p>\n<p><b><\/b><\/p>\n<ul>\n<li aria-level=\"1\"><b>SONDEO<\/b><\/li>\n<\/ul>\n<p><span style=\"font-weight: 400;\">&#8211; \u00bfQu\u00e9 le llam\u00f3 la atenci\u00f3n de este postgrado?<\/span><\/p>\n<p><span style=\"font-weight: 400;\">&#8211; \u00bfCu\u00e1l es tu t\u00edtulo profesional o de que ejerce?<\/span><\/p>\n<p><span style=\"font-weight: 400;\">&#8211; \u00bfCu\u00e1les son sus expectativas respecto a esta formaci\u00f3n?<\/span><\/p>\n<p><b><\/b><\/p>\n<ul>\n<li aria-level=\"1\"><b>DESCRIPCI\u00d3N DEL PROGRAMA\u00a0<\/b><\/li>\n<\/ul>\n<p><b>Modalidad de cursado<\/b><\/p>\n<ul>\n<li style=\"font-weight: 400;\" aria-level=\"2\"><span style=\"font-weight: 400;\">Fecha de inicio<\/span><\/li>\n<li style=\"font-weight: 400;\" aria-level=\"2\"><span style=\"font-weight: 400;\">D\u00edas de cursado<\/span><\/li>\n<li style=\"font-weight: 400;\" aria-level=\"2\"><span style=\"font-weight: 400;\">Duraci\u00f3n del programa<\/span><\/li>\n<li style=\"font-weight: 400;\" aria-level=\"2\"><span style=\"font-weight: 400;\">Sede de cursada<\/span><\/li>\n<\/ul>\n<p><b><\/b><\/p>\n<ul>\n<li aria-level=\"1\"><b>REQUISITOS Y PROCESO DE ADMISI\u00d3N*<\/b><\/li>\n<\/ul>\n<ul>\n<li style=\"font-weight: 400;\" aria-level=\"1\"><span style=\"font-weight: 400;\">Para poder inscribirse al posgrado solicitado, la Universidad Kennedy tiene un proceso de selecci\u00f3n de los alumnos habilitados para el cursado. Asimismo, los son requisitos:<\/span><\/li>\n<li style=\"font-weight: 400;\" aria-level=\"1\"><span style=\"font-weight: 400;\">T\u00edtulo Universitario o constancia de t\u00edtulo en tr\u00e1mite\u00a0<\/span><\/li>\n<li style=\"font-weight: 400;\" aria-level=\"1\"><span style=\"font-weight: 400;\">Una foto 4\u00d74\u00a0<\/span><\/li>\n<li style=\"font-weight: 400;\" aria-level=\"1\"><span style=\"font-weight: 400;\">Fotocopia del Documento Nacional de Identidad (1\u00ba y 2\u00ba hojas).\u00a0<\/span><\/li>\n<li style=\"font-weight: 400;\" aria-level=\"1\"><span style=\"font-weight: 400;\">Contrato\u00a0<\/span><\/li>\n<li style=\"font-weight: 400;\" aria-level=\"1\"><span style=\"font-weight: 400;\">*Certificado de vacunas contra HEPATITIS B Y TRIPLE DE ADULTOS (solo para el posgrado en Especializaci\u00f3n en Ortodoncia y Ortopedia Maxilar)<\/span><\/li>\n<li style=\"font-weight: 400;\" aria-level=\"1\"><span style=\"font-weight: 400;\">Una vez presentada la documentaci\u00f3n en forma digital que deber\u00e1 enviar a admisionesposgrados@kennedy.edu.ar, y lo pondremos en contacto con el Director del posgrado o el Comit\u00e9 Acad\u00e9mico para coordinar su entrevista acad\u00e9mica.<\/span><\/li>\n<\/ul>\n<p><span style=\"font-weight: 400;\">Y ser\u00e1 requisito la aprobaci\u00f3n de admisi\u00f3n por parte de la Autoridad Acad\u00e9mica del Posgrado.<\/span><\/p>\n<p><b><\/b><\/p>\n<ul>\n<li aria-level=\"1\"><b>POR \u00daLTIMO y m\u00e1s importante<\/b><\/li>\n<\/ul>\n<p><span style=\"font-weight: 400;\">&#8211; Matr\u00edcula<\/span><\/p>\n<p><span style=\"font-weight: 400;\">&#8211; Arancel\u00a0<\/span><\/p>\n<p><span style=\"font-weight: 400;\">&#8211; Medios de pago<\/span><\/p>\n<p><span style=\"font-weight: 400;\">&#8211; Descuentos o beneficios de Beca<\/span><\/p>\n<p>&nbsp;<\/p>\n","protected":false},"excerpt":{"rendered":"<p>Speech de Llamada\u00a0 Universidad Kennedy &nbsp; PRESENTACI\u00d3N \/ SPEECH &#8211; \u00a1Hola, Buenas tardes! \u00bfHablo con XXXXXXX? &#8211; Mi nombre es XXXXXX, su asesora educativa de Universidad Kennedy DESCRIPCI\u00d3N DEL DIPLOMADO EN TRES L\u00cdNEAS &#8211; Hemos recibido su inter\u00e9s por el M\u00e1ster en Psicoanalisis. &#8211; Usted&#8230;<\/p>\n","protected":false},"author":16,"featured_media":0,"parent":0,"menu_order":0,"comment_status":"closed","ping_status":"closed","template":"","meta":{"footnotes":""},"class_list":["post-4421","page","type-page","status-publish","hentry"],"aioseo_notices":[],"_links":{"self":[{"href":"https:\/\/sic.nodscloud.com\/nodsglobal\/wp-json\/wp\/v2\/pages\/4421","targetHints":{"allow":["GET"]}}],"collection":[{"href":"https:\/\/sic.nodscloud.com\/nodsglobal\/wp-json\/wp\/v2\/pages"}],"about":[{"href":"https:\/\/sic.nodscloud.com\/nodsglobal\/wp-json\/wp\/v2\/types\/page"}],"author":[{"embeddable":true,"href":"https:\/\/sic.nodscloud.com\/nodsglobal\/wp-json\/wp\/v2\/users\/16"}],"replies":[{"embeddable":true,"href":"https:\/\/sic.nodscloud.com\/nodsglobal\/wp-json\/wp\/v2\/comments?post=4421"}],"version-history":[{"count":2,"href":"https:\/\/sic.nodscloud.com\/nodsglobal\/wp-json\/wp\/v2\/pages\/4421\/revisions"}],"predecessor-version":[{"id":4424,"href":"https:\/\/sic.nodscloud.com\/nodsglobal\/wp-json\/wp\/v2\/pages\/4421\/revisions\/4424"}],"wp:attachment":[{"href":"https:\/\/sic.nodscloud.com\/nodsglobal\/wp-json\/wp\/v2\/media?parent=4421"}],"curies":[{"name":"wp","href":"https:\/\/api.w.org\/{rel}","templated":true}]}}