
{"id":4462,"date":"2024-04-24T13:33:55","date_gmt":"2024-04-24T13:33:55","guid":{"rendered":"https:\/\/sic.nodscloud.com\/nodsglobal\/?page_id=4462"},"modified":"2024-05-06T12:57:06","modified_gmt":"2024-05-06T12:57:06","slug":"instructivo-de-uso","status":"publish","type":"page","link":"https:\/\/sic.nodscloud.com\/nodsglobal\/instructivo-de-uso\/","title":{"rendered":"Instructivo de uso"},"content":{"rendered":"<h1 style=\"text-align: center;\"><span style=\"color: #008000;\"><strong><img decoding=\"async\" class=\"alignnone wp-image-4465\" src=\"https:\/\/sic.nodscloud.com\/nodsglobal\/wp-content\/uploads\/sites\/3\/2024\/04\/106px-HubSpot_Logo.svg_.png\" alt=\"\" width=\"181\" height=\"53\" \/><\/strong><\/span><\/h1>\n<h1 style=\"text-align: center;\"><span style=\"color: #008000;\"><strong>INSTRUCTIVO DE HUBSPOT<\/strong><\/span><\/h1>\n<h2 style=\"text-align: center;\"><span style=\"color: #0000ff;\"><strong><a style=\"color: #0000ff;\" href=\"https:\/\/sic.nodscloud.com\/nodsglobal\/wp-content\/uploads\/sites\/3\/2024\/04\/INSTRUCTIVO-DE-HUBSPOT-Javeriana.pdf\">VER AQU\u00cd<\/a><\/strong><\/span><\/h2>\n<p style=\"text-align: center;\"><img decoding=\"async\" class=\"alignnone wp-image-4459\" style=\"text-align: start;\" src=\"https:\/\/sic.nodscloud.com\/nodsglobal\/wp-content\/uploads\/sites\/3\/2024\/04\/196-1960563_mouse-click-clique-hand-cursor-png-transparent-png-removebg-preview.png\" alt=\"\" width=\"50\" height=\"67\" srcset=\"https:\/\/sic.nodscloud.com\/nodsglobal\/wp-content\/uploads\/sites\/3\/2024\/04\/196-1960563_mouse-click-clique-hand-cursor-png-transparent-png-removebg-preview.png 432w, https:\/\/sic.nodscloud.com\/nodsglobal\/wp-content\/uploads\/sites\/3\/2024\/04\/196-1960563_mouse-click-clique-hand-cursor-png-transparent-png-removebg-preview-224x300.png 224w\" sizes=\"(max-width: 50px) 100vw, 50px\" \/><\/p>\n<p>&nbsp;<\/p>\n<h1 style=\"text-align: center;\"><span style=\"color: #008000;\"><strong>INSTRUCTIVO GESTI\u00d3N CORRECTA<\/strong><\/span><\/h1>\n<h2 style=\"text-align: center;\"><span style=\"color: #0000ff;\"><strong><a style=\"color: #0000ff;\" href=\"https:\/\/sic.nodscloud.com\/nodsglobal\/wp-content\/uploads\/sites\/3\/2024\/04\/INSTRUCTIVO-DE-HUBSPOT-Javeriana.pdf\" target=\"_blank\" rel=\"noopener\">VER AQU\u00cd<\/a><\/strong><\/span><\/h2>\n<p style=\"text-align: center;\"><img decoding=\"async\" class=\"alignnone wp-image-4459\" style=\"text-align: start;\" src=\"https:\/\/sic.nodscloud.com\/nodsglobal\/wp-content\/uploads\/sites\/3\/2024\/04\/196-1960563_mouse-click-clique-hand-cursor-png-transparent-png-removebg-preview.png\" alt=\"\" width=\"50\" height=\"67\" srcset=\"https:\/\/sic.nodscloud.com\/nodsglobal\/wp-content\/uploads\/sites\/3\/2024\/04\/196-1960563_mouse-click-clique-hand-cursor-png-transparent-png-removebg-preview.png 432w, https:\/\/sic.nodscloud.com\/nodsglobal\/wp-content\/uploads\/sites\/3\/2024\/04\/196-1960563_mouse-click-clique-hand-cursor-png-transparent-png-removebg-preview-224x300.png 224w\" sizes=\"(max-width: 50px) 100vw, 50px\" \/><\/p>\n","protected":false},"excerpt":{"rendered":"<p>INSTRUCTIVO DE HUBSPOT VER AQU\u00cd &nbsp; INSTRUCTIVO GESTI\u00d3N CORRECTA VER AQU\u00cd<\/p>\n","protected":false},"author":16,"featured_media":0,"parent":0,"menu_order":0,"comment_status":"closed","ping_status":"closed","template":"","meta":{"footnotes":""},"class_list":["post-4462","page","type-page","status-publish","hentry"],"aioseo_notices":[],"_links":{"self":[{"href":"https:\/\/sic.nodscloud.com\/nodsglobal\/wp-json\/wp\/v2\/pages\/4462","targetHints":{"allow":["GET"]}}],"collection":[{"href":"https:\/\/sic.nodscloud.com\/nodsglobal\/wp-json\/wp\/v2\/pages"}],"about":[{"href":"https:\/\/sic.nodscloud.com\/nodsglobal\/wp-json\/wp\/v2\/types\/page"}],"author":[{"embeddable":true,"href":"https:\/\/sic.nodscloud.com\/nodsglobal\/wp-json\/wp\/v2\/users\/16"}],"replies":[{"embeddable":true,"href":"https:\/\/sic.nodscloud.com\/nodsglobal\/wp-json\/wp\/v2\/comments?post=4462"}],"version-history":[{"count":7,"href":"https:\/\/sic.nodscloud.com\/nodsglobal\/wp-json\/wp\/v2\/pages\/4462\/revisions"}],"predecessor-version":[{"id":4586,"href":"https:\/\/sic.nodscloud.com\/nodsglobal\/wp-json\/wp\/v2\/pages\/4462\/revisions\/4586"}],"wp:attachment":[{"href":"https:\/\/sic.nodscloud.com\/nodsglobal\/wp-json\/wp\/v2\/media?parent=4462"}],"curies":[{"name":"wp","href":"https:\/\/api.w.org\/{rel}","templated":true}]}}