
{"id":4641,"date":"2024-05-17T14:14:42","date_gmt":"2024-05-17T14:14:42","guid":{"rendered":"https:\/\/sic.nodscloud.com\/nodsglobal\/?page_id=4641"},"modified":"2025-02-03T20:42:46","modified_gmt":"2025-02-03T20:42:46","slug":"precios","status":"publish","type":"page","link":"https:\/\/sic.nodscloud.com\/nodsglobal\/precios\/","title":{"rendered":"Precios \/ Descuentos\/ Link de Pago"},"content":{"rendered":"<p><img fetchpriority=\"high\" decoding=\"async\" class=\"alignnone size-full wp-image-3774 aligncenter\" src=\"https:\/\/sic.nodscloud.com\/nodsglobal\/wp-content\/uploads\/sites\/3\/2023\/11\/logo-uniandes.png\" alt=\"\" width=\"542\" height=\"310\" srcset=\"https:\/\/sic.nodscloud.com\/nodsglobal\/wp-content\/uploads\/sites\/3\/2023\/11\/logo-uniandes.png 542w, https:\/\/sic.nodscloud.com\/nodsglobal\/wp-content\/uploads\/sites\/3\/2023\/11\/logo-uniandes-300x172.png 300w, https:\/\/sic.nodscloud.com\/nodsglobal\/wp-content\/uploads\/sites\/3\/2023\/11\/logo-uniandes-345x198.png 345w\" sizes=\"(max-width: 542px) 100vw, 542px\" \/><\/p>\n<h1 style=\"text-align: center\"><span style=\"color: #008000\"><strong>PRECIOS DE CONTADO<\/strong><\/span><\/h1>\n<h2><strong><img decoding=\"async\" class=\" wp-image-6364 aligncenter\" src=\"https:\/\/sic.nodscloud.com\/nodsglobal\/wp-content\/uploads\/sites\/3\/2025\/02\/descuentos-crexe-300x63.png\" alt=\"\" width=\"728\" height=\"153\" srcset=\"https:\/\/sic.nodscloud.com\/nodsglobal\/wp-content\/uploads\/sites\/3\/2025\/02\/descuentos-crexe-300x63.png 300w, https:\/\/sic.nodscloud.com\/nodsglobal\/wp-content\/uploads\/sites\/3\/2025\/02\/descuentos-crexe.png 683w\" sizes=\"(max-width: 728px) 100vw, 728px\" \/><\/strong><\/h2>\n<p style=\"text-align: center\"><strong>\u00a1ATENCION!<\/strong> <strong>Los descuentos aplican solo para pagos de contado<\/strong>, <strong>PRONTO PAGO: solo habilitado durante Febrero.<\/strong><\/p>\n<p>&nbsp;<\/p>\n<h2><strong>Botones de Pago SIRE\u00a0<\/strong><\/h2>\n<p>Liderando Organizaciones Conscientes <span style=\"color: #0000ff\"><a style=\"color: #0000ff\" href=\"https:\/\/recaudos.uniandes.edu.co\/pagos\/login.xhtml?unidadCodigo=ADMI&amp;dependenciaId=104&amp;productoId=16947\" target=\"_blank\" rel=\"noopener\"><strong>BOT\u00d3N DE PAGO<\/strong><\/a><\/span><\/p>\n<p>Growth Mindset: Liderazgo Resiliente <span style=\"color: #0000ff\"><a style=\"color: #0000ff\" href=\"https:\/\/recaudos.uniandes.edu.co\/pagos\/login.xhtml?unidadCodigo=ADMI&amp;dependenciaId=104&amp;productoId=16946\" target=\"_blank\" rel=\"noopener\"><strong>BOT\u00d3N DE PAGO<\/strong><\/a><\/span><\/p>\n<p>Neurociencia y Mindfulness <span style=\"color: #0000ff\"><a style=\"color: #0000ff\" href=\"https:\/\/recaudos.uniandes.edu.co\/pagos\/login.xhtml?unidadCodigo=ADMI&amp;dependenciaId=104&amp;productoId=16948\" target=\"_blank\" rel=\"noopener\"><strong>BOT\u00d3N DE PAGO<\/strong><\/a><\/span><\/p>\n<p>Management Humanizado <span style=\"color: #0000ff\"><strong><a style=\"color: #0000ff\" href=\"https:\/\/recaudos.uniandes.edu.co\/pagos\/login.xhtml?unidadCodigo=ADMI&amp;dependenciaId=104&amp;productoId=18852\">BOT\u00d3N DE PAGO<\/a><\/strong><\/span><\/p>\n<p>Gesti\u00f3n en Salud <span style=\"color: #0000ff\"><strong><a style=\"color: #0000ff\" href=\"https:\/\/recaudos.uniandes.edu.co\/pagos\/login.xhtml?unidadCodigo=ADMI&amp;dependenciaId=104&amp;productoId=18851\">BOT\u00d3N DE PAGO<\/a><\/strong><\/span><\/p>\n<p>Salud 4.0 <span style=\"color: #0000ff\"><strong><a style=\"color: #0000ff\" href=\"https:\/\/recaudos.uniandes.edu.co\/pagos\/login.xhtml?unidadCodigo=ADMI&amp;dependenciaId=104&amp;productoId=18850\">BOT\u00d3N DE PAGO<\/a><\/strong><\/span><\/p>\n<p>&nbsp;<\/p>\n<h1 style=\"text-align: center\"><span style=\"color: #008000\"><strong>PRECIOS FINANCIADOS<\/strong><\/span><\/h1>\n<p><img decoding=\"async\" class=\" wp-image-6361 aligncenter\" src=\"https:\/\/sic.nodscloud.com\/nodsglobal\/wp-content\/uploads\/sites\/3\/2025\/02\/WhatsApp-Image-2025-02-03-at-12.08.56-PM-fotor-2025020314370-300x49.png\" alt=\"\" width=\"880\" height=\"144\" srcset=\"https:\/\/sic.nodscloud.com\/nodsglobal\/wp-content\/uploads\/sites\/3\/2025\/02\/WhatsApp-Image-2025-02-03-at-12.08.56-PM-fotor-2025020314370-300x49.png 300w, https:\/\/sic.nodscloud.com\/nodsglobal\/wp-content\/uploads\/sites\/3\/2025\/02\/WhatsApp-Image-2025-02-03-at-12.08.56-PM-fotor-2025020314370-1024x167.png 1024w, https:\/\/sic.nodscloud.com\/nodsglobal\/wp-content\/uploads\/sites\/3\/2025\/02\/WhatsApp-Image-2025-02-03-at-12.08.56-PM-fotor-2025020314370-768x125.png 768w, https:\/\/sic.nodscloud.com\/nodsglobal\/wp-content\/uploads\/sites\/3\/2025\/02\/WhatsApp-Image-2025-02-03-at-12.08.56-PM-fotor-2025020314370-1536x251.png 1536w, https:\/\/sic.nodscloud.com\/nodsglobal\/wp-content\/uploads\/sites\/3\/2025\/02\/WhatsApp-Image-2025-02-03-at-12.08.56-PM-fotor-2025020314370-700x114.png 700w, https:\/\/sic.nodscloud.com\/nodsglobal\/wp-content\/uploads\/sites\/3\/2025\/02\/WhatsApp-Image-2025-02-03-at-12.08.56-PM-fotor-2025020314370.png 1600w\" sizes=\"(max-width: 880px) 100vw, 880px\" \/><\/p>\n<h2 style=\"text-align: center\"><span style=\"color: #008000\"><strong>Descuentos Autorizados<\/strong><\/span><\/h2>\n<h2 style=\"text-align: center\"><img loading=\"lazy\" decoding=\"async\" class=\"size-large wp-image-6340 aligncenter\" src=\"https:\/\/sic.nodscloud.com\/nodsglobal\/wp-content\/uploads\/sites\/3\/2025\/01\/politica-de-descuentos-executive-education-uniandes_page-0001-552x1024.jpg\" alt=\"\" width=\"552\" height=\"1024\" srcset=\"https:\/\/sic.nodscloud.com\/nodsglobal\/wp-content\/uploads\/sites\/3\/2025\/01\/politica-de-descuentos-executive-education-uniandes_page-0001-552x1024.jpg 552w, https:\/\/sic.nodscloud.com\/nodsglobal\/wp-content\/uploads\/sites\/3\/2025\/01\/politica-de-descuentos-executive-education-uniandes_page-0001-162x300.jpg 162w, https:\/\/sic.nodscloud.com\/nodsglobal\/wp-content\/uploads\/sites\/3\/2025\/01\/politica-de-descuentos-executive-education-uniandes_page-0001-768x1424.jpg 768w, https:\/\/sic.nodscloud.com\/nodsglobal\/wp-content\/uploads\/sites\/3\/2025\/01\/politica-de-descuentos-executive-education-uniandes_page-0001-828x1536.jpg 828w, https:\/\/sic.nodscloud.com\/nodsglobal\/wp-content\/uploads\/sites\/3\/2025\/01\/politica-de-descuentos-executive-education-uniandes_page-0001-1105x2048.jpg 1105w, https:\/\/sic.nodscloud.com\/nodsglobal\/wp-content\/uploads\/sites\/3\/2025\/01\/politica-de-descuentos-executive-education-uniandes_page-0001-700x1298.jpg 700w, https:\/\/sic.nodscloud.com\/nodsglobal\/wp-content\/uploads\/sites\/3\/2025\/01\/politica-de-descuentos-executive-education-uniandes_page-0001.jpg 1275w\" sizes=\"(max-width: 552px) 100vw, 552px\" \/><\/h2>\n<p>&nbsp;<\/p>\n<p>&nbsp;<\/p>\n<p>&nbsp;<\/p>\n<p>&nbsp;<\/p>\n","protected":false},"excerpt":{"rendered":"<p>PRECIOS DE CONTADO \u00a1ATENCION! Los descuentos aplican solo para pagos de contado, PRONTO PAGO: solo habilitado durante Febrero. &nbsp; Botones de Pago SIRE\u00a0 Liderando Organizaciones Conscientes BOT\u00d3N DE PAGO Growth Mindset: Liderazgo Resiliente BOT\u00d3N DE PAGO Neurociencia y Mindfulness BOT\u00d3N DE PAGO Management Humanizado BOT\u00d3N&#8230;<\/p>\n","protected":false},"author":16,"featured_media":0,"parent":0,"menu_order":0,"comment_status":"closed","ping_status":"closed","template":"","meta":{"footnotes":""},"class_list":["post-4641","page","type-page","status-publish","hentry"],"aioseo_notices":[],"_links":{"self":[{"href":"https:\/\/sic.nodscloud.com\/nodsglobal\/wp-json\/wp\/v2\/pages\/4641","targetHints":{"allow":["GET"]}}],"collection":[{"href":"https:\/\/sic.nodscloud.com\/nodsglobal\/wp-json\/wp\/v2\/pages"}],"about":[{"href":"https:\/\/sic.nodscloud.com\/nodsglobal\/wp-json\/wp\/v2\/types\/page"}],"author":[{"embeddable":true,"href":"https:\/\/sic.nodscloud.com\/nodsglobal\/wp-json\/wp\/v2\/users\/16"}],"replies":[{"embeddable":true,"href":"https:\/\/sic.nodscloud.com\/nodsglobal\/wp-json\/wp\/v2\/comments?post=4641"}],"version-history":[{"count":23,"href":"https:\/\/sic.nodscloud.com\/nodsglobal\/wp-json\/wp\/v2\/pages\/4641\/revisions"}],"predecessor-version":[{"id":6370,"href":"https:\/\/sic.nodscloud.com\/nodsglobal\/wp-json\/wp\/v2\/pages\/4641\/revisions\/6370"}],"wp:attachment":[{"href":"https:\/\/sic.nodscloud.com\/nodsglobal\/wp-json\/wp\/v2\/media?parent=4641"}],"curies":[{"name":"wp","href":"https:\/\/api.w.org\/{rel}","templated":true}]}}