
{"id":4691,"date":"2024-05-28T16:50:15","date_gmt":"2024-05-28T16:50:15","guid":{"rendered":"https:\/\/sic.nodscloud.com\/nodsglobal\/?page_id=4691"},"modified":"2024-06-07T16:58:11","modified_gmt":"2024-06-07T16:58:11","slug":"quienes-somos","status":"publish","type":"page","link":"https:\/\/sic.nodscloud.com\/nodsglobal\/quienes-somos\/","title":{"rendered":"\u00bfQuienes somos?"},"content":{"rendered":"<p>[vc_row css_animation=\u00bb\u00bb row_type=\u00bbrow\u00bb use_row_as_full_screen_section=\u00bbno\u00bb type=\u00bbfull_width\u00bb angled_section=\u00bbno\u00bb text_align=\u00bbleft\u00bb background_image_as_pattern=\u00bbwithout_pattern\u00bb][vc_column][vc_column_text]<img fetchpriority=\"high\" decoding=\"async\" class=\"alignnone wp-image-4672 aligncenter\" src=\"https:\/\/sic.nodscloud.com\/nodsglobal\/wp-content\/uploads\/sites\/3\/2024\/05\/logo-fontana.png\" alt=\"\" width=\"393\" height=\"156\" srcset=\"https:\/\/sic.nodscloud.com\/nodsglobal\/wp-content\/uploads\/sites\/3\/2024\/05\/logo-fontana.png 650w, https:\/\/sic.nodscloud.com\/nodsglobal\/wp-content\/uploads\/sites\/3\/2024\/05\/logo-fontana-300x119.png 300w\" sizes=\"(max-width: 393px) 100vw, 393px\" \/><\/p>\n<p>&nbsp;<\/p>\n<h2><span style=\"color: #008000;\"><strong>\u00bfQuienes somos?<\/strong><\/span><\/h2>\n<p><span style=\"font-weight: 400;\">El Gimnasio Fontana es un colegio con 37 a\u00f1os de fundaci\u00f3n en la cual durante su trayectoria ha logrado consolidar una metodolog\u00eda de ense\u00f1anza propia llamada \u201cWhat If Creative thinking\u201d, orientada a desarrollar el pensamiento creativo de los estudiantes y a que estos puedan explorar sus talentos y habilidades y los desarrollen a lo largo de su vida escolar. Esta pedagog\u00eda se sustenta en tres pilares: creatividad, felicidad y sostenibilidad, se destaca por ser innovadora y centrada en las necesidades de los estudiantes. Se busca que ellos aprendan a pensar cr\u00edticamente y a usar sus aprendizajes en las diferentes disciplinas para resolver los desaf\u00edos del mundo real<\/span><\/p>\n<p>&nbsp;<\/p>\n<p>[\/vc_column_text][vc_video link=\u00bbhttps:\/\/www.youtube.com\/watch?v=uF9TwWeWO34&#8243; el_width=\u00bb80&#8243; align=\u00bbcenter\u00bb][\/vc_column][vc_column][\/vc_column][\/vc_row][vc_row css_animation=\u00bb\u00bb row_type=\u00bbrow\u00bb use_row_as_full_screen_section=\u00bbno\u00bb type=\u00bbfull_width\u00bb angled_section=\u00bbno\u00bb text_align=\u00bbleft\u00bb background_image_as_pattern=\u00bbwithout_pattern\u00bb][vc_column][\/vc_column][\/vc_row]<\/p>\n<p>&nbsp;<\/p>\n<p>&nbsp;<\/p>\n<p><span style=\"font-weight: 400;\">Actualmente, el colegio cuenta con una poblaci\u00f3n aproximada de 710 estudiantes distribuidos en 3 niveles: Nivel 1 (de Prekinder a primero) corresponde a preescolar, nivel 2 (de segundo a sexto) corresponde a primaria y nivel 3 (de octavo a once) corresponde a bachillerato. Las familias de los estudiantes se caracterizan por ser familias nucleares y compuestas de estratos 4, 5 y 6, radicadas en Bogot\u00e1, Ch\u00eda, Cajic\u00e1, Cota, Sop\u00f3 y entre otros municipios aleda\u00f1os.\u00a0<\/span><\/p>\n<p><span style=\"font-weight: 400;\">El colegio se encuentra acreditado internacionalmente por la agencia europea Council of International Schools, as\u00ed mismo, fue el primer colegio certificado en felicidad en Colombia y Latinoam\u00e9rica por Great Place to Study y el primer colegio certificado Carbono Neutro del Pa\u00eds por Icontec. Adicionalmente las instalaciones del colegio ubicado en un campus campestre en Guaymaral es Patrimonio Cultural de La Naci\u00f3n gracias a que fue dise\u00f1ado y construido por el arquitecto Rogelio Salmona<\/span><\/p>\n<p>&nbsp;<\/p>\n<p>&nbsp;<\/p>\n<h2><span style=\"color: #008000;\"><strong>Diferenciadores\u00a0<\/strong><\/span><\/h2>\n<ul>\n<li style=\"font-weight: 400;\" aria-level=\"1\"><span style=\"font-weight: 400;\">Metodolog\u00eda <strong>What If?<\/strong> Creative thinking, la cual ha sido desarrollada por el colegio.\u00a0<\/span><\/li>\n<li style=\"font-weight: 400;\" aria-level=\"1\"><span style=\"font-weight: 400;\">Programas enfocados en los tres pilares: <strong>Felicidad, creatividad y sostenibilidad<\/strong>.<\/span><\/li>\n<li style=\"font-weight: 400;\" aria-level=\"1\"><span style=\"font-weight: 400;\">Campus Patrimonio Cultural de La Naci\u00f3n de 80.000 m2.<\/span><\/li>\n<li style=\"font-weight: 400;\" aria-level=\"1\"><span style=\"font-weight: 400;\">Tres certificaciones:<a href=\"https:\/\/sic.nodscloud.com\/nodsglobal\/acreditaciones\/\" target=\"_blank\" rel=\"noopener\"><span style=\"color: #0000ff;\"> CIS, Great Place To Study y Carbono Neutro.<\/span><\/a><\/span><\/li>\n<li style=\"font-weight: 400;\" aria-level=\"1\"><span style=\"font-weight: 400;\">Cursos de extensi\u00f3n: cursos obligatorios para estudiantes de d\u00e9cimo y once con el fin de proporcionar una inmersi\u00f3n a las carreras y campos de acci\u00f3n de inter\u00e9s, aportando a la orientaci\u00f3n vocacional y enriquecimiento del perfil acad\u00e9mico y profesional.<\/span><span style=\"font-weight: 400;\">\u00a0<\/span><\/li>\n<li style=\"font-weight: 400;\" aria-level=\"1\"><span style=\"font-weight: 400;\">Doble titulaci\u00f3n con Canad\u00e1.<\/span><\/li>\n<\/ul>\n<p>&nbsp;<\/p>\n<h2><span style=\"color: #008000;\"><strong>Metodolog\u00eda<\/strong><\/span><\/h2>\n<ul>\n<li style=\"font-weight: 400;\" aria-level=\"1\"><span style=\"font-weight: 400;\">Metodolog\u00eda What If? (Ver anexo 1) y ver el documental de creatividad:<\/span><span style=\"font-weight: 400;\"><br \/>\n<\/span><span style=\"font-weight: 400;\">Parte 1: <\/span><span style=\"color: #0000ff;\"><a style=\"color: #0000ff;\" href=\"https:\/\/www.youtube.com\/watch?v=p0rq1voIPwE\"><span style=\"font-weight: 400;\">https:\/\/www.youtube.com\/watch?v=p0rq1voIPwE<\/span><\/a><\/span><\/li>\n<\/ul>\n<p><span style=\"font-weight: 400;\">\u00a0 \u00a0 \u00a0 \u00a0 \u00a0 \u00a0Parte 2: <\/span><a href=\"https:\/\/www.youtube.com\/watch?v=WdJ1BqOkD-g\"><span style=\"font-weight: 400;\">https:\/\/www.youtube.com\/watch?v=WdJ1BqOkD-g<\/span><\/a><\/p>\n<ul>\n<li style=\"font-weight: 400;\" aria-level=\"1\"><span style=\"font-weight: 400;\">El horario escolar es de 7:30 a.m. a 2:30 p.m.\u00a0<\/span><\/li>\n<li style=\"font-weight: 400;\" aria-level=\"1\"><span style=\"font-weight: 400;\">De lunes a viernes \u2013 Se maneja un horario escolar de 5 d\u00edas con el fin de darle continuidad al curr\u00edculo teniendo en cuenta festivos o actividades especiales.\u00a0<\/span><\/li>\n<li style=\"font-weight: 400;\" aria-level=\"1\"><span style=\"font-weight: 400;\">Asignaturas<\/span><span style=\"font-weight: 400;\"><br \/>\n<img decoding=\"async\" class=\"size-full wp-image-4694 aligncenter\" src=\"https:\/\/sic.nodscloud.com\/nodsglobal\/wp-content\/uploads\/sites\/3\/2024\/05\/whatif.png\" alt=\"\" width=\"370\" height=\"293\" srcset=\"https:\/\/sic.nodscloud.com\/nodsglobal\/wp-content\/uploads\/sites\/3\/2024\/05\/whatif.png 370w, https:\/\/sic.nodscloud.com\/nodsglobal\/wp-content\/uploads\/sites\/3\/2024\/05\/whatif-300x238.png 300w\" sizes=\"(max-width: 370px) 100vw, 370px\" \/><\/span><\/li>\n<\/ul>\n<p>&nbsp;<\/p>\n<h2><span style=\"color: #008000;\"><strong>\u00a0Generalidades:<\/strong><\/span><\/h2>\n<ul>\n<li style=\"font-weight: 400;\" aria-level=\"1\"><b>Pilares de su filosof\u00eda instituciona<\/b><span style=\"font-weight: 400;\">l: autonom\u00eda, creatividad, pensamiento cr\u00edtico y solidaridad.<\/span><\/li>\n<\/ul>\n<ul>\n<li style=\"list-style-type: none;\">\n<ul>\n<li style=\"font-weight: 400;\" aria-level=\"1\"><span style=\"font-weight: 400;\">Es un <\/span><b>Colegio mixto.<\/b><\/li>\n<li style=\"font-weight: 400;\" aria-level=\"1\"><b>Idiomas:<\/b><span style=\"font-weight: 400;\"> Triling\u00fce Espa\u00f1ol, Ingl\u00e9s (Nivel C1) y Franc\u00e9s (Nivel B2).<\/span><\/li>\n<li style=\"font-weight: 400;\" aria-level=\"1\"><b>Espiritualidad:<\/b><span style=\"font-weight: 400;\"> Laico con enfoque en formaci\u00f3n del Ser.<\/span><\/li>\n<li style=\"font-weight: 400;\" aria-level=\"1\"><b>Trayectoria:<\/b><span style=\"font-weight: 400;\"> 25 promociones graduadas &#8211; Fundado en 1986<\/span><\/li>\n<li style=\"font-weight: 400;\" aria-level=\"1\"><b>Capacidad Aul\u00edstica:<\/b><span style=\"font-weight: 400;\"> 760 estudiantes, m\u00e1ximo 25 estudiantes por sal\u00f3n y 3 cursos por grado.\u00a0<\/span><\/li>\n<li style=\"font-weight: 400;\" aria-level=\"1\"><b>Organizaci\u00f3n:<\/b><span style=\"font-weight: 400;\"> En todos los salones contamos con Director y codirector. (?)<\/span><\/li>\n<li style=\"font-weight: 400;\" aria-level=\"1\"><b>Instalaciones del Colegio: <\/b><span style=\"font-weight: 400;\">Contamos con 80.000 m2 de espacio verde y 10.000 m2 de construcci\u00f3n.\u00a0<\/span><\/li>\n<\/ul>\n<\/li>\n<\/ul>\n<ul>\n<li aria-level=\"1\"><b>Otras caracter\u00edsticas:<\/b><\/li>\n<\/ul>\n<ul>\n<li style=\"list-style-type: none;\">\n<ul>\n<li style=\"font-weight: 400;\" aria-level=\"2\"><span style=\"font-weight: 400;\">Egresados en las principales universidades del pa\u00eds y del exterior.<\/span><\/li>\n<li style=\"font-weight: 400;\" aria-level=\"2\"><span style=\"font-weight: 400;\">Acreditados como el Primer Colegio Carbono Neutro de Colombia<\/span><\/li>\n<li style=\"font-weight: 400;\" aria-level=\"2\"><span style=\"font-weight: 400;\">Obtuvieron la acreditaci\u00f3n de <\/span><i><span style=\"font-weight: 400;\">Great Place To Study<\/span><\/i><span style=\"font-weight: 400;\">, siendo el 1ero en Colombia y Latinoam\u00e9rica en recibirla<\/span><\/li>\n<li style=\"font-weight: 400;\" aria-level=\"2\"><span style=\"font-weight: 400;\">Forman parte de la red de\u00a0 Uni\u00f3n de Colegios Biling\u00fces (UCB)<\/span><\/li>\n<li style=\"font-weight: 400;\" aria-level=\"2\"><span style=\"font-weight: 400;\">Cuentan con diferentes certificaciones (Great Place tu Study \/ Carbono Neutro y Coucil of International Schools \u2013 CIS).<\/span><\/li>\n<li style=\"font-weight: 400;\" aria-level=\"2\"><span style=\"font-weight: 400;\">ICFES Nivel muy superior.<\/span><\/li>\n<\/ul>\n<\/li>\n<\/ul>\n<p>&nbsp;<\/p>\n<h2><span style=\"color: #008000;\"><strong>Plataforma<\/strong><\/span><\/h2>\n<ul>\n<li style=\"font-weight: 400;\" aria-level=\"1\"><span style=\"font-weight: 400;\">El colegio es presencial, maneja la plataforma Phidias para la comunicaci\u00f3n con padres de familia, registro de notas y asignaci\u00f3n de tareas y seguimientos.\u00a0<\/span><\/li>\n<\/ul>\n<p>&nbsp;<\/p>\n<h2><span style=\"color: #008000;\"><strong>Fecha de inicio Ciclo Electivo<\/strong><\/span><\/h2>\n<p><span style=\"font-weight: 400;\">Iniciamos a\u00f1o escolar en<strong> agosto<\/strong>, para el a\u00f1o <strong>2024<\/strong> tendremos:\u00a0<\/span><\/p>\n<p><span style=\"font-weight: 400;\">Inducci\u00f3n Familias Nuevas: <strong>9 de agosto<\/strong><\/span><\/p>\n<p><span style=\"font-weight: 400;\">Inducci\u00f3n todas las Familias (Nuevas y antiguas): <strong>10 de agosto<\/strong><\/span><\/p>\n<p><span style=\"font-weight: 400;\">Inicio a\u00f1o escolar: martes <strong>13 de agosto 2024.<\/strong><\/span><\/p>\n<p>&nbsp;<\/p>\n<p>&nbsp;<\/p>\n<p>&nbsp;<\/p>\n","protected":false},"excerpt":{"rendered":"<p>[vc_row css_animation=\u00bb\u00bb row_type=\u00bbrow\u00bb use_row_as_full_screen_section=\u00bbno\u00bb type=\u00bbfull_width\u00bb angled_section=\u00bbno\u00bb text_align=\u00bbleft\u00bb background_image_as_pattern=\u00bbwithout_pattern\u00bb][vc_column][vc_column_text] &nbsp; \u00bfQuienes somos? El Gimnasio Fontana es un colegio con 37 a\u00f1os de fundaci\u00f3n en la cual durante su trayectoria ha logrado consolidar una metodolog\u00eda de ense\u00f1anza propia llamada \u201cWhat If Creative thinking\u201d, orientada a desarrollar el&#8230;<\/p>\n","protected":false},"author":16,"featured_media":0,"parent":0,"menu_order":0,"comment_status":"closed","ping_status":"closed","template":"","meta":{"footnotes":""},"class_list":["post-4691","page","type-page","status-publish","hentry"],"aioseo_notices":[],"_links":{"self":[{"href":"https:\/\/sic.nodscloud.com\/nodsglobal\/wp-json\/wp\/v2\/pages\/4691","targetHints":{"allow":["GET"]}}],"collection":[{"href":"https:\/\/sic.nodscloud.com\/nodsglobal\/wp-json\/wp\/v2\/pages"}],"about":[{"href":"https:\/\/sic.nodscloud.com\/nodsglobal\/wp-json\/wp\/v2\/types\/page"}],"author":[{"embeddable":true,"href":"https:\/\/sic.nodscloud.com\/nodsglobal\/wp-json\/wp\/v2\/users\/16"}],"replies":[{"embeddable":true,"href":"https:\/\/sic.nodscloud.com\/nodsglobal\/wp-json\/wp\/v2\/comments?post=4691"}],"version-history":[{"count":6,"href":"https:\/\/sic.nodscloud.com\/nodsglobal\/wp-json\/wp\/v2\/pages\/4691\/revisions"}],"predecessor-version":[{"id":4833,"href":"https:\/\/sic.nodscloud.com\/nodsglobal\/wp-json\/wp\/v2\/pages\/4691\/revisions\/4833"}],"wp:attachment":[{"href":"https:\/\/sic.nodscloud.com\/nodsglobal\/wp-json\/wp\/v2\/media?parent=4691"}],"curies":[{"name":"wp","href":"https:\/\/api.w.org\/{rel}","templated":true}]}}