
{"id":4719,"date":"2024-05-28T19:32:23","date_gmt":"2024-05-28T19:32:23","guid":{"rendered":"https:\/\/sic.nodscloud.com\/nodsglobal\/?page_id=4719"},"modified":"2024-05-28T19:32:23","modified_gmt":"2024-05-28T19:32:23","slug":"acreditaciones","status":"publish","type":"page","link":"https:\/\/sic.nodscloud.com\/nodsglobal\/acreditaciones\/","title":{"rendered":"Acreditaciones"},"content":{"rendered":"<p><img fetchpriority=\"high\" decoding=\"async\" class=\" wp-image-4672 aligncenter\" src=\"https:\/\/sic.nodscloud.com\/nodsglobal\/wp-content\/uploads\/sites\/3\/2024\/05\/logo-fontana.png\" alt=\"\" width=\"428\" height=\"170\" srcset=\"https:\/\/sic.nodscloud.com\/nodsglobal\/wp-content\/uploads\/sites\/3\/2024\/05\/logo-fontana.png 650w, https:\/\/sic.nodscloud.com\/nodsglobal\/wp-content\/uploads\/sites\/3\/2024\/05\/logo-fontana-300x119.png 300w\" sizes=\"(max-width: 428px) 100vw, 428px\" \/><\/p>\n<h1 style=\"text-align: center;\"><span style=\"color: #008000;\">Acreditaciones<\/span><\/h1>\n<p>&nbsp;<\/p>\n<p>&nbsp;<\/p>\n<p><img decoding=\"async\" class=\"size-full wp-image-4720 aligncenter\" src=\"https:\/\/sic.nodscloud.com\/nodsglobal\/wp-content\/uploads\/sites\/3\/2024\/05\/cis.png\" alt=\"\" width=\"368\" height=\"134\" srcset=\"https:\/\/sic.nodscloud.com\/nodsglobal\/wp-content\/uploads\/sites\/3\/2024\/05\/cis.png 368w, https:\/\/sic.nodscloud.com\/nodsglobal\/wp-content\/uploads\/sites\/3\/2024\/05\/cis-300x109.png 300w\" sizes=\"(max-width: 368px) 100vw, 368px\" \/><\/p>\n<div id=\"fsEl_2296\" class=\"fsElement fsContent\" data-use-new=\"true\">\n<div class=\"fsElementContent\">\n<p><span>La Acreditaci\u00f3n Internacional CIS es un proceso de evaluaci\u00f3n riguroso en toda la escuela que mide la alineaci\u00f3n con los est\u00e1ndares evaluados internacionalmente y proporciona orientaci\u00f3n para la mejora continua. A trav\u00e9s del logro de estos est\u00e1ndares, se ha verificado que las escuelas acreditadas por CIS brindan educaci\u00f3n internacional de alta calidad centrada en el desarrollo de conocimientos, habilidades y atributos necesarios para preparar a los estudiantes como ciudadanos globales.<\/span><\/p>\n<\/div>\n<p>&nbsp;<\/p>\n<div class=\"fsElementContent\">\n<p><span>Si su hijo asiste a una escuela acreditada por CIS, puede estar seguro de que la escuela est\u00e1 comprometida con una educaci\u00f3n internacional de alta calidad. Conseguir esta marca de calidad, reconocida en todo el mundo, demuestra que tu colegio:<\/span><\/p>\n<\/div>\n<p>&nbsp;<\/p>\n<div class=\"fsElementContent\">\n<ul>\n<li><span>tiene un prop\u00f3sito y una direcci\u00f3n claros<\/span><\/li>\n<li><span>se centra en la calidad de la ense\u00f1anza y el progreso de los estudiantes.<\/span><\/li>\n<li><span>prioriza la protecci\u00f3n y el bienestar de los estudiantes<\/span><\/li>\n<li><span>est\u00e1 comprometido con la ciudadan\u00eda global<\/span><\/li>\n<li><span>se conoce y ha pensado profundamente en los servicios<\/span><\/li>\n<li><span>ofrece a estudiantes, familias y comunidad<\/span><\/li>\n<li><span>cumple lo que promete<\/span><\/li>\n<li><span>busca constantemente mejorar su desempe\u00f1o en todas las \u00e1reas<\/span><\/li>\n<li><span>lograr resultados de aprendizaje relevantes para sus estudiantes<\/span><\/li>\n<li><span>est\u00e1 dedicado a su misi\u00f3n y visi\u00f3n para los estudiantes, y<\/span><\/li>\n<li><span>se adhiere consistentemente al C\u00f3digo de \u00c9tica de CIS<\/span><\/li>\n<li><span>planea estrat\u00e9gicamente para el futuro<\/span><\/li>\n<\/ul>\n<p>&nbsp;<\/p>\n<p><span>La acreditaci\u00f3n internacional CIS es reconocida por ministerios, departamentos de educaci\u00f3n y universidades de todo el mundo, lo que demuestra el compromiso de una escuela con la educaci\u00f3n internacional de alta calidad y es una marca de garant\u00eda de calidad.\u00a0\u00a0<\/span><a href=\"https:\/\/www.cois.org\/fs\/pages\/433\" data-page-name=\"Global Recognition\"><span>Conozca m\u00e1s sobre nuestro reconocimiento global<\/span><\/a><span>\u00a0. Las universidades buscan a los estudiantes educados en escuelas acreditadas por CIS debido al rigor de su educaci\u00f3n internacional y su preparaci\u00f3n para la vida, sin importar a d\u00f3nde los lleve su camino. Los miembros de las universidades CIS de los siguientes pa\u00edses reclutan activamente estudiantes de escuelas acreditadas por CIS.<\/span><\/p>\n<\/div>\n<p>&nbsp;<\/p>\n<\/div>\n<div id=\"fsEl_14518\" class=\"fsElement fsContent\" data-use-new=\"true\">\n<div class=\"fsElementContent\">\n<table border=\"0\" cellspacing=\"0\" cellpadding=\"0\">\n<tbody>\n<tr>\n<td><span>Australia<\/span><\/td>\n<td><span>Francia<\/span><\/td>\n<td><span>M\u00e9xico<\/span><\/td>\n<td><span>Suecia<\/span><\/td>\n<\/tr>\n<tr>\n<td><span>Austria<\/span><\/td>\n<td><span>Alemania<\/span><\/td>\n<td><span>M\u00f3naco<\/span><\/td>\n<td><span>Suiza<\/span><\/td>\n<\/tr>\n<tr>\n<td><span>B\u00e9lgica<\/span><\/td>\n<td><span>Grecia<\/span><\/td>\n<td><span>Pa\u00edses Bajos<\/span><\/td>\n<td><span>Tailandia<\/span><\/td>\n<\/tr>\n<tr>\n<td><span>Bulgaria<\/span><\/td>\n<td><span>Indonesia<\/span><\/td>\n<td><span>Nueva Zelanda<\/span><\/td>\n<td><span>Pavo<\/span><\/td>\n<\/tr>\n<tr>\n<td><span>Canad\u00e1<\/span><\/td>\n<td><span>Irlanda<\/span><\/td>\n<td><span>Katar<\/span><\/td>\n<td><span>Emiratos \u00c1rabes Unidos<\/span><\/td>\n<\/tr>\n<tr>\n<td><span>Porcelana<\/span><\/td>\n<td><span>Italia<\/span><\/td>\n<td><span>Singapur<\/span><\/td>\n<td><span>Reino Unido<\/span><\/td>\n<\/tr>\n<tr>\n<td><span>Rep\u00fablica Checa<\/span><\/td>\n<td><span>Jap\u00f3n<\/span><\/td>\n<td><span>Sud\u00e1frica<\/span><\/td>\n<td><span>Estados Unidos<\/span><\/td>\n<\/tr>\n<tr>\n<td><span>Dinamarca<\/span><\/td>\n<td><span>L\u00edbano<\/span><\/td>\n<td><span>Espa\u00f1a\u00a0<\/span><\/td>\n<td>&nbsp;<\/td>\n<\/tr>\n<\/tbody>\n<\/table>\n<\/div>\n<\/div>\n<p>&nbsp;<\/p>\n<div id=\"fsEl_14517\" class=\"fsElement fsContent\" data-use-new=\"true\">\n<div class=\"fsElementContent\">\n<section id=\"fsEl_4030\" role=\"tabpanel\" data-use-new=\"true\"><span>CIS es una organizaci\u00f3n sin fines de lucro que brinda servicios educativos internacionales de alta calidad a m\u00e1s de 1,525 escuelas e instituciones de educaci\u00f3n superior en 120 pa\u00edses. Nuestra comunidad de miembros trabaja en colaboraci\u00f3n para dar forma al futuro de la educaci\u00f3n internacional mientras inspiramos colectivamente el desarrollo de ciudadanos globales a trav\u00e9s de una educaci\u00f3n internacional relevante y de alta calidad: conectando ideas, culturas y educadores de todos los rincones del mundo.<\/span><\/p>\n<\/section>\n<\/div>\n<\/div>\n<p>&nbsp;<\/p>\n<p>&nbsp;<\/p>\n<p><img decoding=\"async\" class=\"aligncenter\" src=\"https:\/\/gimnasiofontana.edu.co\/wp-content\/uploads\/2020\/12\/logo-great-place-gris.png\" \/><\/p>\n<p>&nbsp;<\/p>\n<p>Great Place to Study es una firma global de investigaci\u00f3n y desarrollo de marcas en el sector educativo, con una larga trayectoria en el suministro de soluciones innovadoras a instituciones educativas.<\/p>\n<p>&nbsp;<\/p>\n<p>&nbsp;<\/p>\n<p>Otorga una certificaci\u00f3n que brinda la oportunidad de mostrar la singularidad de los colegios. Es la plataforma ideal para contar la historia de \u00e9xito de cada instituci\u00f3n y demostrar que realmente se preocupa por el bienestar y la felicidad de su comunidad educativa. La asociaci\u00f3n con Great Place to Study le ayudar\u00e1 a elevar su imagen ubic\u00e1ndolo en el \u201cTop Greatschools\u201d como uno de los mejores colegios del pa\u00eds, al mismo tiempo que encontrar\u00e1 su \u201cfactor de grandeza\u201d.<\/p>\n<p>&nbsp;<\/p>\n<p>&nbsp;<\/p>\n<p>A trav\u00e9s de los resultados que brinda la certificaci\u00f3n, cada instituci\u00f3n podr\u00e1 definir un mapa de ruta que le ayudar\u00e1 a fortalecer aquellas \u00e1reas que requieren una mejora. Adem\u00e1s, obtendr\u00e1 el sello de GPTS con el cual llegar\u00e1 a los padres de familia demostrando su preocupaci\u00f3n por la felicidad en su ecosistema educativo.<\/p>\n<p>&nbsp;<\/p>\n<p><img decoding=\"async\" class=\"aligncenter\" src=\"https:\/\/www.icontec.org\/wp-content\/uploads\/2021\/10\/sello-icontec.jpg\" alt=\"Holcim, pionera en el sector constructor en la certificaci\u00f3n Carbono Neutro  - Icontec\" width=\"352\" height=\"241\" \/><\/p>\n<p>&nbsp;<\/p>\n<p>La certificaci\u00f3n de la neutralidad de carbono requiere un compromiso y la definici\u00f3n de una pol\u00edtica o un plan de manejo de la huella de carbono de parte de una Organizaci\u00f3n con inter\u00e9s en ser carbono neutro. La certificaci\u00f3n de neutralidad de carbono es un concepto m\u00e1s amplio que involucra una mezcla entre la implementaci\u00f3n de acciones dirigidas para reducir sus emisiones GEI o aumentar sus remociones y la compensaci\u00f3n de las emisiones residuales, tomando la compensaci\u00f3n como una segunda opci\u00f3n del sujeto para lograr un resultado neto de cero (0) en las emisiones GEI.<\/p>\n<p>&nbsp;<\/p>\n<p>&nbsp;<\/p>\n<p>La certificaci\u00f3n de la neutralidad de carbono comprende la medici\u00f3n de los resultados obtenidos frente a la implementaci\u00f3n de la pol\u00edtica o plan de reducciones y la implementaci\u00f3n de acciones correctivas cuando los resultados no sean acordes con lo propuesto.<\/p>\n<p>&nbsp;<\/p>\n<p>La certificaci\u00f3n tiene una vigencia de tres a\u00f1os, comprendiendo el ciclo de certificaci\u00f3n: otorgamiento, seguimiento y renovaci\u00f3n.<\/p>\n<p>&nbsp;<\/p>\n<p>&nbsp;<\/p>\n","protected":false},"excerpt":{"rendered":"<p>Acreditaciones &nbsp; &nbsp; La Acreditaci\u00f3n Internacional CIS es un proceso de evaluaci\u00f3n riguroso en toda la escuela que mide la alineaci\u00f3n con los est\u00e1ndares evaluados internacionalmente y proporciona orientaci\u00f3n para la mejora continua. A trav\u00e9s del logro de estos est\u00e1ndares, se ha verificado que las&#8230;<\/p>\n","protected":false},"author":16,"featured_media":0,"parent":0,"menu_order":0,"comment_status":"closed","ping_status":"closed","template":"","meta":{"footnotes":""},"class_list":["post-4719","page","type-page","status-publish","hentry"],"aioseo_notices":[],"_links":{"self":[{"href":"https:\/\/sic.nodscloud.com\/nodsglobal\/wp-json\/wp\/v2\/pages\/4719","targetHints":{"allow":["GET"]}}],"collection":[{"href":"https:\/\/sic.nodscloud.com\/nodsglobal\/wp-json\/wp\/v2\/pages"}],"about":[{"href":"https:\/\/sic.nodscloud.com\/nodsglobal\/wp-json\/wp\/v2\/types\/page"}],"author":[{"embeddable":true,"href":"https:\/\/sic.nodscloud.com\/nodsglobal\/wp-json\/wp\/v2\/users\/16"}],"replies":[{"embeddable":true,"href":"https:\/\/sic.nodscloud.com\/nodsglobal\/wp-json\/wp\/v2\/comments?post=4719"}],"version-history":[{"count":5,"href":"https:\/\/sic.nodscloud.com\/nodsglobal\/wp-json\/wp\/v2\/pages\/4719\/revisions"}],"predecessor-version":[{"id":4725,"href":"https:\/\/sic.nodscloud.com\/nodsglobal\/wp-json\/wp\/v2\/pages\/4719\/revisions\/4725"}],"wp:attachment":[{"href":"https:\/\/sic.nodscloud.com\/nodsglobal\/wp-json\/wp\/v2\/media?parent=4719"}],"curies":[{"name":"wp","href":"https:\/\/api.w.org\/{rel}","templated":true}]}}