
{"id":4741,"date":"2024-05-29T11:30:50","date_gmt":"2024-05-29T11:30:50","guid":{"rendered":"https:\/\/sic.nodscloud.com\/nodsglobal\/?page_id=4741"},"modified":"2024-06-03T16:50:42","modified_gmt":"2024-06-03T16:50:42","slug":"valores-de-inversion","status":"publish","type":"page","link":"https:\/\/sic.nodscloud.com\/nodsglobal\/valores-de-inversion\/","title":{"rendered":"Valores de Inversi\u00f3n"},"content":{"rendered":"<p><img fetchpriority=\"high\" decoding=\"async\" class=\" wp-image-4672 aligncenter\" src=\"https:\/\/sic.nodscloud.com\/nodsglobal\/wp-content\/uploads\/sites\/3\/2024\/05\/logo-fontana.png\" alt=\"\" width=\"486\" height=\"193\" srcset=\"https:\/\/sic.nodscloud.com\/nodsglobal\/wp-content\/uploads\/sites\/3\/2024\/05\/logo-fontana.png 650w, https:\/\/sic.nodscloud.com\/nodsglobal\/wp-content\/uploads\/sites\/3\/2024\/05\/logo-fontana-300x119.png 300w\" sizes=\"(max-width: 486px) 100vw, 486px\" \/><\/p>\n<h1 style=\"text-align: center;\"><strong><span style=\"color: #008000;\">Valores de Inversi\u00f3n<\/span><\/strong><\/h1>\n<p>&nbsp;<\/p>\n<p><span style=\"color: #3366ff;\"><strong>Reserva de Cupo:<\/strong> <\/span>Matr\u00edcula* el resto se cobra previo al ingreso a clases.<\/p>\n<p><span style=\"color: #008000;\"><strong>Costos Anual:<\/strong><\/span> 1 pago<\/p>\n<p><span style=\"color: #008000;\"><strong>Costo Mensual<\/strong>:<\/span> 11 Pagos<\/p>\n<p><strong>Total 12 Pagos<\/strong><\/p>\n<p>Cafeter\u00eda + Transporte pueden excluirse<\/p>\n<p>Los costos de inversi\u00f3n tendr\u00e1n un aumento anual, seg\u00fan IPC y el Ministerio de Educaci\u00f3n<\/p>\n<p>Aumenta todos los Marzo de cada a\u00f1o aproximadamente.<\/p>\n<p>&nbsp;<\/p>\n<p><img decoding=\"async\" class=\"alignnone wp-image-4742 aligncenter\" src=\"https:\/\/sic.nodscloud.com\/nodsglobal\/wp-content\/uploads\/sites\/3\/2024\/05\/n1.png\" alt=\"\" width=\"614\" height=\"607\" srcset=\"https:\/\/sic.nodscloud.com\/nodsglobal\/wp-content\/uploads\/sites\/3\/2024\/05\/n1.png 524w, https:\/\/sic.nodscloud.com\/nodsglobal\/wp-content\/uploads\/sites\/3\/2024\/05\/n1-300x297.png 300w\" sizes=\"(max-width: 614px) 100vw, 614px\" \/><\/p>\n<p style=\"text-align: center;\"><img decoding=\"async\" class=\"alignnone wp-image-4743\" src=\"https:\/\/sic.nodscloud.com\/nodsglobal\/wp-content\/uploads\/sites\/3\/2024\/05\/n2.png\" alt=\"\" width=\"623\" height=\"669\" srcset=\"https:\/\/sic.nodscloud.com\/nodsglobal\/wp-content\/uploads\/sites\/3\/2024\/05\/n2.png 524w, https:\/\/sic.nodscloud.com\/nodsglobal\/wp-content\/uploads\/sites\/3\/2024\/05\/n2-279x300.png 279w\" sizes=\"(max-width: 623px) 100vw, 623px\" \/><\/p>\n<p><img loading=\"lazy\" decoding=\"async\" class=\"alignnone wp-image-4744 aligncenter\" src=\"https:\/\/sic.nodscloud.com\/nodsglobal\/wp-content\/uploads\/sites\/3\/2024\/05\/n3.png\" alt=\"\" width=\"604\" height=\"645\" srcset=\"https:\/\/sic.nodscloud.com\/nodsglobal\/wp-content\/uploads\/sites\/3\/2024\/05\/n3.png 527w, https:\/\/sic.nodscloud.com\/nodsglobal\/wp-content\/uploads\/sites\/3\/2024\/05\/n3-281x300.png 281w\" sizes=\"(max-width: 604px) 100vw, 604px\" \/><\/p>\n<p>&nbsp;<\/p>\n<h2 style=\"text-align: center;\"><strong><span style=\"color: #0000ff;\"><a style=\"color: #0000ff;\" href=\"https:\/\/sic.nodscloud.com\/nodsglobal\/wp-content\/uploads\/sites\/3\/2024\/05\/valores-de-inversion-Todos-los-niveles.pdf\" target=\"_blank\" rel=\"noopener\">Ver Descuentos e Inversiones<\/a><\/span><\/strong><\/h2>\n<p><img loading=\"lazy\" decoding=\"async\" class=\"wp-image-4459 aligncenter\" src=\"https:\/\/sic.nodscloud.com\/nodsglobal\/wp-content\/uploads\/sites\/3\/2024\/04\/196-1960563_mouse-click-clique-hand-cursor-png-transparent-png-removebg-preview.png\" alt=\"\" width=\"52\" height=\"70\" srcset=\"https:\/\/sic.nodscloud.com\/nodsglobal\/wp-content\/uploads\/sites\/3\/2024\/04\/196-1960563_mouse-click-clique-hand-cursor-png-transparent-png-removebg-preview.png 432w, https:\/\/sic.nodscloud.com\/nodsglobal\/wp-content\/uploads\/sites\/3\/2024\/04\/196-1960563_mouse-click-clique-hand-cursor-png-transparent-png-removebg-preview-224x300.png 224w\" sizes=\"(max-width: 52px) 100vw, 52px\" \/><\/p>\n","protected":false},"excerpt":{"rendered":"<p>Valores de Inversi\u00f3n &nbsp; Reserva de Cupo: Matr\u00edcula* el resto se cobra previo al ingreso a clases. Costos Anual: 1 pago Costo Mensual: 11 Pagos Total 12 Pagos Cafeter\u00eda + Transporte pueden excluirse Los costos de inversi\u00f3n tendr\u00e1n un aumento anual, seg\u00fan IPC y el&#8230;<\/p>\n","protected":false},"author":16,"featured_media":0,"parent":0,"menu_order":0,"comment_status":"closed","ping_status":"closed","template":"","meta":{"footnotes":""},"class_list":["post-4741","page","type-page","status-publish","hentry"],"aioseo_notices":[],"_links":{"self":[{"href":"https:\/\/sic.nodscloud.com\/nodsglobal\/wp-json\/wp\/v2\/pages\/4741","targetHints":{"allow":["GET"]}}],"collection":[{"href":"https:\/\/sic.nodscloud.com\/nodsglobal\/wp-json\/wp\/v2\/pages"}],"about":[{"href":"https:\/\/sic.nodscloud.com\/nodsglobal\/wp-json\/wp\/v2\/types\/page"}],"author":[{"embeddable":true,"href":"https:\/\/sic.nodscloud.com\/nodsglobal\/wp-json\/wp\/v2\/users\/16"}],"replies":[{"embeddable":true,"href":"https:\/\/sic.nodscloud.com\/nodsglobal\/wp-json\/wp\/v2\/comments?post=4741"}],"version-history":[{"count":7,"href":"https:\/\/sic.nodscloud.com\/nodsglobal\/wp-json\/wp\/v2\/pages\/4741\/revisions"}],"predecessor-version":[{"id":4808,"href":"https:\/\/sic.nodscloud.com\/nodsglobal\/wp-json\/wp\/v2\/pages\/4741\/revisions\/4808"}],"wp:attachment":[{"href":"https:\/\/sic.nodscloud.com\/nodsglobal\/wp-json\/wp\/v2\/media?parent=4741"}],"curies":[{"name":"wp","href":"https:\/\/api.w.org\/{rel}","templated":true}]}}