
{"id":4769,"date":"2024-05-30T13:23:48","date_gmt":"2024-05-30T13:23:48","guid":{"rendered":"https:\/\/sic.nodscloud.com\/nodsglobal\/?page_id=4769"},"modified":"2024-06-12T15:18:35","modified_gmt":"2024-06-12T15:18:35","slug":"speech-de-llamada-4","status":"publish","type":"page","link":"https:\/\/sic.nodscloud.com\/nodsglobal\/speech-de-llamada-4\/","title":{"rendered":"Speech de Llamada"},"content":{"rendered":"<h1 style=\"text-align: center;\"><span style=\"color: #008000;\"><b><img fetchpriority=\"high\" decoding=\"async\" class=\"alignnone wp-image-4672\" src=\"https:\/\/sic.nodscloud.com\/nodsglobal\/wp-content\/uploads\/sites\/3\/2024\/05\/logo-fontana.png\" alt=\"\" width=\"481\" height=\"191\" srcset=\"https:\/\/sic.nodscloud.com\/nodsglobal\/wp-content\/uploads\/sites\/3\/2024\/05\/logo-fontana.png 650w, https:\/\/sic.nodscloud.com\/nodsglobal\/wp-content\/uploads\/sites\/3\/2024\/05\/logo-fontana-300x119.png 300w\" sizes=\"(max-width: 481px) 100vw, 481px\" \/><\/b><\/span><\/h1>\n<h1 style=\"text-align: center;\"><span style=\"color: #008000;\"><b>Speech\u00a0<\/b><\/span><\/h1>\n<p><span style=\"color: #0000ff;\"><b>Presentaci\u00f3n<\/b><\/span><\/p>\n<p><b>Asesor:<\/b> <span style=\"font-weight: 400;\">Hola buenos d\u00edas, \u00bfHablo con (NOMBRE del interesado)?, \u00bfC\u00f3mo le va? Soy Camilo Mart\u00ednez del Equipo de Admisiones del Gimnasio Fontana, Me da gusto saludarte.<\/span><span style=\"font-weight: 400;\"><br \/>\n<\/span> <b>Asesor:<\/b> <span style=\"font-weight: 400;\">Me pongo en contacto contigo por la solicitud de informaci\u00f3n que complet\u00f3 en nuestro sitio \u00bfesto es correcto?<\/span><\/p>\n<p><span style=\"font-weight: 400;\">_________________________________________________________________________<\/span><\/p>\n<p><span style=\"color: #0000ff;\"><b>\u00a0<\/b><b>Perfilamiento<\/b><\/span><\/p>\n<p><b>Asesor:<\/b> <span style=\"font-weight: 400;\">\u00bfc\u00f3mo conoci\u00f3 nuestra instituci\u00f3n? \u00bfCu\u00e1ntos a\u00f1os tiene su hijo? \u00bfEst\u00e1 en alg\u00fan otro Instituto actualmente? \u00bfPor qu\u00e9 le gustar\u00eda ser parte de nuestra comunidad? \u00bfA qu\u00e9 se dedica usted?, Por redes sociales, familiares, amigos?<\/span><\/p>\n<p><span style=\"font-weight: 400;\"><br \/>\n<\/span> <span style=\"color: #0000ff;\"><b>Sondeo<\/b><\/span><\/p>\n<p><b>Asesor:<\/b> <span style=\"font-weight: 400;\">\u00bftiene alguna informaci\u00f3n previa el Gimnasio Fontana?\u00a0<\/span><\/p>\n<p><span style=\"color: #ff0000;\"><b>ETAPA DE ESCUCHA ACTIVA HACIA EL PROSPECTO<\/b><\/span><\/p>\n<p><span style=\"color: #008000;\"><b>Confirmaci\u00f3n de datos<\/b><\/span><\/p>\n<p><b>Asesor:<\/b> <span style=\"font-weight: 400;\">Bien (Nombre del interesado), para darle informaci\u00f3n certera, le pedir\u00e9 unos datos, algunos ya los tenemos, pero nos sirve de confirmaci\u00f3n, (Validar datos): Nombre y apellido, email, nivel de estudios en el que est\u00e1 interesado.<\/span><\/p>\n<p><span style=\"font-weight: 400;\">_________________________________________________________________________<\/span><\/p>\n<p><span style=\"color: #0000ff;\"><b>Demostraci\u00f3n de producto (informaci\u00f3n que desconozca)<\/b><\/span><\/p>\n<p><b>Asesor:<\/b><\/p>\n<ul>\n<li><span style=\"font-weight: 400;\"> \u00a0 \u00a0 \u00a0 \u00a0 <\/span><b>Marca:<\/b><span style=\"font-weight: 400;\"> (Nombre del prospecto), te comento que el Gimnasio Fontana ha logrado consolidar una metodolog\u00eda de ense\u00f1anza propia llamada \u201cWhat If Creative thinking\u201d, orientada a desarrollar el pensamiento creativo de los estudiantes y a que estos puedan explorar sus talentos y habilidades y los desarrollen a lo largo de su vida escolar.<\/span><\/li>\n<\/ul>\n<p><span style=\"font-weight: 400;\">Esta pedagog\u00eda se sustenta en tres pilares: creatividad, felicidad y sostenibilidad, se destaca por ser innovadora y centrada en las necesidades de los estudiantes. Se busca que ellos aprendan a pensar cr\u00edticamente y a usar sus aprendizajes en las diferentes disciplinas para resolver los desaf\u00edos del mundo real.<\/span><\/p>\n<p>&nbsp;<\/p>\n<ul>\n<li><span style=\"font-weight: 400;\"> \u00a0 \u00a0 \u00a0 \u00a0 <\/span><b>Producto: (nivel de inter\u00e9s)<\/b><\/li>\n<\/ul>\n<p><span style=\"color: #008000;\"><b>Nivel 1: prek\u00ednder a 1\u00ba:<\/b><\/span><a href=\"https:\/\/sic.nodscloud.com\/nodsglobal\/niveles\/\" target=\"_blank\" rel=\"noopener\"> <span style=\"font-weight: 400;\">Se le habla de la ficha t\u00e9cnica en SIC<\/span><\/a><span style=\"font-weight: 400;\"><br \/>\n<\/span><span style=\"color: #ff6600;\"><b>Nivel 2: 2\u00ba a 6\u00ba:<\/b><\/span> <a href=\"https:\/\/sic.nodscloud.com\/nodsglobal\/niveles\/\" target=\"_blank\" rel=\"noopener\"><span style=\"font-weight: 400;\">Se le habla de la ficha t\u00e9cnica en SIC<\/span><\/a><span style=\"font-weight: 400;\"><br \/>\n<\/span><span style=\"color: #800080;\"><b>Nivel 3: 7\u00ba a 11\u00ba:<\/b><\/span> <a href=\"https:\/\/sic.nodscloud.com\/nodsglobal\/niveles\/\" target=\"_blank\" rel=\"noopener\"><span style=\"font-weight: 400;\">Se le habla de la ficha t\u00e9cnica en SIC<\/span><\/a><\/p>\n<p><span style=\"color: #ff0000;\"><b>Tiene alguna duda hasta el momento (nombre del interesado)? <\/b><b><br \/>\n<\/b><b>(<\/b><b><i>en caso de responder que no tiene dudas comentar un diferenciador m\u00e1s).<\/i><\/b><\/span><\/p>\n<p>&nbsp;<\/p>\n<ul>\n<li><span style=\"font-weight: 400;\"> \u00a0 \u00a0 \u00a0 \u00a0 <\/span><b>Diferenciadores:<\/b><\/li>\n<\/ul>\n<ol>\n<li><span style=\"font-weight: 400;\"> \u00a0 <\/span><span style=\"font-weight: 400;\">Metodolog\u00eda What If? Creative thinking, la cual ha sido desarrollada por el colegio.<\/span><\/li>\n<li><span style=\"font-weight: 400;\"> \u00a0 <\/span><span style=\"font-weight: 400;\">Programas enfocados en los tres pilares: Felicidad, creatividad y sostenibilidad.<\/span><\/li>\n<li><span style=\"font-weight: 400;\"> \u00a0 <\/span><span style=\"font-weight: 400;\">Campus Patrimonio Cultural de La Naci\u00f3n de 80.000 m2.<\/span><\/li>\n<li><span style=\"font-weight: 400;\"> \u00a0 <\/span><span style=\"font-weight: 400;\">Tres certificaciones: CIS, Great Place To Study y Carbono Neutro.<\/span><\/li>\n<li><span style=\"font-weight: 400;\"> \u00a0 <\/span><span style=\"font-weight: 400;\">Cursos de extensi\u00f3n: cursos obligatorios para estudiantes de d\u00e9cimo y once con el fin de proporcionar una inmersi\u00f3n a las carreras y campos de acci\u00f3n de inter\u00e9s, aportando a la orientaci\u00f3n vocacional y enriquecimiento del perfil acad\u00e9mico y profesional.<\/span><\/li>\n<li><span style=\"font-weight: 400;\"> \u00a0 <\/span><span style=\"font-weight: 400;\">Doble titulaci\u00f3n con Canad\u00e1.<\/span><\/li>\n<\/ol>\n<p>&nbsp;<\/p>\n<p><span style=\"color: #ff0000;\"><b>Tiene alguna duda hasta el momento (nombre del interesado)? <\/b><b><br \/>\n<\/b><b>(<\/b><b><i>en caso de responder que no tiene dudas comentar valores de inversi\u00f3n).<\/i><\/b><\/span><\/p>\n<ul>\n<li><span style=\"font-weight: 400;\"> \u00a0 \u00a0 \u00a0 \u00a0 <\/span><b>Valores de Inversi\u00f3n:<\/b><span style=\"font-weight: 400;\"> Seg\u00fan el grado acad\u00e9mico (SIC)<\/span><\/li>\n<\/ul>\n<p><span style=\"font-weight: 400;\">_________________________________________________________________________<\/span><\/p>\n<p><span style=\"color: #0000ff;\"><b>Negociaci\u00f3n:<\/b><\/span><\/p>\n<p><span style=\"font-weight: 400;\">En virtud de su inter\u00e9s al Gimnasio Fontana y a la informaci\u00f3n previa que le hemos brindado, \u00bfLe gustar\u00eda inscribirse a la charla de admisi\u00f3n para iniciar esta maravillosa aventura What if?<\/span><\/p>\n<p><span style=\"color: #ff0000;\"><b>ETAPA DE ESCUCHA ACTIVA HACIA EL PROSPECTO<\/b><\/span><\/p>\n<p><span style=\"color: #008000;\"><b>Si dice que si<\/b><\/span> <span style=\"font-weight: 400;\">lo invitamos a la charla de admisi\u00f3n presencial (agenda disponible cada viernes) o programar visita al colegio.<\/span><\/p>\n<p><span style=\"font-weight: 400;\">Caso de <\/span><b>no poder presencial<\/b><span style=\"font-weight: 400;\">, se puede agendar una charla de admisi\u00f3n virtual con la directora de admisiones.(seg\u00fan disponibilidad)<\/span><\/p>\n<p><b><span style=\"color: #ff0000;\">Si dice que no<\/span> <\/b><span style=\"font-weight: 400;\">se identifican los motivos y se registran las razones de no inter\u00e9s.<\/span><\/p>\n<p>&nbsp;<\/p>\n<p><span style=\"color: #ff0000;\"><b>Tiene alguna duda hasta el momento de antes mencionado (nombre del interesado)<\/b><b><br \/>\n<\/b><b>(<\/b><b><i>en caso de responder que no tiene dudas comentar a grandes rasgos como es el proceso de admisiones).<\/i><\/b><\/span><\/p>\n<p><span style=\"font-weight: 400;\">_________________________________________________________________________<\/span><\/p>\n<p><span style=\"color: #0000ff;\"><b>Proceso de Admisi\u00f3n: Aventura What if?<\/b><\/span><\/p>\n<p><span style=\"font-weight: 400;\">Es el proceso de acercamiento de las familias y el aspirante al Gimnasio Fontana, lo llamamos aventura porque sabemos que la elecci\u00f3n del colegio es un momento muy importante de las familias, es transcendental.<\/span><\/p>\n<p><span style=\"font-weight: 400;\">La aventura What if se compone en 3 momentos:<\/span><\/p>\n<p><b>1- Charla informativa de Admisiones:<\/b><span style=\"font-weight: 400;\"> es donde buscamos ese primer acercamiento con las familias que conozcan nuestra filosof\u00eda, nuestra pedagog\u00eda, y generar un espacio de reflexi\u00f3n sobre lo que significa la elecci\u00f3n de colegio.<\/span><\/p>\n<p><b>1.1-Visita al Colegio (este solo si no puede ir a la Charla)<\/b><\/p>\n<p>La visita al Gimnasio Fontana es una experiencia que las familias pueden programar de forma grupal, los martes, mi\u00e9rcoles, jueves y viernes de 10:00 a.m. a 2:30 p.m. se trata de un recorrido por las instalaciones del colegio que en promedio tiene una duraci\u00f3n de hora. Es liderado por el equipo de admisiones, pueden participan docentes y funcionarios exponiendo de forma interesante la historia, filosof\u00eda y modelo pedag\u00f3gico de la instituci\u00f3n. Adicionalmente, las familias pueden ver en tiempo real la cotidianidad del colegio, hacer preguntas y continuar con el proceso de admisi\u00f3n.<\/p>\n<p><b>2- Entrevista del Proceso\u00a0 Admisi\u00f3n<\/b><span style=\"font-weight: 400;\">: es un espacio para conocerlos m\u00e1s de cerca, cu\u00e1les son sus intereses y sus expectativas, cu\u00e1les son los talentos y habilidades propias de los ni\u00f1os, cu\u00e1l es su potencial. Tambi\u00e9n es un momento para co-crear juntos.<\/span><\/p>\n<p><b>3-Adaptaci\u00f3n e inducci\u00f3n<\/b><span style=\"font-weight: 400;\">: Buscamos vincular e integrar definitivamente las familias y a nuestros estudiantes a nuestra comunidad<\/span><\/p>\n<p>&nbsp;<\/p>\n<p><span style=\"color: #ff0000;\"><b>Tiene alguna duda hasta el momento de antes mencionado (nombre del interesado)<\/b><\/span><\/p>\n<p><span style=\"color: #ff0000;\"><b>Manejo de objeciones<\/b><b>\u00a0<\/b><\/span><\/p>\n<p><span style=\"font-weight: 400;\">_________________________________________________________________________<\/span><\/p>\n<p><span style=\"color: #008000;\"><b>Despedida \u2013 con inscripci\u00f3n a charla<\/b><\/span><\/p>\n<p><span style=\"font-weight: 400;\">(Nombre del interesado) desde el equipo de admisiones le enviaremos un recordatorio 1 d\u00eda antes al correo electr\u00f3nico y tambi\u00e9n el d\u00eda de la Charla se le env\u00eda por medio de WhatsApp un mensaje recordando la fecha, hora y link de conexi\u00f3n o ubicaci\u00f3n del colegio.<\/span><\/p>\n<p><span style=\"font-weight: 400;\">Aprovecho para preguntarle si es que usted tiene alguna duda o algo en lo que pueda ayudarle?<\/span><\/p>\n<p><span style=\"font-weight: 400;\">Muchas gracias por su amable respuesta y el tiempo que me brind\u00f3, habl\u00f3 con Camilo Mart\u00ednez, saludos, que tenga un muy buen d\u00eda.<\/span><\/p>\n<p><span style=\"color: #ff0000;\"><span style=\"font-weight: 400;\">\u00a0<\/span><b>Despedida \u2013 Indeciso sin inscripci\u00f3n<\/b><\/span><\/p>\n<p><span style=\"font-weight: 400;\">(Nombre del interesado) desde el equipo de admisiones le agradecemos por atendernos hoy, muy amable de su parte, el Gimnasio Fontana estar\u00e1 siempre disponible para futuras consultas,<\/span><\/p>\n<p><span style=\"font-weight: 400;\">Aprovecho para preguntarle si es que prefiere que me comunique nuevamente con usted en 2 d\u00edas para saber si ya pudo tomar la decisi\u00f3n de inscribirse?<\/span><\/p>\n<p><span style=\"font-weight: 400;\">Muchas gracias por su amable respuesta y el tiempo que me brind\u00f3, habl\u00f3 con Camilo Mart\u00ednez, saludos, que tenga un muy buen d\u00eda.<\/span><\/p>\n<p><span style=\"color: #993300;\"><b>Despedida \u2013 sin inscripci\u00f3n<\/b><\/span><\/p>\n<p><span style=\"font-weight: 400;\">(Nombre del interesado) desde el equipo de admisiones le agradecemos por atendernos hoy, muy amable de su parte, el Gimnasio Fontana estar\u00e1 siempre disponible para futuras consultas.<\/span><\/p>\n<p><span style=\"font-weight: 400;\">Aprovecho para preguntarle si es que usted tiene alguna duda o algo en lo que pueda ayudarle?<\/span><\/p>\n<p><span style=\"font-weight: 400;\">Muchas gracias por su amable respuesta y el tiempo que me brind\u00f3, habl\u00f3 con Camilo Mart\u00ednez, saludos, que tenga un muy buen d\u00eda.<\/span><\/p>\n<p>&nbsp;<\/p>\n","protected":false},"excerpt":{"rendered":"<p>Speech\u00a0 Presentaci\u00f3n Asesor: Hola buenos d\u00edas, \u00bfHablo con (NOMBRE del interesado)?, \u00bfC\u00f3mo le va? Soy Camilo Mart\u00ednez del Equipo de Admisiones del Gimnasio Fontana, Me da gusto saludarte. Asesor: Me pongo en contacto contigo por la solicitud de informaci\u00f3n que complet\u00f3 en nuestro sitio \u00bfesto&#8230;<\/p>\n","protected":false},"author":16,"featured_media":0,"parent":0,"menu_order":0,"comment_status":"closed","ping_status":"closed","template":"","meta":{"footnotes":""},"class_list":["post-4769","page","type-page","status-publish","hentry"],"aioseo_notices":[],"_links":{"self":[{"href":"https:\/\/sic.nodscloud.com\/nodsglobal\/wp-json\/wp\/v2\/pages\/4769","targetHints":{"allow":["GET"]}}],"collection":[{"href":"https:\/\/sic.nodscloud.com\/nodsglobal\/wp-json\/wp\/v2\/pages"}],"about":[{"href":"https:\/\/sic.nodscloud.com\/nodsglobal\/wp-json\/wp\/v2\/types\/page"}],"author":[{"embeddable":true,"href":"https:\/\/sic.nodscloud.com\/nodsglobal\/wp-json\/wp\/v2\/users\/16"}],"replies":[{"embeddable":true,"href":"https:\/\/sic.nodscloud.com\/nodsglobal\/wp-json\/wp\/v2\/comments?post=4769"}],"version-history":[{"count":6,"href":"https:\/\/sic.nodscloud.com\/nodsglobal\/wp-json\/wp\/v2\/pages\/4769\/revisions"}],"predecessor-version":[{"id":4835,"href":"https:\/\/sic.nodscloud.com\/nodsglobal\/wp-json\/wp\/v2\/pages\/4769\/revisions\/4835"}],"wp:attachment":[{"href":"https:\/\/sic.nodscloud.com\/nodsglobal\/wp-json\/wp\/v2\/media?parent=4769"}],"curies":[{"name":"wp","href":"https:\/\/api.w.org\/{rel}","templated":true}]}}