
{"id":4933,"date":"2024-07-22T14:43:34","date_gmt":"2024-07-22T14:43:34","guid":{"rendered":"https:\/\/sic.nodscloud.com\/nodsglobal\/?page_id=4933"},"modified":"2024-08-19T11:55:56","modified_gmt":"2024-08-19T11:55:56","slug":"diplomado-universitario-internacional-en-la-dependencia-emocional-superar-una-ruptura-emocional","status":"publish","type":"page","link":"https:\/\/sic.nodscloud.com\/nodsglobal\/diplomado-universitario-internacional-en-la-dependencia-emocional-superar-una-ruptura-emocional\/","title":{"rendered":"Diplomado Universitario Internacional en la dependencia emocional. Superar una ruptura emocional"},"content":{"rendered":"<p><img fetchpriority=\"high\" decoding=\"async\" class=\"wp-image-4903 aligncenter\" src=\"https:\/\/sic.nodscloud.com\/nodsglobal\/wp-content\/uploads\/sites\/3\/2024\/07\/faro_dark-1024x356.png\" alt=\"\" width=\"449\" height=\"156\" srcset=\"https:\/\/sic.nodscloud.com\/nodsglobal\/wp-content\/uploads\/sites\/3\/2024\/07\/faro_dark-1024x356.png 1024w, https:\/\/sic.nodscloud.com\/nodsglobal\/wp-content\/uploads\/sites\/3\/2024\/07\/faro_dark-300x104.png 300w, https:\/\/sic.nodscloud.com\/nodsglobal\/wp-content\/uploads\/sites\/3\/2024\/07\/faro_dark-768x267.png 768w, https:\/\/sic.nodscloud.com\/nodsglobal\/wp-content\/uploads\/sites\/3\/2024\/07\/faro_dark-1536x535.png 1536w, https:\/\/sic.nodscloud.com\/nodsglobal\/wp-content\/uploads\/sites\/3\/2024\/07\/faro_dark-2048x713.png 2048w, https:\/\/sic.nodscloud.com\/nodsglobal\/wp-content\/uploads\/sites\/3\/2024\/07\/faro_dark-700x244.png 700w\" sizes=\"(max-width: 449px) 100vw, 449px\" \/><img decoding=\"async\" class=\"size-large wp-image-4934 aligncenter\" src=\"https:\/\/sic.nodscloud.com\/nodsglobal\/wp-content\/uploads\/sites\/3\/2024\/07\/dependecia-emocional-1024x150.png\" alt=\"\" width=\"1024\" height=\"150\" srcset=\"https:\/\/sic.nodscloud.com\/nodsglobal\/wp-content\/uploads\/sites\/3\/2024\/07\/dependecia-emocional-1024x150.png 1024w, https:\/\/sic.nodscloud.com\/nodsglobal\/wp-content\/uploads\/sites\/3\/2024\/07\/dependecia-emocional-300x44.png 300w, https:\/\/sic.nodscloud.com\/nodsglobal\/wp-content\/uploads\/sites\/3\/2024\/07\/dependecia-emocional-768x113.png 768w, https:\/\/sic.nodscloud.com\/nodsglobal\/wp-content\/uploads\/sites\/3\/2024\/07\/dependecia-emocional-700x103.png 700w, https:\/\/sic.nodscloud.com\/nodsglobal\/wp-content\/uploads\/sites\/3\/2024\/07\/dependecia-emocional.png 1444w\" sizes=\"(max-width: 1024px) 100vw, 1024px\" \/><\/p>\n<p><span style=\"font-weight: 400;\">Este programa formativo ofrece material te\u00f3rico y pr\u00e1ctico centrado en el amor y espec\u00edficamente en el desamor. Se explora c\u00f3mo la ruptura de una relaci\u00f3n y el sentimiento de desamor son tratados como algo a evitar y castigar. A trav\u00e9s de este curso, el alumno profundizar\u00e1 en el mundo de las relaciones amorosas, sus posibles desenlaces y las distintas etapas que atraviesa una persona enamorada, tanto desde perspectivas biol\u00f3gicas, socioculturales y psicol\u00f3gicas.<\/span><\/p>\n<p>&nbsp;<\/p>\n<hr \/>\n<p><strong>200 horas | 8 Cr\u00e9ditos ECTS | Modalidad online Autogestionable<\/strong><\/p>\n<hr \/>\n<p>&nbsp;<\/p>\n<p><strong><span style=\"color: #008000;\">Certificaci\u00f3n<\/span><\/strong><\/p>\n<p>&nbsp;<\/p>\n<p><span style=\"font-weight: 400;\"><strong>Universidad Cat\u00f3lica San Antonio de Murcia<\/strong> <strong><span style=\"color: #0000ff;\"><a style=\"color: #0000ff;\" href=\"https:\/\/sic.nodscloud.com\/nodsglobal\/certificaciones-modelos\/\" target=\"_blank\" rel=\"noopener\">Ver diploma<\/a><\/span><\/strong><\/span><\/p>\n<p>&nbsp;<\/p>\n<p><span style=\"font-weight: 400;\">El Diplomado Universitario Internacional en la dependencia emocional. Superar una ruptura emocional tiene una certificaci\u00f3n de 200 horas y 8 cr\u00e9ditos ECTS otorgada por la prestigiosa Universidad Cat\u00f3lica San Antonio de Murcia.<\/span><\/p>\n<p>&nbsp;<\/p>\n<p><span style=\"font-weight: 400;\">La Universidad Cat\u00f3lica San Antonio de Murcia entregar\u00e1 un diploma a todos los alumnos que completen satisfactoriamente el Experto Universitario o Curso Online. El t\u00edtulo ser\u00e1 enviado con la validez correspondiente de la Universidad acreditadora.<\/span><\/p>\n<p>&nbsp;<\/p>\n<p><b>\u00bfQu\u00e9 validez tiene el diploma?<\/b><\/p>\n<p>&nbsp;<\/p>\n<p><span style=\"font-weight: 400;\">Los t\u00edtulos y diplomas de la Universidad Cat\u00f3lica San Antonio de Murcia son reconocidos tanto a nivel nacional como internacional gracias a su acreditaci\u00f3n. Cada diploma cuenta con un Sistema de Validaci\u00f3n que incluye una URL para verificar todos los detalles de validez del t\u00edtulo (nombre completo, DNI, nombre del curso, cr\u00e9ditos ECTS), accesible desde cualquier dispositivo. Adem\u00e1s, la autenticidad del diploma puede ser verificada consultando los registros universitarios o revisando los sellos y firmas presentes en el t\u00edtulo.<\/span><\/p>\n<hr \/>\n<p>&nbsp;<\/p>\n<p><span style=\"color: #008000;\"><strong>Plan de estudios<\/strong><\/span><\/p>\n<p><b>Informaci\u00f3n adicional<\/b><\/p>\n<p>&nbsp;<\/p>\n<p><i><span style=\"font-weight: 400;\">\u00bfQu\u00e9 deb\u00e9s tener en cuenta?<\/span><\/i><\/p>\n<p>&nbsp;<\/p>\n<p><strong>1) Requisitos para inscribirte:<\/strong><\/p>\n<ul>\n<li><span style=\"font-weight: 400;\"> Copia del DNI,\u00a0 o Pasaporte por ambas caras.<\/span><\/li>\n<\/ul>\n<p>&nbsp;<\/p>\n<p><strong>2) Plazo de inscripci\u00f3n<\/strong><\/p>\n<p><span style=\"font-weight: 400;\">La inscripci\u00f3n en esta formaci\u00f3n 100% online con metodolog\u00eda E-Learning permanecer\u00e1 abierta durante todo el a\u00f1o.<\/span><\/p>\n<p>&nbsp;<\/p>\n<p><strong>3) Duraci\u00f3n:<\/strong><\/p>\n<p><span style=\"font-weight: 400;\">Tendr\u00e1s un tiempo m\u00ednimo de 1 mes para realizar este programa formativo y un m\u00e1ximo de 6 meses para finalizarlo.<\/span><\/p>\n<p>&nbsp;<\/p>\n<p><strong>4) Evaluaci\u00f3n:<\/strong><\/p>\n<p><span style=\"font-weight: 400;\">La evaluaci\u00f3n estar\u00e1 compuesta por 111 preguntas opci\u00f3n m\u00faltiple (a\/b\/c).<\/span><\/p>\n<p>&nbsp;<\/p>\n<p><span style=\"font-weight: 400;\">Todos los alumnos deben aprobar la evaluaci\u00f3n correspondiente a cada tema. En caso de no superar el total de las evaluaciones conjuntamente, el alumno dispone de una segunda oportunidad sin costo adicional.<\/span><\/p>\n<hr \/>\n<p>&nbsp;<\/p>\n<p><span style=\"color: #008000;\"><b>Destinatarios<\/b><\/span><\/p>\n<p>&nbsp;<\/p>\n<p><i><span style=\"font-weight: 400;\">\u00bfA qui\u00e9n est\u00e1 dirigido El Diplomado Universitario Internacional en la dependencia emocional. Superar una ruptura emocional?<\/span><\/i><\/p>\n<p>&nbsp;<\/p>\n<p><span style=\"font-weight: 400;\">Este programa formativo online con metodolog\u00eda E-Learning est\u00e1 destinado a:<\/span><\/p>\n<p>&nbsp;<\/p>\n<ul>\n<li><em><strong> Graduados\/as en Psicolog\u00eda.<\/strong><\/em><\/li>\n<\/ul>\n<hr \/>\n<p>&nbsp;<\/p>\n<p><span style=\"color: #008000;\"><b>Objetivos\u00a0<\/b><\/span><\/p>\n<ul>\n<li>Conocer el apasionante y, a veces crudo, mundo de las relaciones amorosas y sus posibles desenlaces finales.<\/li>\n<li>Explicar el origen de la relaci\u00f3n amorosa, empezando por la aparici\u00f3n del enamoramiento, observando la evoluci\u00f3n de esta desde un punto de vista biol\u00f3gico, sociocultural y psicol\u00f3gico.<\/li>\n<\/ul>\n<p>&nbsp;<\/p>\n<hr \/>\n<p><b><span style=\"color: #008000;\">Contenidos<\/span>\u00a0 <\/b><span style=\"color: #0000ff;\">ver aqu\u00ed<\/span><\/p>\n<hr \/>\n<p>&nbsp;<\/p>\n<p><span style=\"color: #008000;\"><b>Actualizaci\u00f3n gratuita<\/b><\/span><\/p>\n<p>&nbsp;<\/p>\n<p><span style=\"font-weight: 400;\">Cuando te inscribes en el Diplomado en Dependencia Emocional. Superar una Ruptura Emocional, queremos asegurarte un valor agregado a este programa formativo. Te proporcionamos de manera gratuita todas las actualizaciones que se realicen en los m\u00f3dulos del programa durante los pr\u00f3ximos 5 a\u00f1os. De esta forma, tu formaci\u00f3n, tu tiempo y tu inversi\u00f3n ser\u00e1n \u00fatiles y profesionales a lo largo del tiempo.<\/span><\/p>\n<hr \/>\n<p><span style=\"color: #008000;\"><b>Metodolog\u00eda<\/b><\/span><\/p>\n<section class=\"section font-principal\">\n<div class=\"container\">\n<div class=\"accordion accordion-bg clearfix\">\n<div class=\"row\">\n<div class=\"col-12\">\n<div class=\"acc_content clearfix p-padding-menor\">\n<p>Todo el contenido del programa formativo est\u00e1 disponible en el Campus Virtual, los 365 d\u00edas del a\u00f1o, los 7 d\u00edas de la semana y las 24 horas del d\u00eda. El alumno puede acceder al programa siempre que quiera y desde cualquier dispositivo m\u00f3vil, tablet u ordenador. Siempre que el alumno necesite resolver cualquier duda sobre el contenido de la formaci\u00f3n, podr\u00e1 contactar con el departamento de Tutor\u00edas mediante email: (<a title=\"Email EUNEIZ\" href=\"mailto:euneiz@formacionalcala.com\" target=\"_blank\" rel=\"noopener\">euneiz@formacionalcala.com<\/a>), tel\u00e9fono (<a title=\"Tel\u00e9fono tutor\u00edas\" href=\"tel:953 58 53 30\" target=\"_blank\" rel=\"noopener\">953 58 53 30<\/a>), WhatsApp (<a title=\"WhatsApp tutor\u00edas\" href=\"https:\/\/api.whatsapp.com\/send?phone=34686322159&amp;text=Atenci%C3%B3n%20tutorial%20de%20Formaci%C3%B3n%20Alcal%C3%A1,%20%C2%BFen%20que%20podemos%20ayudarte?\" target=\"_blank\" rel=\"noopener\">686 32 21 59<\/a>) o a trav\u00e9s del chat que tiene la propia plataforma. Cada alumno tendr\u00e1 asignado un tutor\/a personal que ser\u00e1 el encargado de resolver sus dudas y seguir su evoluci\u00f3n.<\/p>\n<hr \/>\n<p>Dentro de la plataforma encontrar\u00e1s:<\/p>\n<ul class=\"iconlist iconlist-large iconlist-color\">\n<li><img decoding=\"async\" class=\"mini-icon\" title=\"\" src=\"https:\/\/www.formacionalcala.com\/images\/svg\/boli.svg\" alt=\"\" width=\"15\" height=\"15\" \/>\u00a0Gu\u00eda de la plataforma.<\/li>\n<li><img decoding=\"async\" class=\"mini-icon\" title=\"\" src=\"https:\/\/www.formacionalcala.com\/images\/svg\/boli.svg\" alt=\"\" width=\"15\" height=\"15\" \/>\u00a0Foros y chats para contactar con los tutores.<\/li>\n<li><img decoding=\"async\" class=\"mini-icon\" title=\"\" src=\"https:\/\/www.formacionalcala.com\/images\/svg\/boli.svg\" alt=\"\" width=\"15\" height=\"15\" \/>\u00a0Temario.<\/li>\n<li><img decoding=\"async\" class=\"mini-icon\" title=\"\" src=\"https:\/\/www.formacionalcala.com\/images\/svg\/boli.svg\" alt=\"\" width=\"15\" height=\"15\" \/>\u00a0Res\u00famenes.<\/li>\n<li><img decoding=\"async\" class=\"mini-icon\" title=\"\" src=\"https:\/\/www.formacionalcala.com\/images\/svg\/boli.svg\" alt=\"\" width=\"15\" height=\"15\" \/>\u00a0V\u00eddeos.<\/li>\n<li><img decoding=\"async\" class=\"mini-icon\" title=\"\" src=\"https:\/\/www.formacionalcala.com\/images\/svg\/boli.svg\" alt=\"\" width=\"15\" height=\"15\" \/>\u00a0Gu\u00edas y protocolos adicionales.<\/li>\n<li><img decoding=\"async\" class=\"mini-icon\" title=\"\" src=\"https:\/\/www.formacionalcala.com\/images\/svg\/boli.svg\" alt=\"\" width=\"15\" height=\"15\" \/>\u00a0Evaluaciones.<\/li>\n<li><img decoding=\"async\" class=\"mini-icon\" title=\"\" src=\"https:\/\/www.formacionalcala.com\/images\/svg\/boli.svg\" alt=\"\" width=\"15\" height=\"15\" \/>\u00a0Seguimiento del proceso formativo.<\/li>\n<\/ul>\n<hr \/>\n<\/div>\n<\/div>\n<\/div>\n<\/div>\n<\/div>\n<\/section>\n<p><img loading=\"lazy\" decoding=\"async\" class=\"aligncenter\" src=\"https:\/\/encrypted-tbn0.gstatic.com\/images?q=tbn:ANd9GcRGXmGrGb5BMLcFkyotmqBxtlZZZg124_wplQ&amp;s\" alt=\"Cursos, M\u00e1ster y Expertos online baremables y puntuables en bolsa | Formaci\u00f3n Alcal\u00e1 Argentina\" width=\"325\" height=\"75\" \/><\/p>\n","protected":false},"excerpt":{"rendered":"<p>Este programa formativo ofrece material te\u00f3rico y pr\u00e1ctico centrado en el amor y espec\u00edficamente en el desamor. Se explora c\u00f3mo la ruptura de una relaci\u00f3n y el sentimiento de desamor son tratados como algo a evitar y castigar. A trav\u00e9s de este curso, el alumno&#8230;<\/p>\n","protected":false},"author":16,"featured_media":0,"parent":0,"menu_order":0,"comment_status":"closed","ping_status":"closed","template":"","meta":{"footnotes":""},"class_list":["post-4933","page","type-page","status-publish","hentry"],"aioseo_notices":[],"_links":{"self":[{"href":"https:\/\/sic.nodscloud.com\/nodsglobal\/wp-json\/wp\/v2\/pages\/4933","targetHints":{"allow":["GET"]}}],"collection":[{"href":"https:\/\/sic.nodscloud.com\/nodsglobal\/wp-json\/wp\/v2\/pages"}],"about":[{"href":"https:\/\/sic.nodscloud.com\/nodsglobal\/wp-json\/wp\/v2\/types\/page"}],"author":[{"embeddable":true,"href":"https:\/\/sic.nodscloud.com\/nodsglobal\/wp-json\/wp\/v2\/users\/16"}],"replies":[{"embeddable":true,"href":"https:\/\/sic.nodscloud.com\/nodsglobal\/wp-json\/wp\/v2\/comments?post=4933"}],"version-history":[{"count":6,"href":"https:\/\/sic.nodscloud.com\/nodsglobal\/wp-json\/wp\/v2\/pages\/4933\/revisions"}],"predecessor-version":[{"id":5040,"href":"https:\/\/sic.nodscloud.com\/nodsglobal\/wp-json\/wp\/v2\/pages\/4933\/revisions\/5040"}],"wp:attachment":[{"href":"https:\/\/sic.nodscloud.com\/nodsglobal\/wp-json\/wp\/v2\/media?parent=4933"}],"curies":[{"name":"wp","href":"https:\/\/api.w.org\/{rel}","templated":true}]}}