
{"id":4994,"date":"2024-08-16T19:31:06","date_gmt":"2024-08-16T19:31:06","guid":{"rendered":"https:\/\/sic.nodscloud.com\/nodsglobal\/?page_id=4994"},"modified":"2024-08-19T11:58:31","modified_gmt":"2024-08-19T11:58:31","slug":"master-de-formacion-permanente-en-neonatologia-y-pediatria-critica-enfermera","status":"publish","type":"page","link":"https:\/\/sic.nodscloud.com\/nodsglobal\/master-de-formacion-permanente-en-neonatologia-y-pediatria-critica-enfermera\/","title":{"rendered":"M\u00e1ster de Formaci\u00f3n Permanente en Neonatolog\u00eda y Pediatr\u00eda Cr\u00edtica Enfermera"},"content":{"rendered":"<p><img decoding=\"async\" class=\"wp-image-4903 aligncenter\" src=\"https:\/\/sic.nodscloud.com\/nodsglobal\/wp-content\/uploads\/sites\/3\/2024\/07\/faro_dark-1024x356.png\" alt=\"\" width=\"325\" height=\"113\" srcset=\"https:\/\/sic.nodscloud.com\/nodsglobal\/wp-content\/uploads\/sites\/3\/2024\/07\/faro_dark-1024x356.png 1024w, https:\/\/sic.nodscloud.com\/nodsglobal\/wp-content\/uploads\/sites\/3\/2024\/07\/faro_dark-300x104.png 300w, https:\/\/sic.nodscloud.com\/nodsglobal\/wp-content\/uploads\/sites\/3\/2024\/07\/faro_dark-768x267.png 768w, https:\/\/sic.nodscloud.com\/nodsglobal\/wp-content\/uploads\/sites\/3\/2024\/07\/faro_dark-1536x535.png 1536w, https:\/\/sic.nodscloud.com\/nodsglobal\/wp-content\/uploads\/sites\/3\/2024\/07\/faro_dark-2048x713.png 2048w, https:\/\/sic.nodscloud.com\/nodsglobal\/wp-content\/uploads\/sites\/3\/2024\/07\/faro_dark-700x244.png 700w\" sizes=\"(max-width: 325px) 100vw, 325px\" \/><img fetchpriority=\"high\" decoding=\"async\" class=\"size-large wp-image-5036 aligncenter\" src=\"https:\/\/sic.nodscloud.com\/nodsglobal\/wp-content\/uploads\/sites\/3\/2024\/08\/Master-1024x149.png\" alt=\"\" width=\"1024\" height=\"149\" srcset=\"https:\/\/sic.nodscloud.com\/nodsglobal\/wp-content\/uploads\/sites\/3\/2024\/08\/Master-1024x149.png 1024w, https:\/\/sic.nodscloud.com\/nodsglobal\/wp-content\/uploads\/sites\/3\/2024\/08\/Master-300x44.png 300w, https:\/\/sic.nodscloud.com\/nodsglobal\/wp-content\/uploads\/sites\/3\/2024\/08\/Master-768x112.png 768w, https:\/\/sic.nodscloud.com\/nodsglobal\/wp-content\/uploads\/sites\/3\/2024\/08\/Master-700x102.png 700w, https:\/\/sic.nodscloud.com\/nodsglobal\/wp-content\/uploads\/sites\/3\/2024\/08\/Master.png 1460w\" sizes=\"(max-width: 1024px) 100vw, 1024px\" \/><\/p>\n<p>El\u00a0<strong>M\u00e1ster de Formaci\u00f3n Permanente en Neonatolog\u00eda y Pediatr\u00eda Cr\u00edtica Enfermera<\/strong>\u00a0es un programa acad\u00e9mico de vanguardia dise\u00f1ado para\u00a0<strong>satisfacer las necesidades de formaci\u00f3n continua y especializada de profesionales de enfermer\u00eda dedicados al cuidado intensivo neonatal y pedi\u00e1trico<\/strong>. Este m\u00e1ster est\u00e1 estructurado con un enfoque interdisciplinario y actualizado, abarcando los aspectos esenciales y las \u00faltimas tendencias en el campo de la neonatolog\u00eda y la pediatr\u00eda cr\u00edtica.<\/p>\n<p><strong>Destacando el enfoque pr\u00e1ctico y te\u00f3rico<\/strong>, este programa de postgrado ofrece una visi\u00f3n integral de las pr\u00e1cticas de enfermer\u00eda en unidades neonatales y pedi\u00e1tricas cr\u00edticas, promoviendo el desarrollo de habilidades fundamentales para el manejo de situaciones de alta complejidad. Los estudiantes del m\u00e1ster se beneficiar\u00e1n de un claustro de profesionales altamente capacitados y expertos en el \u00e1rea, lo que asegura una formaci\u00f3n de excelencia y una preparaci\u00f3n \u00f3ptima para enfrentar los desaf\u00edos de este campo de especializaci\u00f3n.<\/p>\n<p><strong>Con una duraci\u00f3n flexible y adaptable<\/strong>, el M\u00e1ster de Formaci\u00f3n Permanente en Neonatolog\u00eda y Pediatr\u00eda Cr\u00edtica Enfermera permite a los estudiantes\u00a0<strong>compaginar su desarrollo acad\u00e9mico con sus responsabilidades profesionales y personales<\/strong>. Adem\u00e1s, el programa ofrece acceso a una plataforma virtual moderna y din\u00e1mica, facilitando el aprendizaje a distancia y la interacci\u00f3n con otros compa\u00f1eros y profesores.<\/p>\n<p>El M\u00e1ster de Formaci\u00f3n Permanente en Neonatolog\u00eda y Pediatr\u00eda Cr\u00edtica Enfermera est\u00e1 dirigido a profesionales de enfermer\u00eda altamente motivados y comprometidos con la excelencia en la atenci\u00f3n a pacientes neonatales y pedi\u00e1tricos cr\u00edticos. Al finalizar este programa, los graduados obtendr\u00e1n una\u00a0<strong>s\u00f3lida preparaci\u00f3n que les permitir\u00e1 abordar con confianza y destreza los desaf\u00edos cl\u00ednicos y t\u00e9cnicos que enfrentan en su pr\u00e1ctica profesional diaria<\/strong>.<\/p>\n<p>&nbsp;<\/p>\n<hr \/>\n<p><strong>1500 horas | 60 Cr\u00e9ditos ECTS | Modalidad online Autogestionable<\/strong><\/p>\n<hr \/>\n<p>&nbsp;<\/p>\n<p><strong><span style=\"color: #008000;\">Certificaci\u00f3n<\/span><\/strong><\/p>\n<p>&nbsp;<\/p>\n<p><span style=\"font-weight: 400;\"><strong>Universidad Cat\u00f3lica San Antonio de Murcia<\/strong> <strong><span style=\"color: #0000ff;\"><a style=\"color: #0000ff;\" href=\"https:\/\/sic.nodscloud.com\/nodsglobal\/certificaciones-modelos\/\" target=\"_blank\" rel=\"noopener\">Ver diploma<\/a><\/span><\/strong><\/span><\/p>\n<p>&nbsp;<\/p>\n<p><span style=\"font-weight: 400;\">El Experto Universitario en Oftalmolog\u00eda y Ciencias de la Visi\u00f3n tiene una certificaci\u00f3n de 1500 horas y 60 cr\u00e9ditos ECTS otorgada por la prestigiosa Universidad Cat\u00f3lica San Antonio de Murcia.<\/span><\/p>\n<p>&nbsp;<\/p>\n<p><span style=\"font-weight: 400;\">La Universidad Cat\u00f3lica San Antonio de Murcia entregar\u00e1 un diploma a todos los alumnos que completen satisfactoriamente el Experto Universitario o Curso Online. El t\u00edtulo ser\u00e1 enviado con la validez correspondiente de la Universidad acreditadora.<\/span><\/p>\n<p>&nbsp;<\/p>\n<p><b>\u00bfQu\u00e9 validez tiene el diploma?<\/b><\/p>\n<p>&nbsp;<\/p>\n<p><span style=\"font-weight: 400;\">Los t\u00edtulos y diplomas de la Universidad Cat\u00f3lica San Antonio de Murcia son reconocidos tanto a nivel nacional como internacional gracias a su acreditaci\u00f3n. Cada diploma cuenta con un Sistema de Validaci\u00f3n que incluye una URL para verificar todos los detalles de validez del t\u00edtulo (nombre completo, DNI, nombre del curso, cr\u00e9ditos ECTS), accesible desde cualquier dispositivo. Adem\u00e1s, la autenticidad del diploma puede ser verificada consultando los registros universitarios o revisando los sellos y firmas presentes en el t\u00edtulo.<\/span><\/p>\n<hr \/>\n<p>&nbsp;<\/p>\n<p><span style=\"color: #008000;\"><strong>Plan de estudios<\/strong><\/span><\/p>\n<p><b>Informaci\u00f3n adicional<\/b><\/p>\n<p>&nbsp;<\/p>\n<p><i><span style=\"font-weight: 400;\">\u00bfQu\u00e9 deb\u00e9s tener en cuenta?<\/span><\/i><\/p>\n<p>&nbsp;<\/p>\n<p><strong>1) Requisitos para inscribirte:<\/strong><\/p>\n<ul>\n<li><span style=\"font-weight: 400;\"> Copia del DNI,\u00a0 o Pasaporte por ambas caras.<\/span><\/li>\n<li>Certificado o sabana de notas completo del pregrado o titulaci\u00f3n actual. (Antiguos alumnos no requieren anexarlo).<\/li>\n<li>Documento de identidad, C\u00e9dula de extranjer\u00eda, Pasaporte o Visa.<\/li>\n<li><em>Hoja de vida. (Opcional).<\/em><\/li>\n<\/ul>\n<p>Una vez admitido(a) al Curso, recibir\u00e1 v\u00eda email un acceso al Campus Universitario, donde tendr\u00e1 acceso a todo el material necesario para la realizaci\u00f3n de su programa acad\u00e9mico.<\/p>\n<p>&nbsp;<\/p>\n<p><strong>2) Plazo de inscripci\u00f3n<\/strong><\/p>\n<p><span style=\"font-weight: 400;\">La inscripci\u00f3n en esta formaci\u00f3n 100% online con metodolog\u00eda E-Learning permanecer\u00e1 abierta durante todo el a\u00f1o.<\/span><\/p>\n<p>&nbsp;<\/p>\n<p><strong>3) Duraci\u00f3n:<\/strong><\/p>\n<p>El discente tendr\u00e1 un tiempo m\u00ednimo de\u00a0<strong>6 meses<\/strong>\u00a0para la realizaci\u00f3n de este programa formativo y un m\u00e1ximo de\u00a0<strong>15 meses<\/strong>\u00a0para su finalizaci\u00f3n<\/p>\n<p>&nbsp;<\/p>\n<p><strong>4) Evaluaci\u00f3n:<\/strong><\/p>\n<ul>\n<li>La evaluaci\u00f3n estar\u00e1 compuesta por:\n<ul>\n<li>386 Preguntas opci\u00f3n m\u00faltiple (a\/b\/c).<\/li>\n<li>12 Supuestos pr\u00e1cticos.<\/li>\n<\/ul>\n<p>Todos los alumnos deben aprobar la evaluaci\u00f3n correspondiente a cada m\u00f3dulo para dar por finalizado el m\u00e1ster. En caso de no superar el total de las evaluaciones conjuntamente, el alumno dispone de una segunda oportunidad sin coste adicional.<\/li>\n<\/ul>\n<hr \/>\n<p>&nbsp;<\/p>\n<p><span style=\"color: #008000;\"><b>Destinatarios<\/b><\/span><\/p>\n<p>&nbsp;<\/p>\n<p><i><span style=\"font-weight: 400;\">\u00bfA qui\u00e9n est\u00e1 dirigido <strong>El M\u00e1ster de Formaci\u00f3n Permanente en Neonatolog\u00eda y Pediatr\u00eda Cr\u00edtica Enfermera<\/strong>?<\/span><\/i><\/p>\n<p>&nbsp;<\/p>\n<p><span style=\"font-weight: 400;\">Este programa formativo online con metodolog\u00eda E-Learning est\u00e1 destinado a:<\/span><\/p>\n<ul>\n<li><strong>Graduados\/as en Enfermer\u00eda.<\/strong><\/li>\n<\/ul>\n<p>&nbsp;<\/p>\n<hr \/>\n<p>&nbsp;<\/p>\n<p><strong><span style=\"color: #008000;\">Objetivos generales:<\/span><\/strong><\/p>\n<p>&nbsp;<\/p>\n<ul>\n<li>Adquirir conocimientos actualizados sobre los cuidados de enfermer\u00eda neonatal y pedi\u00e1trica en situaciones de salud y enfermedad.<\/li>\n<li>Desarrollar habilidades para la identificaci\u00f3n y valoraci\u00f3n de problemas de salud en reci\u00e9n nacidos y ni\u00f1os cr\u00edticamente enfermos.<\/li>\n<li>Comprender y aplicar el enfoque metodol\u00f3gico de enfermer\u00eda en la atenci\u00f3n neonatal y pedi\u00e1trica, incluyendo la utilizaci\u00f3n de diagn\u00f3sticos enfermeros, resultados de enfermer\u00eda y planes de cuidados.<\/li>\n<li>Conocer los principios fundamentales de reanimaci\u00f3n cardiopulmonar en neonatolog\u00eda y su aplicaci\u00f3n en casos de PCR gestacional.<\/li>\n<li>Familiarizarse con la farmacolog\u00eda utilizada en situaciones de urgencia neonatal y pedi\u00e1trica, incluyendo la administraci\u00f3n segura y eficaz de diferentes f\u00e1rmacos.<\/li>\n<\/ul>\n<p>&nbsp;<\/p>\n<p><strong><span style=\"color: #008000;\">Objetivos espec\u00edficos:<\/span><\/strong><\/p>\n<p><strong>M\u00f3dulo I. Enfermer\u00eda neonatal:<\/strong><\/p>\n<ul>\n<li>Describir las caracter\u00edsticas y adaptaciones fisiol\u00f3gicas del reci\u00e9n nacido normal y del reci\u00e9n nacido de bajo peso para su edad gestacional.<\/li>\n<li>Identificar los principales trastornos respiratorios y eritrocitarios en el neonato y aplicar las intervenciones adecuadas.<\/li>\n<li>Evaluar y manejar la ictericia neonatal y sus complicaciones.<\/li>\n<li>Reconocer el riesgo de infecci\u00f3n en el reci\u00e9n nacido, implementar medidas preventivas y gestionar las infecciones neonatales.<\/li>\n<li>Identificar y atender el s\u00edndrome de abstinencia neonatal y sus implicaciones en la salud del reci\u00e9n nacido.<\/li>\n<li>Analizar las cardiopat\u00edas cong\u00e9nitas m\u00e1s comunes y sus cuidados de enfermer\u00eda.<\/li>\n<li>Evaluar y gestionar la hipoglucemia y las convulsiones neonatales de forma efectiva.<\/li>\n<li>Desarrollar habilidades para el manejo de reci\u00e9n nacidos prematuros y sus riesgos de salud asociados.<\/li>\n<\/ul>\n<p><strong>M\u00f3dulo II. Metodolog\u00eda en cuidados de enfermer\u00eda pedi\u00e1trica y neonatal:<\/strong><\/p>\n<ul>\n<li>Comprender los fundamentos de la metodolog\u00eda enfermera y su aplicaci\u00f3n en la atenci\u00f3n neonatal y pedi\u00e1trica.<\/li>\n<li>Realizar una adecuada valoraci\u00f3n de enfermer\u00eda en reci\u00e9n nacidos y ni\u00f1os cr\u00edticamente enfermos.<\/li>\n<li>Utilizar la clasificaci\u00f3n de diagn\u00f3sticos enfermeros de la NANDA para la identificaci\u00f3n y planificaci\u00f3n de cuidados.<\/li>\n<li>Utilizar la clasificaci\u00f3n NOC para evaluar los resultados de enfermer\u00eda y la clasificaci\u00f3n NIC para seleccionar las intervenciones m\u00e1s apropiadas.<\/li>\n<li>Elaborar planes de cuidados efectivos y centrados en el paciente, tanto en el \u00e1mbito de pediatr\u00eda como neonatolog\u00eda.<\/li>\n<\/ul>\n<p><strong>M\u00f3dulo III. RCP gestacional:<\/strong><\/p>\n<ul>\n<li>Conocer los cambios fisiol\u00f3gicos durante la gestaci\u00f3n y su relevancia cl\u00ednica en situaciones de PCR.<\/li>\n<li>Identificar la etiolog\u00eda y epidemiolog\u00eda de la PCR en la gestante.<\/li>\n<li>Preparar y organizar el equipo para enfrentar emergencias durante el embarazo.<\/li>\n<li>Aplicar intervenciones clave para prevenir la PCR en la gestante y gestionar la ces\u00e1rea perimortem cuando sea necesario.<\/li>\n<li>Seguir adecuadamente la secuencia de atenci\u00f3n de la PCR, aplicar los algoritmos de actuaci\u00f3n y brindar la atenci\u00f3n post-RCP de manera \u00f3ptima.<\/li>\n<\/ul>\n<p><strong>M\u00f3dulo IV. Farmacolog\u00eda en urgencias:<\/strong><\/p>\n<ul>\n<li style=\"list-style-type: none;\">\n<ul>\n<li>Reconocer y conocer las propiedades y usos adecuados de diferentes f\u00e1rmacos utilizados en situaciones de urgencia neonatal y pedi\u00e1trica.<\/li>\n<li>Administrar de forma segura y efectiva la medicaci\u00f3n de uso frecuente en neonatolog\u00eda.<\/li>\n<li>Conocer las indicaciones, dosis y posolog\u00eda de los f\u00e1rmacos mencionados en el m\u00f3dulo y sus implicaciones en diferentes situaciones cl\u00ednicas.<\/li>\n<\/ul>\n<\/li>\n<\/ul>\n<hr \/>\n<p>&nbsp;<\/p>\n<p><b><span style=\"color: #008000;\">Competencias<\/span><\/b><\/p>\n<ul>\n<li>Identificar las caracter\u00edsticas y necesidades del reci\u00e9n nacido normal y del reci\u00e9n nacido de bajo peso para su edad gestacional, aplicando cuidados especializados para optimizar su desarrollo y bienestar.<\/li>\n<li>Reconocer y abordar de manera efectiva la insuficiencia respiratoria en el reci\u00e9n nacido, aplicando t\u00e9cnicas de ventilaci\u00f3n mec\u00e1nica y soporte respiratorio adecuadas a cada situaci\u00f3n cl\u00ednica.<\/li>\n<li>Realizar una evaluaci\u00f3n integral y un manejo adecuado de la ictericia neonatal, incluyendo la interpretaci\u00f3n de pruebas diagn\u00f3sticas y la administraci\u00f3n de terapias fototerap\u00e9uticas.<\/li>\n<li>Identificar y gestionar trastornos eritrocitarios en el neonato, como la anemia o la policitemia, garantizando una atenci\u00f3n segura y oportuna.<\/li>\n<li>Detectar y prevenir infecciones neonatales, aplicando medidas de asepsia y control de infecciones, as\u00ed como el uso racional de antibi\u00f3ticos y otros tratamientos espec\u00edficos.<\/li>\n<li>Valorar y gestionar el s\u00edndrome de abstinencia neonatal (SAN) en neonatos expuestos a drogas durante la gestaci\u00f3n, proporcionando un cuidado compasivo y basado en la evidencia.<\/li>\n<li>Planificar y administrar adecuadamente la nutrici\u00f3n enteral y parenteral en el reci\u00e9n nacido, teniendo en cuenta las peculiaridades digestivas y nutricionales propias de esta poblaci\u00f3n.<\/li>\n<li>Reconocer y abordar las cardiopat\u00edas cong\u00e9nitas en neonatos y ni\u00f1os, colaborando en la estabilizaci\u00f3n pre y postquir\u00fargica y el seguimiento integral de estos pacientes.<\/li>\n<li>Identificar y tratar oportunamente la hipoglucemia y las convulsiones neonatales, aplicando protocolos y medidas terap\u00e9uticas adecuadas.<\/li>\n<li>Proporcionar cuidados especializados a los reci\u00e9n nacidos prematuros, comprendiendo los riesgos y desaf\u00edos espec\u00edficos asociados con su atenci\u00f3n y desarrollo.<\/li>\n<li>Reconocer y aplicar procedimientos habituales en neonatolog\u00eda, como el acceso venoso y la monitorizaci\u00f3n, garantizando la seguridad y bienestar del paciente.<\/li>\n<li>Participar en el screening de enfermedades metab\u00f3licas y auditivas en neonatos, contribuyendo a la detecci\u00f3n temprana de patolog\u00edas y la intervenci\u00f3n oportuna.<\/li>\n<li>Desarrollar habilidades para la reanimaci\u00f3n cardiopulmonar en neonatolog\u00eda, siguiendo los algoritmos de actuaci\u00f3n y aplicando las maniobras y t\u00e9cnicas de manera precisa y efectiva.<\/li>\n<li>Evaluar y abordar la plagiocefalia en neonatos, implementando medidas de prevenci\u00f3n y correcci\u00f3n temprana.<\/li>\n<li>Gestionar y controlar las unidades de cuidados intensivos neonatales, incluyendo la coordinaci\u00f3n y planificaci\u00f3n de cuidados, as\u00ed como la comunicaci\u00f3n con las familias.<\/li>\n<\/ul>\n<hr \/>\n<p><b><span style=\"color: #008000;\">Contenidos<\/span>\u00a0 <\/b><span style=\"color: #0000ff;\">ver aqu\u00ed<\/span><\/p>\n<hr \/>\n<p>&nbsp;<\/p>\n<p><span style=\"color: #008000;\"><b>Actualizaci\u00f3n gratuita<\/b><\/span><\/p>\n<section class=\"section font-principal\">\n<div class=\"container\">\n<div class=\"accordion accordion-bg clearfix\">\n<div class=\"row\">\n<div class=\"col-12\">\n<div class=\"acc_content clearfix p-padding-menor\">\n<p>Al matricularte en M\u00e1ster de Formaci\u00f3n Permanente en Neonatolog\u00eda y Pediatr\u00eda Cr\u00edtica Enfermera, queremos darte la garant\u00eda y valor a\u00f1adido a este programa formativo, proporcion\u00e1ndote de forma totalmente gratuita, todas las actualizaciones que vayan teniendo lugar en el contenido de los M\u00f3dulos que conforman este programa durante los pr\u00f3ximos 5 a\u00f1os para que tu formaci\u00f3n, tu tiempo y dinero sean de utilidad profesional en el tiempo.<\/p>\n<\/div>\n<\/div>\n<\/div>\n<\/div>\n<\/div>\n<\/section>\n<hr \/>\n<p><span style=\"color: #008000;\"><b>Metodolog\u00eda<\/b><\/span><\/p>\n<section class=\"section font-principal\">\n<div class=\"container\">\n<div class=\"accordion accordion-bg clearfix\">\n<div class=\"row\">\n<div class=\"col-12\">\n<div class=\"acc_content clearfix p-padding-menor\">\n<p>Todo el contenido del programa formativo est\u00e1 disponible en el Campus Virtual, los 365 d\u00edas del a\u00f1o, los 7 d\u00edas de la semana y las 24 horas del d\u00eda. El alumno puede acceder al programa siempre que quiera y desde cualquier dispositivo m\u00f3vil, tablet u ordenador. Siempre que el alumno necesite resolver cualquier duda sobre el contenido de la formaci\u00f3n, podr\u00e1 contactar con el departamento de Tutor\u00edas mediante email: (<a title=\"Email EUNEIZ\" href=\"mailto:euneiz@formacionalcala.com\" target=\"_blank\" rel=\"noopener\">euneiz@formacionalcala.com<\/a>), tel\u00e9fono (<a title=\"Tel\u00e9fono tutor\u00edas\" href=\"tel:953 58 53 30\" target=\"_blank\" rel=\"noopener\">953 58 53 30<\/a>), WhatsApp (<a title=\"WhatsApp tutor\u00edas\" href=\"https:\/\/api.whatsapp.com\/send?phone=34686322159&amp;text=Atenci%C3%B3n%20tutorial%20de%20Formaci%C3%B3n%20Alcal%C3%A1,%20%C2%BFen%20que%20podemos%20ayudarte?\" target=\"_blank\" rel=\"noopener\">686 32 21 59<\/a>) o a trav\u00e9s del chat que tiene la propia plataforma. Cada alumno tendr\u00e1 asignado un tutor\/a personal que ser\u00e1 el encargado de resolver sus dudas y seguir su evoluci\u00f3n.<\/p>\n<hr \/>\n<p>Dentro de la plataforma encontrar\u00e1s:<\/p>\n<ul class=\"iconlist iconlist-large iconlist-color\">\n<li><img decoding=\"async\" class=\"mini-icon\" title=\"\" src=\"https:\/\/www.formacionalcala.com\/images\/svg\/boli.svg\" alt=\"\" width=\"15\" height=\"15\" \/>\u00a0Gu\u00eda de la plataforma.<\/li>\n<li><img decoding=\"async\" class=\"mini-icon\" title=\"\" src=\"https:\/\/www.formacionalcala.com\/images\/svg\/boli.svg\" alt=\"\" width=\"15\" height=\"15\" \/>\u00a0Foros y chats para contactar con los tutores.<\/li>\n<li><img decoding=\"async\" class=\"mini-icon\" title=\"\" src=\"https:\/\/www.formacionalcala.com\/images\/svg\/boli.svg\" alt=\"\" width=\"15\" height=\"15\" \/>\u00a0Temario.<\/li>\n<li><img decoding=\"async\" class=\"mini-icon\" title=\"\" src=\"https:\/\/www.formacionalcala.com\/images\/svg\/boli.svg\" alt=\"\" width=\"15\" height=\"15\" \/>\u00a0Res\u00famenes.<\/li>\n<li><img decoding=\"async\" class=\"mini-icon\" title=\"\" src=\"https:\/\/www.formacionalcala.com\/images\/svg\/boli.svg\" alt=\"\" width=\"15\" height=\"15\" \/>\u00a0V\u00eddeos.<\/li>\n<li><img decoding=\"async\" class=\"mini-icon\" title=\"\" src=\"https:\/\/www.formacionalcala.com\/images\/svg\/boli.svg\" alt=\"\" width=\"15\" height=\"15\" \/>\u00a0Gu\u00edas y protocolos adicionales.<\/li>\n<li><img decoding=\"async\" class=\"mini-icon\" title=\"\" src=\"https:\/\/www.formacionalcala.com\/images\/svg\/boli.svg\" alt=\"\" width=\"15\" height=\"15\" \/>\u00a0Evaluaciones.<\/li>\n<li><img decoding=\"async\" class=\"mini-icon\" title=\"\" src=\"https:\/\/www.formacionalcala.com\/images\/svg\/boli.svg\" alt=\"\" width=\"15\" height=\"15\" \/>\u00a0Seguimiento del proceso formativo.<\/li>\n<\/ul>\n<\/div>\n<\/div>\n<\/div>\n<\/div>\n<\/div>\n<\/section>\n<section class=\"section font-principal\">\n<div class=\"container\">\n<div class=\"row\"><\/div>\n<\/div>\n<\/section>\n<hr \/>\n<p>&nbsp;<\/p>\n<p>&nbsp;<\/p>\n<p><img loading=\"lazy\" decoding=\"async\" class=\"aligncenter\" src=\"https:\/\/encrypted-tbn0.gstatic.com\/images?q=tbn:ANd9GcRGXmGrGb5BMLcFkyotmqBxtlZZZg124_wplQ&amp;s\" alt=\"Cursos, M\u00e1ster y Expertos online baremables y puntuables en bolsa | Formaci\u00f3n Alcal\u00e1 Argentina\" width=\"325\" height=\"75\" \/><\/p>\n","protected":false},"excerpt":{"rendered":"<p>El\u00a0M\u00e1ster de Formaci\u00f3n Permanente en Neonatolog\u00eda y Pediatr\u00eda Cr\u00edtica Enfermera\u00a0es un programa acad\u00e9mico de vanguardia dise\u00f1ado para\u00a0satisfacer las necesidades de formaci\u00f3n continua y especializada de profesionales de enfermer\u00eda dedicados al cuidado intensivo neonatal y pedi\u00e1trico. Este m\u00e1ster est\u00e1 estructurado con un enfoque interdisciplinario y actualizado,&#8230;<\/p>\n","protected":false},"author":16,"featured_media":0,"parent":0,"menu_order":0,"comment_status":"closed","ping_status":"closed","template":"","meta":{"footnotes":""},"class_list":["post-4994","page","type-page","status-publish","hentry"],"aioseo_notices":[],"_links":{"self":[{"href":"https:\/\/sic.nodscloud.com\/nodsglobal\/wp-json\/wp\/v2\/pages\/4994","targetHints":{"allow":["GET"]}}],"collection":[{"href":"https:\/\/sic.nodscloud.com\/nodsglobal\/wp-json\/wp\/v2\/pages"}],"about":[{"href":"https:\/\/sic.nodscloud.com\/nodsglobal\/wp-json\/wp\/v2\/types\/page"}],"author":[{"embeddable":true,"href":"https:\/\/sic.nodscloud.com\/nodsglobal\/wp-json\/wp\/v2\/users\/16"}],"replies":[{"embeddable":true,"href":"https:\/\/sic.nodscloud.com\/nodsglobal\/wp-json\/wp\/v2\/comments?post=4994"}],"version-history":[{"count":4,"href":"https:\/\/sic.nodscloud.com\/nodsglobal\/wp-json\/wp\/v2\/pages\/4994\/revisions"}],"predecessor-version":[{"id":5042,"href":"https:\/\/sic.nodscloud.com\/nodsglobal\/wp-json\/wp\/v2\/pages\/4994\/revisions\/5042"}],"wp:attachment":[{"href":"https:\/\/sic.nodscloud.com\/nodsglobal\/wp-json\/wp\/v2\/media?parent=4994"}],"curies":[{"name":"wp","href":"https:\/\/api.w.org\/{rel}","templated":true}]}}