
{"id":4996,"date":"2024-08-16T19:32:59","date_gmt":"2024-08-16T19:32:59","guid":{"rendered":"https:\/\/sic.nodscloud.com\/nodsglobal\/?page_id=4996"},"modified":"2024-08-19T11:59:42","modified_gmt":"2024-08-19T11:59:42","slug":"experto-universitario-en-oftalmologia-y-ciencias-de-la-vision","status":"publish","type":"page","link":"https:\/\/sic.nodscloud.com\/nodsglobal\/experto-universitario-en-oftalmologia-y-ciencias-de-la-vision\/","title":{"rendered":"Experto Universitario en Oftalmolog\u00eda y Ciencias de la Visi\u00f3n"},"content":{"rendered":"<p><img decoding=\"async\" class=\"wp-image-4903 aligncenter\" src=\"https:\/\/sic.nodscloud.com\/nodsglobal\/wp-content\/uploads\/sites\/3\/2024\/07\/faro_dark-1024x356.png\" alt=\"\" width=\"325\" height=\"113\" srcset=\"https:\/\/sic.nodscloud.com\/nodsglobal\/wp-content\/uploads\/sites\/3\/2024\/07\/faro_dark-1024x356.png 1024w, https:\/\/sic.nodscloud.com\/nodsglobal\/wp-content\/uploads\/sites\/3\/2024\/07\/faro_dark-300x104.png 300w, https:\/\/sic.nodscloud.com\/nodsglobal\/wp-content\/uploads\/sites\/3\/2024\/07\/faro_dark-768x267.png 768w, https:\/\/sic.nodscloud.com\/nodsglobal\/wp-content\/uploads\/sites\/3\/2024\/07\/faro_dark-1536x535.png 1536w, https:\/\/sic.nodscloud.com\/nodsglobal\/wp-content\/uploads\/sites\/3\/2024\/07\/faro_dark-2048x713.png 2048w, https:\/\/sic.nodscloud.com\/nodsglobal\/wp-content\/uploads\/sites\/3\/2024\/07\/faro_dark-700x244.png 700w\" sizes=\"(max-width: 325px) 100vw, 325px\" \/><img fetchpriority=\"high\" decoding=\"async\" class=\"size-large wp-image-5033 aligncenter\" src=\"https:\/\/sic.nodscloud.com\/nodsglobal\/wp-content\/uploads\/sites\/3\/2024\/08\/exp-1024x141.png\" alt=\"\" width=\"1024\" height=\"141\" srcset=\"https:\/\/sic.nodscloud.com\/nodsglobal\/wp-content\/uploads\/sites\/3\/2024\/08\/exp-1024x141.png 1024w, https:\/\/sic.nodscloud.com\/nodsglobal\/wp-content\/uploads\/sites\/3\/2024\/08\/exp-300x41.png 300w, https:\/\/sic.nodscloud.com\/nodsglobal\/wp-content\/uploads\/sites\/3\/2024\/08\/exp-768x106.png 768w, https:\/\/sic.nodscloud.com\/nodsglobal\/wp-content\/uploads\/sites\/3\/2024\/08\/exp-700x96.png 700w, https:\/\/sic.nodscloud.com\/nodsglobal\/wp-content\/uploads\/sites\/3\/2024\/08\/exp.png 1466w\" sizes=\"(max-width: 1024px) 100vw, 1024px\" \/><\/p>\n<p>Este programa formativo contiene un amplio material te\u00f3rico-pr\u00e1ctico para que el alumno ampl\u00ede sus conocimientos en el\u00a0<strong>diagn\u00f3stico y tratamientos m\u00e9dicos y quir\u00fargicos<\/strong>\u00a0de estrabismo y oftalmolog\u00eda pedi\u00e1trica y\u00a0<strong>actualizarse en las \u00faltimas novedades\u00a0<\/strong>relacionadas con las t\u00e9cnicas \u00f3pticas y optom\u00e9tricas que se emplean habitualmente, entre otras cosas.<\/p>\n<p>&nbsp;<\/p>\n<hr \/>\n<p><strong>500 horas | 20 Cr\u00e9ditos ECTS | Modalidad online Autogestionable<\/strong><\/p>\n<hr \/>\n<p>&nbsp;<\/p>\n<p><strong><span style=\"color: #008000;\">Certificaci\u00f3n<\/span><\/strong><\/p>\n<p>&nbsp;<\/p>\n<p><span style=\"font-weight: 400;\"><strong>Universidad Cat\u00f3lica San Antonio de Murcia<\/strong> <strong><span style=\"color: #0000ff;\"><a style=\"color: #0000ff;\" href=\"https:\/\/sic.nodscloud.com\/nodsglobal\/certificaciones-modelos\/\" target=\"_blank\" rel=\"noopener\">Ver diploma<\/a><\/span><\/strong><\/span><\/p>\n<p>&nbsp;<\/p>\n<p><span style=\"font-weight: 400;\">El Experto Universitario en Oftalmolog\u00eda y Ciencias de la Visi\u00f3n tiene una certificaci\u00f3n de 500 horas y 20 cr\u00e9ditos ECTS otorgada por la prestigiosa Universidad Cat\u00f3lica San Antonio de Murcia.<\/span><\/p>\n<p>&nbsp;<\/p>\n<p><span style=\"font-weight: 400;\">La Universidad Cat\u00f3lica San Antonio de Murcia entregar\u00e1 un diploma a todos los alumnos que completen satisfactoriamente el Experto Universitario o Curso Online. El t\u00edtulo ser\u00e1 enviado con la validez correspondiente de la Universidad acreditadora.<\/span><\/p>\n<p>&nbsp;<\/p>\n<p><b>\u00bfQu\u00e9 validez tiene el diploma?<\/b><\/p>\n<p>&nbsp;<\/p>\n<p><span style=\"font-weight: 400;\">Los t\u00edtulos y diplomas de la Universidad Cat\u00f3lica San Antonio de Murcia son reconocidos tanto a nivel nacional como internacional gracias a su acreditaci\u00f3n. Cada diploma cuenta con un Sistema de Validaci\u00f3n que incluye una URL para verificar todos los detalles de validez del t\u00edtulo (nombre completo, DNI, nombre del curso, cr\u00e9ditos ECTS), accesible desde cualquier dispositivo. Adem\u00e1s, la autenticidad del diploma puede ser verificada consultando los registros universitarios o revisando los sellos y firmas presentes en el t\u00edtulo.<\/span><\/p>\n<hr \/>\n<p>&nbsp;<\/p>\n<p><span style=\"color: #008000;\"><strong>Plan de estudios<\/strong><\/span><\/p>\n<p><b>Informaci\u00f3n adicional<\/b><\/p>\n<p>&nbsp;<\/p>\n<p><i><span style=\"font-weight: 400;\">\u00bfQu\u00e9 deb\u00e9s tener en cuenta?<\/span><\/i><\/p>\n<p>&nbsp;<\/p>\n<p><strong>1) Requisitos para inscribirte:<\/strong><\/p>\n<ul>\n<li><span style=\"font-weight: 400;\"> Copia del DNI,\u00a0 o Pasaporte por ambas caras.<\/span><\/li>\n<\/ul>\n<p>&nbsp;<\/p>\n<p><strong>2) Plazo de inscripci\u00f3n<\/strong><\/p>\n<p><span style=\"font-weight: 400;\">La inscripci\u00f3n en esta formaci\u00f3n 100% online con metodolog\u00eda E-Learning permanecer\u00e1 abierta durante todo el a\u00f1o.<\/span><\/p>\n<p>&nbsp;<\/p>\n<p><strong>3) Duraci\u00f3n:<\/strong><\/p>\n<p><span style=\"font-weight: 400;\">Tendr\u00e1s un tiempo m\u00ednimo de 1 mes para realizar este programa formativo y un m\u00e1ximo de 6 meses para finalizarlo.<\/span><\/p>\n<p>&nbsp;<\/p>\n<p><strong>4) Evaluaci\u00f3n:<\/strong><\/p>\n<ul>\n<li>220 Preguntas opci\u00f3n m\u00faltiple (a\/b\/c).<\/li>\n<li>2 Supuestos pr\u00e1cticos.<\/li>\n<\/ul>\n<p>&nbsp;<\/p>\n<p><span style=\"font-weight: 400;\">Todos los alumnos deben aprobar la evaluaci\u00f3n correspondiente a cada tema. En caso de no superar el total de las evaluaciones conjuntamente, el alumno dispone de una segunda oportunidad sin costo adicional.<\/span><\/p>\n<hr \/>\n<p>&nbsp;<\/p>\n<p><span style=\"color: #008000;\"><b>Destinatarios<\/b><\/span><\/p>\n<p>&nbsp;<\/p>\n<p><i><span style=\"font-weight: 400;\">\u00bfA qui\u00e9n est\u00e1 dirigido <strong>El Experto Universitario en Oftalmolog\u00eda y Ciencias de la Visi\u00f3n<\/strong>?<\/span><\/i><\/p>\n<p>&nbsp;<\/p>\n<p><span style=\"font-weight: 400;\">Este programa formativo online con metodolog\u00eda E-Learning est\u00e1 destinado a:<\/span><\/p>\n<p>&nbsp;<\/p>\n<ul>\n<li><strong>Graduados\/as\u00a0en \u00d3ptica y Optometr\u00eda.<\/strong><\/li>\n<li><strong>Graduados\/as en Medicina.<\/strong><\/li>\n<li><strong>Graduados\/as en Enfermer\u00eda.<\/strong><\/li>\n<\/ul>\n<hr \/>\n<p>&nbsp;<\/p>\n<p><span style=\"color: #008000;\"><b>Objetivos\u00a0<\/b><\/span><\/p>\n<ul>\n<li>Ampliar los conocimientos en el diagn\u00f3stico y los tratamientos m\u00e9dicos y quir\u00fargicos de estrabismo y oftalmolog\u00eda pedi\u00e1trica, como patolog\u00eda predominante a esta edad. Ampliar los conocimientos en t\u00e9cnicas de la cirug\u00eda, adquirir habilidades con los equipamientos de exploraciones complementarias m\u00e1s actuales y en las diferentes t\u00e9cnicas quir\u00fargicas innovadoras.<\/li>\n<li>Aportar al alumno habilidades en la recogida de documentaci\u00f3n para publicaciones, preparaci\u00f3n de art\u00edculos para publicar en revistas y libros especializados, adem\u00e1s de la preparaci\u00f3n de sesiones cl\u00ednicas y trabajos en combinaci\u00f3n con otras subespecialidades del mismo centro, para mejorar la capacidad de exponer y defender resultados.<\/li>\n<li>Debido al aumento de la complejidad de los diagn\u00f3sticos y a la cantidad de tratamientos que hoy hay en oftalmolog\u00eda, creemos necesaria la subespecializaci\u00f3n en las diferentes partes del ojo y las patolog\u00edas que las afectan, as\u00ed como las posibilidades terap\u00e9uticas que hay como resultado de la combinaci\u00f3n de estos tratamientos.<\/li>\n<li>Constituir el complemento ideal para ejercer la profesi\u00f3n en el \u00e1mbito cl\u00ednico, especialmente en el campo de la sanidad privada, donde existe actualmente una gran demanda de profesionales formados en t\u00e9cnicas \u00f3pticas y optom\u00e9tricas asociadas a las cirug\u00edas del cristalino y la c\u00f3rnea.<\/li>\n<li>Proporcionar una formaci\u00f3n de calidad a los profesionales de la salud visual sobre las \u00faltimas t\u00e9cnicas \u00f3pticas y optom\u00e9tricas que se emplean en la pr\u00e1ctica cl\u00ednica habituales asociadas a las cirug\u00edas del cristalino y de la c\u00f3rnea.<\/li>\n<\/ul>\n<hr \/>\n<p>&nbsp;<\/p>\n<p><b><span style=\"color: #008000;\">Competencias<\/span><\/b><\/p>\n<ul>\n<li>Conocer en profundidad el proceso de la visi\u00f3n, que abarca los procesos de captaci\u00f3n, codificaci\u00f3n, transmisi\u00f3n, procesado e interpretaci\u00f3n de la informaci\u00f3n contenida en la luz, desde las diversas \u00e1reas que est\u00e1n implicadas.<\/li>\n<li>Conocer las principales t\u00e9cnicas de exploraci\u00f3n, procedimientos de investigaci\u00f3n y paradigmas experimentales que se utilizan tanto en el laboratorio como en la cl\u00ednica.<\/li>\n<li>Profundizar en el estudio de las ciencias b\u00e1sicas de la visi\u00f3n, como herramienta de conocimiento y apoyo de la especializaci\u00f3n y la investigaci\u00f3n.<\/li>\n<li>Desarrollar el ejercicio profesional especializado y la investigaci\u00f3n en optometr\u00eda y ciencias de la visi\u00f3n.<\/li>\n<li>Actuar como especialistas en alg\u00fan campo propio de la optometr\u00eda: c\u00f3rnea y lentes de contacto, optometr\u00eda pedi\u00e1trica, terapias visuales, optometr\u00eda geri\u00e1trica, baja visi\u00f3n o aspectos optom\u00e9tricos de la cirug\u00eda refractiva, entre otros.<\/li>\n<li>Colaborar en equipos multidisciplinares de investigaci\u00f3n en el \u00e1mbito de las ciencias de la visi\u00f3n o la optometr\u00eda cl\u00ednica.<\/li>\n<li>Incorporarse a las l\u00edneas de doctorado del programa de postgrado propias de las tem\u00e1ticas del experto.<\/li>\n<li>Reconocer sus estados evolutivos desde el punto de vista cl\u00ednico<\/li>\n<li>Adquirir conocimientos de patolog\u00eda ocular asociada a enfermedad sist\u00e9mica: afectaci\u00f3n oftalmol\u00f3gica en las diferentes enfermedades sist\u00e9micas.<\/li>\n<li>Adquirir conocimientos en el desarrollo de estudios cl\u00ednicos y presentaci\u00f3n de resultados a sesiones cl\u00ednicas, congresos, etc.<\/li>\n<li>Conocer los distintos instrumentos que se emplean en la pr\u00e1ctica oftalmol\u00f3gica.<\/li>\n<li>Conocer los principios de operaci\u00f3n de los distintos instrumentos que se emplean en la pr\u00e1ctica oftalmol\u00f3gica.<\/li>\n<li>Conocer y saber aplicar el rango de uso y las limitaciones de los distintos instrumentos que se emplean en la pr\u00e1ctica oftalmol\u00f3gica.<\/li>\n<li>Conocer las distintas t\u00e9cnicas quir\u00fargicas que se emplean en cirug\u00eda del cristalino y lentes intraoculares.<\/li>\n<li>Conocer y saber aplicar las distintas t\u00e9cnicas avanzadas que se emplean en la pr\u00e1ctica cl\u00ednica para la caracterizaci\u00f3n de la calidad visual.<\/li>\n<\/ul>\n<p>&nbsp;<\/p>\n<hr \/>\n<p><b><span style=\"color: #008000;\">Contenidos<\/span>\u00a0 <\/b><span style=\"color: #0000ff;\">ver aqu\u00ed<\/span><\/p>\n<hr \/>\n<p>&nbsp;<\/p>\n<p><span style=\"color: #008000;\"><b>Actualizaci\u00f3n gratuita<\/b><\/span><\/p>\n<p>&nbsp;<\/p>\n<p>Al matricularte en Experto Universitario en Oftalmolog\u00eda y Ciencias de la Visi\u00f3n, queremos darte la garant\u00eda y valor a\u00f1adido a este programa formativo, proporcion\u00e1ndote de forma totalmente gratuita, todas las actualizaciones que vayan teniendo lugar en el contenido de los M\u00f3dulos que conforman este programa durante los pr\u00f3ximos 5 a\u00f1os para que tu formaci\u00f3n, tu tiempo y dinero sean de utilidad profesional en el tiempo.<\/p>\n<hr \/>\n<p>&nbsp;<\/p>\n<p><img decoding=\"async\" class=\"aligncenter\" src=\"https:\/\/encrypted-tbn0.gstatic.com\/images?q=tbn:ANd9GcRGXmGrGb5BMLcFkyotmqBxtlZZZg124_wplQ&amp;s\" alt=\"Cursos, M\u00e1ster y Expertos online baremables y puntuables en bolsa | Formaci\u00f3n Alcal\u00e1 Argentina\" width=\"325\" height=\"75\" \/><\/p>\n","protected":false},"excerpt":{"rendered":"<p>Este programa formativo contiene un amplio material te\u00f3rico-pr\u00e1ctico para que el alumno ampl\u00ede sus conocimientos en el\u00a0diagn\u00f3stico y tratamientos m\u00e9dicos y quir\u00fargicos\u00a0de estrabismo y oftalmolog\u00eda pedi\u00e1trica y\u00a0actualizarse en las \u00faltimas novedades\u00a0relacionadas con las t\u00e9cnicas \u00f3pticas y optom\u00e9tricas que se emplean habitualmente, entre otras cosas. &nbsp;&#8230;<\/p>\n","protected":false},"author":16,"featured_media":0,"parent":0,"menu_order":0,"comment_status":"closed","ping_status":"closed","template":"","meta":{"footnotes":""},"class_list":["post-4996","page","type-page","status-publish","hentry"],"aioseo_notices":[],"_links":{"self":[{"href":"https:\/\/sic.nodscloud.com\/nodsglobal\/wp-json\/wp\/v2\/pages\/4996","targetHints":{"allow":["GET"]}}],"collection":[{"href":"https:\/\/sic.nodscloud.com\/nodsglobal\/wp-json\/wp\/v2\/pages"}],"about":[{"href":"https:\/\/sic.nodscloud.com\/nodsglobal\/wp-json\/wp\/v2\/types\/page"}],"author":[{"embeddable":true,"href":"https:\/\/sic.nodscloud.com\/nodsglobal\/wp-json\/wp\/v2\/users\/16"}],"replies":[{"embeddable":true,"href":"https:\/\/sic.nodscloud.com\/nodsglobal\/wp-json\/wp\/v2\/comments?post=4996"}],"version-history":[{"count":4,"href":"https:\/\/sic.nodscloud.com\/nodsglobal\/wp-json\/wp\/v2\/pages\/4996\/revisions"}],"predecessor-version":[{"id":5043,"href":"https:\/\/sic.nodscloud.com\/nodsglobal\/wp-json\/wp\/v2\/pages\/4996\/revisions\/5043"}],"wp:attachment":[{"href":"https:\/\/sic.nodscloud.com\/nodsglobal\/wp-json\/wp\/v2\/media?parent=4996"}],"curies":[{"name":"wp","href":"https:\/\/api.w.org\/{rel}","templated":true}]}}