
{"id":5044,"date":"2024-08-19T12:46:08","date_gmt":"2024-08-19T12:46:08","guid":{"rendered":"https:\/\/sic.nodscloud.com\/nodsglobal\/?page_id=5044"},"modified":"2024-08-19T12:46:08","modified_gmt":"2024-08-19T12:46:08","slug":"ruta-profesional","status":"publish","type":"page","link":"https:\/\/sic.nodscloud.com\/nodsglobal\/ruta-profesional\/","title":{"rendered":"Ruta Profesional"},"content":{"rendered":"<p><img decoding=\"async\" class=\"wp-image-4903 aligncenter\" src=\"https:\/\/sic.nodscloud.com\/nodsglobal\/wp-content\/uploads\/sites\/3\/2024\/07\/faro_dark-1024x356.png\" alt=\"\" width=\"325\" height=\"113\" srcset=\"https:\/\/sic.nodscloud.com\/nodsglobal\/wp-content\/uploads\/sites\/3\/2024\/07\/faro_dark-1024x356.png 1024w, https:\/\/sic.nodscloud.com\/nodsglobal\/wp-content\/uploads\/sites\/3\/2024\/07\/faro_dark-300x104.png 300w, https:\/\/sic.nodscloud.com\/nodsglobal\/wp-content\/uploads\/sites\/3\/2024\/07\/faro_dark-768x267.png 768w, https:\/\/sic.nodscloud.com\/nodsglobal\/wp-content\/uploads\/sites\/3\/2024\/07\/faro_dark-1536x535.png 1536w, https:\/\/sic.nodscloud.com\/nodsglobal\/wp-content\/uploads\/sites\/3\/2024\/07\/faro_dark-2048x713.png 2048w, https:\/\/sic.nodscloud.com\/nodsglobal\/wp-content\/uploads\/sites\/3\/2024\/07\/faro_dark-700x244.png 700w\" sizes=\"(max-width: 325px) 100vw, 325px\" \/><\/p>\n<h1 style=\"text-align: center;\"><span style=\"color: #008000;\"><strong>RUTA PROFESIONAL<\/strong><\/span><\/h1>\n<p><span style=\"font-weight: 400;\">En casos en los que se nos consulte por formaciones que les permitan homologar se pueden indicar las siguientes rutas.<\/span><\/p>\n<p>&nbsp;<\/p>\n<p>&nbsp;<\/p>\n<h3><span style=\"color: #008000;\"><b>Curso Superior Universitario en Alimentaci\u00f3n, Nutrici\u00f3n y Salud. Diet\u00e9tica y Dietoterapia\u00a0<\/b><\/span><\/h3>\n<ul>\n<li style=\"font-weight: 400;\" aria-level=\"1\"><span style=\"font-weight: 400;\">\u00a0<\/span><span style=\"font-weight: 400;\">Curso Superior Universitario en Auxiliar en Alimentaci\u00f3n y Nutrici\u00f3n [1 de 2]<\/span><\/li>\n<li style=\"font-weight: 400;\" aria-level=\"1\"><span style=\"font-weight: 400;\">M\u00e1ster de Formaci\u00f3n Permanente en Nutrici\u00f3n, Diet\u00e9tica y Seguridad Alimentaria [1 de 4]<\/span><\/li>\n<\/ul>\n<p>&nbsp;<\/p>\n<p>&nbsp;<\/p>\n<h3><span style=\"color: #008000;\"><b>Diplomado Universitario Internacional de La Dependencia Emocional. Superar una Ruptura Emocional<\/b><\/span><\/h3>\n<ul>\n<li style=\"font-weight: 400;\" aria-level=\"1\"><span style=\"font-weight: 400;\">Sin formaciones directamente relacionadas.<\/span><\/li>\n<\/ul>\n<p>&nbsp;<\/p>\n<h2><\/h2>\n<h3><span style=\"color: #008000;\"><b>Curso Superior Universitario en Biolog\u00eda Molecular<\/b><\/span><\/h3>\n<ul>\n<li style=\"font-weight: 400;\" aria-level=\"1\"><span style=\"font-weight: 400;\">M\u00e1ster de Formaci\u00f3n Permanente en Medical Science Liaison: Puente entre Ciencia y Salud [1 de 4]<\/span><\/li>\n<\/ul>\n<p>&nbsp;<\/p>\n<h2><\/h2>\n<h3><span style=\"color: #008000;\"><b>Experto Universitario en Oftalmolog\u00eda y Ciencias de la Visi\u00f3n [2 M\u00f3dulos]<\/b><\/span><\/h3>\n<ul>\n<li style=\"font-weight: 400;\" aria-level=\"1\"><span style=\"font-weight: 400;\">Curso Superior Universitario en Oftalmolog\u00eda en Atenci\u00f3n Primaria. Derivaci\u00f3n y Valoraci\u00f3n Cl\u00ednica [1 de 1]<\/span><\/li>\n<li style=\"font-weight: 400;\" aria-level=\"1\"><span style=\"font-weight: 400;\">Experto Universitario en Oftalmolog\u00eda Pedi\u00e1trica [2 de 3]<\/span><\/li>\n<li style=\"font-weight: 400;\" aria-level=\"1\"><span style=\"font-weight: 400;\">Curso Superior Universitario en Urgencias Oftalmol\u00f3gicas [1 de 1]<\/span><\/li>\n<\/ul>\n<p>&nbsp;<\/p>\n<p>&nbsp;<\/p>\n<h3><span style=\"color: #008000;\"><b>Diplomado Universitario Internacional de Laboratorio de Diagn\u00f3stico Cl\u00ednico\u00a0<\/b><\/span><\/h3>\n<ul>\n<li style=\"font-weight: 400;\" aria-level=\"1\"><span style=\"font-weight: 400;\">Curso Superior Universitario en T\u00e9cnico Profesional de Laboratorio de An\u00e1lisis Cl\u00ednicos y Microbiolog\u00eda [1 de 3]<\/span><\/li>\n<li style=\"font-weight: 400;\" aria-level=\"1\"><span style=\"font-weight: 400;\">Experto Universitario en Laboratorio Cl\u00ednico y Hematol\u00f3gico [1 de 2]<\/span><\/li>\n<li style=\"font-weight: 400;\" aria-level=\"1\"><span style=\"font-weight: 400;\">Experto Universitario en Laboratorio Cl\u00ednico para T\u00e9cnico Superior de Laboratorio Cl\u00ednico y Biom\u00e9dico [1 de 2]<\/span><\/li>\n<li style=\"font-weight: 400;\" aria-level=\"1\"><span style=\"font-weight: 400;\">M\u00e1ster de Formaci\u00f3n Permanente en Laboratorio Cl\u00ednico y Diagn\u00f3stico Biom\u00e9dico [1 de 4]<\/span><\/li>\n<\/ul>\n<p>&nbsp;<\/p>\n<p>&nbsp;<\/p>\n<h3><span style=\"color: #008000;\"><b>M\u00e1ster de Formaci\u00f3n Permanente Internacional en Pediatr\u00eda y Neonatolog\u00eda\u00a0<\/b><\/span><\/h3>\n<ul>\n<li aria-level=\"1\"><span style=\"font-weight: 400;\">Curso Superior Universitario en Pediatr\u00eda y Puericultura [1 de 1]<\/span><\/li>\n<\/ul>\n<ul>\n<li style=\"font-weight: 400;\" aria-level=\"1\"><span style=\"font-weight: 400;\">Curso Superior Universitario en Novedades y Puesta al D\u00eda en Enfermedades Infecciosas en Pediatr\u00eda [1 de 1]<\/span><\/li>\n<li style=\"font-weight: 400;\" aria-level=\"1\"><span style=\"font-weight: 400;\">Curso Superior Universitario en Enfermer\u00eda Neonatal [1 de 1]<\/span><\/li>\n<li style=\"font-weight: 400;\" aria-level=\"1\"><span style=\"font-weight: 400;\">Experto Universitario Internacional en Atenci\u00f3n a la Gestante para Matronas [1 de 4]<\/span><\/li>\n<li style=\"font-weight: 400;\" aria-level=\"1\"><span style=\"font-weight: 400;\">Experto Universitario en Enfermer\u00eda Obst\u00e9trico-Ginecol\u00f3gica [1 de 2]<\/span><\/li>\n<li style=\"font-weight: 400;\" aria-level=\"1\"><span style=\"font-weight: 400;\">M\u00e1ster de Formaci\u00f3n Permanente en Neonatolog\u00eda y Pediatr\u00eda Cr\u00edtica Enfermera [1 de 4]<\/span><\/li>\n<li style=\"font-weight: 400;\" aria-level=\"1\"><span style=\"font-weight: 400;\">Experto Universitario en el Reci\u00e9n Nacido y Patol\u00f3gico para Enfermer\u00eda [1 de 2]<\/span><\/li>\n<li style=\"font-weight: 400;\" aria-level=\"1\"><span style=\"font-weight: 400;\">Experto Universitario en Trasplante Renal y Hemodi\u00e1lisis para Enfermer\u00eda [1 de 5]<\/span><\/li>\n<li style=\"font-weight: 400;\" aria-level=\"1\"><span style=\"font-weight: 400;\">Curso Superior Universitario en Actualizaci\u00f3n en Reanimaci\u00f3n Cardiopulmonar Avanzada Pedi\u00e1trica y Neonatal [1 de 1]<\/span><\/li>\n<li style=\"font-weight: 400;\" aria-level=\"1\"><span style=\"font-weight: 400;\">M\u00e1ster de Formaci\u00f3n Permanente en Cuidados Intensivos Neonatales y Enfermer\u00eda Pedi\u00e1trica [1 de 6]<\/span><\/li>\n<li style=\"font-weight: 400;\" aria-level=\"1\"><span style=\"font-weight: 400;\">M\u00e1ster de Formaci\u00f3n Permanente en Urgencias Pedi\u00e1tricas [1 de 5]<\/span><\/li>\n<\/ul>\n<p>&nbsp;<\/p>\n<p><img decoding=\"async\" class=\"aligncenter\" src=\"https:\/\/encrypted-tbn0.gstatic.com\/images?q=tbn:ANd9GcRGXmGrGb5BMLcFkyotmqBxtlZZZg124_wplQ&amp;s\" alt=\"Cursos, M\u00e1ster y Expertos online baremables y puntuables en bolsa | Formaci\u00f3n Alcal\u00e1 Argentina\" width=\"325\" height=\"75\" \/><\/p>\n","protected":false},"excerpt":{"rendered":"<p>RUTA PROFESIONAL En casos en los que se nos consulte por formaciones que les permitan homologar se pueden indicar las siguientes rutas. &nbsp; &nbsp; Curso Superior Universitario en Alimentaci\u00f3n, Nutrici\u00f3n y Salud. Diet\u00e9tica y Dietoterapia\u00a0 \u00a0Curso Superior Universitario en Auxiliar en Alimentaci\u00f3n y Nutrici\u00f3n [1&#8230;<\/p>\n","protected":false},"author":16,"featured_media":0,"parent":0,"menu_order":0,"comment_status":"closed","ping_status":"closed","template":"","meta":{"footnotes":""},"class_list":["post-5044","page","type-page","status-publish","hentry"],"aioseo_notices":[],"_links":{"self":[{"href":"https:\/\/sic.nodscloud.com\/nodsglobal\/wp-json\/wp\/v2\/pages\/5044","targetHints":{"allow":["GET"]}}],"collection":[{"href":"https:\/\/sic.nodscloud.com\/nodsglobal\/wp-json\/wp\/v2\/pages"}],"about":[{"href":"https:\/\/sic.nodscloud.com\/nodsglobal\/wp-json\/wp\/v2\/types\/page"}],"author":[{"embeddable":true,"href":"https:\/\/sic.nodscloud.com\/nodsglobal\/wp-json\/wp\/v2\/users\/16"}],"replies":[{"embeddable":true,"href":"https:\/\/sic.nodscloud.com\/nodsglobal\/wp-json\/wp\/v2\/comments?post=5044"}],"version-history":[{"count":6,"href":"https:\/\/sic.nodscloud.com\/nodsglobal\/wp-json\/wp\/v2\/pages\/5044\/revisions"}],"predecessor-version":[{"id":5050,"href":"https:\/\/sic.nodscloud.com\/nodsglobal\/wp-json\/wp\/v2\/pages\/5044\/revisions\/5050"}],"wp:attachment":[{"href":"https:\/\/sic.nodscloud.com\/nodsglobal\/wp-json\/wp\/v2\/media?parent=5044"}],"curies":[{"name":"wp","href":"https:\/\/api.w.org\/{rel}","templated":true}]}}