
{"id":5064,"date":"2024-08-19T13:17:17","date_gmt":"2024-08-19T13:17:17","guid":{"rendered":"https:\/\/sic.nodscloud.com\/nodsglobal\/?page_id=5064"},"modified":"2024-08-19T13:17:17","modified_gmt":"2024-08-19T13:17:17","slug":"10-razones-para-estudiar-con-formacion-alcala","status":"publish","type":"page","link":"https:\/\/sic.nodscloud.com\/nodsglobal\/10-razones-para-estudiar-con-formacion-alcala\/","title":{"rendered":"10 RAZONES PARA ESTUDIAR CON FORMACI\u00d3N ALCAL\u00c1"},"content":{"rendered":"<section id=\"page-title\">\n<div class=\"container clearfix\">\n<h1><img decoding=\"async\" class=\"aligncenter\" src=\"https:\/\/www.faroedtech.com\/assets\/img\/marcas\/FA_logo.svg\" alt=\"Formaci\u00f3n Alcal\u00e1\" width=\"157\" height=\"198\" \/><\/h1>\n<\/div>\n<div class=\"container clearfix\">\n<h1 style=\"text-align: center;\"><strong><span style=\"color: #008000;\">10 RAZONES PARA ESTUDIAR CON FORMACI\u00d3N ALCAL\u00c1<\/span><\/strong><\/h1>\n<p>&nbsp;<\/p>\n<\/div>\n<\/section>\n<section id=\"content\">\n<div class=\"content-wrap\">\n<div class=\"container clearfix\">\n<div class=\"col_one_third\">\n<div class=\"feature-box fbox-center fbox-bg fbox-border fbox-effect\">\n<div class=\"fbox-icon\"><i><strong>1<\/strong><\/i>Porque constantemente adaptamos\u00a0la innovaci\u00f3n\u00a0a nuestro plan de estudios y lo actualizamos a las nuevas condiciones de mercado.<\/div>\n<div>\n<hr \/>\n<\/div>\n<\/div>\n<\/div>\n<div class=\"col_one_third\">\n<div class=\"feature-box fbox-center fbox-bg fbox-border fbox-effect\">\n<div class=\"fbox-icon\"><strong><i>2\u00a0<\/i><\/strong>Porque nuestro modelo fomenta el\u00a0desarrollo de competencias\u00a0y te prepara para el competitivo mundo laboral.<\/div>\n<div>\n<hr \/>\n<\/div>\n<\/div>\n<\/div>\n<div class=\"col_one_third col_last\">\n<div class=\"feature-box fbox-center fbox-bg fbox-border fbox-effect\">\n<div class=\"fbox-icon\"><strong><i>3\u00a0<\/i><\/strong>Porque estamos en una ubicaci\u00f3n privilegiada: En todo el mundo. Al tener un sistema a distancia, t\u00fa pones el lugar para formarte.<\/div>\n<div>\n<hr \/>\n<\/div>\n<\/div>\n<\/div>\n<div class=\"col_one_third\">\n<div class=\"feature-box fbox-center fbox-bg fbox-border fbox-effect\">\n<div class=\"fbox-icon\"><strong><i>4\u00a0<\/i><\/strong>Porque estamos\u00a0especializados\u00a0en el sector salud y social y las \u00e1reas relacionadas.<\/div>\n<div>\n<hr \/>\n<\/div>\n<\/div>\n<\/div>\n<div class=\"col_one_third\">\n<div class=\"feature-box fbox-center fbox-bg fbox-border fbox-effect\">\n<div class=\"fbox-icon\"><strong><i>5\u00a0<\/i><\/strong>Porque m\u00e1s de\u00a0267.000 alumnos\u00a0(2000-2024) no pueden estar equivocados.<\/div>\n<div>\n<hr \/>\n<\/div>\n<\/div>\n<\/div>\n<div class=\"col_one_third col_last\">\n<div class=\"feature-box fbox-center fbox-bg fbox-border fbox-effect\">\n<div class=\"fbox-icon\"><i><strong>6<\/strong><\/i>Porque te ofrecemos un amplio programa de\u00a0becas\u00a0y sistemas de\u00a0financiaci\u00f3n, donde la inversi\u00f3n en los estudios no sea ninguna carga.<\/div>\n<\/div>\n<\/div>\n<div class=\"clear\">\n<hr \/>\n<\/div>\n<div class=\"col_one_third\">\n<div class=\"feature-box fbox-center fbox-bg fbox-border fbox-effect\">\n<div class=\"fbox-icon\"><strong><i>7\u00a0<\/i><\/strong>Porque el equipo\u00a0docente\u00a0son profesionales de primer nivel que combinan su actividad con la docencia y donde desde el primer d\u00eda tendr\u00e1s un tutor\/a que te proporcionar\u00e1 un acompa\u00f1amiento personalizado.<\/div>\n<div>\n<hr \/>\n<\/div>\n<\/div>\n<\/div>\n<div class=\"col_one_third\">\n<div class=\"feature-box fbox-center fbox-bg fbox-border fbox-effect\">\n<div class=\"fbox-icon\"><strong><i>8\u00a0<\/i><\/strong>Porque disponer un cat\u00e1logo de m\u00e1s de 1700 cursos y programas, 220 m\u00e1ster y expertos, 1 Especialista Universitario y 5 Masters Oficiales, confiere\u00a0la oferta formativa m\u00e1s amplia y multidisciplinar\u00a0del mercado.<\/div>\n<div>\n<hr \/>\n<\/div>\n<\/div>\n<\/div>\n<div class=\"col_one_third col_last\">\n<div class=\"feature-box fbox-center fbox-bg fbox-border fbox-effect\">\n<div class=\"fbox-icon\"><strong><i>9\u00a0<\/i><\/strong>Porque gracias a la\u00a0certificaci\u00f3n en calidad\u00a09001 de Bureau Veritas, todos los procesos formativos est\u00e1n garantizados en excelencia.<\/div>\n<\/div>\n<\/div>\n<div class=\"clear\">\n<hr \/>\n<\/div>\n<div>\n<div class=\"feature-box fbox-center fbox-bg fbox-border fbox-effect\">\n<div class=\"fbox-icon\"><strong><i>10\u00a0<\/i><\/strong>Porque nuestra\u00a0titulaci\u00f3n es universitaria, Universidad San Jorge, Universidad Europea Miguel de Cervantes, Universidad Pontificia de Comillas, y Universidad a distancia de Madrid calificadas como de las mejores universidades a nivel estatal.<\/div>\n<div>\n<hr \/>\n<\/div>\n<\/div>\n<\/div>\n<div class=\"divider divider-rounded divider-center\"><\/div>\n<h3 class=\"topmargin\"><strong><span style=\"color: #008000;\">Cursos, m\u00e1ster, expertos y especialistas certificados\/acreditados por<\/span><\/strong><\/h3>\n<ul class=\"iconlist iconlist-large iconlist-color\">\n<li>Universidad San Jorge.<\/li>\n<li>Universidad Pontificia Comillas de Madrid.<\/li>\n<li>Universidad Cat\u00f3lica San Antonio de Murcia.<\/li>\n<li>Universidad Vitoria-Gasteiz.<\/li>\n<li>Universidad Europea Miguel de Cervantes.<\/li>\n<li>UDIMA.<\/li>\n<li>Comisi\u00f3n de formaci\u00f3n continuada.<\/li>\n<\/ul>\n<\/div>\n<p>&nbsp;<\/p>\n<div class=\"container clearfix\">\n<div class=\"divider divider-rounded divider-center\"><\/div>\n<\/div>\n<\/div>\n<\/section>\n","protected":false},"excerpt":{"rendered":"<p>10 RAZONES PARA ESTUDIAR CON FORMACI\u00d3N ALCAL\u00c1 &nbsp; 1Porque constantemente adaptamos\u00a0la innovaci\u00f3n\u00a0a nuestro plan de estudios y lo actualizamos a las nuevas condiciones de mercado. 2\u00a0Porque nuestro modelo fomenta el\u00a0desarrollo de competencias\u00a0y te prepara para el competitivo mundo laboral. 3\u00a0Porque estamos en una ubicaci\u00f3n privilegiada:&#8230;<\/p>\n","protected":false},"author":16,"featured_media":0,"parent":0,"menu_order":0,"comment_status":"closed","ping_status":"closed","template":"","meta":{"footnotes":""},"class_list":["post-5064","page","type-page","status-publish","hentry"],"aioseo_notices":[],"_links":{"self":[{"href":"https:\/\/sic.nodscloud.com\/nodsglobal\/wp-json\/wp\/v2\/pages\/5064","targetHints":{"allow":["GET"]}}],"collection":[{"href":"https:\/\/sic.nodscloud.com\/nodsglobal\/wp-json\/wp\/v2\/pages"}],"about":[{"href":"https:\/\/sic.nodscloud.com\/nodsglobal\/wp-json\/wp\/v2\/types\/page"}],"author":[{"embeddable":true,"href":"https:\/\/sic.nodscloud.com\/nodsglobal\/wp-json\/wp\/v2\/users\/16"}],"replies":[{"embeddable":true,"href":"https:\/\/sic.nodscloud.com\/nodsglobal\/wp-json\/wp\/v2\/comments?post=5064"}],"version-history":[{"count":4,"href":"https:\/\/sic.nodscloud.com\/nodsglobal\/wp-json\/wp\/v2\/pages\/5064\/revisions"}],"predecessor-version":[{"id":5068,"href":"https:\/\/sic.nodscloud.com\/nodsglobal\/wp-json\/wp\/v2\/pages\/5064\/revisions\/5068"}],"wp:attachment":[{"href":"https:\/\/sic.nodscloud.com\/nodsglobal\/wp-json\/wp\/v2\/media?parent=5064"}],"curies":[{"name":"wp","href":"https:\/\/api.w.org\/{rel}","templated":true}]}}