
{"id":5069,"date":"2024-08-19T13:31:08","date_gmt":"2024-08-19T13:31:08","guid":{"rendered":"https:\/\/sic.nodscloud.com\/nodsglobal\/?page_id=5069"},"modified":"2024-08-19T13:31:08","modified_gmt":"2024-08-19T13:31:08","slug":"acreditaciones-2","status":"publish","type":"page","link":"https:\/\/sic.nodscloud.com\/nodsglobal\/acreditaciones-2\/","title":{"rendered":"Acreditaciones"},"content":{"rendered":"<p><img decoding=\"async\" class=\"aligncenter\" src=\"https:\/\/encrypted-tbn0.gstatic.com\/images?q=tbn:ANd9GcRGXmGrGb5BMLcFkyotmqBxtlZZZg124_wplQ&amp;s\" alt=\"Cursos, M\u00e1ster y Expertos online baremables y puntuables en bolsa | Formaci\u00f3n Alcal\u00e1 Argentina\" \/><\/p>\n<h1 style=\"text-align: center;\"><strong><span style=\"color: #008000;\">ACREDITACIONES<\/span><\/strong><\/h1>\n<p>&nbsp;<\/p>\n<p><img fetchpriority=\"high\" decoding=\"async\" class=\"card-img-top alignleft\" title=\"Universidad San Jorge\" src=\"https:\/\/cdn.formacionalcala.com\/images\/products\/16448604271626964605usj.png\" alt=\"Im\u00e1gen Universidad San Jorge\" width=\"252\" height=\"252\" \/><\/p>\n<div class=\"card-body\">\n<p class=\"card-text\">Todo el personal que realice un\u00a0<strong>Curso, M\u00e1ster o Experto Universitario<\/strong>\u00a0de Formaci\u00f3n Alcal\u00e1 avalado por la\u00a0<strong>Universidad<\/strong>\u00a0<strong>San<\/strong>\u00a0<strong>Jorge<\/strong>\u00a0<strong>(USJ)<\/strong>, recibir\u00e1, en caso de realizar un M\u00e1ster o un Experto Universitario un diploma en Cr\u00e9ditos ECTS y horas, ya que los estudiantes de estos t\u00edtulos propios deben ser Diplomados, Graduados o Licenciados, si el programa de formaci\u00f3n se trata de un Curso Universitario.<\/p>\n<p>&nbsp;<\/p>\n<p>La USJ bajo ning\u00fan concepto expedir\u00e1 el t\u00edtulo universitario correspondiente al programa formativo si el alumno\/a no ha finalizado con \u00e9xito la evaluaci\u00f3n correspondiente y no ha transcurrido el tiempo m\u00ednimo desde la matr\u00edcula. Una vez transcurrido el tiempo m\u00ednimo que exige la dicha universidad y finalice la edici\u00f3n, Formaci\u00f3n Alcal\u00e1 proceder\u00e1 a tramitar el expediente acad\u00e9mico a la\u00a0<strong>Universidad<\/strong>\u00a0<strong>San<\/strong>\u00a0<strong>Jorge<\/strong>\u00a0para que esta expida los diplomas, los cuales ser\u00e1n enviados a cada uno de los alumnos por Formaci\u00f3n Alcal\u00e1, este tr\u00e1mite suele tardar unos cuatro meses para los Cursos Universitarios y de seis a nueve meses cuando se trata de M\u00e1ster o Expertos Universitarios.<\/p>\n<\/div>\n<p>&nbsp;<\/p>\n<hr \/>\n<p>&nbsp;<\/p>\n<p>&nbsp;<\/p>\n<p><img decoding=\"async\" class=\"card-img-top alignleft\" title=\"Universidad Cat\u00f3lica San Antonio de Murcia\" src=\"https:\/\/cdn.formacionalcala.com\/images\/products\/16738625871673856931UCAM.png\" alt=\"Im\u00e1gen Universidad Cat\u00f3lica San Antonio de Murcia\" width=\"268\" height=\"268\" \/><\/p>\n<div class=\"card-body\">\n<p class=\"card-text\">\n<p>La\u00a0<strong>Universidad Cat\u00f3lica San Antonio de Murcia<\/strong>\u00a0expedir\u00e1 un diploma a todos los alumnos que finalicen un\u00a0<strong>Experto Universitario o Curso Online<\/strong>. El t\u00edtulo ser\u00e1 enviado con la veracidad de la Universidad acreditadora.<\/p>\n<p>Los t\u00edtulos y diplomas de la\u00a0<strong>Universidad Cat\u00f3lica San Antonio de Murcia<\/strong>\u00a0son reconocidos a nivel nacional e internacional gracias a su acreditaci\u00f3n. Todos los diplomas tienen en la parte inferior un Sistema de Validaci\u00f3n de Diplomas compuesto por una URL de verificaci\u00f3n que muestra todos los datos de validez del t\u00edtulo (Nombre completo, DNI, nombre de la formaci\u00f3n, cr\u00e9ditos ECTS). Se puede abrir este enlace desde cualquier dispositivo. Asimismo, se puede verificar la autenticidad del diploma mediante la consulta de los registros de la Universidad o mediante la verificaci\u00f3n de los sellos y firmas presentes en el t\u00edtulo.<\/p>\n<\/div>\n<p>&nbsp;<\/p>\n<hr \/>\n<p><img decoding=\"async\" class=\"card-img-top alignleft\" title=\"Universidad de Vitoria-Gasteiz\" src=\"https:\/\/cdn.formacionalcala.com\/images\/products\/1690365515euneiz.png\" alt=\"Im\u00e1gen Universidad de Vitoria-Gasteiz\" width=\"231\" height=\"231\" \/><\/p>\n<div class=\"card-body\">\n<p>La\u00a0<strong>Universidad de Vitoria-Gasteiz (EUNEIZ)<\/strong>\u00a0es una nueva universidad privada, integrada en el Sistema Universitario Vasco, que ha sido reconocida por Ley 8\/2021, de 11 de noviembre (BOE \u2013 BOPV).\u00a0<strong>EUNEIZ<\/strong> tiene por funci\u00f3n esencial la prestaci\u00f3n del servicio de la educaci\u00f3n superior mediante la docencia, el estudio, la formaci\u00f3n permanente, la investigaci\u00f3n y la transferencia de conocimiento y de tecnolog\u00eda.<\/p>\n<p>&nbsp;<\/p>\n<p>El compromiso de la\u00a0<strong>EUNEIZ<\/strong>\u00a0es promover el crecimiento econ\u00f3mico y social mediante graduados y graduadas preparados para la nueva econom\u00eda global desde de una formaci\u00f3n de vanguardia apoyada en las nuevas tecnolog\u00edas como elemento formativo diferencial en toda su oferta acad\u00e9mica y en la pr\u00e1ctica profesional como herramienta de aprendizaje.<\/p>\n<\/div>\n<hr \/>\n<p><img loading=\"lazy\" decoding=\"async\" class=\"card-img-top alignleft\" title=\"Universidad Europea Miguel de Cervantes\" src=\"https:\/\/cdn.formacionalcala.com\/images\/products\/1626961071uemc.png\" alt=\"Im\u00e1gen Universidad Europea Miguel de Cervantes\" width=\"246\" height=\"246\" \/><\/p>\n<div class=\"col-md-6 col-lg-4\">\n<div class=\"card text-center\">\n<div class=\"card-body\">\n<p class=\"card-text\">\n<p>Los alumnos que realicen un\u00a0<strong>M\u00e1ster, Experto o Curso Universitario T\u00edtulo Propio de la<\/strong>\u00a0<strong>Universidad Europea Miguel de Cervantes (UEMC)<\/strong>\u00a0en colaboraci\u00f3n con Formaci\u00f3n Alcal\u00e1 recibir\u00e1n, una vez finalizado, un diploma expedido en cr\u00e9ditos y horas. Este documento es \u00fanicamente emitido por la universidad certificadora de las actividades formativas, es decir, por la UEMC y no tendr\u00eda ning\u00fan coste adicional. Los diplomas acreditados por la UEMC no llevar\u00e1n categor\u00eda profesional.<\/p>\n<p>UEMC en ning\u00fan caso expedir\u00e1 el t\u00edtulo correspondiente al programa formativo si no ha transcurrido el tiempo m\u00ednimo desde la matr\u00edcula del alumno. Una vez transcurrido el tiempo m\u00ednimo que exige la universidad y finalice la edici\u00f3n, se proceder\u00e1 a solicitar el diploma a la Universidad.<\/p>\n<hr \/>\n<\/div>\n<\/div>\n<\/div>\n<p><img loading=\"lazy\" decoding=\"async\" class=\"card-img-top alignleft\" title=\"Universidad Isabel I\" src=\"https:\/\/cdn.formacionalcala.com\/images\/products\/1626961993UI1-ORIGINAL.png\" alt=\"Im\u00e1gen Universidad Isabel I\" width=\"187\" height=\"187\" \/>La <strong>Universidad Isabel I<\/strong>\u00a0es una instituci\u00f3n educativa online y semipresencial, con una oferta acad\u00e9mica con plena validez en el\u00a0<strong><em>Espacio Europeo de Educaci\u00f3n Superior (EES)<\/em><\/strong>. La universidad cuenta con un dise\u00f1o tecno-pedag\u00f3gico y una plataforma tecnol\u00f3gica propia, que sit\u00faan a la instituci\u00f3n a la vanguardia de la educaci\u00f3n, y en la que el alumno se sit\u00faa en el centro del proceso de aprendizaje y es quien decide cu\u00e1ndo, d\u00f3nde y como quiere desarrollar su experiencia formativa.<\/p>\n<div class=\"card-body\">\n<p>Con una tasa de abandono del 11%, cuatro veces inferior al resto de universidades a distancia y una tasa de inserci\u00f3n laboral de los alumnos de grado del 80% y un 90% de los alumnos de m\u00e1ster, la Universidad Isabel I est\u00e1 situada entre las mejores universidades espa\u00f1olas a distancia.<\/p>\n<\/div>\n<p>&nbsp;<\/p>\n<hr \/>\n<p><img loading=\"lazy\" decoding=\"async\" class=\"card-img-top alignleft\" title=\"Universit\u00e0 Guglielmo Marconi\" src=\"https:\/\/cdn.formacionalcala.com\/images\/products\/17029108951700565671uni-marconi.jpg\" alt=\"Im\u00e1gen Universit\u00e0 Guglielmo Marconi\" width=\"296\" height=\"296\" \/>La <strong>Universidad Guglielmo Marconi<\/strong>, creada y reconocida por el Ministerio de Educaci\u00f3n en 2004, fue la primera universidad en el panorama acad\u00e9mico nacional en ofrecer a sus estudiantes un modelo de educaci\u00f3n a distancia y en casi veinte a\u00f1os de actividad ha invertido continuamente en infraestructuras y tecnolog\u00edas para evolucionar continuamente y obtener un modelo de ense\u00f1anza eficaz de E-learning Digital. De \u00faltima generaci\u00f3n y extremadamente flexible, capaz de responder constantemente a las necesidades de una sociedad en constante cambio.<\/p>\n<div class=\"card-body\">\n<p>La\u00a0<strong>Universit\u00e0 Guglielmo Marconi<\/strong>\u00a0es promovida y apoyada por la Fundaci\u00f3n Marsilio Ficino, una reconocida organizaci\u00f3n sin fines de lucro, que garantiza su gobernanza y direcci\u00f3n estrat\u00e9gica.<\/p>\n<p><em>*<strong>M\u00c1STER OFICIAL UNIVERSITARIO<\/strong>\u00a0reconocido en el Marco Com\u00fan de Europa. Una vez cursado el M\u00e1ster para el alumno que lo necesite, podr\u00e1 realizar un proceso de homologaci\u00f3n, durante el cual, Formaci\u00f3n Alcal\u00e1 le acompa\u00f1ar\u00e1 para facilitar dicho objetivo.<\/em><\/p>\n<\/div>\n","protected":false},"excerpt":{"rendered":"<p>ACREDITACIONES &nbsp; Todo el personal que realice un\u00a0Curso, M\u00e1ster o Experto Universitario\u00a0de Formaci\u00f3n Alcal\u00e1 avalado por la\u00a0Universidad\u00a0San\u00a0Jorge\u00a0(USJ), recibir\u00e1, en caso de realizar un M\u00e1ster o un Experto Universitario un diploma en Cr\u00e9ditos ECTS y horas, ya que los estudiantes de estos t\u00edtulos propios deben ser&#8230;<\/p>\n","protected":false},"author":16,"featured_media":0,"parent":0,"menu_order":0,"comment_status":"closed","ping_status":"closed","template":"","meta":{"footnotes":""},"class_list":["post-5069","page","type-page","status-publish","hentry"],"aioseo_notices":[],"_links":{"self":[{"href":"https:\/\/sic.nodscloud.com\/nodsglobal\/wp-json\/wp\/v2\/pages\/5069","targetHints":{"allow":["GET"]}}],"collection":[{"href":"https:\/\/sic.nodscloud.com\/nodsglobal\/wp-json\/wp\/v2\/pages"}],"about":[{"href":"https:\/\/sic.nodscloud.com\/nodsglobal\/wp-json\/wp\/v2\/types\/page"}],"author":[{"embeddable":true,"href":"https:\/\/sic.nodscloud.com\/nodsglobal\/wp-json\/wp\/v2\/users\/16"}],"replies":[{"embeddable":true,"href":"https:\/\/sic.nodscloud.com\/nodsglobal\/wp-json\/wp\/v2\/comments?post=5069"}],"version-history":[{"count":14,"href":"https:\/\/sic.nodscloud.com\/nodsglobal\/wp-json\/wp\/v2\/pages\/5069\/revisions"}],"predecessor-version":[{"id":5085,"href":"https:\/\/sic.nodscloud.com\/nodsglobal\/wp-json\/wp\/v2\/pages\/5069\/revisions\/5085"}],"wp:attachment":[{"href":"https:\/\/sic.nodscloud.com\/nodsglobal\/wp-json\/wp\/v2\/media?parent=5069"}],"curies":[{"name":"wp","href":"https:\/\/api.w.org\/{rel}","templated":true}]}}