
{"id":5096,"date":"2024-08-19T15:04:45","date_gmt":"2024-08-19T15:04:45","guid":{"rendered":"https:\/\/sic.nodscloud.com\/nodsglobal\/?page_id=5096"},"modified":"2024-08-20T12:15:07","modified_gmt":"2024-08-20T12:15:07","slug":"brochure-4","status":"publish","type":"page","link":"https:\/\/sic.nodscloud.com\/nodsglobal\/brochure-4\/","title":{"rendered":"Brochure"},"content":{"rendered":"<h1><img decoding=\"async\" class=\"aligncenter\" src=\"https:\/\/encrypted-tbn0.gstatic.com\/images?q=tbn:ANd9GcRGXmGrGb5BMLcFkyotmqBxtlZZZg124_wplQ&amp;s\" alt=\"Cursos, M\u00e1ster y Expertos online baremables y puntuables en bolsa | Formaci\u00f3n Alcal\u00e1 Argentina\" width=\"298\" height=\"69\" \/><\/h1>\n<p>&nbsp;<\/p>\n<h1 style=\"text-align: center;\"><strong><span style=\"color: #008000;\">Brochure<\/span><\/strong><\/h1>\n<p>&nbsp;<\/p>\n<ul class=\"bellows-submenu\">\n<li class=\"bellows-menu-item bellows-menu-item-type-post_type bellows-menu-item-object-page bellows-menu-item-4986 bellows-item-level-2\"><strong><a href=\"https:\/\/sic.nodscloud.com\/nodsglobal\/wp-content\/uploads\/sites\/3\/2024\/08\/curso-universitario-en-biologia-molecular-ucam-ficha-1-1.pdf\" target=\"_blank\" rel=\"noopener\"><span class=\"bellows-target-title bellows-target-text\" style=\"color: #0000ff;\">Curso Superior Universitario en Biolog\u00eda Molecular<\/span><\/a><\/strong><\/li>\n<li class=\"bellows-menu-item bellows-menu-item-type-post_type bellows-menu-item-object-page bellows-menu-item-4987 bellows-item-level-2\"><strong><a href=\"https:\/\/sic.nodscloud.com\/nodsglobal\/wp-content\/uploads\/sites\/3\/2024\/08\/curso-universitario-en-alimentacion-nutricion-y-salud-dietetica-y-dietoterapia-ucam-ficha-1-1.pdf\" target=\"_blank\" rel=\"noopener\"><span class=\"bellows-target-title bellows-target-text\" style=\"color: #0000ff;\">Curso Superior Universitario en Alimentaci\u00f3n, Nutrici\u00f3n y Salud. Diet\u00e9tica y Dietoterapia<\/span><\/a><\/strong><\/li>\n<li class=\"bellows-menu-item bellows-menu-item-type-post_type bellows-menu-item-object-page bellows-menu-item-4991 bellows-item-level-2\"><strong><a href=\"https:\/\/sic.nodscloud.com\/nodsglobal\/wp-content\/uploads\/sites\/3\/2024\/08\/diplomado-universitario-internacional-en-la-dependencia-emocional-superar-una-ruptura-emocional-ficha-1-1-1.pdf\" target=\"_blank\" rel=\"noopener\"><span class=\"bellows-target-title bellows-target-text\" style=\"color: #0000ff;\">Diplomado Universitario Internacional en la dependencia emocional. Superar una ruptura emocional<\/span><\/a><\/strong><\/li>\n<li class=\"bellows-menu-item bellows-menu-item-type-post_type bellows-menu-item-object-page bellows-menu-item-5003 bellows-item-level-2\"><strong><a href=\"https:\/\/sic.nodscloud.com\/nodsglobal\/wp-content\/uploads\/sites\/3\/2024\/08\/diplomado-universitario-internacional-en-laboratorio-de-diagnostico-clinico-ficha-1-1.pdf\" target=\"_blank\" rel=\"noopener\"><span class=\"bellows-target-title bellows-target-text\" style=\"color: #0000ff;\">Diplomado Universitario Internacional de Laboratorio de Diagn\u00f3stico Cl\u00ednico<\/span><\/a><\/strong><\/li>\n<li class=\"bellows-menu-item bellows-menu-item-type-post_type bellows-menu-item-object-page bellows-menu-item-5004 bellows-item-level-2\"><strong><a href=\"https:\/\/sic.nodscloud.com\/nodsglobal\/wp-content\/uploads\/sites\/3\/2024\/08\/experto-universitario-en-oftalmologia-y-ciencias-de-la-vision-ucam-ficha-1-1.pdf\" target=\"_blank\" rel=\"noopener\"><span class=\"bellows-target-title bellows-target-text\" style=\"color: #0000ff;\">Experto Universitario en Oftalmolog\u00eda y Ciencias de la Visi\u00f3n<\/span><\/a><\/strong><\/li>\n<li class=\"bellows-menu-item bellows-menu-item-type-post_type bellows-menu-item-object-page bellows-menu-item-5005 bellows-item-level-2\"><strong><a href=\"https:\/\/sic.nodscloud.com\/nodsglobal\/wp-content\/uploads\/sites\/3\/2024\/08\/master-en-pediatria-y-neonatologia-ficha-2.pdf\" target=\"_blank\" rel=\"noopener\"><span class=\"bellows-target-title bellows-target-text\" style=\"color: #0000ff;\">M\u00e1ster de Formaci\u00f3n Permanente en Neonatolog\u00eda y Pediatr\u00eda Cr\u00edtica Enfermera<\/span><\/a><\/strong><\/li>\n<\/ul>\n<p>&nbsp;<\/p>\n<p>&nbsp;<\/p>\n<p><img decoding=\"async\" class=\"wp-image-4903 aligncenter\" src=\"https:\/\/sic.nodscloud.com\/nodsglobal\/wp-content\/uploads\/sites\/3\/2024\/07\/faro_dark-1024x356.png\" alt=\"\" width=\"216\" height=\"75\" srcset=\"https:\/\/sic.nodscloud.com\/nodsglobal\/wp-content\/uploads\/sites\/3\/2024\/07\/faro_dark-1024x356.png 1024w, https:\/\/sic.nodscloud.com\/nodsglobal\/wp-content\/uploads\/sites\/3\/2024\/07\/faro_dark-300x104.png 300w, https:\/\/sic.nodscloud.com\/nodsglobal\/wp-content\/uploads\/sites\/3\/2024\/07\/faro_dark-768x267.png 768w, https:\/\/sic.nodscloud.com\/nodsglobal\/wp-content\/uploads\/sites\/3\/2024\/07\/faro_dark-1536x535.png 1536w, https:\/\/sic.nodscloud.com\/nodsglobal\/wp-content\/uploads\/sites\/3\/2024\/07\/faro_dark-2048x713.png 2048w, https:\/\/sic.nodscloud.com\/nodsglobal\/wp-content\/uploads\/sites\/3\/2024\/07\/faro_dark-700x244.png 700w\" sizes=\"(max-width: 216px) 100vw, 216px\" \/><\/p>\n","protected":false},"excerpt":{"rendered":"<p>&nbsp; Brochure &nbsp; Curso Superior Universitario en Biolog\u00eda Molecular Curso Superior Universitario en Alimentaci\u00f3n, Nutrici\u00f3n y Salud. Diet\u00e9tica y Dietoterapia Diplomado Universitario Internacional en la dependencia emocional. Superar una ruptura emocional Diplomado Universitario Internacional de Laboratorio de Diagn\u00f3stico Cl\u00ednico Experto Universitario en Oftalmolog\u00eda y Ciencias&#8230;<\/p>\n","protected":false},"author":16,"featured_media":0,"parent":0,"menu_order":0,"comment_status":"closed","ping_status":"closed","template":"","meta":{"footnotes":""},"class_list":["post-5096","page","type-page","status-publish","hentry"],"aioseo_notices":[],"_links":{"self":[{"href":"https:\/\/sic.nodscloud.com\/nodsglobal\/wp-json\/wp\/v2\/pages\/5096","targetHints":{"allow":["GET"]}}],"collection":[{"href":"https:\/\/sic.nodscloud.com\/nodsglobal\/wp-json\/wp\/v2\/pages"}],"about":[{"href":"https:\/\/sic.nodscloud.com\/nodsglobal\/wp-json\/wp\/v2\/types\/page"}],"author":[{"embeddable":true,"href":"https:\/\/sic.nodscloud.com\/nodsglobal\/wp-json\/wp\/v2\/users\/16"}],"replies":[{"embeddable":true,"href":"https:\/\/sic.nodscloud.com\/nodsglobal\/wp-json\/wp\/v2\/comments?post=5096"}],"version-history":[{"count":5,"href":"https:\/\/sic.nodscloud.com\/nodsglobal\/wp-json\/wp\/v2\/pages\/5096\/revisions"}],"predecessor-version":[{"id":5111,"href":"https:\/\/sic.nodscloud.com\/nodsglobal\/wp-json\/wp\/v2\/pages\/5096\/revisions\/5111"}],"wp:attachment":[{"href":"https:\/\/sic.nodscloud.com\/nodsglobal\/wp-json\/wp\/v2\/media?parent=5096"}],"curies":[{"name":"wp","href":"https:\/\/api.w.org\/{rel}","templated":true}]}}