
{"id":5155,"date":"2024-08-30T01:10:49","date_gmt":"2024-08-30T01:10:49","guid":{"rendered":"https:\/\/sic.nodscloud.com\/nodsglobal\/?page_id=5155"},"modified":"2024-08-30T01:10:49","modified_gmt":"2024-08-30T01:10:49","slug":"por-que-estudiar-en-cerem","status":"publish","type":"page","link":"https:\/\/sic.nodscloud.com\/nodsglobal\/por-que-estudiar-en-cerem\/","title":{"rendered":"\u00bfPor que estudiar en Cerem?"},"content":{"rendered":"<p style=\"text-align: center;\"><img fetchpriority=\"high\" decoding=\"async\" class=\"alignnone wp-image-5132\" src=\"https:\/\/sic.nodscloud.com\/nodsglobal\/wp-content\/uploads\/sites\/3\/2024\/08\/WhzxnVyw_400x400.jpg\" alt=\"\" width=\"239\" height=\"239\" srcset=\"https:\/\/sic.nodscloud.com\/nodsglobal\/wp-content\/uploads\/sites\/3\/2024\/08\/WhzxnVyw_400x400.jpg 400w, https:\/\/sic.nodscloud.com\/nodsglobal\/wp-content\/uploads\/sites\/3\/2024\/08\/WhzxnVyw_400x400-300x300.jpg 300w, https:\/\/sic.nodscloud.com\/nodsglobal\/wp-content\/uploads\/sites\/3\/2024\/08\/WhzxnVyw_400x400-150x150.jpg 150w\" sizes=\"(max-width: 239px) 100vw, 239px\" \/><\/p>\n<h1 style=\"text-align: center;\"><strong><span style=\"color: #008000;\">\u00bfPor que estudiar en Cerem?<\/span><\/strong><\/h1>\n<p>&nbsp;<\/p>\n<h3><strong><span style=\"color: #008000;\">Formaci\u00f3n 360\u00ba<\/span><\/strong><\/h3>\n<p>Ofrecemos el acceso a Webinars que permiten a nuestros alumnos desarrollar habilidades en otras l\u00edneas complementarias a la formaci\u00f3n que han iniciado<\/p>\n<p>&nbsp;<\/p>\n<h3><span style=\"color: #008000;\"><strong>Recursos Internos<\/strong><\/span><\/h3>\n<p>Facilidades para desarrollar los programas con tecnolog\u00eda innovadora, de los cuales podemos destacar: TeamClass,<br \/>\nDesarrollo asincr\u00f3nico en horario flexible, Intercambio de ideas mediante foros con compa\u00f1eros y profesores generando una formaci\u00f3n multicultural y multidisciplinar, Global Business Immersion y acceso al Portal del Alumno<\/p>\n<p>&nbsp;<\/p>\n<h3><strong><span style=\"color: #008000;\">Recursos Externos<\/span> <\/strong><\/h3>\n<p>Contamos con una infraestructura externa, que permite al alumno tener un fundamento para su expansi\u00f3n como profesional, con servicios como: Estudio de idiomas, Biblioteca Virtual, Videoteca, Laboratorio de Emprendimiento y Servicio de Mentoring.<\/p>\n<p>&nbsp;<\/p>\n<div class=\"TextImage__text\">\n<p>&nbsp;<\/p>\n<\/div>\n<p><img decoding=\"async\" class=\"alignnone wp-image-5144 aligncenter\" src=\"https:\/\/sic.nodscloud.com\/nodsglobal\/wp-content\/uploads\/sites\/3\/2024\/08\/cerem.png\" alt=\"\" width=\"539\" height=\"160\" srcset=\"https:\/\/sic.nodscloud.com\/nodsglobal\/wp-content\/uploads\/sites\/3\/2024\/08\/cerem.png 718w, https:\/\/sic.nodscloud.com\/nodsglobal\/wp-content\/uploads\/sites\/3\/2024\/08\/cerem-300x89.png 300w, https:\/\/sic.nodscloud.com\/nodsglobal\/wp-content\/uploads\/sites\/3\/2024\/08\/cerem-700x208.png 700w\" sizes=\"(max-width: 539px) 100vw, 539px\" \/><\/p>\n","protected":false},"excerpt":{"rendered":"<p>\u00bfPor que estudiar en Cerem? &nbsp; Formaci\u00f3n 360\u00ba Ofrecemos el acceso a Webinars que permiten a nuestros alumnos desarrollar habilidades en otras l\u00edneas complementarias a la formaci\u00f3n que han iniciado &nbsp; Recursos Internos Facilidades para desarrollar los programas con tecnolog\u00eda innovadora, de los cuales podemos&#8230;<\/p>\n","protected":false},"author":16,"featured_media":0,"parent":0,"menu_order":0,"comment_status":"closed","ping_status":"closed","template":"","meta":{"footnotes":""},"class_list":["post-5155","page","type-page","status-publish","hentry"],"aioseo_notices":[],"_links":{"self":[{"href":"https:\/\/sic.nodscloud.com\/nodsglobal\/wp-json\/wp\/v2\/pages\/5155","targetHints":{"allow":["GET"]}}],"collection":[{"href":"https:\/\/sic.nodscloud.com\/nodsglobal\/wp-json\/wp\/v2\/pages"}],"about":[{"href":"https:\/\/sic.nodscloud.com\/nodsglobal\/wp-json\/wp\/v2\/types\/page"}],"author":[{"embeddable":true,"href":"https:\/\/sic.nodscloud.com\/nodsglobal\/wp-json\/wp\/v2\/users\/16"}],"replies":[{"embeddable":true,"href":"https:\/\/sic.nodscloud.com\/nodsglobal\/wp-json\/wp\/v2\/comments?post=5155"}],"version-history":[{"count":4,"href":"https:\/\/sic.nodscloud.com\/nodsglobal\/wp-json\/wp\/v2\/pages\/5155\/revisions"}],"predecessor-version":[{"id":5159,"href":"https:\/\/sic.nodscloud.com\/nodsglobal\/wp-json\/wp\/v2\/pages\/5155\/revisions\/5159"}],"wp:attachment":[{"href":"https:\/\/sic.nodscloud.com\/nodsglobal\/wp-json\/wp\/v2\/media?parent=5155"}],"curies":[{"name":"wp","href":"https:\/\/api.w.org\/{rel}","templated":true}]}}