
{"id":5187,"date":"2024-08-30T18:25:00","date_gmt":"2024-08-30T18:25:00","guid":{"rendered":"https:\/\/sic.nodscloud.com\/nodsglobal\/?page_id=5187"},"modified":"2024-09-12T15:44:47","modified_gmt":"2024-09-12T15:44:47","slug":"masteres-mba","status":"publish","type":"page","link":"https:\/\/sic.nodscloud.com\/nodsglobal\/masteres-mba\/","title":{"rendered":"M\u00e1steres \/ MBA"},"content":{"rendered":"<h1 style=\"text-align: center;\"><img fetchpriority=\"high\" decoding=\"async\" class=\"wp-image-5132 aligncenter\" src=\"https:\/\/sic.nodscloud.com\/nodsglobal\/wp-content\/uploads\/sites\/3\/2024\/08\/WhzxnVyw_400x400.jpg\" sizes=\"(max-width: 239px) 100vw, 239px\" srcset=\"https:\/\/sic.nodscloud.com\/nodsglobal\/wp-content\/uploads\/sites\/3\/2024\/08\/WhzxnVyw_400x400.jpg 400w, https:\/\/sic.nodscloud.com\/nodsglobal\/wp-content\/uploads\/sites\/3\/2024\/08\/WhzxnVyw_400x400-300x300.jpg 300w, https:\/\/sic.nodscloud.com\/nodsglobal\/wp-content\/uploads\/sites\/3\/2024\/08\/WhzxnVyw_400x400-150x150.jpg 150w\" alt=\"\" width=\"239\" height=\"239\" \/><span style=\"color: #008000;\"><strong>M\u00e1steres \/ MBA<\/strong><\/span><\/h1>\n<p>&nbsp;<\/p>\n<h5><strong><span style=\"color: #008000;\">\u25b6 M\u00e1ster en Direcci\u00f3n Comercial y Marketing\u00a0 \u00a0<a href=\"https:\/\/masters.cerem.es\/master-en-direccion-comercial-y-marketing\" target=\"_blank\" rel=\"noopener\"><span style=\"color: #0000ff;\">&gt;&gt;&gt; ver info<\/span><\/a><\/span><\/strong><br \/>\n<strong><span style=\"color: #008000;\">\u25b6 M\u00e1ster en Direcci\u00f3n de Comercio Internacional<\/span><span style=\"color: #008000;\">\u00a0<a href=\"https:\/\/masters.cerem.es\/master-en-direccion-de-comercio-internacional\" target=\"_blank\" rel=\"noopener\"><span style=\"color: #0000ff;\">&gt;&gt;&gt; ver info<\/span><\/a><\/span><\/strong><\/h5>\n<h5><strong><span style=\"color: #008000;\"> \u25b6\u00a0M\u00e1ster en Direcci\u00f3n de Recursos Humanos <\/span><span style=\"color: #008000;\"><a href=\"https:\/\/www.cerem.es\/academic-offer\/master-en-direccion-de-recursos-humanos\/\" target=\"_blank\" rel=\"noopener\"><span style=\"color: #0000ff;\">&gt;&gt;&gt; ver info<\/span><\/a><\/span><\/strong><\/h5>\n<h5><strong><span style=\"color: #008000;\"> \u25b6\u00a0M\u00e1ster en Direcci\u00f3n Financiera <\/span><span style=\"color: #008000;\"><a href=\"https:\/\/masters.cerem.es\/master-en-direccion-financiera\" target=\"_blank\" rel=\"noopener\"><span style=\"color: #0000ff;\">&gt;&gt;&gt; ver info<\/span><\/a><\/span><\/strong><\/h5>\n<h5><strong><span style=\"color: #008000;\"> \u25b6\u00a0M\u00e1ster en Direcci\u00f3n Log\u00edstica y Supply Chain Management <\/span><span style=\"color: #008000;\"><a href=\"https:\/\/masters.cerem.es\/master-en-direccion-de-logistica-y-supply-chain-management\" target=\"_blank\" rel=\"noopener\"><span style=\"color: #0000ff;\">&gt;&gt;&gt; ver info<\/span><\/a><\/span><\/strong><\/h5>\n<h5><strong><span style=\"color: #ff9900;\"><span style=\"color: #008000;\">\u25b6 M\u00e1ster en Direcci\u00f3n Project Management<\/span>\u00a0<\/span><\/strong><strong><span style=\"color: #008000;\"><a href=\"https:\/\/masters.cerem.es\/master-en-project-management\" target=\"_blank\" rel=\"noopener\"><span style=\"color: #0000ff;\">&gt;&gt;&gt; ver info<\/span><\/a><\/span><\/strong><\/h5>\n<hr \/>\n<h5><strong><span style=\"color: #ff9900;\"> \u25b6 M\u00e1ster en Marketing Digital y Comunicaci\u00f3n\u00a0<\/span><\/strong><strong><span style=\"color: #008000;\"><a href=\"https:\/\/masters.cerem.es\/master-en-direccion-de-marketing-digital-y-comunicacion\" target=\"_blank\" rel=\"noopener\"><span style=\"color: #0000ff;\">&gt;&gt;&gt; ver info<\/span><\/a><\/span><\/strong><\/h5>\n<h5><strong><span style=\"color: #ff9900;\"> \u25b6 M\u00e1ster en Sostenibilidad Empresarial y Gesti\u00f3n Medioambiental\u00a0<\/span><\/strong><strong><span style=\"color: #008000;\"><a href=\"https:\/\/masters.cerem.es\/master-en-sostenibilidad-empresarial-y-gestion-medioambiental\" target=\"_blank\" rel=\"noopener\"><span style=\"color: #0000ff;\">&gt;&gt;&gt; ver info<\/span><\/a><\/span><\/strong><\/h5>\n<hr \/>\n<h5><strong><span style=\"color: #ff0000;\"> \u25b6 M\u00e1ster en Alta Direcci\u00f3n Internacional\u00a0<\/span><\/strong><strong><span style=\"color: #008000;\"><a href=\"https:\/\/www.cerem.es\/academic-offer\/master-en-alta-direccion-internacional\/\" target=\"_blank\" rel=\"noopener\"><span style=\"color: #0000ff;\">&gt;&gt;&gt; ver info<\/span><\/a><\/span><\/strong><\/h5>\n<hr \/>\n<h5><strong><span style=\"color: #800080;\">\u25b6 M\u00e1ster en Cibercrimen y Seguridad de la Informaci\u00f3n\u00a0<\/span><\/strong><strong><span style=\"color: #008000;\"><a href=\"https:\/\/masters.cerem.es\/master-en-cibercrimen-y-seguridad-de-la-informacion\" target=\"_blank\" rel=\"noopener\"><span style=\"color: #0000ff;\">&gt;&gt;&gt; ver info<\/span><\/a><\/span><\/strong><\/h5>\n<h5><\/h5>\n<hr \/>\n<h5><strong><span style=\"color: #333333;\"> \u25b6 MBA\u00a0<\/span><\/strong><strong><span style=\"color: #008000;\"><a href=\"https:\/\/masters.cerem.es\/mba-online\" target=\"_blank\" rel=\"noopener\"><span style=\"color: #0000ff;\">&gt;&gt;&gt; ver info<\/span><\/a><\/span><\/strong><\/h5>\n<hr \/>\n<h5><strong><span style=\"color: #800000;\">\u25b6 MBA Especializado en Estrategia Digital en Marketing\u00a0<\/span><\/strong><strong><span style=\"color: #008000;\"><a href=\"https:\/\/www.cerem.es\/academic-offer\/mba-con-especializacion-en-estrategia-digital-en-marketing\/\" target=\"_blank\" rel=\"noopener\"><span style=\"color: #0000ff;\">&gt;&gt;&gt; ver info<\/span><\/a><\/span><\/strong><\/h5>\n<h5><strong><span style=\"color: #800000;\"> \u25b6 MBA Especializado en Finanzas Internacionales en Mercados Globales\u00a0<\/span><\/strong><strong><span style=\"color: #008000;\"><a href=\"https:\/\/www.cerem.es\/academic-offer\/mba-con-especializacion-en-finanzas-internacionales-mercados\/\" target=\"_blank\" rel=\"noopener\"><span style=\"color: #0000ff;\">&gt;&gt;&gt; ver info<\/span><\/a><\/span><\/strong><\/h5>\n<h5><strong><span style=\"color: #800000;\"> \u25b6 MBA Especializado en Gerencia de Servicios de Salud\u00a0<\/span><\/strong><strong><span style=\"color: #008000;\"><a href=\"https:\/\/www.cerem.es\/academic-offer\/mba-con-especializacion-en-gerencia-de-servicios-de-salud\/\" target=\"_blank\" rel=\"noopener\"><span style=\"color: #0000ff;\">&gt;&gt;&gt; ver info<\/span><\/a><\/span><\/strong><\/h5>\n<h5><strong><span style=\"color: #800000;\"> \u25b6\u00a0MBA Especializado en Gesti\u00f3n de Proyectos de Construcci\u00f3n <\/span><\/strong><strong><span style=\"color: #008000;\"><a href=\"https:\/\/www.cerem.es\/academic-offer\/mba-con-especializacion-en-proyectos-de-la-construccion\/\" target=\"_blank\" rel=\"noopener\"><span style=\"color: #0000ff;\">&gt;&gt;&gt; ver info<\/span><\/a><\/span><\/strong><\/h5>\n<h5><strong><span style=\"color: #800000;\"> \u25b6 MBA Especializado en Gesti\u00f3n del Talento Humano y Liderazgo\u00a0<\/span><\/strong><strong><span style=\"color: #008000;\"><a href=\"https:\/\/www.cerem.es\/academic-offer\/mba-con-especializacion-en-gestion-del-talento-humano-y-liderazgo\/\" target=\"_blank\" rel=\"noopener\"><span style=\"color: #0000ff;\">&gt;&gt;&gt; ver info<\/span><\/a><\/span><\/strong><\/h5>\n<h5><strong><span style=\"color: #800000;\"> \u25b6 MBA Especializado en IA y Big Data en los Negocios\u00a0<\/span><\/strong><strong><span style=\"color: #008000;\"><a href=\"https:\/\/www.cerem.es\/academic-offer\/mba-con-especializacion-en-ia-y-big-data-en-los-negocios\/\" target=\"_blank\" rel=\"noopener\"><span style=\"color: #0000ff;\">&gt;&gt;&gt; ver info<\/span><\/a><\/span><\/strong><\/h5>\n<h5><strong><span style=\"color: #800000;\"> \u25b6 MBA Especializado en Profesionalizaci\u00f3n de la Gesti\u00f3n P\u00fablica\u00a0<\/span><\/strong><strong><span style=\"color: #008000;\"><a href=\"https:\/\/www.cerem.es\/academic-offer\/mba-con-especializacion-en-profesionalizacion-de-la-gestion-publica\/\" target=\"_blank\" rel=\"noopener\"><span style=\"color: #0000ff;\">&gt;&gt;&gt; ver info<\/span><\/a><\/span><\/strong><\/h5>\n<h5><strong><span style=\"color: #800000;\"> \u25b6 MBA Especializado en Project Management\u00a0<\/span><\/strong><strong><span style=\"color: #008000;\"><a href=\"https:\/\/www.cerem.es\/academic-offer\/mba-con-especializacion-en-project-management\/\" target=\"_blank\" rel=\"noopener\"><span style=\"color: #0000ff;\">&gt;&gt;&gt; ver info<\/span><\/a><\/span><\/strong><\/h5>\n<h5><strong><span style=\"color: #800000;\"> \u25b6 MBA Especializado en Sostenibilidad Empresarial\u00a0<\/span><\/strong><strong><span style=\"color: #008000;\"><a href=\"https:\/\/www.cerem.es\/academic-offer\/mba-con-especializacion-en-sostenibilidad-empresarial\/\" target=\"_blank\" rel=\"noopener\"><span style=\"color: #0000ff;\">&gt;&gt;&gt; ver info<\/span><\/a><\/span><\/strong><\/h5>\n<h5><strong><span style=\"color: #800000;\"> \u25b6 MBA Especializado en Transformaci\u00f3n Digital en los Negocios\u00a0<\/span><\/strong><strong><span style=\"color: #008000;\"><a href=\"https:\/\/www.cerem.es\/academic-offer\/mba-con-especializacion-en-transformacion-digital-en-los-negocios\/\" target=\"_blank\" rel=\"noopener\"><span style=\"color: #0000ff;\">&gt;&gt;&gt; ver info<\/span><\/a><\/span><\/strong><\/h5>\n<p>&nbsp;<\/p>\n<p>&nbsp;<\/p>\n<p><img decoding=\"async\" class=\" wp-image-5144 aligncenter\" src=\"https:\/\/sic.nodscloud.com\/nodsglobal\/wp-content\/uploads\/sites\/3\/2024\/08\/cerem.png\" sizes=\"(max-width: 496px) 100vw, 496px\" srcset=\"https:\/\/sic.nodscloud.com\/nodsglobal\/wp-content\/uploads\/sites\/3\/2024\/08\/cerem.png 718w, https:\/\/sic.nodscloud.com\/nodsglobal\/wp-content\/uploads\/sites\/3\/2024\/08\/cerem-300x89.png 300w, https:\/\/sic.nodscloud.com\/nodsglobal\/wp-content\/uploads\/sites\/3\/2024\/08\/cerem-700x208.png 700w\" alt=\"\" width=\"496\" height=\"147\" \/><\/p>\n","protected":false},"excerpt":{"rendered":"<p>M\u00e1steres \/ MBA &nbsp; \u25b6 M\u00e1ster en Direcci\u00f3n Comercial y Marketing\u00a0 \u00a0&gt;&gt;&gt; ver info \u25b6 M\u00e1ster en Direcci\u00f3n de Comercio Internacional\u00a0&gt;&gt;&gt; ver info \u25b6\u00a0M\u00e1ster en Direcci\u00f3n de Recursos Humanos &gt;&gt;&gt; ver info \u25b6\u00a0M\u00e1ster en Direcci\u00f3n Financiera &gt;&gt;&gt; ver info \u25b6\u00a0M\u00e1ster en Direcci\u00f3n Log\u00edstica y Supply&#8230;<\/p>\n","protected":false},"author":16,"featured_media":0,"parent":0,"menu_order":0,"comment_status":"closed","ping_status":"closed","template":"","meta":{"footnotes":""},"class_list":["post-5187","page","type-page","status-publish","hentry"],"aioseo_notices":[],"_links":{"self":[{"href":"https:\/\/sic.nodscloud.com\/nodsglobal\/wp-json\/wp\/v2\/pages\/5187","targetHints":{"allow":["GET"]}}],"collection":[{"href":"https:\/\/sic.nodscloud.com\/nodsglobal\/wp-json\/wp\/v2\/pages"}],"about":[{"href":"https:\/\/sic.nodscloud.com\/nodsglobal\/wp-json\/wp\/v2\/types\/page"}],"author":[{"embeddable":true,"href":"https:\/\/sic.nodscloud.com\/nodsglobal\/wp-json\/wp\/v2\/users\/16"}],"replies":[{"embeddable":true,"href":"https:\/\/sic.nodscloud.com\/nodsglobal\/wp-json\/wp\/v2\/comments?post=5187"}],"version-history":[{"count":18,"href":"https:\/\/sic.nodscloud.com\/nodsglobal\/wp-json\/wp\/v2\/pages\/5187\/revisions"}],"predecessor-version":[{"id":5237,"href":"https:\/\/sic.nodscloud.com\/nodsglobal\/wp-json\/wp\/v2\/pages\/5187\/revisions\/5237"}],"wp:attachment":[{"href":"https:\/\/sic.nodscloud.com\/nodsglobal\/wp-json\/wp\/v2\/media?parent=5187"}],"curies":[{"name":"wp","href":"https:\/\/api.w.org\/{rel}","templated":true}]}}