
{"id":5215,"date":"2024-09-03T14:19:07","date_gmt":"2024-09-03T14:19:07","guid":{"rendered":"https:\/\/sic.nodscloud.com\/nodsglobal\/?page_id=5215"},"modified":"2024-09-03T14:19:07","modified_gmt":"2024-09-03T14:19:07","slug":"5215-2","status":"publish","type":"page","link":"https:\/\/sic.nodscloud.com\/nodsglobal\/5215-2\/","title":{"rendered":""},"content":{"rendered":"<h1 style=\"text-align: center;\"><img fetchpriority=\"high\" decoding=\"async\" class=\"wp-image-5132 aligncenter\" src=\"https:\/\/sic.nodscloud.com\/nodsglobal\/wp-content\/uploads\/sites\/3\/2024\/08\/WhzxnVyw_400x400.jpg\" sizes=\"(max-width: 239px) 100vw, 239px\" srcset=\"https:\/\/sic.nodscloud.com\/nodsglobal\/wp-content\/uploads\/sites\/3\/2024\/08\/WhzxnVyw_400x400.jpg 400w, https:\/\/sic.nodscloud.com\/nodsglobal\/wp-content\/uploads\/sites\/3\/2024\/08\/WhzxnVyw_400x400-300x300.jpg 300w, https:\/\/sic.nodscloud.com\/nodsglobal\/wp-content\/uploads\/sites\/3\/2024\/08\/WhzxnVyw_400x400-150x150.jpg 150w\" alt=\"\" width=\"239\" height=\"239\" \/><span style=\"color: #008000;\"><strong>Diferenciadores<\/strong><\/span><\/h1>\n<p>&nbsp;<\/p>\n<p>&nbsp;<\/p>\n<h4><\/h4>\n<h4><strong>-Programas con Doble titulaci\u00f3n<\/strong><\/h4>\n<p>&nbsp;<\/p>\n<h4><strong>-Plan de Financiaci\u00f3n Propia: Sin condiciones ni requisitos y sin intereses<\/strong><\/h4>\n<p>&nbsp;<\/p>\n<h4><strong>-Escuela de negocios #1 en Espa\u00f1a y en el Top 5 de las m\u00e1s grande de Europa.<\/strong><\/h4>\n<p>&nbsp;<\/p>\n<h4><strong>-46 a\u00f1os de trayectoria y prestigio.<\/strong><\/h4>\n<p>&nbsp;<\/p>\n<h4><strong>-Titulaci\u00f3n con Validez Internacional<\/strong><\/h4>\n<p>&nbsp;<\/p>\n<h4><strong>-Con miles de egresados en m\u00e1s de 17 pa\u00edses de LATAM en nuestro programas online.<\/strong><\/h4>\n<p>&nbsp;<\/p>\n<h4><strong>-Estudiar en una entidad Europea agrega valor a la perspectiva profesional y una visi\u00f3n global<\/strong><\/h4>\n<h4><strong> laboral.<\/strong><\/h4>\n<p>&nbsp;<\/p>\n<p>&nbsp;<\/p>\n<p><img decoding=\"async\" class=\" wp-image-5144 aligncenter\" src=\"https:\/\/sic.nodscloud.com\/nodsglobal\/wp-content\/uploads\/sites\/3\/2024\/08\/cerem.png\" sizes=\"(max-width: 496px) 100vw, 496px\" srcset=\"https:\/\/sic.nodscloud.com\/nodsglobal\/wp-content\/uploads\/sites\/3\/2024\/08\/cerem.png 718w, https:\/\/sic.nodscloud.com\/nodsglobal\/wp-content\/uploads\/sites\/3\/2024\/08\/cerem-300x89.png 300w, https:\/\/sic.nodscloud.com\/nodsglobal\/wp-content\/uploads\/sites\/3\/2024\/08\/cerem-700x208.png 700w\" alt=\"\" width=\"496\" height=\"147\" \/><\/p>\n","protected":false},"excerpt":{"rendered":"<p>Diferenciadores &nbsp; &nbsp; -Programas con Doble titulaci\u00f3n &nbsp; -Plan de Financiaci\u00f3n Propia: Sin condiciones ni requisitos y sin intereses &nbsp; -Escuela de negocios #1 en Espa\u00f1a y en el Top 5 de las m\u00e1s grande de Europa. &nbsp; -46 a\u00f1os de trayectoria y prestigio. &nbsp;&#8230;<\/p>\n","protected":false},"author":16,"featured_media":0,"parent":0,"menu_order":0,"comment_status":"closed","ping_status":"closed","template":"","meta":{"footnotes":""},"class_list":["post-5215","page","type-page","status-publish","hentry"],"aioseo_notices":[],"_links":{"self":[{"href":"https:\/\/sic.nodscloud.com\/nodsglobal\/wp-json\/wp\/v2\/pages\/5215","targetHints":{"allow":["GET"]}}],"collection":[{"href":"https:\/\/sic.nodscloud.com\/nodsglobal\/wp-json\/wp\/v2\/pages"}],"about":[{"href":"https:\/\/sic.nodscloud.com\/nodsglobal\/wp-json\/wp\/v2\/types\/page"}],"author":[{"embeddable":true,"href":"https:\/\/sic.nodscloud.com\/nodsglobal\/wp-json\/wp\/v2\/users\/16"}],"replies":[{"embeddable":true,"href":"https:\/\/sic.nodscloud.com\/nodsglobal\/wp-json\/wp\/v2\/comments?post=5215"}],"version-history":[{"count":7,"href":"https:\/\/sic.nodscloud.com\/nodsglobal\/wp-json\/wp\/v2\/pages\/5215\/revisions"}],"predecessor-version":[{"id":5222,"href":"https:\/\/sic.nodscloud.com\/nodsglobal\/wp-json\/wp\/v2\/pages\/5215\/revisions\/5222"}],"wp:attachment":[{"href":"https:\/\/sic.nodscloud.com\/nodsglobal\/wp-json\/wp\/v2\/media?parent=5215"}],"curies":[{"name":"wp","href":"https:\/\/api.w.org\/{rel}","templated":true}]}}