
{"id":5226,"date":"2024-09-09T12:41:02","date_gmt":"2024-09-09T12:41:02","guid":{"rendered":"https:\/\/sic.nodscloud.com\/nodsglobal\/?page_id=5226"},"modified":"2024-09-09T12:51:00","modified_gmt":"2024-09-09T12:51:00","slug":"titulaciones","status":"publish","type":"page","link":"https:\/\/sic.nodscloud.com\/nodsglobal\/titulaciones\/","title":{"rendered":"Titulaciones \/ Creditos ECTS"},"content":{"rendered":"<h2><\/h2>\n<h2><img fetchpriority=\"high\" decoding=\"async\" class=\"size-full wp-image-5132 aligncenter\" src=\"https:\/\/sic.nodscloud.com\/nodsglobal\/wp-content\/uploads\/sites\/3\/2024\/08\/WhzxnVyw_400x400.jpg\" alt=\"\" width=\"400\" height=\"400\" srcset=\"https:\/\/sic.nodscloud.com\/nodsglobal\/wp-content\/uploads\/sites\/3\/2024\/08\/WhzxnVyw_400x400.jpg 400w, https:\/\/sic.nodscloud.com\/nodsglobal\/wp-content\/uploads\/sites\/3\/2024\/08\/WhzxnVyw_400x400-300x300.jpg 300w, https:\/\/sic.nodscloud.com\/nodsglobal\/wp-content\/uploads\/sites\/3\/2024\/08\/WhzxnVyw_400x400-150x150.jpg 150w\" sizes=\"(max-width: 400px) 100vw, 400px\" \/><\/h2>\n<h1 style=\"text-align: center;\"><span style=\"color: #008000;\"><strong>Titulaciones\u00a0<\/strong><\/span><\/h1>\n<p>&nbsp;<\/p>\n<h3><strong><span style=\"color: #008000;\">Caracter\u00edsticas y diferencias entre t\u00edtulos propios y oficiales<\/span><\/strong><\/h3>\n<p>No cabe duda que tanto un m\u00e1ster oficial como un t\u00edtulo propio permiten obtener una preparaci\u00f3n acad\u00e9mica de alto nivel con la que hacer frente a los retos profesionales que se presentan en el camino, pero hay que tener claro que ambos\u00a0<b>poseen caracter\u00edsticas que los diferencian<\/b>\u00a0y que deben tomarse en consideraci\u00f3n.<\/p>\n<p>&nbsp;<\/p>\n<p>As\u00ed, las\u00a0<b>principales diferencias<\/b>\u00a0entre un t\u00edtulo propio y un m\u00e1ster oficial son:<\/p>\n<p>&nbsp;<\/p>\n<ul>\n<li>Los estudios oficiales suelen tener una mayor\u00a0<b>carga te\u00f3rica,<\/b>\u00a0por ser estudios que conducen a doctorados; por su parte los propios suelen estar m\u00e1s enfocados a las demandas actuales del mercado y tienen un car\u00e1cter eminentemente pr\u00e1ctico.<\/li>\n<li>En el caso de los t\u00edtulos oficiales, los mismos est\u00e1n\u00a0<b>regulados<\/b>\u00a0por el m\u00e1ximo \u00f3rgano acad\u00e9mico del pa\u00eds; por su parte, los estudios propios son creados y regulados por las propias universidades o escuelas que los imparten.<\/li>\n<li>En el caso de Ecuador, los t\u00edtulos propios no se registran en Senescyt mientras que los oficiales, s\u00ed.<\/li>\n<li>El tiempo de duraci\u00f3n y cr\u00e9ditos: en el caso de los t\u00edtulos oficiales suele ser un a\u00f1o y 60 cr\u00e9ditos, mientras que en los propios es menor.<\/li>\n<li>Otra caracter\u00edstica particular es la forma de acceso. Para acceder a\u00a0los m\u00e1steres oficiales se debe contar con un grado universitario o equivalente; mientras que para los propios, en muchos casos, basta con tener experiencia profesional previa.<\/li>\n<\/ul>\n<p>&nbsp;<\/p>\n<p>&nbsp;<\/p>\n<p>&nbsp;<\/p>\n<p>&nbsp;<\/p>\n<h2><span style=\"color: #008000;\"><strong>M\u00e1ster propio vs. m\u00e1ster oficial: pros y contras<\/strong><\/span><\/h2>\n<p>&nbsp;<\/p>\n<p>Adem\u00e1s de conocer las diferencias entre ambas titulaciones se hace fundamental repasar los pros y contras que presenta cada una de estas titulaciones. En este sentido, dentro de los\u00a0<b>pros\u00a0<\/b>destacan:<\/p>\n<p>&nbsp;<\/p>\n<hr \/>\n<h3><strong><span style=\"color: #008000;\">T\u00edtulos propios<\/span><\/strong><\/h3>\n<p>&nbsp;<\/p>\n<h4>Pros<\/h4>\n<ul>\n<li>Al ser creados por las propias escuelas de negocios o universidades no tienen que someterse a procesos de evaluaci\u00f3n complejos, lo que les da mayor flexibilidad para\u00a0<b>adaptarse a lo que demanda e<\/b>l\u00a0<b>mercado<\/b>\u00a0laboral.<\/li>\n<li>Los profesores, en su mayor\u00eda, son<b>\u00a0profesionales expertos del sector.<\/b><\/li>\n<li>Est\u00e1n m\u00e1s\u00a0<b>orientados al desarrollo de competencias<\/b>\u00a0profesionales para el mundo laboral.<\/li>\n<li>Suelen estar<b>\u00a0mejor valorados en el mercado\u00a0<\/b>sobre todo por\u00a0empresas privadas, algunas instituciones y para profesiones independientes.<\/li>\n<li><\/li>\n<\/ul>\n<h4>Contras<\/h4>\n<ul>\n<li><b>No dan acceso a estudios de doctorado.<\/b><\/li>\n<li>No son v\u00e1lidos si lo que se busca es trabajar en el\u00a0<b>sector p\u00fablico<\/b>, mediante acceso v\u00eda oposici\u00f3n.<\/li>\n<li>La matr\u00edcula suele ser algo m\u00e1s\u00a0<b>elevada<\/b>\u00a0que en los m\u00e1steres oficiales, ya que las tasas las fijan las universidades o escuelas de negocios.<\/li>\n<\/ul>\n<hr \/>\n<h3><span style=\"color: #008000;\"><strong>T\u00edtulos oficiales<\/strong><\/span><\/h3>\n<p>&nbsp;<\/p>\n<h4>Pros<\/h4>\n<ul>\n<li>El coste de estas titulaciones suele ser\u00a0<b>menor<\/b>\u00a0y se puede optar a becas gubernamentales.<\/li>\n<li>Cuentan con el aval de la universidad que los expide y el<b>\u00a0reconocimiento del Estado.<\/b><\/li>\n<li>Dan acceso a estudios de\u00a0<b>doctorado<\/b>.<\/li>\n<li>Aunque ambos tipos de m\u00e1ster est\u00e1n reconocidos en el mercado de trabajo, el m\u00e1ster oficial es el\u00a0<b>requerido para las profesiones reguladas<\/b>.<\/li>\n<li><\/li>\n<\/ul>\n<h4>Contras<\/h4>\n<ul>\n<li>Son sometidos\u00a0a la evaluaci\u00f3n de los \u00f3rganos competentes que determinan que cumplen unos est\u00e1ndares y criterios, lo que suele\u00a0<b>demorar<\/b>\u00a0la salida al mercado de los mismos.<\/li>\n<li>El\u00a0<b>perfil de algunos docentes<\/b>\u00a0es m\u00e1s acad\u00e9mico ya que no est\u00e1n en contacto directo con el mercado laboral.<\/li>\n<\/ul>\n<p>&nbsp;<\/p>\n<hr \/>\n<p>&nbsp;<\/p>\n<h1 style=\"text-align: center;\"><span style=\"color: #008000;\"><strong>Creditos ECTS<\/strong><\/span><\/h1>\n<p>&nbsp;<\/p>\n<p>&nbsp;<\/p>\n<p>En 2010, se implant\u00f3 en todas las universidades espa\u00f1olas\u00a0<strong>el Plan Bolonia<\/strong>, un proyecto que adapt\u00f3 y\u00a0<strong>unific\u00f3 los criterios educativos en todos los centros europeos<\/strong>, algo similar a lo que se hizo con la creaci\u00f3n del euro, pero, en este caso, con la educaci\u00f3n.<\/p>\n<p>&nbsp;<\/p>\n<p>Este nuevo sistema dividi\u00f3 la ense\u00f1anza superior en tres niveles:\u00a0<strong>grado, m\u00e1ster y doctorado<\/strong>. El primero de ellos tiene una duraci\u00f3n de 4 a\u00f1os, 240 cr\u00e9ditos y sustituye a las diplomaturas y licenciaturas. Por su parte, el m\u00e1ster es una especializaci\u00f3n en un \u00e1mbito en concreto y puede durar tanto un a\u00f1o como dos.<\/p>\n<p>&nbsp;<\/p>\n<p>En el Espacio Europeo de Educaci\u00f3n Superior (EEES), las siglas\u00a0<strong>ECTS<\/strong>\u00a0(<strong>European Credit Transfer System<\/strong>), reflejan un sistema de cr\u00e9ditos (<strong>Sistema Europeo de Transferencia y Acumulaci\u00f3n de Cr\u00e9ditos<\/strong>). Este sistema realiza la\u00a0<strong>valoraci\u00f3n del volumen de trabajo<\/strong>\u00a0del estudiante, sus\u00a0<strong>horas de dedicaci\u00f3n al estudio<\/strong>. Mide el trabajo que deber\u00e1n completar los alumnos\/as para adquirir los\u00a0<strong>conocimientos, capacidades y destrezas<\/strong>\u00a0necesarias para poder superar su\u00a0<strong>plan de estudios<\/strong>.<\/p>\n<p>&nbsp;<\/p>\n<p>&nbsp;<\/p>\n<h2><span style=\"color: #008000;\"><strong>\u00bfCu\u00e1les son las ventajas de este Sistema de Cr\u00e9ditos Europeos?<\/strong><\/span><\/h2>\n<p>Desde que se implant\u00f3 el sistema de cr\u00e9ditos ECTS, todas las Universidades y Centros Superiores de FP del Espacio Europeo de Educaci\u00f3n Superior, utilizan el mismo sistema de medida. Esto hace que:<\/p>\n<ul>\n<li>Se garantice la\u00a0<strong>equivalencia de los distintos sistemas europeos<\/strong>\u00a0de los estados miembros, as\u00ed como, de las\u00a0<strong>titulaciones obtenidas en distintas universidades<\/strong>\u00a0pertenecientes a un mismo estado.<\/li>\n<li>Resulte mucho m\u00e1s f\u00e1cil\u00a0<strong>comparar la carga lectiva<\/strong>\u00a0de las titulaciones.<\/li>\n<li>Se pueda solicitar el\u00a0<strong>reconocimiento de cr\u00e9ditos<\/strong>\u00a0y la\u00a0<strong>convalidaci\u00f3n de estudios<\/strong>.<\/li>\n<li>Haya m\u00e1s facilidad de\u00a0<strong>movilidad geogr\u00e1fica<\/strong>.<\/li>\n<\/ul>\n<p>Actualmente, todas las\u00a0<strong>ense\u00f1anzas superiores<\/strong>\u00a0del\u00a0<strong>Espacio Europeo<\/strong>\u00a0incorporan una\u00a0<strong>estimaci\u00f3n en cr\u00e9ditos ECTS<\/strong>. Tambi\u00e9n te permitir\u00e1n obtener este tipo de cr\u00e9ditos otras actividades, tales como,\u00a0<strong>Seminarios<\/strong>,\u00a0<strong>Cursos de Verano<\/strong>\u00a0organizados por distintas Universidades, o la\u00a0<strong>Formaci\u00f3n homologada online<\/strong>.<\/p>\n<p>Para poder optar al tr\u00e1mite de solicitud de equivalencias, adaptaci\u00f3n, convalidaci\u00f3n y reconocimiento de cr\u00e9ditos cursados en centros universitarios espa\u00f1oles o extranjeros, dispondr\u00e1s de distintas opciones, siendo objeto de regulaci\u00f3n:<\/p>\n<ul>\n<li>T\u00edtulos conducentes a un mismo t\u00edtulo oficial (Adaptaci\u00f3n).<\/li>\n<li>Convalidaci\u00f3n entre estudios conducentes a distintos t\u00edtulos oficiales.<\/li>\n<li>Reconocimiento de Cr\u00e9ditos por actividades o ense\u00f1anzas no recogidas en Planes de Estudios.<\/li>\n<\/ul>\n<p>Algunos de los estudios y actividades que pueden optar a este reconocimiento son: <strong>las Titulaciones de car\u00e1cter oficial; las titulaciones propias de Universidades o Centros de Ense\u00f1anza; Formaci\u00f3n Profesional de Grado Superio<\/strong>r; Idiomas; o las actividades universitarias ya comentadas anteriormente.<\/p>\n<p>&nbsp;<\/p>\n<p>&nbsp;<\/p>\n<p>&nbsp;<\/p>\n<p><img decoding=\"async\" class=\" wp-image-5144 aligncenter\" src=\"https:\/\/sic.nodscloud.com\/nodsglobal\/wp-content\/uploads\/sites\/3\/2024\/08\/cerem.png\" alt=\"\" width=\"357\" height=\"106\" srcset=\"https:\/\/sic.nodscloud.com\/nodsglobal\/wp-content\/uploads\/sites\/3\/2024\/08\/cerem.png 718w, https:\/\/sic.nodscloud.com\/nodsglobal\/wp-content\/uploads\/sites\/3\/2024\/08\/cerem-300x89.png 300w, https:\/\/sic.nodscloud.com\/nodsglobal\/wp-content\/uploads\/sites\/3\/2024\/08\/cerem-700x208.png 700w\" sizes=\"(max-width: 357px) 100vw, 357px\" \/><\/p>\n","protected":false},"excerpt":{"rendered":"<p>Titulaciones\u00a0 &nbsp; Caracter\u00edsticas y diferencias entre t\u00edtulos propios y oficiales No cabe duda que tanto un m\u00e1ster oficial como un t\u00edtulo propio permiten obtener una preparaci\u00f3n acad\u00e9mica de alto nivel con la que hacer frente a los retos profesionales que se presentan en el camino,&#8230;<\/p>\n","protected":false},"author":16,"featured_media":0,"parent":0,"menu_order":0,"comment_status":"closed","ping_status":"closed","template":"","meta":{"footnotes":""},"class_list":["post-5226","page","type-page","status-publish","hentry"],"aioseo_notices":[],"_links":{"self":[{"href":"https:\/\/sic.nodscloud.com\/nodsglobal\/wp-json\/wp\/v2\/pages\/5226","targetHints":{"allow":["GET"]}}],"collection":[{"href":"https:\/\/sic.nodscloud.com\/nodsglobal\/wp-json\/wp\/v2\/pages"}],"about":[{"href":"https:\/\/sic.nodscloud.com\/nodsglobal\/wp-json\/wp\/v2\/types\/page"}],"author":[{"embeddable":true,"href":"https:\/\/sic.nodscloud.com\/nodsglobal\/wp-json\/wp\/v2\/users\/16"}],"replies":[{"embeddable":true,"href":"https:\/\/sic.nodscloud.com\/nodsglobal\/wp-json\/wp\/v2\/comments?post=5226"}],"version-history":[{"count":7,"href":"https:\/\/sic.nodscloud.com\/nodsglobal\/wp-json\/wp\/v2\/pages\/5226\/revisions"}],"predecessor-version":[{"id":5233,"href":"https:\/\/sic.nodscloud.com\/nodsglobal\/wp-json\/wp\/v2\/pages\/5226\/revisions\/5233"}],"wp:attachment":[{"href":"https:\/\/sic.nodscloud.com\/nodsglobal\/wp-json\/wp\/v2\/media?parent=5226"}],"curies":[{"name":"wp","href":"https:\/\/api.w.org\/{rel}","templated":true}]}}