
{"id":5268,"date":"2024-09-20T18:10:39","date_gmt":"2024-09-20T18:10:39","guid":{"rendered":"https:\/\/sic.nodscloud.com\/nodsglobal\/?page_id=5268"},"modified":"2024-09-20T18:10:39","modified_gmt":"2024-09-20T18:10:39","slug":"portfolio-academico-4","status":"publish","type":"page","link":"https:\/\/sic.nodscloud.com\/nodsglobal\/portfolio-academico-4\/","title":{"rendered":"Portfolio Acad\u00e9mico"},"content":{"rendered":"<p><img fetchpriority=\"high\" decoding=\"async\" class=\"size-full wp-image-5269 aligncenter\" src=\"https:\/\/sic.nodscloud.com\/nodsglobal\/wp-content\/uploads\/sites\/3\/2024\/09\/anahuac.png\" alt=\"\" width=\"602\" height=\"277\" srcset=\"https:\/\/sic.nodscloud.com\/nodsglobal\/wp-content\/uploads\/sites\/3\/2024\/09\/anahuac.png 602w, https:\/\/sic.nodscloud.com\/nodsglobal\/wp-content\/uploads\/sites\/3\/2024\/09\/anahuac-300x138.png 300w, https:\/\/sic.nodscloud.com\/nodsglobal\/wp-content\/uploads\/sites\/3\/2024\/09\/anahuac-600x277.png 600w\" sizes=\"(max-width: 602px) 100vw, 602px\" \/><\/p>\n<h1 style=\"text-align: center;\"><span style=\"color: #008000;\"><strong>Portfolio Acad\u00e9mico\u00a0<\/strong><\/span><\/h1>\n<p>&nbsp;<\/p>\n<p>&nbsp;<\/p>\n<h3 class=\"negritas-naranjas\"><strong>Nuestra Misi\u00f3n<\/strong><\/h3>\n<p align=\"justify\">Contribuir a la formaci\u00f3n integral de l\u00edderes de acci\u00f3n positiva y promover institucionalmente el desarrollo de la persona y de la sociedad, inspirados en los valores del humanismo cristiano.<\/p>\n<p class=\"text-align-right\">\n<hr \/>\n<h3><\/h3>\n<h3 class=\"negritas-naranjas\"><strong>Nuestro Nombre<\/strong><\/h3>\n<p align=\"justify\">\u00abAn\u00e1huac\u00bb significa literalmente: \u00abcerca del agua\u00bb. Regi\u00f3n de los lagos centrales que dio asiento a la capital azteca: Tenochtitl\u00e1n, el centro m\u00e1s poblado y de mayor desarrollo cultural de Am\u00e9rica Central, donde ahora se alza la Ciudad de M\u00e9xico y en ella, nuestra Universidad.<\/p>\n<hr \/>\n<p align=\"justify\">\n<h3 class=\"negritas-naranjas\"><strong>Nuestro Lema<\/strong><\/h3>\n<p align=\"justify\">Nuestro Lema, VINCE IN BONO MALUM, \u00abVence al Mal con el Bien\u00bb, es la s\u00edntesis de nuestra filosof\u00eda. Toda una concepci\u00f3n que destierra actitudes negativas. Un programa de acci\u00f3n positiva para vencer el mal de la ignorancia con el bien de la ciencia; el mal de la improvisaci\u00f3n con el bien del profesionalismo apoyado en la moderna t\u00e9cnica; el mal del materialismo pr\u00e1ctico con el bien del humanismo que reconoce la naturaleza espiritual de la persona humana; el mal de los antagonismos sociales con el bien de la concordia y la armon\u00eda; el mal de la injusticia con el bien de la caridad; el mal del desenfreno ego\u00edsta con el bien de la apertura y fe en Dios.<\/p>\n<hr \/>\n<h3><\/h3>\n<h3 class=\"negritas-naranjas\"><strong>Nuestro Emblema<\/strong><\/h3>\n<p align=\"justify\">Nuestro emblema, basado en la imagen de un tejido en proceso, recoge simb\u00f3licamente el trabajo de interacci\u00f3n y desarrollo que caracteriza a la educaci\u00f3n: nuestra tarea y compromiso fundamental.<\/p>\n<p align=\"justify\">\n<p align=\"justify\">\n<p align=\"justify\">\n","protected":false},"excerpt":{"rendered":"<p>Portfolio Acad\u00e9mico\u00a0 &nbsp; &nbsp; Nuestra Misi\u00f3n Contribuir a la formaci\u00f3n integral de l\u00edderes de acci\u00f3n positiva y promover institucionalmente el desarrollo de la persona y de la sociedad, inspirados en los valores del humanismo cristiano. Nuestro Nombre \u00abAn\u00e1huac\u00bb significa literalmente: \u00abcerca del agua\u00bb. Regi\u00f3n de&#8230;<\/p>\n","protected":false},"author":16,"featured_media":0,"parent":0,"menu_order":0,"comment_status":"closed","ping_status":"closed","template":"","meta":{"footnotes":""},"class_list":["post-5268","page","type-page","status-publish","hentry"],"aioseo_notices":[],"_links":{"self":[{"href":"https:\/\/sic.nodscloud.com\/nodsglobal\/wp-json\/wp\/v2\/pages\/5268","targetHints":{"allow":["GET"]}}],"collection":[{"href":"https:\/\/sic.nodscloud.com\/nodsglobal\/wp-json\/wp\/v2\/pages"}],"about":[{"href":"https:\/\/sic.nodscloud.com\/nodsglobal\/wp-json\/wp\/v2\/types\/page"}],"author":[{"embeddable":true,"href":"https:\/\/sic.nodscloud.com\/nodsglobal\/wp-json\/wp\/v2\/users\/16"}],"replies":[{"embeddable":true,"href":"https:\/\/sic.nodscloud.com\/nodsglobal\/wp-json\/wp\/v2\/comments?post=5268"}],"version-history":[{"count":6,"href":"https:\/\/sic.nodscloud.com\/nodsglobal\/wp-json\/wp\/v2\/pages\/5268\/revisions"}],"predecessor-version":[{"id":5275,"href":"https:\/\/sic.nodscloud.com\/nodsglobal\/wp-json\/wp\/v2\/pages\/5268\/revisions\/5275"}],"wp:attachment":[{"href":"https:\/\/sic.nodscloud.com\/nodsglobal\/wp-json\/wp\/v2\/media?parent=5268"}],"curies":[{"name":"wp","href":"https:\/\/api.w.org\/{rel}","templated":true}]}}