
{"id":5287,"date":"2024-09-20T18:37:53","date_gmt":"2024-09-20T18:37:53","guid":{"rendered":"https:\/\/sic.nodscloud.com\/nodsglobal\/?page_id=5287"},"modified":"2024-09-24T11:56:06","modified_gmt":"2024-09-24T11:56:06","slug":"diplomado-en-alta-direccion-y-gestion-estrategica","status":"publish","type":"page","link":"https:\/\/sic.nodscloud.com\/nodsglobal\/diplomado-en-alta-direccion-y-gestion-estrategica\/","title":{"rendered":"Diplomado en Alta Direcci\u00f3n y Gesti\u00f3n Estrat\u00e9gica"},"content":{"rendered":"<p><img fetchpriority=\"high\" decoding=\"async\" class=\"size-full wp-image-5288 aligncenter\" src=\"https:\/\/sic.nodscloud.com\/nodsglobal\/wp-content\/uploads\/sites\/3\/2024\/09\/logo-anahuac-24.webp\" alt=\"\" width=\"613\" height=\"160\" srcset=\"https:\/\/sic.nodscloud.com\/nodsglobal\/wp-content\/uploads\/sites\/3\/2024\/09\/logo-anahuac-24.webp 613w, https:\/\/sic.nodscloud.com\/nodsglobal\/wp-content\/uploads\/sites\/3\/2024\/09\/logo-anahuac-24-300x78.webp 300w\" sizes=\"(max-width: 613px) 100vw, 613px\" \/><\/p>\n<p>&nbsp;<\/p>\n<h2 style=\"text-align: center;\"><span style=\"color: #008000;\"><strong>Diplomado en Alta Direcci\u00f3n y Gesti\u00f3n Estrat\u00e9gica<\/strong><\/span><\/h2>\n<hr \/>\n<h3><strong><span style=\"color: #ff6600;\">PERFIL DE INGRESO<\/span><\/strong><\/h3>\n<p>&nbsp;<\/p>\n<p>Todos aquellos profesionistas, estudiantes y cualquier persona que desee capacitarse en temas de Management cuya actividad se encuentre relacionada con todo tipo de negocios y tengan a su cargo prever los conocimientos b\u00e1sicos.<b><\/b><\/p>\n<p>&nbsp;<\/p>\n<p>&nbsp;<\/p>\n<hr \/>\n<h3><strong><span style=\"color: #ff6600;\">OBJETIVO GENERAL DEL PROGRAMA<\/span><\/strong><\/h3>\n<p>&nbsp;<\/p>\n<p>Brindar al participante los conocimientos de los aspectos econ\u00f3micos y estrat\u00e9gicos fundamentales creando en ellos las habilidades necesarias para facilitar una comprensi\u00f3n integral de todas las \u00e1reas dentro de las empresas, haci\u00e9ndolos consciente de la importancia de los principios \u00e9ticos y del ejercicio de la responsabilidad social empresarial.<\/p>\n<p>&nbsp;<\/p>\n<p><strong>Fecha de Inicio: <\/strong>26 de Octubre<\/p>\n<p><strong>Duraci\u00f3n<\/strong>: <span style=\"font-weight: 400;\">144 horas<\/span><\/p>\n<p><strong>Modalidad: <\/strong>H\u00edbrida<\/p>\n<p><strong>Horarios:\u00a0<\/strong>lunes y mi\u00e9rcoles de 19:00 a 22:00 horas<\/p>\n<p><b>Modalidad : <\/b>h\u00edbrida<\/p>\n<p><strong>Requisitos: <\/strong>Formulario de Preinscripci\u00f3n\u00a0 (profesionales: titulo y cedula)<\/p>\n<p><strong>Costo: <\/strong>$43,440.00<\/p>\n<p><strong>-Financiaci\u00f3n: <\/strong>Con tarjeta Visa, Mastercard o American Express se dan\u00a0 3 y 6 meses.<\/p>\n<p>20% de descuento a egresados de la Red de Universidades An\u00e1huac<\/p>\n<p>&nbsp;<\/p>\n<hr \/>\n<h3><strong><span style=\"color: #ff6600;\">CONTENIDO<\/span><\/strong><\/h3>\n<p>&nbsp;<\/p>\n<p><strong>M\u00d3DULO 1.<\/strong> Entorno Econ\u00f3mico de los Negocios.<br \/>\n<strong>M\u00d3DULO 2<\/strong>. Planeaci\u00f3n y Gesti\u00f3n Estrat\u00e9gica.<br \/>\n<strong>M\u00d3DULO 3.<\/strong> Liderazgo y Comunicaci\u00f3n Efectiva<br \/>\n<strong>M\u00d3DULO 4.<\/strong> Curso B\u00e1sico para Ejecutivos no Financieros.<br \/>\n<strong>M\u00d3DULO 5.<\/strong> Mercadotecnia Estrat\u00e9gica.<br \/>\n<strong>M\u00d3DULO 6.<\/strong> Administraci\u00f3n de Ventas.<br \/>\n<strong>M\u00d3DULO 7.<\/strong> Recursos Humanos.<br \/>\n<strong>M\u00d3DULO 8.<\/strong> Responsabilidad Social<\/p>\n<p>&nbsp;<\/p>\n<p><span style=\"font-weight: 400;\">-\u00bfQu\u00e9 tipo de evaluaci\u00f3n se realiza durante o final del diplomado?<\/span><\/p>\n<p><b>Cosas simples, casos, lecturas y alguna tarea, lo m\u00e1s importante es la participaci\u00f3n activa en clase, cada docente indica la forma que la realizar\u00e1 al iniciar el m\u00f3dulo.<\/b><\/p>\n<p>&nbsp;<\/p>\n<p><span style=\"font-weight: 400;\">Con respecto a los diplomados en general, \u00bfcu\u00e1l es el porcentaje de asistencia a todos los encuentros? por falta de encuentros que suceder\u00eda?\u00a0<\/span><\/p>\n<p><b>De forma general tienen que tener el 80% de asistencia y el cumplimiento de las tareas asignadas con calificaci\u00f3n aprobatoria (6), pero puede haber excepciones, depende del maestro y del programa.<\/b><\/p>\n<p><span style=\"font-weight: 400;\">\u00bfQu\u00e9 medios de pagos existen para el pago del diplomado: Tarjetas, efectivo, transferencia?\u00a0<\/span><\/p>\n<p><b>Tarjeta de d\u00e9bito o cr\u00e9dito, paypal, transferencia electr\u00f3nica tambi\u00e9n se puede realizar y pueden imprimir ficha de pago y pagar en ventanilla bancaria. No se aceptan pagos en efectivo.<\/b><\/p>\n<p>&nbsp;<\/p>\n<p>&nbsp;<\/p>\n<hr \/>\n<h3><strong><span style=\"color: #ff6600;\">DIFERENCIADORES<\/span><\/strong><\/h3>\n<p>&nbsp;<\/p>\n<p>Tenemos m\u00e1s de medios siglo de experiencia formando l\u00edderes en acci\u00f3n positiva<\/p>\n<ul>\n<li>La Universidad de An\u00e1huac actualmente est\u00e1 posicionada dentro del 2% de las mejores universidades del mundo<\/li>\n<li>La Universidad de An\u00e1huac las 3 universidades con mejor empleabilidad del pa\u00eds.<\/li>\n<li>Gracias a la calidad que ofrecemos como universidad An\u00e1huac, el presidente L\u00f3pez Portillo nos otorg\u00f3 un decreto presidencial para poder impartir cualquier plan de estudios a nivel profesional.<\/li>\n<li>El 23 % de los presidentes de compa\u00f1\u00edas que cotizan en la BMV son egresados An\u00e1huac.<\/li>\n<li>Networking Durante tus estudios con nosotros conocer\u00e1s a muchas personas a trav\u00e9s de las cuales podr\u00e1s generar nuevas oportunidades laborales.<\/li>\n<li>RUA Red de universidades An\u00e1huac, replicando nuestro modelo de estudios en otros pa\u00edses como son: Canad\u00e1, Estados Unidos, chile, Italia, forman un conjunto de instituciones de educaci\u00f3n superior, que comparten el modelo educativo An\u00e1huac.<\/li>\n<li>Nuestro modelo de competencia desarrolla tres pilares de la educaci\u00f3n: Saber, Hacer, Trascender, desarrollando tus principales habilidades blandas: Trabajo en equipo, Liderazgo, y Comunicaci\u00f3n efectiva.<\/li>\n<li>\u00a0Biblioteca digital Anahuac<\/li>\n<li>Liderazgo An\u00e1huac, Resposablidad social, y sustetabilidad<\/li>\n<li>S\u00f3lida formaci\u00f3n humana en estudios generales<\/li>\n<li>Formaci\u00f3n profesional de vanguardia internacional.<\/li>\n<\/ul>\n<hr \/>\n<h3><strong><span style=\"color: #ff6600;\">BENEFICIOS<\/span><\/strong><\/h3>\n<p>&nbsp;<\/p>\n<ul>\n<li><strong>Modalidad<\/strong>: Si es virtual, enfatizar la comodidad, de poder estudiar en donde quiera sin trasladarse al campus<\/li>\n<li><strong>Financiaci\u00f3n:<\/strong> si el programa cuenta con pagos en cuotas, mencionar que es financiaci\u00f3n propia, sin intereses ni costo de inscripci\u00f3n<\/li>\n<li><strong>Descuento:<\/strong> Si es ex alumno de cuenta con un 20% de Descuento en cualquier programa.<\/li>\n<li><strong>Titulaci\u00f3n<\/strong>: La titulaci\u00f3n no cuenta con costo adicional, y la entrega del Diploma al culminar el cursado se entrega a la brevedad.<\/li>\n<\/ul>\n<hr \/>\n<h3><img decoding=\"async\" class=\"size-full wp-image-5269 aligncenter\" src=\"https:\/\/sic.nodscloud.com\/nodsglobal\/wp-content\/uploads\/sites\/3\/2024\/09\/anahuac.png\" alt=\"\" width=\"602\" height=\"277\" srcset=\"https:\/\/sic.nodscloud.com\/nodsglobal\/wp-content\/uploads\/sites\/3\/2024\/09\/anahuac.png 602w, https:\/\/sic.nodscloud.com\/nodsglobal\/wp-content\/uploads\/sites\/3\/2024\/09\/anahuac-300x138.png 300w, https:\/\/sic.nodscloud.com\/nodsglobal\/wp-content\/uploads\/sites\/3\/2024\/09\/anahuac-600x277.png 600w\" sizes=\"(max-width: 602px) 100vw, 602px\" \/><\/h3>\n","protected":false},"excerpt":{"rendered":"<p>&nbsp; Diplomado en Alta Direcci\u00f3n y Gesti\u00f3n Estrat\u00e9gica PERFIL DE INGRESO &nbsp; Todos aquellos profesionistas, estudiantes y cualquier persona que desee capacitarse en temas de Management cuya actividad se encuentre relacionada con todo tipo de negocios y tengan a su cargo prever los conocimientos b\u00e1sicos&#8230;.<\/p>\n","protected":false},"author":16,"featured_media":0,"parent":0,"menu_order":0,"comment_status":"closed","ping_status":"closed","template":"","meta":{"footnotes":""},"class_list":["post-5287","page","type-page","status-publish","hentry"],"aioseo_notices":[],"_links":{"self":[{"href":"https:\/\/sic.nodscloud.com\/nodsglobal\/wp-json\/wp\/v2\/pages\/5287","targetHints":{"allow":["GET"]}}],"collection":[{"href":"https:\/\/sic.nodscloud.com\/nodsglobal\/wp-json\/wp\/v2\/pages"}],"about":[{"href":"https:\/\/sic.nodscloud.com\/nodsglobal\/wp-json\/wp\/v2\/types\/page"}],"author":[{"embeddable":true,"href":"https:\/\/sic.nodscloud.com\/nodsglobal\/wp-json\/wp\/v2\/users\/16"}],"replies":[{"embeddable":true,"href":"https:\/\/sic.nodscloud.com\/nodsglobal\/wp-json\/wp\/v2\/comments?post=5287"}],"version-history":[{"count":8,"href":"https:\/\/sic.nodscloud.com\/nodsglobal\/wp-json\/wp\/v2\/pages\/5287\/revisions"}],"predecessor-version":[{"id":5346,"href":"https:\/\/sic.nodscloud.com\/nodsglobal\/wp-json\/wp\/v2\/pages\/5287\/revisions\/5346"}],"wp:attachment":[{"href":"https:\/\/sic.nodscloud.com\/nodsglobal\/wp-json\/wp\/v2\/media?parent=5287"}],"curies":[{"name":"wp","href":"https:\/\/api.w.org\/{rel}","templated":true}]}}