
{"id":5295,"date":"2024-09-20T18:47:01","date_gmt":"2024-09-20T18:47:01","guid":{"rendered":"https:\/\/sic.nodscloud.com\/nodsglobal\/?page_id=5295"},"modified":"2024-09-24T11:56:03","modified_gmt":"2024-09-24T11:56:03","slug":"diplomado-en-finanzas-para-no-financieros","status":"publish","type":"page","link":"https:\/\/sic.nodscloud.com\/nodsglobal\/diplomado-en-finanzas-para-no-financieros\/","title":{"rendered":"Diplomado en Finanzas para no financieros"},"content":{"rendered":"<p><img fetchpriority=\"high\" decoding=\"async\" class=\"size-full wp-image-5288 aligncenter\" src=\"https:\/\/sic.nodscloud.com\/nodsglobal\/wp-content\/uploads\/sites\/3\/2024\/09\/logo-anahuac-24.webp\" sizes=\"(max-width: 613px) 100vw, 613px\" srcset=\"https:\/\/sic.nodscloud.com\/nodsglobal\/wp-content\/uploads\/sites\/3\/2024\/09\/logo-anahuac-24.webp 613w, https:\/\/sic.nodscloud.com\/nodsglobal\/wp-content\/uploads\/sites\/3\/2024\/09\/logo-anahuac-24-300x78.webp 300w\" alt=\"\" width=\"613\" height=\"160\" \/><\/p>\n<p>&nbsp;<\/p>\n<h2 style=\"text-align: center;\"><strong><span style=\"color: #008000;\">Diplomado en Finanzas para no financieros<\/span><\/strong><\/h2>\n<hr \/>\n<h3><span style=\"color: #ff6600;\"><strong>PERFIL DE INGRESO<\/strong><\/span><\/h3>\n<p>&nbsp;<\/p>\n<p>profesionistas, estudiantes y cualquier persona que desee capacitarse en temas financieros\u00a0cuya actividad no se encuentren directamente relacionada con las \u00e1reas econ\u00f3micas y financieras, pero que deseen profundizar en el conocimiento de estas \u00e1reas<\/p>\n<p>&nbsp;<\/p>\n<hr \/>\n<h3><span style=\"color: #ff6600;\"><strong>OBJETIVO GENERAL DEL PROGRAMA<\/strong><\/span><\/h3>\n<p>&nbsp;<\/p>\n<p>Introducir al participante al estudio de las finanzas y la econom\u00eda a trav\u00e9s de los conocimientos fundamentales que le<br \/>\npermitir\u00e1n contar con una comprensi\u00f3n integral de estas \u00e1reas. Asimismo, se le proporcionar\u00e1n las herramientas anal\u00edticas para poder interactuar de forma eficiente con las \u00e1reas financieras, as\u00ed como desarrollar y evaluar planes y modelos de negocios en su \u00e1rea de especializaci\u00f3n<\/p>\n<p>&nbsp;<\/p>\n<p><strong>Fecha de Inicio:\u00a0<\/strong>26 de Octubre<\/p>\n<p><strong>Duraci\u00f3n<\/strong>: 108 horas<\/p>\n<p><strong>Modalidad:\u00a0<\/strong>H\u00edbrida<\/p>\n<p><strong>Horarios: <\/strong>Dos veces por semana de 19:00 a 22:00 horas Duraci\u00f3n: 108 horas<\/p>\n<p><strong>Requisitos:\u00a0<\/strong>Formulario de Preinscripci\u00f3n\u00a0 (profesionales: titulo y cedula)<\/p>\n<p><strong>Costo:<\/strong>$32,580.00<\/p>\n<p><strong>-Financiaci\u00f3n: <\/strong>Con tarjeta Visa, Mastercard o American Express se dan\u00a0 3 y 6 meses.<\/p>\n<p>20% de descuento a egresados de la Red de Universidades An\u00e1huac<\/p>\n<p>&nbsp;<\/p>\n<hr \/>\n<h3><span style=\"color: #ff6600;\"><strong>CONTENIDO<\/strong><\/span><\/h3>\n<p>&nbsp;<\/p>\n<p><strong>Tema I: <\/strong>Nociones de micro y macroeconom\u00eda.<br \/>\n<strong>Tema II: <\/strong>Matem\u00e1ticas financieras.<br \/>\n<strong>Tema III: <\/strong>Contabilidad para no contadores.<br \/>\n<strong>Tema IV: <\/strong>An\u00e1lisis financiero.<br \/>\n<strong>Tema V: <\/strong>Finanzas corporativas.<br \/>\n<strong>Tema VI: <\/strong>Evaluaci\u00f3n de proyectos de inversi\u00f3n.<\/p>\n<p>&nbsp;<\/p>\n<p>&nbsp;<\/p>\n<p><span style=\"font-weight: 400;\">-\u00bfQu\u00e9 tipo de evaluaci\u00f3n se realiza durante o al final del diplomado?<\/span><\/p>\n<p><b>Cosas simples, casos, lecturas y alguna tarea, lo m\u00e1s importante es la participaci\u00f3n activa en clase, cada docente indica la forma que la realizar\u00e1 al iniciar el m\u00f3dulo.<\/b><\/p>\n<p>&nbsp;<\/p>\n<p><span style=\"font-weight: 400;\">Con respecto a los diplomados en general, \u00bfcu\u00e1l es el porcentaje de asistencia a todos los encuentros? por falta de encuentros que suceder\u00eda?\u00a0<\/span><\/p>\n<p><b>De forma general tienen que tener el 80% de asistencia y el cumplimiento de las tareas asignadas con calificaci\u00f3n aprobatoria (6), pero puede haber excepciones, depende del maestro y del programa.<\/b><\/p>\n<p><span style=\"font-weight: 400;\">\u00bfQu\u00e9 medios de pagos existen para el pago del diplomado: Tarjetas, efectivo, transferencia?\u00a0<\/span><\/p>\n<p><b>Tarjeta de d\u00e9bito o cr\u00e9dito, paypal, transferencia electr\u00f3nica tambi\u00e9n se puede realizar y pueden imprimir ficha de pago y pagar en ventanilla bancaria. No se aceptan pagos en efectivo.<\/b><\/p>\n<hr \/>\n<h3><span style=\"color: #ff6600;\"><strong>DIFERENCIADORES<\/strong><\/span><\/h3>\n<p>&nbsp;<\/p>\n<p>Tenemos m\u00e1s de medios siglo de experiencia formando l\u00edderes en acci\u00f3n positiva<\/p>\n<ul>\n<li>La Universidad de An\u00e1huac actualmente est\u00e1 posicionada dentro del 2% de las mejores universidades del mundo<\/li>\n<li>La Universidad de An\u00e1huac las 3 universidades con mejor empleabilidad del pa\u00eds.<\/li>\n<li>Gracias a la calidad que ofrecemos como universidad An\u00e1huac, el presidente L\u00f3pez Portillo nos otorg\u00f3 un decreto presidencial para poder impartir cualquier plan de estudios a nivel profesional.<\/li>\n<li>El 23 % de los presidentes de compa\u00f1\u00edas que cotizan en la BMV son egresados An\u00e1huac.<\/li>\n<li>Networking Durante tus estudios con nosotros conocer\u00e1s a muchas personas a trav\u00e9s de las cuales podr\u00e1s generar nuevas oportunidades laborales.<\/li>\n<li>RUA Red de universidades An\u00e1huac, replicando nuestro modelo de estudios en otros pa\u00edses como son: Canad\u00e1, Estados Unidos, chile, Italia, forman un conjunto de instituciones de educaci\u00f3n superior, que comparten el modelo educativo An\u00e1huac.<\/li>\n<li>Nuestro modelo de competencia desarrolla tres pilares de la educaci\u00f3n: Saber, Hacer, Trascender, desarrollando tus principales habilidades blandas: Trabajo en equipo, Liderazgo, y Comunicaci\u00f3n efectiva.<\/li>\n<li>\u00a0Biblioteca digital Anahuac<\/li>\n<li>Liderazgo An\u00e1huac, Responsabilidad social, y sustentabilidad<\/li>\n<li>S\u00f3lida formaci\u00f3n humana en estudios generales<\/li>\n<li>Formaci\u00f3n profesional de vanguardia internacional.<\/li>\n<\/ul>\n<hr \/>\n<h3><span style=\"color: #ff6600;\"><strong>BENEFICIOS<\/strong><\/span><\/h3>\n<p>&nbsp;<\/p>\n<ul>\n<li><strong>Modalidad<\/strong>: Si es virtual, enfatizar la comodidad, de poder estudiar en donde quiera sin trasladarse al campus<\/li>\n<li><strong>Financiaci\u00f3n:<\/strong>\u00a0si el programa cuenta con pagos en cuotas, mencionar que es financiaci\u00f3n propia, sin intereses ni costo de inscripci\u00f3n<\/li>\n<li><strong>Descuento:<\/strong>\u00a0Si es ex alumno de cuenta con un 20% de Descuento en cualquier programa.<\/li>\n<li><strong>Titulaci\u00f3n<\/strong>: La titulaci\u00f3n no cuenta con costo adicional, y la entrega del Diploma al culminar el cursado se entrega a la brevedad.<\/li>\n<\/ul>\n<hr \/>\n<h3><img decoding=\"async\" class=\"size-full wp-image-5269 aligncenter\" src=\"https:\/\/sic.nodscloud.com\/nodsglobal\/wp-content\/uploads\/sites\/3\/2024\/09\/anahuac.png\" sizes=\"(max-width: 602px) 100vw, 602px\" srcset=\"https:\/\/sic.nodscloud.com\/nodsglobal\/wp-content\/uploads\/sites\/3\/2024\/09\/anahuac.png 602w, https:\/\/sic.nodscloud.com\/nodsglobal\/wp-content\/uploads\/sites\/3\/2024\/09\/anahuac-300x138.png 300w, https:\/\/sic.nodscloud.com\/nodsglobal\/wp-content\/uploads\/sites\/3\/2024\/09\/anahuac-600x277.png 600w\" alt=\"\" width=\"602\" height=\"277\" \/><\/h3>\n","protected":false},"excerpt":{"rendered":"<p>&nbsp; Diplomado en Finanzas para no financieros PERFIL DE INGRESO &nbsp; profesionistas, estudiantes y cualquier persona que desee capacitarse en temas financieros\u00a0cuya actividad no se encuentren directamente relacionada con las \u00e1reas econ\u00f3micas y financieras, pero que deseen profundizar en el conocimiento de estas \u00e1reas &nbsp;&#8230;<\/p>\n","protected":false},"author":16,"featured_media":0,"parent":0,"menu_order":0,"comment_status":"closed","ping_status":"closed","template":"","meta":{"footnotes":""},"class_list":["post-5295","page","type-page","status-publish","hentry"],"aioseo_notices":[],"_links":{"self":[{"href":"https:\/\/sic.nodscloud.com\/nodsglobal\/wp-json\/wp\/v2\/pages\/5295","targetHints":{"allow":["GET"]}}],"collection":[{"href":"https:\/\/sic.nodscloud.com\/nodsglobal\/wp-json\/wp\/v2\/pages"}],"about":[{"href":"https:\/\/sic.nodscloud.com\/nodsglobal\/wp-json\/wp\/v2\/types\/page"}],"author":[{"embeddable":true,"href":"https:\/\/sic.nodscloud.com\/nodsglobal\/wp-json\/wp\/v2\/users\/16"}],"replies":[{"embeddable":true,"href":"https:\/\/sic.nodscloud.com\/nodsglobal\/wp-json\/wp\/v2\/comments?post=5295"}],"version-history":[{"count":3,"href":"https:\/\/sic.nodscloud.com\/nodsglobal\/wp-json\/wp\/v2\/pages\/5295\/revisions"}],"predecessor-version":[{"id":5345,"href":"https:\/\/sic.nodscloud.com\/nodsglobal\/wp-json\/wp\/v2\/pages\/5295\/revisions\/5345"}],"wp:attachment":[{"href":"https:\/\/sic.nodscloud.com\/nodsglobal\/wp-json\/wp\/v2\/media?parent=5295"}],"curies":[{"name":"wp","href":"https:\/\/api.w.org\/{rel}","templated":true}]}}