
{"id":5297,"date":"2024-09-20T19:00:12","date_gmt":"2024-09-20T19:00:12","guid":{"rendered":"https:\/\/sic.nodscloud.com\/nodsglobal\/?page_id=5297"},"modified":"2024-09-20T19:00:12","modified_gmt":"2024-09-20T19:00:12","slug":"diplomado-planeacion-estrategica-y-administracion-publica","status":"publish","type":"page","link":"https:\/\/sic.nodscloud.com\/nodsglobal\/diplomado-planeacion-estrategica-y-administracion-publica\/","title":{"rendered":"Diplomado Planeaci\u00f3n Estrat\u00e9gica y Administraci\u00f3n P\u00fablica"},"content":{"rendered":"<p><img fetchpriority=\"high\" decoding=\"async\" class=\"size-full wp-image-5288 aligncenter\" src=\"https:\/\/sic.nodscloud.com\/nodsglobal\/wp-content\/uploads\/sites\/3\/2024\/09\/logo-anahuac-24.webp\" sizes=\"(max-width: 613px) 100vw, 613px\" srcset=\"https:\/\/sic.nodscloud.com\/nodsglobal\/wp-content\/uploads\/sites\/3\/2024\/09\/logo-anahuac-24.webp 613w, https:\/\/sic.nodscloud.com\/nodsglobal\/wp-content\/uploads\/sites\/3\/2024\/09\/logo-anahuac-24-300x78.webp 300w\" alt=\"\" width=\"613\" height=\"160\" \/><\/p>\n<p>&nbsp;<\/p>\n<h2 style=\"text-align: center;\"><strong><span style=\"color: #008000;\" data-sheets-root=\"1\">Diplomado Planeaci\u00f3n Estrat\u00e9gica y Administraci\u00f3n P\u00fablica<\/span><\/strong><\/h2>\n<hr \/>\n<h3><span style=\"color: #ff6600;\"><strong>PERFIL DE INGRESO<\/strong><\/span><\/h3>\n<p>&nbsp;<\/p>\n<p>Dirigido a servidores p\u00fablicos, abogados, e interesados en el tema de planeaci\u00f3n estrat\u00e9gica y evaluaci\u00f3n de programas gubernamentales.<\/p>\n<p>&nbsp;<\/p>\n<hr \/>\n<h3><span style=\"color: #ff6600;\"><strong>OBJETIVO GENERAL DEL PROGRAMA<\/strong><\/span><\/h3>\n<p>&nbsp;<\/p>\n<p>Formar especialistas en planeaci\u00f3n estrat\u00e9gica y evaluaci\u00f3n de programas gubernamentales, basados en los valores<br \/>\n\u00e9ticos para el servicio p\u00fablico. Con una preparaci\u00f3n interdisciplinaria orientada al an\u00e1lisis jur\u00eddico, econ\u00f3mico y social, para la estructuraci\u00f3n de pol\u00edticas de gesti\u00f3n p\u00fablica.<\/p>\n<p>&nbsp;<\/p>\n<p><strong>Fecha de Inicio:\u00a0<\/strong>25 de Octubre<\/p>\n<p><strong>Duraci\u00f3n<\/strong>: 100 horas<\/p>\n<p><strong>Modalidad:\u00a0<\/strong>Aula Virtual (Zoom)<\/p>\n<p><strong>Horarios:<\/strong>Viernes de 17:00 a 22:00 hs. y S\u00e1bados de 09:00 a 14:00 hs<\/p>\n<p><strong>Requisitos:\u00a0<\/strong>Formulario de Preinscripci\u00f3n\u00a0 (profesionales: titulo y cedula)<\/p>\n<p><strong>Costo:<\/strong><\/p>\n<p>&nbsp;<\/p>\n<hr \/>\n<h3><span style=\"color: #ff6600;\"><strong>CONTENIDO<\/strong><\/span><\/h3>\n<p>&nbsp;<\/p>\n<p><strong>M\u00d3DULO I. <\/strong>Planeaci\u00f3n estrat\u00e9gica en la gesti\u00f3n p\u00fablica.<br \/>\n<strong>M\u00d3DULO II. <\/strong>Teor\u00eda administrativa del Estado.<br \/>\n<strong>M\u00d3DULO III. <\/strong>Marco jur\u00eddico de la administraci\u00f3n p\u00fablica.<br \/>\n<strong>M\u00d3DULO IV. <\/strong>Planeaci\u00f3n y control del gasto p\u00fablico.<br \/>\n<strong>M\u00d3DULO V. <\/strong>Auditor\u00eda y responsabilidad de los servidores p\u00fablicos.<\/p>\n<p>&nbsp;<\/p>\n<hr \/>\n<h3><strong><span style=\"color: #ff6600;\">OPCI\u00d3N DE TITULACI\u00d3N<\/span><\/strong><\/h3>\n<p>&nbsp;<\/p>\n<ul>\n<li>\u00a0Maestr\u00eda en Derecho Fiscal y Administraci\u00f3n Tributaria.<\/li>\n<li>\u00a0Maestr\u00eda en Ciencias Penales.<\/li>\n<li>\u00a0Maestr\u00eda en Derecho Corporativo.<\/li>\n<li>\u00a0Maestr\u00eda en Administraci\u00f3n P\u00fablica.<\/li>\n<li>\u00a0Maestr\u00eda en Propiedad Intelectual.<\/li>\n<li>\u00a0Maestr\u00eda en Derecho Privado.<\/li>\n<li>\u00a0Maestr\u00eda en Derecho Militar.<\/li>\n<\/ul>\n<h3><\/h3>\n<hr \/>\n<h3><span style=\"color: #ff6600;\"><strong>DIFERENCIADORES<\/strong><\/span><\/h3>\n<p>&nbsp;<\/p>\n<p>Tenemos m\u00e1s de medios siglo de experiencia formando l\u00edderes en acci\u00f3n positiva<\/p>\n<ul>\n<li>La Universidad de An\u00e1huac actualmente est\u00e1 posicionada dentro del 2% de las mejores universidades del mundo<\/li>\n<li>La Universidad de An\u00e1huac las 3 universidades con mejor empleabilidad del pa\u00eds.<\/li>\n<li>Gracias a la calidad que ofrecemos como universidad An\u00e1huac, el presidente L\u00f3pez Portillo nos otorg\u00f3 un decreto presidencial para poder impartir cualquier plan de estudios a nivel profesional.<\/li>\n<li>El 23 % de los presidentes de compa\u00f1\u00edas que cotizan en la BMV son egresados An\u00e1huac.<\/li>\n<li>Networking Durante tus estudios con nosotros conocer\u00e1s a muchas personas a trav\u00e9s de las cuales podr\u00e1s generar nuevas oportunidades laborales.<\/li>\n<li>RUA Red de universidades An\u00e1huac, replicando nuestro modelo de estudios en otros pa\u00edses como son: Canad\u00e1, Estados Unidos, chile, Italia, forman un conjunto de instituciones de educaci\u00f3n superior, que comparten el modelo educativo An\u00e1huac.<\/li>\n<li>Nuestro modelo de competencia desarrolla tres pilares de la educaci\u00f3n: Saber, Hacer, Trascender, desarrollando tus principales habilidades blandas: Trabajo en equipo, Liderazgo, y Comunicaci\u00f3n efectiva.<\/li>\n<li>\u00a0Biblioteca digital Anahuac<\/li>\n<li>Liderazgo An\u00e1huac, Responsabilidad social, y sustentabilidad<\/li>\n<li>S\u00f3lida formaci\u00f3n humana en estudios generales<\/li>\n<li>Formaci\u00f3n profesional de vanguardia internacional.<\/li>\n<\/ul>\n<p>&nbsp;<\/p>\n<hr \/>\n<h3><span style=\"color: #ff6600;\"><strong>BENEFICIOS<\/strong><\/span><\/h3>\n<p>&nbsp;<\/p>\n<p>&nbsp;<\/p>\n<ul>\n<li><strong>Modalidad<\/strong>: Si es virtual, enfatizar la comodidad, de poder estudiar en donde quiera sin trasladarse al campus<\/li>\n<li><strong>Financiaci\u00f3n:<\/strong>\u00a0si el programa cuenta con pagos en cuotas, mencionar que es financiaci\u00f3n propia, sin intereses ni costo de inscripci\u00f3n<\/li>\n<li><strong>Descuento:<\/strong>\u00a0Si es ex alumno de cuenta con un 20% de Descuento en cualquier programa.<\/li>\n<li><strong>Titulaci\u00f3n<\/strong>: La titulaci\u00f3n no cuenta con costo adicional, y la entrega del Diploma al culminar el cursado se entrega a la brevedad.<\/li>\n<\/ul>\n<hr \/>\n<h3><img decoding=\"async\" class=\"size-full wp-image-5269 aligncenter\" src=\"https:\/\/sic.nodscloud.com\/nodsglobal\/wp-content\/uploads\/sites\/3\/2024\/09\/anahuac.png\" sizes=\"(max-width: 602px) 100vw, 602px\" srcset=\"https:\/\/sic.nodscloud.com\/nodsglobal\/wp-content\/uploads\/sites\/3\/2024\/09\/anahuac.png 602w, https:\/\/sic.nodscloud.com\/nodsglobal\/wp-content\/uploads\/sites\/3\/2024\/09\/anahuac-300x138.png 300w, https:\/\/sic.nodscloud.com\/nodsglobal\/wp-content\/uploads\/sites\/3\/2024\/09\/anahuac-600x277.png 600w\" alt=\"\" width=\"602\" height=\"277\" \/><\/h3>\n","protected":false},"excerpt":{"rendered":"<p>&nbsp; Diplomado Planeaci\u00f3n Estrat\u00e9gica y Administraci\u00f3n P\u00fablica PERFIL DE INGRESO &nbsp; Dirigido a servidores p\u00fablicos, abogados, e interesados en el tema de planeaci\u00f3n estrat\u00e9gica y evaluaci\u00f3n de programas gubernamentales. &nbsp; OBJETIVO GENERAL DEL PROGRAMA &nbsp; Formar especialistas en planeaci\u00f3n estrat\u00e9gica y evaluaci\u00f3n de programas gubernamentales,&#8230;<\/p>\n","protected":false},"author":16,"featured_media":0,"parent":0,"menu_order":0,"comment_status":"closed","ping_status":"closed","template":"","meta":{"footnotes":""},"class_list":["post-5297","page","type-page","status-publish","hentry"],"aioseo_notices":[],"_links":{"self":[{"href":"https:\/\/sic.nodscloud.com\/nodsglobal\/wp-json\/wp\/v2\/pages\/5297","targetHints":{"allow":["GET"]}}],"collection":[{"href":"https:\/\/sic.nodscloud.com\/nodsglobal\/wp-json\/wp\/v2\/pages"}],"about":[{"href":"https:\/\/sic.nodscloud.com\/nodsglobal\/wp-json\/wp\/v2\/types\/page"}],"author":[{"embeddable":true,"href":"https:\/\/sic.nodscloud.com\/nodsglobal\/wp-json\/wp\/v2\/users\/16"}],"replies":[{"embeddable":true,"href":"https:\/\/sic.nodscloud.com\/nodsglobal\/wp-json\/wp\/v2\/comments?post=5297"}],"version-history":[{"count":3,"href":"https:\/\/sic.nodscloud.com\/nodsglobal\/wp-json\/wp\/v2\/pages\/5297\/revisions"}],"predecessor-version":[{"id":5300,"href":"https:\/\/sic.nodscloud.com\/nodsglobal\/wp-json\/wp\/v2\/pages\/5297\/revisions\/5300"}],"wp:attachment":[{"href":"https:\/\/sic.nodscloud.com\/nodsglobal\/wp-json\/wp\/v2\/media?parent=5297"}],"curies":[{"name":"wp","href":"https:\/\/api.w.org\/{rel}","templated":true}]}}