
{"id":5301,"date":"2024-09-20T19:30:13","date_gmt":"2024-09-20T19:30:13","guid":{"rendered":"https:\/\/sic.nodscloud.com\/nodsglobal\/?page_id=5301"},"modified":"2024-09-20T19:30:13","modified_gmt":"2024-09-20T19:30:13","slug":"diplomado-en-mediacion-y-conciliacion-privada","status":"publish","type":"page","link":"https:\/\/sic.nodscloud.com\/nodsglobal\/diplomado-en-mediacion-y-conciliacion-privada\/","title":{"rendered":"Diplomado en mediaci\u00f3n y conciliaci\u00f3n privada:"},"content":{"rendered":"<h1 style=\"text-align: center;\"><strong><span style=\"color: #008000;\"><img decoding=\"async\" src=\"https:\/\/sic.nodscloud.com\/nodsglobal\/wp-content\/uploads\/sites\/3\/2024\/09\/logo-anahuac-24.webp\" \/><\/span><\/strong><\/h1>\n<h1 style=\"text-align: center;\"><strong><span style=\"color: #008000;\">Diplomado en mediaci\u00f3n y conciliaci\u00f3n privada:<\/span> <\/strong><\/h1>\n<hr \/>\n<h3><span style=\"color: #ff6600;\"><strong>PERFIL DE INGRESO<\/strong><\/span><\/h3>\n<p>&nbsp;<\/p>\n<p>Dirigido a Licenciados en Derecho, Humanidades, Psicolog\u00eda y carreras afines, interesados en la<br \/>\ncapacitaci\u00f3n de personas facilitadoras en los \u00e1mbitos familiar, civil y mercantil.<\/p>\n<p>&nbsp;<\/p>\n<hr \/>\n<h3><span style=\"color: #ff6600;\"><strong>OBJETIVO GENERAL DEL PROGRAMA<\/strong><\/span><\/h3>\n<p>&nbsp;<\/p>\n<p>Impulsar el conocimiento y aplicaci\u00f3n de los fundamentos te\u00f3ricos y pr\u00e1cticos necesarios para desarrollar habilidades efectivas en la facilitaci\u00f3n de procesos familiares, civiles y mercantiles.<\/p>\n<p>Que el estudiante pueda manejar los temas de mediaci\u00f3n, soluci\u00f3n de conflictos, t\u00e9cnicas de comunicaci\u00f3n, t\u00e9cnicas de negociaci\u00f3n colaborativa, aspectos legales relevantes y casos de estudio para una comprensi\u00f3n integral de la<br \/>\nfacilitaci\u00f3n en diversos contextos.<\/p>\n<p>Se busca dotar a los participantes de la preparaci\u00f3n t\u00e9cnicas y herramientas para su incursi\u00f3n en los procesos de<br \/>\nmediaci\u00f3n. Con la posibilidad de certificarse como mediadores por el Tribunal Superior de Justicia del Estado de M\u00e9xico.<\/p>\n<p>&nbsp;<\/p>\n<p><strong>Fecha de Inicio:<\/strong> 18\u00a0de Octubre<\/p>\n<p><strong>Duraci\u00f3n<\/strong>: 100 horas<\/p>\n<p><strong>Modalidad:\u00a0<\/strong>Aula Virtual (Zoom)<\/p>\n<p><strong>Horarios: <\/strong>Viernes de 17:00 a 22:00 hs. y S\u00e1bados de 09:00 a 14:00 hs<\/p>\n<p><strong>Requisitos:\u00a0<\/strong>Formulario de Preinscripci\u00f3n\u00a0 (profesionales: titulo y cedula)<\/p>\n<p><strong>Costo: <\/strong>$ 27,000.00 <strong>Opci\u00f3n titulaci\u00f3n: <\/strong>$32,400.00<\/p>\n<p>&nbsp;<\/p>\n<p>&nbsp;<\/p>\n<hr \/>\n<h3><span style=\"color: #ff6600;\"><strong>CONTENIDO<\/strong><\/span><\/h3>\n<p>&nbsp;<\/p>\n<p><strong>M\u00d3DULO 1:<\/strong> Mecanismos alternativos de soluci\u00f3n de conflictos.<\/p>\n<p><strong>M\u00d3DULO 2:<\/strong> Principales modelos para la gesti\u00f3n de conflictos y la negociaci\u00f3n interpersonales.<br \/>\n<strong>M\u00d3DULO 3:<\/strong> Teor\u00eda del Conflicto Interpersonal.<br \/>\n<strong>M\u00d3DULO 4:<\/strong> Teor\u00eda de la Negociaci\u00f3n Colaborativa.<br \/>\n<strong>M\u00d3DULO 5:<\/strong> Inteligencia emocional para la gesti\u00f3n de conflictos y la negociaci\u00f3n.<br \/>\n<strong>M\u00d3DULO 6:<\/strong> Teor\u00eda de la Comunicaci\u00f3n Humana.<br \/>\n<strong>M\u00d3DULO 7:<\/strong> Mediaci\u00f3n.<br \/>\n<strong>M\u00d3DULO 8:<\/strong> Valores que gu\u00edan la labor mediadora.<br \/>\n<strong>M\u00d3DULO 9:<\/strong> Redacci\u00f3n de Convenios de Mediaci\u00f3n Privada.<br \/>\n<strong>M\u00d3DULO 10:<\/strong> Registros de Convenios de Mediaci\u00f3n Privada.<br \/>\n<strong>M\u00d3DULO 11:<\/strong> Mediaci\u00f3n y el Sistema Inform\u00e1tico de Datos Personales y Archivo.<br \/>\n<strong>M\u00d3DULO 12:<\/strong> Mediaci\u00f3n virtual.<br \/>\n<strong>M\u00d3DULO 13:<\/strong> Introducci\u00f3n a la Ley General de Mecanismos alternativos de soluci\u00f3n de controversias (Ley General de Masc).<br \/>\n<strong>M\u00d3DULO 14:<\/strong> Pr\u00e1cticas de mediaci\u00f3n.<br \/>\n<strong>M\u00d3DULO 15<\/strong>: Seminario de titulaci\u00f3n.<\/p>\n<p>&nbsp;<\/p>\n<hr \/>\n<h3><\/h3>\n<h3><strong><span style=\"color: #ff6600;\">RESULTADO DEL APRENDIZAJE DEL PROGRAMA<\/span><\/strong><\/h3>\n<p>&nbsp;<\/p>\n<ul>\n<li>Obtener la formaci\u00f3n integral de individuos equipados con competencias esenciales para guiar procesos<br \/>\nautocompositivos, en especial la mediaci\u00f3n y conciliaci\u00f3n.<\/li>\n<li>Facilitar la comunicaci\u00f3n efectiva y no violenta, gestionar la soluci\u00f3n de conflictos de manera<br \/>\nconstructiva, propiciar negociaciones colaborativas.<\/li>\n<li>Otorgar un marco jur\u00eddico s\u00f3lido a los acuerdos alcanzados, asegurando que estos sean mutuamente<br \/>\nbeneficiosos.<\/li>\n<\/ul>\n<p>&nbsp;<\/p>\n<p>&nbsp;<\/p>\n<hr \/>\n<h3><span style=\"color: #ff6600;\"><strong>OPCI\u00d3N DE TITULACI\u00d3N<\/strong><\/span><\/h3>\n<p>&nbsp;<\/p>\n<ul>\n<li>Maestr\u00eda en Derecho Fiscal y Administraci\u00f3n Tributaria.<\/li>\n<li>Maestr\u00eda en Ciencias Penales.<\/li>\n<li>Maestr\u00eda en Derecho Corporativo.<\/li>\n<li>Maestr\u00eda en Administraci\u00f3n P\u00fablica.<\/li>\n<li>Maestr\u00eda en Propiedad Intelectual.<\/li>\n<li>Maestr\u00eda en Derecho Privado<\/li>\n<\/ul>\n<h3><\/h3>\n<hr \/>\n<h3><span style=\"color: #ff6600;\"><strong>DIFERENCIADORES<\/strong><\/span><\/h3>\n<p>&nbsp;<\/p>\n<p>Tenemos m\u00e1s de medios siglo de experiencia formando l\u00edderes en acci\u00f3n positiva<\/p>\n<ul>\n<li>La Universidad de An\u00e1huac actualmente est\u00e1 posicionada dentro del 2% de las mejores universidades del mundo<\/li>\n<li>La Universidad de An\u00e1huac las 3 universidades con mejor empleabilidad del pa\u00eds.<\/li>\n<li>Gracias a la calidad que ofrecemos como universidad An\u00e1huac, el presidente L\u00f3pez Portillo nos otorg\u00f3 un decreto presidencial para poder impartir cualquier plan de estudios a nivel profesional.<\/li>\n<li>El 23 % de los presidentes de compa\u00f1\u00edas que cotizan en la BMV son egresados An\u00e1huac.<\/li>\n<li>Networking Durante tus estudios con nosotros conocer\u00e1s a muchas personas a trav\u00e9s de las cuales podr\u00e1s generar nuevas oportunidades laborales.<\/li>\n<li>RUA Red de universidades An\u00e1huac, replicando nuestro modelo de estudios en otros pa\u00edses como son: Canad\u00e1, Estados Unidos, chile, Italia, forman un conjunto de instituciones de educaci\u00f3n superior, que comparten el modelo educativo An\u00e1huac.<\/li>\n<li>Nuestro modelo de competencia desarrolla tres pilares de la educaci\u00f3n: Saber, Hacer, Trascender, desarrollando tus principales habilidades blandas: Trabajo en equipo, Liderazgo, y Comunicaci\u00f3n efectiva.<\/li>\n<li>\u00a0Biblioteca digital Anahuac<\/li>\n<li>Liderazgo An\u00e1huac, Responsabilidad social, y sustentabilidad<\/li>\n<li>S\u00f3lida formaci\u00f3n humana en estudios generales<\/li>\n<li>Formaci\u00f3n profesional de vanguardia internacional.<\/li>\n<\/ul>\n<p>&nbsp;<\/p>\n<hr \/>\n<h3><span style=\"color: #ff6600;\"><strong>BENEFICIOS<\/strong><\/span><\/h3>\n<p>&nbsp;<\/p>\n<p>&nbsp;<\/p>\n<ul>\n<li><strong>Modalidad<\/strong>: Si es virtual, enfatizar la comodidad, de poder estudiar en donde quiera sin trasladarse al campus<\/li>\n<li><strong>Financiaci\u00f3n:<\/strong>\u00a0si el programa cuenta con pagos en cuotas, mencionar que es financiaci\u00f3n propia, sin intereses ni costo de inscripci\u00f3n<\/li>\n<li><strong>Descuento:<\/strong>\u00a0Si es ex alumno de cuenta con un 20% de Descuento en cualquier programa.<\/li>\n<li><strong>Titulaci\u00f3n<\/strong>: La titulaci\u00f3n no cuenta con costo adicional, y la entrega del Diploma al culminar el cursado se entrega a la brevedad.<\/li>\n<\/ul>\n<hr \/>\n<h3><img fetchpriority=\"high\" decoding=\"async\" class=\"size-full wp-image-5269 aligncenter\" src=\"https:\/\/sic.nodscloud.com\/nodsglobal\/wp-content\/uploads\/sites\/3\/2024\/09\/anahuac.png\" sizes=\"(max-width: 602px) 100vw, 602px\" srcset=\"https:\/\/sic.nodscloud.com\/nodsglobal\/wp-content\/uploads\/sites\/3\/2024\/09\/anahuac.png 602w, https:\/\/sic.nodscloud.com\/nodsglobal\/wp-content\/uploads\/sites\/3\/2024\/09\/anahuac-300x138.png 300w, https:\/\/sic.nodscloud.com\/nodsglobal\/wp-content\/uploads\/sites\/3\/2024\/09\/anahuac-600x277.png 600w\" alt=\"\" width=\"602\" height=\"277\" \/><\/h3>\n","protected":false},"excerpt":{"rendered":"<p>Diplomado en mediaci\u00f3n y conciliaci\u00f3n privada: PERFIL DE INGRESO &nbsp; Dirigido a Licenciados en Derecho, Humanidades, Psicolog\u00eda y carreras afines, interesados en la capacitaci\u00f3n de personas facilitadoras en los \u00e1mbitos familiar, civil y mercantil. &nbsp; OBJETIVO GENERAL DEL PROGRAMA &nbsp; Impulsar el conocimiento y aplicaci\u00f3n&#8230;<\/p>\n","protected":false},"author":16,"featured_media":0,"parent":0,"menu_order":0,"comment_status":"closed","ping_status":"closed","template":"","meta":{"footnotes":""},"class_list":["post-5301","page","type-page","status-publish","hentry"],"aioseo_notices":[],"_links":{"self":[{"href":"https:\/\/sic.nodscloud.com\/nodsglobal\/wp-json\/wp\/v2\/pages\/5301","targetHints":{"allow":["GET"]}}],"collection":[{"href":"https:\/\/sic.nodscloud.com\/nodsglobal\/wp-json\/wp\/v2\/pages"}],"about":[{"href":"https:\/\/sic.nodscloud.com\/nodsglobal\/wp-json\/wp\/v2\/types\/page"}],"author":[{"embeddable":true,"href":"https:\/\/sic.nodscloud.com\/nodsglobal\/wp-json\/wp\/v2\/users\/16"}],"replies":[{"embeddable":true,"href":"https:\/\/sic.nodscloud.com\/nodsglobal\/wp-json\/wp\/v2\/comments?post=5301"}],"version-history":[{"count":5,"href":"https:\/\/sic.nodscloud.com\/nodsglobal\/wp-json\/wp\/v2\/pages\/5301\/revisions"}],"predecessor-version":[{"id":5306,"href":"https:\/\/sic.nodscloud.com\/nodsglobal\/wp-json\/wp\/v2\/pages\/5301\/revisions\/5306"}],"wp:attachment":[{"href":"https:\/\/sic.nodscloud.com\/nodsglobal\/wp-json\/wp\/v2\/media?parent=5301"}],"curies":[{"name":"wp","href":"https:\/\/api.w.org\/{rel}","templated":true}]}}