
{"id":5313,"date":"2024-09-20T19:59:37","date_gmt":"2024-09-20T19:59:37","guid":{"rendered":"https:\/\/sic.nodscloud.com\/nodsglobal\/?page_id=5313"},"modified":"2024-09-24T12:00:20","modified_gmt":"2024-09-24T12:00:20","slug":"diplomado-en-diseno-de-escenografia-y-vestuario-teatral","status":"publish","type":"page","link":"https:\/\/sic.nodscloud.com\/nodsglobal\/diplomado-en-diseno-de-escenografia-y-vestuario-teatral\/","title":{"rendered":"Diplomado en Dise\u00f1o de Escenograf\u00eda y Vestuario teatral"},"content":{"rendered":"<p><img fetchpriority=\"high\" decoding=\"async\" class=\"size-full wp-image-5288 aligncenter\" src=\"https:\/\/sic.nodscloud.com\/nodsglobal\/wp-content\/uploads\/sites\/3\/2024\/09\/logo-anahuac-24.webp\" sizes=\"(max-width: 613px) 100vw, 613px\" srcset=\"https:\/\/sic.nodscloud.com\/nodsglobal\/wp-content\/uploads\/sites\/3\/2024\/09\/logo-anahuac-24.webp 613w, https:\/\/sic.nodscloud.com\/nodsglobal\/wp-content\/uploads\/sites\/3\/2024\/09\/logo-anahuac-24-300x78.webp 300w\" alt=\"\" width=\"613\" height=\"160\" \/><\/p>\n<p>&nbsp;<\/p>\n<h1 style=\"text-align: center;\"><span style=\"color: #008000;\"><strong>Diplomado en Dise\u00f1o de Escenograf\u00eda y Vestuario teatral<\/strong><\/span><\/h1>\n<hr \/>\n<h3><span style=\"color: #ff6600;\"><strong>PERFIL DE INGRESO<\/strong><\/span><\/h3>\n<p>&nbsp;<\/p>\n<p>Dise\u00f1adores de interiores, dise\u00f1adores industriales, arquitectos, dise\u00f1adores multimedia, dise\u00f1adores gr\u00e1ficos, artistas, profesionales, actores, directores de escena, guionistas, productores que est\u00e9n interesados\/as en desarrollar<br \/>\nhabilidades en el \u00e1mbito del espect\u00e1culo.<\/p>\n<p>&nbsp;<\/p>\n<hr \/>\n<h3><span style=\"color: #ff6600;\"><strong>OBJETIVO GENERAL DEL PROGRAMA<\/strong><\/span><\/h3>\n<p>&nbsp;<\/p>\n<p>Proporcionar a los participantes las herramientas necesarias para desarrollarse como dise\u00f1adores de<br \/>\nvestuario y escenograf\u00eda dentro del \u00e1mbito profesional de las artes esc\u00e9nicas.<\/p>\n<p>&nbsp;<\/p>\n<p><strong>Fecha de Inicio:<\/strong>Del 16 de octubre de 2024 al 14 de mayo de 2025<\/p>\n<p><strong>Duraci\u00f3n<\/strong>: 8 meses<\/p>\n<p><strong>Modalidad:\u00a0<\/strong>Presencial<\/p>\n<p><strong>Horarios:<\/strong> Mi\u00e9rcoles de 17:00 a 21:00 h. 100 horas totales. Sesiones de 4 horas. <strong>Presencial \u2013 Campus Sur<\/strong><\/p>\n<p><strong>Requisitos:\u00a0<\/strong>Formulario de Preinscripci\u00f3n\u00a0 (profesionales: titulo y cedula)<\/p>\n<p><strong>Costo:<\/strong> $40,000.00 8 pagos mensuales De $5,000.00<\/p>\n<p><strong><br \/>\nSin cuota de inscripci\u00f3n<\/strong><\/p>\n<p>&nbsp;<\/p>\n<hr \/>\n<h3><span style=\"color: #ff6600;\"><strong>CONTENIDO<\/strong><\/span><\/h3>\n<p><span style=\"font-weight: 400;\">-Que tipo de Evaluaci\u00f3n se realiza durante o final del diplomado.\u00a0<\/span><\/p>\n<p><b>Dise\u00f1ar el vestuario y escenograf\u00eda de un proyecto espec\u00edfico (hipot\u00e9tico o real) propuesto por el alumno.<\/b><\/p>\n<p><img decoding=\"async\" class=\"alignnone size-full wp-image-5314\" src=\"https:\/\/sic.nodscloud.com\/nodsglobal\/wp-content\/uploads\/sites\/3\/2024\/09\/contenido.png\" alt=\"\" width=\"860\" height=\"509\" srcset=\"https:\/\/sic.nodscloud.com\/nodsglobal\/wp-content\/uploads\/sites\/3\/2024\/09\/contenido.png 860w, https:\/\/sic.nodscloud.com\/nodsglobal\/wp-content\/uploads\/sites\/3\/2024\/09\/contenido-300x178.png 300w, https:\/\/sic.nodscloud.com\/nodsglobal\/wp-content\/uploads\/sites\/3\/2024\/09\/contenido-768x455.png 768w, https:\/\/sic.nodscloud.com\/nodsglobal\/wp-content\/uploads\/sites\/3\/2024\/09\/contenido-700x414.png 700w\" sizes=\"(max-width: 860px) 100vw, 860px\" \/><\/p>\n<hr \/>\n<p>&nbsp;<\/p>\n<p><strong><span style=\"color: #ff6600;\">RESULTADOS DE APRENDIZAJE DEL PROGRAMA :<\/span><\/strong><\/p>\n<p>Al finalizar el programa, los participantes:<\/p>\n<ul>\n<li>Conocer\u00e1n la terminolog\u00cda esencial del teatro as\u00cd como su estructura de funcionamiento.<\/li>\n<li>Entender\u00e1n y aplicar\u00e1n los fundamentales sistemas constructivos de escenograf\u00edas.<\/li>\n<li>Conocer\u00e1n y utilizar\u00e1n sistemas funcionales para cambios de escenario.<\/li>\n<li>Podr\u00e1n elaborar un proyecto real para la puesta en escena de una obra de teatro.<\/li>\n<li>Tendr\u00e1n conocimiento sobre dise\u00f1o de vestuario.<\/li>\n<li>Conocer\u00e1n y aplicar\u00e1n las principales t\u00e9cnicas para reproducci\u00f3n de fondos, texturas y materiales en el \u00e1mbito<br \/>\nespec\u00edfico del teatro.<\/li>\n<li>Desarrollo de conocimiento, habilidades y t\u00e9cnicas para el dise\u00f1o y la realizaci\u00f3n de elementos<\/li>\n<li>Escenogr\u00e1ficos para exposiciones, conciertos, espacios ef\u00edmeros, ferias entre ellos.<\/li>\n<\/ul>\n<p>&nbsp;<\/p>\n<hr \/>\n<h3><\/h3>\n<h3><span style=\"color: #ff6600;\"><strong>DIFERENCIADORES<\/strong><\/span><\/h3>\n<p>&nbsp;<\/p>\n<p>Tenemos m\u00e1s de medios siglo de experiencia formando l\u00edderes en acci\u00f3n positiva<\/p>\n<ul>\n<li>La Universidad de An\u00e1huac actualmente est\u00e1 posicionada dentro del 2% de las mejores universidades del mundo<\/li>\n<li>La Universidad de An\u00e1huac las 3 universidades con mejor empleabilidad del pa\u00eds.<\/li>\n<li>Gracias a la calidad que ofrecemos como universidad An\u00e1huac, el presidente L\u00f3pez Portillo nos otorg\u00f3 un decreto presidencial para poder impartir cualquier plan de estudios a nivel profesional.<\/li>\n<li>El 23 % de los presidentes de compa\u00f1\u00edas que cotizan en la BMV son egresados An\u00e1huac.<\/li>\n<li>Networking Durante tus estudios con nosotros conocer\u00e1s a muchas personas a trav\u00e9s de las cuales podr\u00e1s generar nuevas oportunidades laborales.<\/li>\n<li>RUA Red de universidades An\u00e1huac, replicando nuestro modelo de estudios en otros pa\u00edses como son: Canad\u00e1, Estados Unidos, chile, Italia, forman un conjunto de instituciones de educaci\u00f3n superior, que comparten el modelo educativo An\u00e1huac.<\/li>\n<li>Nuestro modelo de competencia desarrolla tres pilares de la educaci\u00f3n: Saber, Hacer, Trascender, desarrollando tus principales habilidades blandas: Trabajo en equipo, Liderazgo, y Comunicaci\u00f3n efectiva.<\/li>\n<li>\u00a0Biblioteca digital Anahuac<\/li>\n<li>Liderazgo An\u00e1huac, Responsabilidad social, y sustentabilidad<\/li>\n<li>S\u00f3lida formaci\u00f3n humana en estudios generales<\/li>\n<li>Formaci\u00f3n profesional de vanguardia internacional.<\/li>\n<\/ul>\n<p>&nbsp;<\/p>\n<hr \/>\n<h3><span style=\"color: #ff6600;\"><strong>BENEFICIOS<\/strong><\/span><\/h3>\n<p>&nbsp;<\/p>\n<p>&nbsp;<\/p>\n<ul>\n<li><strong>Modalidad<\/strong>: Si es virtual, enfatizar la comodidad, de poder estudiar en donde quiera sin trasladarse al campus<\/li>\n<li><strong>Financiaci\u00f3n:<\/strong>\u00a0si el programa cuenta con pagos en cuotas, mencionar que es financiaci\u00f3n propia, sin intereses ni costo de inscripci\u00f3n<\/li>\n<li><strong>Descuento:<\/strong>\u00a0Si es ex alumno de cuenta con un 20% de Descuento en cualquier programa.<\/li>\n<li><strong>Titulaci\u00f3n<\/strong>: La titulaci\u00f3n no cuenta con costo adicional, y la entrega del Diploma al culminar el cursado se entrega a la brevedad.<\/li>\n<\/ul>\n<hr \/>\n<h3><img decoding=\"async\" class=\"size-full wp-image-5269 aligncenter\" src=\"https:\/\/sic.nodscloud.com\/nodsglobal\/wp-content\/uploads\/sites\/3\/2024\/09\/anahuac.png\" sizes=\"(max-width: 602px) 100vw, 602px\" srcset=\"https:\/\/sic.nodscloud.com\/nodsglobal\/wp-content\/uploads\/sites\/3\/2024\/09\/anahuac.png 602w, https:\/\/sic.nodscloud.com\/nodsglobal\/wp-content\/uploads\/sites\/3\/2024\/09\/anahuac-300x138.png 300w, https:\/\/sic.nodscloud.com\/nodsglobal\/wp-content\/uploads\/sites\/3\/2024\/09\/anahuac-600x277.png 600w\" alt=\"\" width=\"602\" height=\"277\" \/><\/h3>\n","protected":false},"excerpt":{"rendered":"<p>&nbsp; Diplomado en Dise\u00f1o de Escenograf\u00eda y Vestuario teatral PERFIL DE INGRESO &nbsp; Dise\u00f1adores de interiores, dise\u00f1adores industriales, arquitectos, dise\u00f1adores multimedia, dise\u00f1adores gr\u00e1ficos, artistas, profesionales, actores, directores de escena, guionistas, productores que est\u00e9n interesados\/as en desarrollar habilidades en el \u00e1mbito del espect\u00e1culo. &nbsp; OBJETIVO GENERAL&#8230;<\/p>\n","protected":false},"author":16,"featured_media":0,"parent":0,"menu_order":0,"comment_status":"closed","ping_status":"closed","template":"","meta":{"footnotes":""},"class_list":["post-5313","page","type-page","status-publish","hentry"],"aioseo_notices":[],"_links":{"self":[{"href":"https:\/\/sic.nodscloud.com\/nodsglobal\/wp-json\/wp\/v2\/pages\/5313","targetHints":{"allow":["GET"]}}],"collection":[{"href":"https:\/\/sic.nodscloud.com\/nodsglobal\/wp-json\/wp\/v2\/pages"}],"about":[{"href":"https:\/\/sic.nodscloud.com\/nodsglobal\/wp-json\/wp\/v2\/types\/page"}],"author":[{"embeddable":true,"href":"https:\/\/sic.nodscloud.com\/nodsglobal\/wp-json\/wp\/v2\/users\/16"}],"replies":[{"embeddable":true,"href":"https:\/\/sic.nodscloud.com\/nodsglobal\/wp-json\/wp\/v2\/comments?post=5313"}],"version-history":[{"count":2,"href":"https:\/\/sic.nodscloud.com\/nodsglobal\/wp-json\/wp\/v2\/pages\/5313\/revisions"}],"predecessor-version":[{"id":5347,"href":"https:\/\/sic.nodscloud.com\/nodsglobal\/wp-json\/wp\/v2\/pages\/5313\/revisions\/5347"}],"wp:attachment":[{"href":"https:\/\/sic.nodscloud.com\/nodsglobal\/wp-json\/wp\/v2\/media?parent=5313"}],"curies":[{"name":"wp","href":"https:\/\/api.w.org\/{rel}","templated":true}]}}