
{"id":5316,"date":"2024-09-20T20:17:01","date_gmt":"2024-09-20T20:17:01","guid":{"rendered":"https:\/\/sic.nodscloud.com\/nodsglobal\/?page_id=5316"},"modified":"2026-03-20T17:37:00","modified_gmt":"2026-03-20T17:37:00","slug":"brochure-5","status":"publish","type":"page","link":"https:\/\/sic.nodscloud.com\/nodsglobal\/brochure-5\/","title":{"rendered":"Brochure"},"content":{"rendered":"<p><img fetchpriority=\"high\" decoding=\"async\" class=\"size-full wp-image-5288 aligncenter\" src=\"https:\/\/sic.nodscloud.com\/nodsglobal\/wp-content\/uploads\/sites\/3\/2024\/09\/logo-anahuac-24.webp\" sizes=\"(max-width: 613px) 100vw, 613px\" srcset=\"https:\/\/sic.nodscloud.com\/nodsglobal\/wp-content\/uploads\/sites\/3\/2024\/09\/logo-anahuac-24.webp 613w, https:\/\/sic.nodscloud.com\/nodsglobal\/wp-content\/uploads\/sites\/3\/2024\/09\/logo-anahuac-24-300x78.webp 300w\" alt=\"\" width=\"613\" height=\"160\" \/><\/p>\n<p>&nbsp;<\/p>\n<h1 style=\"text-align: center;\"><span style=\"color: #008000;\"><strong>Brochure<\/strong><\/span><\/h1>\n<hr \/>\n<ol>\n<li>\n<h3><b>Diplomado en IA para Profesionales de la Salud\u00a0<\/b><span style=\"color: #0000ff;\"><a style=\"color: #0000ff;\" href=\"https:\/\/sic.nodscloud.com\/nodsglobal\/wp-content\/uploads\/sites\/3\/2025\/04\/BROCHURE_compressed.pdf\" target=\"_blank\" rel=\"noopener\">Ver Aqui<\/a><\/span><\/h3>\n<\/li>\n<li>\n<h3><b>Diplomado en Coaching Empresarial\u00a0<\/b><b> <\/b><strong><span style=\"color: #0000ff;\"><a style=\"color: #0000ff;\" href=\"https:\/\/sic.nodscloud.com\/nodsglobal\/wp-content\/uploads\/sites\/3\/2025\/04\/BROCHURE-1.pdf\" target=\"_blank\" rel=\"noopener\">Ver Aqui<\/a><\/span><\/strong><\/h3>\n<\/li>\n<li aria-level=\"1\">\n<h3>Curso Metaverse Development Program <span style=\"color: #0000ff;\"><a style=\"color: #0000ff;\" href=\"https:\/\/sic.nodscloud.com\/nodsglobal\/wp-content\/uploads\/sites\/3\/2024\/12\/Brochure-Curso-Metaverse-Development-Program_compressed.pdf\" target=\"_blank\" rel=\"noopener\">Ver Aqui<\/a><\/span><\/h3>\n<\/li>\n<li aria-level=\"1\">\n<h3>Diplomado en Color como Herramienta de Dise\u00f1o <span style=\"color: #0000ff;\"><a style=\"color: #0000ff;\" href=\"https:\/\/sic.nodscloud.com\/nodsglobal\/wp-content\/uploads\/sites\/3\/2024\/12\/Diplomado-en-Color-como-Herramienta-de-Diseno_compressed-1.pdf\" target=\"_blank\" rel=\"noopener\">Ver Aqui<\/a><\/span><\/h3>\n<\/li>\n<li aria-level=\"1\">\n<h3>Diplomado en Biofilia <span style=\"color: #0000ff;\"><a style=\"color: #0000ff;\" href=\"https:\/\/sic.nodscloud.com\/nodsglobal\/wp-content\/uploads\/sites\/3\/2024\/12\/BROCHURE.pdf\" target=\"_blank\" rel=\"noopener\">Ver Aqui<\/a><\/span><\/h3>\n<\/li>\n<li aria-level=\"1\">\n<h3>Diplomado Integral en BIM con Autodesk Revit\u00a0<span style=\"color: #0000ff;\"><a style=\"color: #0000ff;\" href=\"https:\/\/sic.nodscloud.com\/nodsglobal\/wp-content\/uploads\/sites\/3\/2024\/12\/BROCHURE-1.pdf\" target=\"_blank\" rel=\"noopener\"><span style=\"font-weight: 400;\">Ver aqui<\/span><\/a><\/span><\/h3>\n<\/li>\n<li aria-level=\"1\">\n<h3>Diplomado en Liderazgo Administrativo de Instituciones para la Salud <span style=\"color: #0000ff;\"><a style=\"color: #0000ff;\" href=\"https:\/\/sic.nodscloud.com\/nodsglobal\/wp-content\/uploads\/sites\/3\/2024\/12\/Brochure-Diplomatura-en-Liderazgo-Administrativo-en-Instituciones-de-la-Salud_compressed-1.pdf\" target=\"_blank\" rel=\"noopener\">Ver Aqui<\/a><\/span><\/h3>\n<\/li>\n<li aria-level=\"1\">\n<h3>Diplomado en Derecho Parlamentario <span style=\"color: #0000ff;\"><a style=\"color: #0000ff;\" href=\"https:\/\/sic.nodscloud.com\/nodsglobal\/wp-content\/uploads\/sites\/3\/2024\/12\/Brochure-Diplomatura-en-Derecho-Parlamentario_compressed.pdf\" target=\"_blank\" rel=\"noopener\">Ver Aqui<\/a><\/span><\/h3>\n<\/li>\n<li aria-level=\"1\">\n<h3>Diplomado en Transformaci\u00f3n Digital para Abogados\u00a0<span style=\"color: #0000ff;\"><a style=\"color: #0000ff;\" href=\"https:\/\/sic.nodscloud.com\/nodsglobal\/wp-content\/uploads\/sites\/3\/2024\/12\/Brochure-Dip-en-Transformacion-Digital-para-Abogados.pdf\" target=\"_blank\" rel=\"noopener\"><span style=\"font-weight: 400;\">Ver aqui<\/span><\/a><\/span><\/h3>\n<\/li>\n<li style=\"font-weight: 400;\" aria-level=\"1\">\n<h3><span style=\"font-weight: 400;\">Diplomado en Alta Direcci\u00f3n y Gesti\u00f3n Estrat\u00e9gica\u00a0 <strong><span style=\"color: #0000ff;\"><a style=\"color: #0000ff;\" href=\"https:\/\/sic.nodscloud.com\/nodsglobal\/wp-content\/uploads\/sites\/3\/2024\/09\/Diplomado-en-Alta-Direccion-y-Gestion-Estrategica-1-1.pdf\" target=\"_blank\" rel=\"noopener\">Ver aqui <\/a><\/span><\/strong><\/span><strong><span style=\"color: #0000ff;\">\u00a0<\/span><\/strong><\/h3>\n<\/li>\n<li style=\"font-weight: 400;\" aria-level=\"1\">\n<h3><span style=\"font-weight: 400;\">Diplomado en Finanzas para no financieros <span style=\"color: #0000ff;\"><a style=\"color: #0000ff;\" href=\"https:\/\/sic.nodscloud.com\/nodsglobal\/wp-content\/uploads\/sites\/3\/2024\/09\/Diplomado-en-Finanzas-para-no-financieros-1.pdf\" target=\"_blank\" rel=\"noopener\">Ve<\/a><\/span><span style=\"color: #0000ff;\"><a style=\"color: #0000ff;\" href=\"https:\/\/sic.nodscloud.com\/nodsglobal\/wp-content\/uploads\/sites\/3\/2024\/09\/Diplomado-en-Finanzas-para-no-financieros-1.pdf\" target=\"_blank\" rel=\"noopener\">r<\/a><\/span><span style=\"color: #0000ff;\"><a style=\"color: #0000ff;\" href=\"https:\/\/sic.nodscloud.com\/nodsglobal\/wp-content\/uploads\/sites\/3\/2024\/09\/Diplomado-en-Finanzas-para-no-financieros-1.pdf\" target=\"_blank\" rel=\"noopener\"> aqui<\/a><\/span><\/span><\/h3>\n<\/li>\n<li style=\"font-weight: 400;\" aria-level=\"1\">\n<h3><span style=\"font-weight: 400;\">Diplomado Planeaci\u00f3n Estrat\u00e9gica y Administraci\u00f3n P\u00fablica<strong><span style=\"color: #0000ff;\"> <a style=\"color: #0000ff;\" href=\"https:\/\/sic.nodscloud.com\/nodsglobal\/wp-content\/uploads\/sites\/3\/2024\/09\/DIPLOMADO-EN-PLANEACION-ESTRATEGICA-1-1.pdf\" target=\"_blank\" rel=\"noopener\">Ver aqui <\/a><\/span><\/strong><\/span><\/h3>\n<\/li>\n<li aria-level=\"1\">\n<h3><span style=\"font-weight: 400;\">Diplomado en mediaci\u00f3n y conciliaci\u00f3n privada <a href=\"https:\/\/sic.nodscloud.com\/nodsglobal\/wp-content\/uploads\/sites\/3\/2024\/09\/Brochure-Mediacion-y-Conciliacion-Privada-1.pdf\" target=\"_blank\" rel=\"noopener\"><span style=\"color: #0000ff;\">Ver aqui<\/span><\/a><\/span><\/h3>\n<\/li>\n<li aria-level=\"1\">\n<h3><span style=\"font-weight: 400;\">Diplomado en Psicomotricidad con Enfoque Educativo <span style=\"color: #0000ff;\"><strong><a style=\"color: #0000ff;\" href=\"https:\/\/sic.nodscloud.com\/nodsglobal\/wp-content\/uploads\/sites\/3\/2024\/09\/Brochure-Psicomotricidad-con-enfoque-educativo-1.pdf\" target=\"_blank\" rel=\"noopener\">Ver aqui<\/a><\/strong><\/span>\u00a0<\/span><\/h3>\n<\/li>\n<li style=\"font-weight: 400;\" aria-level=\"1\">\n<h3><span style=\"font-weight: 400;\">Diplomado en Terapia Cognitivo Conductual para los trastornos de ansiedad <span style=\"color: #0000ff;\"><strong><a style=\"color: #0000ff;\" href=\"https:\/\/sic.nodscloud.com\/nodsglobal\/wp-content\/uploads\/sites\/3\/2024\/09\/Brochure-Terapia-Cognitivo-Conductual-1.pdf\" target=\"_blank\" rel=\"noopener\">Ver aqui<\/a><\/strong><\/span> <\/span><\/h3>\n<\/li>\n<li style=\"font-weight: 400;\" aria-level=\"1\">\n<h3><span style=\"font-weight: 400;\">Diplomado En animaci\u00f3n <span style=\"color: #0000ff;\"><strong><a style=\"color: #0000ff;\" href=\"https:\/\/sic.nodscloud.com\/nodsglobal\/wp-content\/uploads\/sites\/3\/2024\/09\/Brochure-Diplomado-en-animacion-1.pdf\" target=\"_blank\" rel=\"noopener\">Ver aqui<\/a><\/strong><\/span> <\/span><\/h3>\n<\/li>\n<li style=\"font-weight: 400;\" aria-level=\"1\">\n<h3><span style=\"font-weight: 400;\">Diplomado en Dise\u00f1o de Escenograf\u00eda y Vestuario teatral <strong><span style=\"color: #0000ff;\"><a style=\"color: #0000ff;\" href=\"https:\/\/sic.nodscloud.com\/nodsglobal\/wp-content\/uploads\/sites\/3\/2024\/09\/Brochure-Skene-1.pdf\" target=\"_blank\" rel=\"noopener\">Ver aqui<\/a><\/span><\/strong><\/span><\/h3>\n<\/li>\n<\/ol>\n<p>&nbsp;<\/p>\n<p>&nbsp;<\/p>\n<h1 class=\" product-single__title h3\" style=\"text-align: center;\"><span style=\"color: #0000ff;\"><a style=\"color: #0000ff;\" href=\"https:\/\/sic.nodscloud.com\/nodsglobal\/wp-content\/uploads\/sites\/3\/2026\/03\/Programa-academico_Helix2026.pdf\">International Summit HELIX 2026 M\u00e9xico<\/a><\/span><\/h1>\n<hr \/>\n<p><img decoding=\"async\" class=\"size-full wp-image-5269 aligncenter\" src=\"https:\/\/sic.nodscloud.com\/nodsglobal\/wp-content\/uploads\/sites\/3\/2024\/09\/anahuac.png\" sizes=\"(max-width: 602px) 100vw, 602px\" srcset=\"https:\/\/sic.nodscloud.com\/nodsglobal\/wp-content\/uploads\/sites\/3\/2024\/09\/anahuac.png 602w, https:\/\/sic.nodscloud.com\/nodsglobal\/wp-content\/uploads\/sites\/3\/2024\/09\/anahuac-300x138.png 300w, https:\/\/sic.nodscloud.com\/nodsglobal\/wp-content\/uploads\/sites\/3\/2024\/09\/anahuac-600x277.png 600w\" alt=\"\" width=\"602\" height=\"277\" \/><\/p>\n","protected":false},"excerpt":{"rendered":"<p>&nbsp; Brochure Diplomado en IA para Profesionales de la Salud\u00a0Ver Aqui Diplomado en Coaching Empresarial\u00a0 Ver Aqui Curso Metaverse Development Program Ver Aqui Diplomado en Color como Herramienta de Dise\u00f1o Ver Aqui Diplomado en Biofilia Ver Aqui Diplomado Integral en BIM con Autodesk Revit\u00a0Ver aqui&#8230;<\/p>\n","protected":false},"author":16,"featured_media":0,"parent":0,"menu_order":0,"comment_status":"closed","ping_status":"closed","template":"","meta":{"footnotes":""},"class_list":["post-5316","page","type-page","status-publish","hentry"],"aioseo_notices":[],"_links":{"self":[{"href":"https:\/\/sic.nodscloud.com\/nodsglobal\/wp-json\/wp\/v2\/pages\/5316","targetHints":{"allow":["GET"]}}],"collection":[{"href":"https:\/\/sic.nodscloud.com\/nodsglobal\/wp-json\/wp\/v2\/pages"}],"about":[{"href":"https:\/\/sic.nodscloud.com\/nodsglobal\/wp-json\/wp\/v2\/types\/page"}],"author":[{"embeddable":true,"href":"https:\/\/sic.nodscloud.com\/nodsglobal\/wp-json\/wp\/v2\/users\/16"}],"replies":[{"embeddable":true,"href":"https:\/\/sic.nodscloud.com\/nodsglobal\/wp-json\/wp\/v2\/comments?post=5316"}],"version-history":[{"count":14,"href":"https:\/\/sic.nodscloud.com\/nodsglobal\/wp-json\/wp\/v2\/pages\/5316\/revisions"}],"predecessor-version":[{"id":7583,"href":"https:\/\/sic.nodscloud.com\/nodsglobal\/wp-json\/wp\/v2\/pages\/5316\/revisions\/7583"}],"wp:attachment":[{"href":"https:\/\/sic.nodscloud.com\/nodsglobal\/wp-json\/wp\/v2\/media?parent=5316"}],"curies":[{"name":"wp","href":"https:\/\/api.w.org\/{rel}","templated":true}]}}