
{"id":5357,"date":"2024-10-01T14:17:02","date_gmt":"2024-10-01T14:17:02","guid":{"rendered":"https:\/\/sic.nodscloud.com\/nodsglobal\/?page_id=5357"},"modified":"2024-12-05T12:34:47","modified_gmt":"2024-12-05T12:34:47","slug":"especializacion-en-dialogo-interreligioso-e-intercultural","status":"publish","type":"page","link":"https:\/\/sic.nodscloud.com\/nodsglobal\/especializacion-en-dialogo-interreligioso-e-intercultural\/","title":{"rendered":"Especializaci\u00f3n en Di\u00e1logo Interreligioso e Intercultural"},"content":{"rendered":"<p><img decoding=\"async\" class=\" wp-image-5358 aligncenter\" src=\"https:\/\/sic.nodscloud.com\/nodsglobal\/wp-content\/uploads\/sites\/3\/2024\/10\/logo_catolica.png\" alt=\"\" width=\"301\" height=\"101\" srcset=\"https:\/\/sic.nodscloud.com\/nodsglobal\/wp-content\/uploads\/sites\/3\/2024\/10\/logo_catolica.png 763w, https:\/\/sic.nodscloud.com\/nodsglobal\/wp-content\/uploads\/sites\/3\/2024\/10\/logo_catolica-300x101.png 300w, https:\/\/sic.nodscloud.com\/nodsglobal\/wp-content\/uploads\/sites\/3\/2024\/10\/logo_catolica-700x235.png 700w\" sizes=\"(max-width: 301px) 100vw, 301px\" \/><\/p>\n<h1 style=\"text-align: center;\"><span style=\"color: #008000;\"><strong>Especializaci\u00f3n en Di\u00e1logo Interreligioso e Intercultural<\/strong><\/span><\/h1>\n<p><img decoding=\"async\" class=\"aligncenter\" src=\"https:\/\/content.ucn.edu.co\/wp-media-folder-fundacion-universitaria-catolica-del-norte\/wp-content\/uploads\/2022\/02\/interreligioso.jpg\" alt=\"Especializaci\u00f3n en Di\u00e1logo Interreligioso e Intercultural\" \/><\/p>\n<p>La Fundaci\u00f3n Universitaria Cat\u00f3lica del Norte, al ofrecer el La Especializaci\u00f3n en Di\u00e1logo Interreligioso e Intercultural (EDII) en la modalidad virtual pretende formar personas que tengan las herramientas te\u00f3ricas y pr\u00e1cticas para gestionar ambientes y propuestas de di\u00e1logo entre religiones y confesiones y entre diversas culturas con el fin de propiciar un mundo m\u00e1s comunitario, pac\u00edfico y justo. busca formaci\u00f3n de actitudes, y la apropiaci\u00f3n y uso pedag\u00f3gico de los conocimientos y medios para fomentar el di\u00e1logo intercultural e interreligioso en el mundo de hoy.<\/p>\n<hr \/>\n<p>&nbsp;<\/p>\n<h3 class=\"sfw\"><span style=\"color: #008000;\"><strong>Perfil Profesional<\/strong><\/span><\/h3>\n<p>El egresado de la Especializaci\u00f3n en Di\u00e1logo interreligioso e intercultural de la Fundaci\u00f3n Universitaria Cat\u00f3lica del Norte, tendr\u00e1 la capacidad de reconocer su propia identidad religiosa, para escuchar, empatizar y comprender las diversas culturas y religiones; con apertura de pensamiento, investigaci\u00f3n e Innovaci\u00f3n de estrategias de intervenci\u00f3n en di\u00e1logos interculturales e interreligiosos; resiliencia para afrontar las dificultades, visi\u00f3n compleja de los conflictos que se presentan en las comunidades y comprensi\u00f3n cr\u00edtica de la historia, los procesos y las experiencias de la multiculturalidad y del ecumenismo; habilidad para la aplicaci\u00f3n de t\u00e9cnicas y herramientas de las TIC en el di\u00e1logo intercultural e interreligioso, a nivel local, nacional e internacional, con responsabilidad social.<\/p>\n<hr \/>\n<p>&nbsp;<\/p>\n<h3 class=\"sfw\"><span style=\"color: #008000;\"><strong>Perfil Ocupacional<\/strong><\/span><\/h3>\n<p>Los egresados de la Especializaci\u00f3n en Di\u00e1logo Interreligioso e Intercultural, podr\u00e1n desempe\u00f1arse como:<\/p>\n<ul>\n<li>Asesores en Instituciones civiles o religiosas.<\/li>\n<li>Consejeros en Agencias, ONG\u2019s e instituciones que trabajan en ambientes multiculturales y multirreligiosos.<\/li>\n<li>Docente en Instituciones de formaci\u00f3n de pastores y ministros de distintas confesiones religiosas.<\/li>\n<li>Gestores de proyectos socioculturales en ambientes de diversidad, migraci\u00f3n, postconflicto.<\/li>\n<li>Integrante de la Mesa de Di\u00e1logo Interreligioso a nivel nacional, departamental y municipal.<\/li>\n<li>Asesor pedag\u00f3gico y mediacional en capacitaciones peri\u00f3dicas dirigidas a Servidores P\u00fablicos, con el fin de fortalecer conocimientos en el derecho de libertad religiosa o de cultos.<\/li>\n<li>Asesor pedag\u00f3gico y mediacional en contenido interactivo que contenga, explique y oriente sobre el marco constitucional y legal de la libertad religiosa o de cultos; as\u00ed como, de la pluralidad religiosa, la cultura y el hecho religioso.<\/li>\n<li>Delegado de una entidad religiosa o civil ante otras entidades religiosas para el di\u00e1logo ecum\u00e9nico, interreligioso e intercultural.<\/li>\n<li>Asesor pedag\u00f3gico y mediacional en temas relacionados con libertad religiosa y de cultos y eliminaci\u00f3n de la discriminaci\u00f3n con respecto a este Derecho Fundamental.<\/li>\n<\/ul>\n<p>&nbsp;<\/p>\n<hr \/>\n<h3><\/h3>\n<h3><span style=\"color: #008000;\"><strong>Perfil de Ingreso<\/strong><\/span><\/h3>\n<p>La persona que quiera realizar en la Fundaci\u00f3n Universitaria Cat\u00f3lica del Norte la Especializaci\u00f3n En Di\u00e1logo Interreligioso e intercultural, debe Poseer conocimientos b\u00e1sicos del manejo de Internet (utilizar computador con conexi\u00f3n a Internet y tener acceso a la red) y del manejo de nuevas tecnolog\u00edas. Tener el inter\u00e9s por el di\u00e1logo interreligioso e intercultural.Tener actitud para el trabajo disciplinado y comunicativo en red, tiempo suficiente para atender los compromisos acad\u00e9micos y ser asertivo en la comunicaci\u00f3n con los tutores y compa\u00f1eros. adem\u00e1s debe tener un manejo del idioma ingl\u00e9s a nivel inicial y cumplir con los requisitos y documentos exigidos por la universidad.<\/p>\n<p>Carreras de pregrado: en Teolog\u00eda, en Filosof\u00eda como tambi\u00e9n seminaristas, sacerdotes, Monjas, y otras profesiones interesada y comprometidas con el objetivo del programa.<\/p>\n<h3><\/h3>\n<hr \/>\n<h3 class=\"sfw\"><span style=\"color: #008000;\"><strong>Requisitos de ingreso<\/strong><\/span><\/h3>\n<ul>\n<li><a href=\"https:\/\/ucn.edu.co\/inscripciones-en-linea\" target=\"_blank\" rel=\"noopener\">Diligenciar el formulario de ingreso.<\/a><\/li>\n<li>Fotocopia del documento de identidad ampliado al 150%.<\/li>\n<li>Fotocopia del diploma o acta de pregrado.<\/li>\n<li>Recibo de los servicios p\u00fablicos, para constatar el estrato socioecon\u00f3mico y direcci\u00f3n.<\/li>\n<li>Recibo que acredite el pago de los derechos de inscripci\u00f3n y matr\u00edcula, efectuado por comprobante de pago o pago en l\u00ednea.<\/li>\n<li>Una (1) fotograf\u00eda tama\u00f1o 3\u00d74.<\/li>\n<li>En caso de ser necesario, certificado de discapacidad otorgado por la EPS, entidad prestadora de servicio o junta Nacional calificadora, para aspirantes con discapacidad.<\/li>\n<\/ul>\n<hr \/>\n<h3><span style=\"color: #008000;\"><strong>Propuesta Acad\u00e9mica<\/strong><\/span><\/h3>\n<ul class=\"list-unstyled mx-0 lh-base\">\n<li><b>T\u00edtulo:<\/b>\u00a0Especialista en di\u00e1logo interreligioso e intercultural<\/li>\n<li><b>Cr\u00e9ditos:<\/b>\u00a025<\/li>\n<li><b>Modalidad:<\/b>\u00a0Virtual<\/li>\n<li><span style=\"color: #0000ff;\"><a style=\"color: #0000ff;\" href=\"https:\/\/content.ucn.edu.co\/wp-media-folder-catolica-del-norte-fundacion-universitaria\/wp-content\/uploads\/2024\/02\/UCN-especializacion-dialogo-interreligioso.pdf\" target=\"_blank\" rel=\"noopener\"><b>\u27a1\ufe0fPlan de Estudios<\/b><\/a><\/span><\/li>\n<li><span style=\"color: #0000ff;\"><strong><a style=\"color: #0000ff;\" href=\"https:\/\/docs.google.com\/spreadsheets\/d\/1AFnbBvhTfTV4CHqIV6-TM4ucD42vsz73\/edit?rtpof=true\">\u27a1\ufe0fValor del Semestre<\/a><\/strong><\/span><\/li>\n<li><b>Valor inscripci\u00f3n:<\/b> $ 172.000<\/li>\n<li><a style=\"color: #0000ff;\" href=\"https:\/\/ucn.edu.co\/beneficios-formas-de-pago-y-financiacion\" rel=\"noopener\"><b>\u27a1\ufe0fFinanciaci\u00f3n<\/b><\/a><\/li>\n<li><a style=\"color: #0000ff;\" href=\"https:\/\/ucn.edu.co\/beneficios-alianzas\" rel=\"noopener\"><b>\u27a1\ufe0fBeneficio Alianzas<\/b><\/a><\/li>\n<\/ul>\n<p>&nbsp;<\/p>\n<p>&nbsp;<\/p>\n","protected":false},"excerpt":{"rendered":"<p>Especializaci\u00f3n en Di\u00e1logo Interreligioso e Intercultural La Fundaci\u00f3n Universitaria Cat\u00f3lica del Norte, al ofrecer el La Especializaci\u00f3n en Di\u00e1logo Interreligioso e Intercultural (EDII) en la modalidad virtual pretende formar personas que tengan las herramientas te\u00f3ricas y pr\u00e1cticas para gestionar ambientes y propuestas de di\u00e1logo entre&#8230;<\/p>\n","protected":false},"author":16,"featured_media":0,"parent":0,"menu_order":0,"comment_status":"closed","ping_status":"closed","template":"","meta":{"footnotes":""},"class_list":["post-5357","page","type-page","status-publish","hentry"],"aioseo_notices":[],"_links":{"self":[{"href":"https:\/\/sic.nodscloud.com\/nodsglobal\/wp-json\/wp\/v2\/pages\/5357","targetHints":{"allow":["GET"]}}],"collection":[{"href":"https:\/\/sic.nodscloud.com\/nodsglobal\/wp-json\/wp\/v2\/pages"}],"about":[{"href":"https:\/\/sic.nodscloud.com\/nodsglobal\/wp-json\/wp\/v2\/types\/page"}],"author":[{"embeddable":true,"href":"https:\/\/sic.nodscloud.com\/nodsglobal\/wp-json\/wp\/v2\/users\/16"}],"replies":[{"embeddable":true,"href":"https:\/\/sic.nodscloud.com\/nodsglobal\/wp-json\/wp\/v2\/comments?post=5357"}],"version-history":[{"count":11,"href":"https:\/\/sic.nodscloud.com\/nodsglobal\/wp-json\/wp\/v2\/pages\/5357\/revisions"}],"predecessor-version":[{"id":5965,"href":"https:\/\/sic.nodscloud.com\/nodsglobal\/wp-json\/wp\/v2\/pages\/5357\/revisions\/5965"}],"wp:attachment":[{"href":"https:\/\/sic.nodscloud.com\/nodsglobal\/wp-json\/wp\/v2\/media?parent=5357"}],"curies":[{"name":"wp","href":"https:\/\/api.w.org\/{rel}","templated":true}]}}