
{"id":5369,"date":"2024-10-01T14:38:17","date_gmt":"2024-10-01T14:38:17","guid":{"rendered":"https:\/\/sic.nodscloud.com\/nodsglobal\/?page_id=5369"},"modified":"2024-12-05T12:32:10","modified_gmt":"2024-12-05T12:32:10","slug":"especializacion-en-evangelizacion-en-ambientes-virtuales","status":"publish","type":"page","link":"https:\/\/sic.nodscloud.com\/nodsglobal\/especializacion-en-evangelizacion-en-ambientes-virtuales\/","title":{"rendered":"Especializaci\u00f3n en Evangelizaci\u00f3n en ambientes virtuales"},"content":{"rendered":"<h1><span style=\"color: #008000;\"><strong><img fetchpriority=\"high\" decoding=\"async\" class=\"alignnone wp-image-5358 aligncenter\" src=\"https:\/\/sic.nodscloud.com\/nodsglobal\/wp-content\/uploads\/sites\/3\/2024\/10\/logo_catolica.png\" alt=\"\" width=\"441\" height=\"148\" srcset=\"https:\/\/sic.nodscloud.com\/nodsglobal\/wp-content\/uploads\/sites\/3\/2024\/10\/logo_catolica.png 763w, https:\/\/sic.nodscloud.com\/nodsglobal\/wp-content\/uploads\/sites\/3\/2024\/10\/logo_catolica-300x101.png 300w, https:\/\/sic.nodscloud.com\/nodsglobal\/wp-content\/uploads\/sites\/3\/2024\/10\/logo_catolica-700x235.png 700w\" sizes=\"(max-width: 441px) 100vw, 441px\" \/><\/strong><\/span><\/h1>\n<h1 style=\"text-align: center;\"><span style=\"color: #008000;\"><strong>Especializaci\u00f3n en Evangelizaci\u00f3n en ambientes virtuales<\/strong><\/span><\/h1>\n<p><img decoding=\"async\" src=\"https:\/\/content.ucn.edu.co\/wp-media-folder-fundacion-universitaria-catolica-del-norte\/wp-content\/uploads\/2022\/02\/evangelizacio%CC%81n.jpg\" alt=\"Especializaci\u00f3n en Evangelizaci\u00f3n en Ambientes Virtuales\" \/><\/p>\n<p>&nbsp;<\/p>\n<p style=\"text-align: left;\">El posgrado \u201cEspecializaci\u00f3n en Evangelizaci\u00f3n en ambientes virtuales, de acuerdo con lo establecido en el Decreto 1295 de 2010 en el art\u00edculo 22, seg\u00fan el cual \u201clas especializaciones tienen como prop\u00f3sito la profundizaci\u00f3n en los saberes propios de un \u00e1rea de la ocupaci\u00f3n, disciplina o profesi\u00f3n de que se trate, el desarrollo de competencias espec\u00edficas para su perfeccionamiento y una mayor cualificaci\u00f3n para el desempe\u00f1o laboral\u201d, busca la apropiaci\u00f3n y uso pedag\u00f3gico y did\u00e1ctico de las TIC orientadas espec\u00edficamente a las tareas pastorales y de evangelizaci\u00f3n en el marco de los nuevos ambientes y nuevas problem\u00e1ticas que plantea para la Iglesia su misi\u00f3n evangelizadora. El acelerado desarrollo de las tecnolog\u00edas de la informaci\u00f3n y de la comunicaci\u00f3n al servicio de tantas actividades humanas, aprovechable tambi\u00e9n en las tareas de la Iglesia, se constituye en una oportunidad para proponer esta Especializaci\u00f3n en Evangelizaci\u00f3n en Ambientes Virtuales buscando potenciar la formaci\u00f3n de los agentes de pastoral en competencias propias de este ambiente para su desempe\u00f1o como evangelizadores.<\/p>\n<p>&nbsp;<\/p>\n<hr \/>\n<div class=\"col-md-6\">\n<h3 class=\"sfw\"><strong><span style=\"color: #008000;\">Perfil Profesional<\/span><\/strong><\/h3>\n<p>El egresado de la Especializaci\u00f3n en Evangelizaci\u00f3n en ambientes virtuales de la Fundaci\u00f3n Universitaria Cat\u00f3lica del Norte ser\u00e1 un profesional que dispone de las competencias para liderar procesos orientados a la Evangelizaci\u00f3n requerida en la Iglesia de acuerdo con las nuevas perspectivas trazadas por el Concilio Vaticano II y refrendadas por el Magisterio posterior hasta nuestros d\u00edas. Como tal profundizar\u00e1 los efectos y alcances que persigue la Evangelizaci\u00f3n para lo cual utiliza responsablemente las TIC como instrumentos a su servicio para investigar, interpretar y comunicar acertadamente el mensaje del Evangelio. Con capacidad de poner en funci\u00f3n de s\u00ed mismo, de la familia y de la sociedad el saber, habilidades y actitudes en pro de un nuevo modelo de humanidad basado en el di\u00e1logo, la inclusi\u00f3n y el respeto por la diversidad; promotor de la b\u00fasqueda de la verdad a trav\u00e9s de la investigaci\u00f3n y la confrontaci\u00f3n con otros saberes; cr\u00edtico y transformador de la realidad y su contexto, promotor del pensamiento innovador y de la identidad cultural.<\/p>\n<hr \/>\n<\/div>\n<div class=\"col-md-6\">\n<h3 class=\"sfw\"><span style=\"color: #008000;\"><strong>Perfil Ocupacional<\/strong><\/span><\/h3>\n<p>El Especialista en Evangelizaci\u00f3n en ambientes virtuales de la Fundaci\u00f3n Universitaria Cat\u00f3lica del Norte estar\u00e1 en capacidad de desempe\u00f1arse con habilidad en los siguientes contextos:<\/p>\n<ul>\n<li><b>Eclesial:<\/b>\u00a0utilizando sus conocimientos b\u00edblicos, teol\u00f3gicos y pastorales en pro de la realizaci\u00f3n de la misi\u00f3n de la Iglesia: anunciar a todo el mundo la Buena Noticia del Evangelio.<\/li>\n<li><b>Pastoral:<\/b>\u00a0aportando su experiencia y conocimientos en el estudio, dise\u00f1o y puesta en marcha de nuevos m\u00e9todos, planes y estrategias para llevar a cabo las tareas pastorales confiadas a la Iglesia, apoyado en los medios y herramientas de la informaci\u00f3n y las comunicaciones.<\/li>\n<li><b>Comunitario:<\/b>\u00a0en la creaci\u00f3n y animaci\u00f3n de nuevas comunidades, de manera muy especial a las que surgen espont\u00e1neamente a trav\u00e9s de las redes sociales y en las cuales tambi\u00e9n la Iglesia a trav\u00e9s de sus pastores, misioneros, catequistas y animadores, est\u00e1 llamada a realizar su misi\u00f3n evangelizadora.<\/li>\n<li><b>Social-investigativo:<\/b>\u00a0Ejecutando proyectos e iniciativas acordes con la disciplina de formaci\u00f3n y que aporten a la transformaci\u00f3n de su entorno, analizando con sentido cr\u00edtico las circunstancias coyunturales de cada momento: los desaf\u00edos y retos que continuamente se van presentando y ante los cuales, es necesario aportar asertivamente.<\/li>\n<\/ul>\n<hr \/>\n<h3><strong><span style=\"color: #008000;\">Perfil de Ingreso<\/span><\/strong><\/h3>\n<\/div>\n<p>La persona que quiera realizar en la Fundaci\u00f3n Universitaria Cat\u00f3lica del norte la Especializaci\u00f3n en Evangelizaci\u00f3n en Ambientes Virtuales debe Poseer conocimientos b\u00e1sicos del manejo de Internet (utilizar computador con conexi\u00f3n a Internet y tener acceso a la red) y del manejo de nuevas tecnolog\u00edas. Tener el inter\u00e9s por la evangelizaci\u00f3n a trav\u00e9s de y en el medio de la virtualidad.Tener actitud para el trabajo disciplinado y comunicativo en red, tiempo suficiente para atender los compromisos acad\u00e9micos y ser asertivo en la comunicaci\u00f3n con los tutores y compa\u00f1eros. adem\u00e1s debe tener un manejo del idioma ingl\u00e9s a nivel inicial y cumplir con los requisitos y documentos exigidos por la universidad.<\/p>\n<p>Carreras de pregrado: en Teolog\u00eda, en Filosof\u00eda como tambi\u00e9n seminaristas, sacerdotes, Monjas, y otras profesiones interesada y comprometidas con el objetivo del programa.<\/p>\n<hr \/>\n<h3 class=\"sfw\"><span style=\"color: #008000;\"><strong>Requisitos de ingreso<\/strong><\/span><\/h3>\n<ul>\n<li><a href=\"https:\/\/ucn.edu.co\/inscripciones-en-linea\" target=\"_blank\" rel=\"noopener\">Diligenciar el formulario de ingreso.<\/a><\/li>\n<li>Fotocopia del documento de identidad ampliado al 150%.<\/li>\n<li>Fotocopia del diploma o acta de pregrado.<\/li>\n<li>Recibo de los servicios p\u00fablicos, para constatar el estrato socioecon\u00f3mico y direcci\u00f3n.<\/li>\n<li>Recibo que acredite el pago de los derechos de inscripci\u00f3n y matr\u00edcula, efectuado por comprobante de pago o pago en l\u00ednea.<\/li>\n<li>Una (1) fotograf\u00eda tama\u00f1o 3\u00d74.<\/li>\n<li>En caso de ser necesario, certificado de discapacidad otorgado por la EPS, entidad prestadora de servicio o junta Nacional calificadora, para aspirantes con discapacidad.<\/li>\n<\/ul>\n<p>&nbsp;<\/p>\n<hr \/>\n<h3><span style=\"color: #008000;\"><strong>Propuesta Acad\u00e9mica<\/strong><\/span><\/h3>\n<ul class=\"list-unstyled mx-0 lh-base\">\n<li><b>T\u00edtulo:<\/b> Especialista en evangelizaci\u00f3n en ambientes virtuales<\/li>\n<li><b>Cr\u00e9ditos:<\/b>\u00a025<\/li>\n<li><b>Modalidad:<\/b>\u00a0Virtual<\/li>\n<li><strong>Duraci\u00f3n:<\/strong> 2 Semestres<\/li>\n<li><a href=\"https:\/\/content.ucn.edu.co\/wp-media-folder-catolica-del-norte-fundacion-universitaria\/wp-content\/uploads\/2023\/08\/UCN-especializacion-evangelizacion-ambientes-virtuales-2023.pdf\" target=\"_blank\" rel=\"noopener\"><b>\u27a1\ufe0f<span style=\"color: #0000ff;\">Plan de Estudios<\/span><\/b><\/a><\/li>\n<li><span style=\"color: #0000ff;\"><strong><a style=\"color: #0000ff;\" href=\"https:\/\/docs.google.com\/spreadsheets\/d\/1AFnbBvhTfTV4CHqIV6-TM4ucD42vsz73\/edit?rtpof=true\">\u27a1\ufe0fValor del Semestre<\/a><\/strong><\/span><\/li>\n<li><b>Valor inscripci\u00f3n:<\/b> $ 172.000<\/li>\n<li><span style=\"color: #0000ff;\"><a style=\"color: #0000ff;\" href=\"https:\/\/ucn.edu.co\/beneficios-formas-de-pago-y-financiacion\" rel=\"noopener\"><b>\u27a1\ufe0fFinanciaci\u00f3n<\/b><\/a><\/span><\/li>\n<li><span style=\"color: #0000ff;\"><a style=\"color: #0000ff;\" href=\"https:\/\/ucn.edu.co\/beneficios-alianzas\" rel=\"noopener\"><b>\u27a1\ufe0fBeneficio Alianzas<\/b><\/a><\/span><\/li>\n<\/ul>\n<hr \/>\n<p>&nbsp;<\/p>\n","protected":false},"excerpt":{"rendered":"<p>Especializaci\u00f3n en Evangelizaci\u00f3n en ambientes virtuales &nbsp; El posgrado \u201cEspecializaci\u00f3n en Evangelizaci\u00f3n en ambientes virtuales, de acuerdo con lo establecido en el Decreto 1295 de 2010 en el art\u00edculo 22, seg\u00fan el cual \u201clas especializaciones tienen como prop\u00f3sito la profundizaci\u00f3n en los saberes propios de&#8230;<\/p>\n","protected":false},"author":16,"featured_media":0,"parent":0,"menu_order":0,"comment_status":"closed","ping_status":"closed","template":"","meta":{"footnotes":""},"class_list":["post-5369","page","type-page","status-publish","hentry"],"aioseo_notices":[],"_links":{"self":[{"href":"https:\/\/sic.nodscloud.com\/nodsglobal\/wp-json\/wp\/v2\/pages\/5369","targetHints":{"allow":["GET"]}}],"collection":[{"href":"https:\/\/sic.nodscloud.com\/nodsglobal\/wp-json\/wp\/v2\/pages"}],"about":[{"href":"https:\/\/sic.nodscloud.com\/nodsglobal\/wp-json\/wp\/v2\/types\/page"}],"author":[{"embeddable":true,"href":"https:\/\/sic.nodscloud.com\/nodsglobal\/wp-json\/wp\/v2\/users\/16"}],"replies":[{"embeddable":true,"href":"https:\/\/sic.nodscloud.com\/nodsglobal\/wp-json\/wp\/v2\/comments?post=5369"}],"version-history":[{"count":7,"href":"https:\/\/sic.nodscloud.com\/nodsglobal\/wp-json\/wp\/v2\/pages\/5369\/revisions"}],"predecessor-version":[{"id":5959,"href":"https:\/\/sic.nodscloud.com\/nodsglobal\/wp-json\/wp\/v2\/pages\/5369\/revisions\/5959"}],"wp:attachment":[{"href":"https:\/\/sic.nodscloud.com\/nodsglobal\/wp-json\/wp\/v2\/media?parent=5369"}],"curies":[{"name":"wp","href":"https:\/\/api.w.org\/{rel}","templated":true}]}}