
{"id":5375,"date":"2024-10-01T15:08:05","date_gmt":"2024-10-01T15:08:05","guid":{"rendered":"https:\/\/sic.nodscloud.com\/nodsglobal\/?page_id=5375"},"modified":"2024-12-05T12:32:13","modified_gmt":"2024-12-05T12:32:13","slug":"especializacion-en-gerencia-agropecuaria","status":"publish","type":"page","link":"https:\/\/sic.nodscloud.com\/nodsglobal\/especializacion-en-gerencia-agropecuaria\/","title":{"rendered":"Especializaci\u00f3n en Gerencia Agropecuaria"},"content":{"rendered":"<p><img fetchpriority=\"high\" decoding=\"async\" class=\"wp-image-5358 aligncenter\" src=\"https:\/\/sic.nodscloud.com\/nodsglobal\/wp-content\/uploads\/sites\/3\/2024\/10\/logo_catolica.png\" alt=\"\" width=\"414\" height=\"139\" srcset=\"https:\/\/sic.nodscloud.com\/nodsglobal\/wp-content\/uploads\/sites\/3\/2024\/10\/logo_catolica.png 763w, https:\/\/sic.nodscloud.com\/nodsglobal\/wp-content\/uploads\/sites\/3\/2024\/10\/logo_catolica-300x101.png 300w, https:\/\/sic.nodscloud.com\/nodsglobal\/wp-content\/uploads\/sites\/3\/2024\/10\/logo_catolica-700x235.png 700w\" sizes=\"(max-width: 414px) 100vw, 414px\" \/><\/p>\n<h1 style=\"text-align: center;\"><span style=\"color: #008000;\"><strong>Especializaci\u00f3n en Gerencia Agropecuaria<\/strong><\/span><\/h1>\n<p><iframe title=\"Especializaci\u00f3n en Gerencia Agropecuaria\" width=\"1060\" height=\"596\" src=\"https:\/\/www.youtube.com\/embed\/F4c7jjwtAio?feature=oembed\" frameborder=\"0\" allow=\"accelerometer; autoplay; clipboard-write; encrypted-media; gyroscope; picture-in-picture; web-share\" referrerpolicy=\"strict-origin-when-cross-origin\" allowfullscreen><\/iframe><\/p>\n<p>La Especializaci\u00f3n en Gerencia Agropecuaria, est\u00e1 orientada a desarrollar las competencias para liderar, gestionar e intervenir de manera eficiente procesos productivos en empresas del sector agropecuario, agroindustrial y afines. Formar profesionales integrales con altos conocimientos y habilidades para la gesti\u00f3n y el desarrollo humano sostenible de los sistemas productivos rurales, Un profesional que entienda la manera adecuada para manejar el capital social, econ\u00f3mico, tecnol\u00f3gico, medioambiental y ecol\u00f3gico y as\u00ed lograr cambios sustanciales en las estructuras gerenciales y productivas del sector agropecuario<\/p>\n<hr \/>\n<div class=\"col-md-6\">\n<h3 class=\"sfw\"><strong><span style=\"color: #008000;\">Perfil Profesional<\/span><\/strong><\/h3>\n<p>El Especialista en Gerencia Agropecuaria de la Fundaci\u00f3n Universitaria Cat\u00f3lica del Norte ser\u00e1 un profesional capaz de dirigir, controlar y evaluar la ejecuci\u00f3n de los procesos de gesti\u00f3n y la aplicaci\u00f3n en los sistemas de producci\u00f3n, transformaci\u00f3n y mercadeo, con capacidades para la supervisi\u00f3n de proyectos agropecuarios con desarrollo sostenible, utilizando las herramientas de la informaci\u00f3n y la comunicaci\u00f3n; competente para la investigaci\u00f3n, en el \u00e1mbito regional, nacional e internacional, con \u00e9tica y responsabilidad social.<\/p>\n<\/div>\n<hr \/>\n<div class=\"col-md-6\">\n<h3 class=\"sfw\"><strong><span style=\"color: #008000;\">Perfil Ocupacional<\/span><\/strong><\/h3>\n<p>El egresado de Especializaci\u00f3n en Gerencia Agropecuaria de la Fundaci\u00f3n Universitaria Cat\u00f3lica del Norte podr\u00e1 desempe\u00f1arse a nivel regional y nacional, como:<\/p>\n<ul>\n<li>Gerente de Empresas Agropecuarias, Agroindustriales o afines; privadas, p\u00fablicas, solidarias, o de otra estructura social; propia o ajena.<\/li>\n<li>Director o jefe del \u00e1rea de Producci\u00f3n, Mercadeo, Comercializaci\u00f3n y Finanzas de Empresas Agropecuarias, Agroindustriales o afines.<\/li>\n<li>Gerente o director de Proyectos Agropecuarios, Agroindustriales o de empresas afines con criterio regional, nacional e internacional.<\/li>\n<li>Director o Asesor de proyectos investigativos en el \u00e1rea de la Gerencia de las Empresas Agropecuarias.<\/li>\n<li>Gestor o innovador de Planes de Desarrollo del Sector Agrario, de sus organizaciones y de otras afines, siempre con criterios de sostenibilidad social, econ\u00f3mica y ambiental.<\/li>\n<\/ul>\n<hr \/>\n<\/div>\n<div class=\"col-md-6\">\n<h3 class=\"sfw\"><strong><span style=\"color: #008000;\">Perfil de Ingreso<\/span><\/strong><\/h3>\n<p>Pueden optar por ingresar al programa profesionales que cuenten con t\u00edtulo a nivel de pregrado en disciplinas afines al sector agropecuario y agroindustrial\u00a0<em>(zootecnistas, ingenieros agropecuarios, administradores de empresas agropecuarias, administradores pecuarios, agr\u00f3nomos, ingenieros en productividad y calidad, ingenieros de alimentos, entre otros<\/em>). Tambi\u00e9n pueden aspirar a ingresar estudiantes de otras disciplinas afines que demuestren tener experiencia laboral en \u00e1reas relacionadas con la administraci\u00f3n y gesti\u00f3n de procesos productivos del sector agropecuario y agroindustrial. Desde el punto de vista de competencias informacionales, el estudiante debe tener dominio de las herramientas que se utilizan para tener acceso a las TIC, las redes de datos, internet, redes sociales, etc. Es importante que el estudiante disponga de acceso a un computador y conexi\u00f3n a Internet.<\/p>\n<hr \/>\n<h3 class=\"sfw\"><span style=\"color: #008000;\"><strong>Requisitos de ingreso<\/strong><\/span><\/h3>\n<ul>\n<li><a href=\"https:\/\/ucn.edu.co\/Paginas\/inscripciones-en-linea.aspx\" target=\"_blank\" rel=\"noopener\">Diligenciar el formulario de ingreso.<\/a><\/li>\n<li>Fotocopia del documento de identidad ampliado al 150%.<\/li>\n<li>Fotocopia del diploma o acta de pregrado.<\/li>\n<li>Recibo de los servicios p\u00fablicos, para constatar el estrato socioecon\u00f3mico y direcci\u00f3n.<\/li>\n<li>Recibo que acredite el pago de los derechos de inscripci\u00f3n y matr\u00edcula, efectuado por comprobante de pago o pago en l\u00ednea.<\/li>\n<li>Una (1) fotograf\u00eda tama\u00f1o 3\u00d74.<\/li>\n<li>En caso de ser necesario, certificado de discapacidad otorgado por la EPS, entidad prestadora de servicio o junta Nacional calificadora, para aspirantes con discapacidad.<\/li>\n<\/ul>\n<hr \/>\n<h3><span style=\"color: #008000;\"><strong>Propuesta Acad\u00e9mica<\/strong><\/span><\/h3>\n<ul class=\"list-unstyled mx-0 lh-base\">\n<li><b>T\u00edtulo:<\/b> \u00a0Especialista en gerencia agropecuaria<\/li>\n<li><b>Cr\u00e9ditos:<\/b> 26<\/li>\n<li><b>Modalidad:<\/b>\u00a0Virtual<\/li>\n<li><strong>Duraci\u00f3n:<\/strong>\u00a02 Semestres<\/li>\n<li><span style=\"color: #0000ff;\"><a style=\"color: #0000ff;\" href=\"https:\/\/content.ucn.edu.co\/wp-media-folder-catolica-del-norte-fundacion-universitaria\/wp-content\/uploads\/2022\/08\/UCN-especializacion-gerencia-agropecuaria-2022.pdf\" target=\"_blank\" rel=\"noopener\"><b>\u27a1\ufe0fPlan de Estudios<\/b><\/a><\/span><\/li>\n<li><span style=\"color: #0000ff;\"><strong><a style=\"color: #0000ff;\" href=\"https:\/\/docs.google.com\/spreadsheets\/d\/1AFnbBvhTfTV4CHqIV6-TM4ucD42vsz73\/edit?rtpof=true\">\u27a1\ufe0fValor del Semestre<\/a><\/strong><\/span><\/li>\n<li><b>Valor inscripci\u00f3n:<\/b> $ 172.000<\/li>\n<li><span style=\"color: #0000ff;\"><a style=\"color: #0000ff;\" href=\"https:\/\/ucn.edu.co\/beneficios-formas-de-pago-y-financiacion\" rel=\"noopener\"><b>\u27a1\ufe0fFinanciaci\u00f3n<\/b><\/a><\/span><\/li>\n<li><span style=\"color: #0000ff;\"><a style=\"color: #0000ff;\" href=\"https:\/\/ucn.edu.co\/beneficios-alianzas\" rel=\"noopener\"><b>\u27a1\ufe0fBeneficio Alianzas<\/b><\/a><\/span><\/li>\n<\/ul>\n<hr \/>\n<p>&nbsp;<\/p>\n<\/div>\n","protected":false},"excerpt":{"rendered":"<p>Especializaci\u00f3n en Gerencia Agropecuaria La Especializaci\u00f3n en Gerencia Agropecuaria, est\u00e1 orientada a desarrollar las competencias para liderar, gestionar e intervenir de manera eficiente procesos productivos en empresas del sector agropecuario, agroindustrial y afines. Formar profesionales integrales con altos conocimientos y habilidades para la gesti\u00f3n y&#8230;<\/p>\n","protected":false},"author":16,"featured_media":0,"parent":0,"menu_order":0,"comment_status":"closed","ping_status":"closed","template":"","meta":{"footnotes":""},"class_list":["post-5375","page","type-page","status-publish","hentry"],"aioseo_notices":[],"_links":{"self":[{"href":"https:\/\/sic.nodscloud.com\/nodsglobal\/wp-json\/wp\/v2\/pages\/5375","targetHints":{"allow":["GET"]}}],"collection":[{"href":"https:\/\/sic.nodscloud.com\/nodsglobal\/wp-json\/wp\/v2\/pages"}],"about":[{"href":"https:\/\/sic.nodscloud.com\/nodsglobal\/wp-json\/wp\/v2\/types\/page"}],"author":[{"embeddable":true,"href":"https:\/\/sic.nodscloud.com\/nodsglobal\/wp-json\/wp\/v2\/users\/16"}],"replies":[{"embeddable":true,"href":"https:\/\/sic.nodscloud.com\/nodsglobal\/wp-json\/wp\/v2\/comments?post=5375"}],"version-history":[{"count":6,"href":"https:\/\/sic.nodscloud.com\/nodsglobal\/wp-json\/wp\/v2\/pages\/5375\/revisions"}],"predecessor-version":[{"id":5962,"href":"https:\/\/sic.nodscloud.com\/nodsglobal\/wp-json\/wp\/v2\/pages\/5375\/revisions\/5962"}],"wp:attachment":[{"href":"https:\/\/sic.nodscloud.com\/nodsglobal\/wp-json\/wp\/v2\/media?parent=5375"}],"curies":[{"name":"wp","href":"https:\/\/api.w.org\/{rel}","templated":true}]}}