
{"id":5379,"date":"2024-10-01T15:26:55","date_gmt":"2024-10-01T15:26:55","guid":{"rendered":"https:\/\/sic.nodscloud.com\/nodsglobal\/?page_id=5379"},"modified":"2024-12-05T12:32:16","modified_gmt":"2024-12-05T12:32:16","slug":"especializacion-en-gestion-ambiental","status":"publish","type":"page","link":"https:\/\/sic.nodscloud.com\/nodsglobal\/especializacion-en-gestion-ambiental\/","title":{"rendered":"Especializaci\u00f3n en Gesti\u00f3n Ambiental"},"content":{"rendered":"<p><img fetchpriority=\"high\" decoding=\"async\" class=\"alignnone wp-image-5358 aligncenter\" src=\"https:\/\/sic.nodscloud.com\/nodsglobal\/wp-content\/uploads\/sites\/3\/2024\/10\/logo_catolica.png\" alt=\"\" width=\"393\" height=\"132\" srcset=\"https:\/\/sic.nodscloud.com\/nodsglobal\/wp-content\/uploads\/sites\/3\/2024\/10\/logo_catolica.png 763w, https:\/\/sic.nodscloud.com\/nodsglobal\/wp-content\/uploads\/sites\/3\/2024\/10\/logo_catolica-300x101.png 300w, https:\/\/sic.nodscloud.com\/nodsglobal\/wp-content\/uploads\/sites\/3\/2024\/10\/logo_catolica-700x235.png 700w\" sizes=\"(max-width: 393px) 100vw, 393px\" \/><\/p>\n<h1 style=\"text-align: center;\"><strong><span style=\"color: #008000;\">Especializaci\u00f3n en Gesti\u00f3n Ambiental<\/span><\/strong><\/h1>\n<p><iframe title=\"Especializaci\u00f3n en Gesti\u00f3n Ambiental\" width=\"1060\" height=\"596\" src=\"https:\/\/www.youtube.com\/embed\/Un9gpeqkneI?feature=oembed\" frameborder=\"0\" allow=\"accelerometer; autoplay; clipboard-write; encrypted-media; gyroscope; picture-in-picture; web-share\" referrerpolicy=\"strict-origin-when-cross-origin\" allowfullscreen><\/iframe><\/p>\n<p>La Especializaci\u00f3n en Gesti\u00f3n Ambiental, est\u00e1 orientada a desarrollar las competencias para liderar procesos de planificaci\u00f3n y formulaci\u00f3n de proyectos ambientales sostenibles fundamentados en principios y herramientas de gesti\u00f3n social, normativo y ecol\u00f3gico, para la conservaci\u00f3n de los recursos naturales.\u00a0 Formar profesionales integrales con altos conocimientos y habilidades para la gesti\u00f3n y el desarrollo humano sostenible de los sistemas productivos rurales, Un profesional que entienda la manera adecuada para manejar el capital social, econ\u00f3mico, tecnol\u00f3gico, medioambiental y ecol\u00f3gico y as\u00ed lograr cambios sustanciales en las estructuras gerenciales y productivas del sector agropecuario<\/p>\n<hr \/>\n<div class=\"col-md-6\">\n<h3 class=\"sfw\"><span style=\"color: #008000;\"><strong>Perfil Profesional<\/strong><\/span><\/h3>\n<p>El egresado de la Especializaci\u00f3n en Gesti\u00f3n Ambiental de la Fundaci\u00f3n Universitaria Cat\u00f3lica del Norte ser\u00e1 un profesional que dispone de las competencias para liderar procesos de planificaci\u00f3n y formulaci\u00f3n de proyectos ambientales sostenibles en los \u00e1mbitos p\u00fablico, empresarial y comunitario, fundamentado en principios y herramientas de gesti\u00f3n sociales, normativos y ecol\u00f3gicos, con el fin de aportar a la conservaci\u00f3n de los recursos naturales y de disminuir los impactos ambientales en los diferentes contextos del territorial y del actual cambio clim\u00e1tico global.<\/p>\n<hr \/>\n<\/div>\n<div class=\"col-md-6\">\n<h3 class=\"sfw\"><span style=\"color: #008000;\"><strong>Perfil Ocupacional<\/strong><\/span><\/h3>\n<p>El Especialista en Gesti\u00f3n Ambiental de la Fundaci\u00f3n Universitaria Cat\u00f3lica del Norte estar\u00e1 en capacidad de desempe\u00f1arse en organizaciones p\u00fablicas y privadas en los siguientes contextos:<\/p>\n<ul>\n<li>Contexto empresarial. Aplicando los conocimientos y destrezas como asesor, auditor e interventor de planes, programas y proyectos de gesti\u00f3n ambiental.<\/li>\n<li>Contexto comunitario y del entorno social. Formulando, evaluando y ejecutando proyectos e iniciativas ambientales acordes con la disciplina de formaci\u00f3n y que aporten a la transformaci\u00f3n de su entorno.<\/li>\n<li>Contexto funcional integral. Desarrollando competencias en el saber, el hacer y el ser que le permitan desempe\u00f1arse \u00e9ticamente, con alto sentido de responsabilidad y calidad en diferentes roles, a saber:\n<ul>\n<li>Lidera el Departamento de Gesti\u00f3n Ambiental o Secretaria Ambiental de organizaciones p\u00fablicas y privadas.<\/li>\n<li>Gesti\u00f3n de dise\u00f1o, implementaci\u00f3n y seguimiento de planes, programas y proyectos en entidades p\u00fablicas y privadas.<\/li>\n<li>Realiza labores propias en el sector educativo en temas de investigaci\u00f3n y formulaci\u00f3n de proyectos ambientales.<\/li>\n<li>Dise\u00f1a y ejecuta planes, programas y proyectos en obras de infraestructura que impacten positivamente en los recursos naturales, como medidas de conservaci\u00f3n ambiental y de adaptaci\u00f3n ante el cambio clim\u00e1tico<\/li>\n<\/ul>\n<\/li>\n<\/ul>\n<hr \/>\n<p>&nbsp;<\/p>\n<h3><span style=\"color: #008000;\"><strong>Perfil de Ingreso<\/strong><\/span><\/h3>\n<table dir=\"ltr\" cellspacing=\"0\" cellpadding=\"0\" data-sheets-root=\"1\" data-sheets-baot=\"1\">\n<colgroup>\n<col width=\"226\" \/>\n<col width=\"258\" \/>\n<col width=\"228\" \/>\n<col width=\"211\" \/><\/colgroup>\n<tbody>\n<tr>\n<td colspan=\"4\" rowspan=\"1\">La especializaci\u00f3n en Gesti\u00f3n Ambiental, estar\u00e1 abierto a profesionales de cualquier \u00e1rea de conocimiento, con un alto inter\u00e9s en temas ambientales, y que deseen ampliar, profundizar y actualizar sus conocimientos en el \u00e1rea.<\/td>\n<\/tr>\n<\/tbody>\n<\/table>\n<\/div>\n<hr \/>\n<h3 class=\"sfw\"><span style=\"color: #008000;\"><strong>Requisitos de ingreso<\/strong><\/span><\/h3>\n<ul>\n<li><a href=\"https:\/\/ucn.edu.co\/inscripciones-en-linea\" target=\"_blank\" rel=\"noopener\">Diligenciar el formulario de ingreso.<\/a><\/li>\n<li>Fotocopia del documento de identidad ampliado al 150%.<\/li>\n<li>Fotocopia del diploma o acta de pregrado.<\/li>\n<li>Recibo de los servicios p\u00fablicos, para constatar el estrato socioecon\u00f3mico y direcci\u00f3n.<\/li>\n<li>Recibo que acredite el pago de los derechos de inscripci\u00f3n y matr\u00edcula, efectuado por comprobante de pago o pago en l\u00ednea.<\/li>\n<li>Una (1) fotograf\u00eda tama\u00f1o 3\u00d74.<\/li>\n<li>En caso de ser necesario, certificado de discapacidad otorgado por la EPS, entidad prestadora de servicio o junta Nacional calificadora, para aspirantes con discapacidad.<\/li>\n<\/ul>\n<hr \/>\n<h3><span style=\"color: #008000;\"><strong>Propuesta Acad\u00e9mica<\/strong><\/span><\/h3>\n<ul class=\"list-unstyled mx-0 lh-base\">\n<li><b>T\u00edtulo:<\/b> Especialista en gesti\u00f3n ambiental<\/li>\n<li><b>Cr\u00e9ditos:<\/b>\u00a026<\/li>\n<li><b>Modalidad:<\/b>\u00a0Virtual<\/li>\n<li><strong>Duraci\u00f3n:<\/strong>\u00a02 Semestres<\/li>\n<li><span style=\"color: #0000ff;\"><a style=\"color: #0000ff;\" href=\"https:\/\/content.ucn.edu.co\/wp-media-folder-fundacion-universitaria-catolica-del-norte\/wp-content\/uploads\/2022\/01\/ga-ucn-especializacion-gestion-ambiental-2019-02.pdf\" target=\"_blank\" rel=\"noopener\"><b>\u27a1\ufe0fPlan de Estudios<\/b><\/a><\/span><\/li>\n<li><span style=\"color: #0000ff;\"><strong><a style=\"color: #0000ff;\" href=\"https:\/\/docs.google.com\/spreadsheets\/d\/1AFnbBvhTfTV4CHqIV6-TM4ucD42vsz73\/edit?rtpof=true\">\u27a1\ufe0fValor del Semestre<\/a><\/strong><\/span><\/li>\n<li><b>Valor inscripci\u00f3n:<\/b> $ 172.000<\/li>\n<li><span style=\"color: #0000ff;\"><a style=\"color: #0000ff;\" href=\"https:\/\/ucn.edu.co\/beneficios-formas-de-pago-y-financiacion\" rel=\"noopener\"><b>\u27a1\ufe0fFinanciaci\u00f3n<\/b><\/a><\/span><\/li>\n<li><span style=\"color: #0000ff;\"><a style=\"color: #0000ff;\" href=\"https:\/\/ucn.edu.co\/beneficios-alianzas\" rel=\"noopener\"><b>\u27a1\ufe0fBeneficio Alianzas<\/b><\/a><\/span><\/li>\n<\/ul>\n<hr \/>\n<p>&nbsp;<\/p>\n","protected":false},"excerpt":{"rendered":"<p>Especializaci\u00f3n en Gesti\u00f3n Ambiental La Especializaci\u00f3n en Gesti\u00f3n Ambiental, est\u00e1 orientada a desarrollar las competencias para liderar procesos de planificaci\u00f3n y formulaci\u00f3n de proyectos ambientales sostenibles fundamentados en principios y herramientas de gesti\u00f3n social, normativo y ecol\u00f3gico, para la conservaci\u00f3n de los recursos naturales.\u00a0 Formar&#8230;<\/p>\n","protected":false},"author":16,"featured_media":0,"parent":0,"menu_order":0,"comment_status":"closed","ping_status":"closed","template":"","meta":{"footnotes":""},"class_list":["post-5379","page","type-page","status-publish","hentry"],"aioseo_notices":[],"_links":{"self":[{"href":"https:\/\/sic.nodscloud.com\/nodsglobal\/wp-json\/wp\/v2\/pages\/5379","targetHints":{"allow":["GET"]}}],"collection":[{"href":"https:\/\/sic.nodscloud.com\/nodsglobal\/wp-json\/wp\/v2\/pages"}],"about":[{"href":"https:\/\/sic.nodscloud.com\/nodsglobal\/wp-json\/wp\/v2\/types\/page"}],"author":[{"embeddable":true,"href":"https:\/\/sic.nodscloud.com\/nodsglobal\/wp-json\/wp\/v2\/users\/16"}],"replies":[{"embeddable":true,"href":"https:\/\/sic.nodscloud.com\/nodsglobal\/wp-json\/wp\/v2\/comments?post=5379"}],"version-history":[{"count":4,"href":"https:\/\/sic.nodscloud.com\/nodsglobal\/wp-json\/wp\/v2\/pages\/5379\/revisions"}],"predecessor-version":[{"id":5961,"href":"https:\/\/sic.nodscloud.com\/nodsglobal\/wp-json\/wp\/v2\/pages\/5379\/revisions\/5961"}],"wp:attachment":[{"href":"https:\/\/sic.nodscloud.com\/nodsglobal\/wp-json\/wp\/v2\/media?parent=5379"}],"curies":[{"name":"wp","href":"https:\/\/api.w.org\/{rel}","templated":true}]}}