
{"id":5395,"date":"2024-10-01T18:18:05","date_gmt":"2024-10-01T18:18:05","guid":{"rendered":"https:\/\/sic.nodscloud.com\/nodsglobal\/?page_id=5395"},"modified":"2024-12-05T12:34:10","modified_gmt":"2024-12-05T12:34:10","slug":"especializacion-en-gestion-gerontologica","status":"publish","type":"page","link":"https:\/\/sic.nodscloud.com\/nodsglobal\/especializacion-en-gestion-gerontologica\/","title":{"rendered":"Especializaci\u00f3n en Gesti\u00f3n Gerontol\u00f3gica"},"content":{"rendered":"<p><img fetchpriority=\"high\" decoding=\"async\" class=\" wp-image-5358 aligncenter\" src=\"https:\/\/sic.nodscloud.com\/nodsglobal\/wp-content\/uploads\/sites\/3\/2024\/10\/logo_catolica.png\" alt=\"\" width=\"441\" height=\"148\" srcset=\"https:\/\/sic.nodscloud.com\/nodsglobal\/wp-content\/uploads\/sites\/3\/2024\/10\/logo_catolica.png 763w, https:\/\/sic.nodscloud.com\/nodsglobal\/wp-content\/uploads\/sites\/3\/2024\/10\/logo_catolica-300x101.png 300w, https:\/\/sic.nodscloud.com\/nodsglobal\/wp-content\/uploads\/sites\/3\/2024\/10\/logo_catolica-700x235.png 700w\" sizes=\"(max-width: 441px) 100vw, 441px\" \/><\/p>\n<h1 style=\"text-align: center;\"><span style=\"color: #008000;\"><strong>Especializaci\u00f3n en Gesti\u00f3n Gerontol\u00f3gica<\/strong><\/span><\/h1>\n<p><iframe title=\"Especializaci\u00f3n en Gesti\u00f3n Gerontol\u00f3gica\" width=\"1060\" height=\"596\" src=\"https:\/\/www.youtube.com\/embed\/I9zLXsd9T0w?feature=oembed\" frameborder=\"0\" allow=\"accelerometer; autoplay; clipboard-write; encrypted-media; gyroscope; picture-in-picture; web-share\" referrerpolicy=\"strict-origin-when-cross-origin\" allowfullscreen><\/iframe><\/p>\n<p>&nbsp;<\/p>\n<p>La Especializaci\u00f3n en Gesti\u00f3n Gerontol\u00f3gica, est\u00e1 orientada a desarrollar las competencias para planear, gestionar y desarrollar pol\u00edticas, planes, proyectos, programas y servicios para mejorar la calidad de vida y generar una cultura de envejecimiento en el \u00e1mbito individual, familiar, institucional y socio \u2013 comunitario. Formar talento humano para la comprensi\u00f3n de los factores asociados al proceso de desarrollo humano para planear, gestionar y desarrollar pol\u00edticas, planes, proyectos, programas y servicios para mejorar la calidad de vida y generar una cultura de envejecimiento en el \u00e1mbito individual,familiar, institucional y socio comunitario<\/p>\n<hr \/>\n<div class=\"col-md-6\">\n<h3 class=\"sfw\"><strong><span style=\"color: #008000;\">Perfil Profesional<\/span><\/strong><\/h3>\n<p>El especialista en Gesti\u00f3n Gerontol\u00f3gica de la Fundaci\u00f3n Universitaria Cat\u00f3lica del Norte, es una persona con potencial humano para aportar a las realidades de la sociedad en el \u00e1mbito de los programas y proyectos de gerontol\u00f3gicos a nivel del envejecimiento y la vejez, con alta sensibilidad humana social que le permita comprender las din\u00e1micas humanas del envejecimiento dentro de las complejas realidades nacionales e internacionales.<\/p>\n<p>Es una persona respetuosa de la libertad, la tolerancia y la dignidad humana, el pluralismo, la igualdad, la honestidad, la responsabilidad y la solidaridad, con importantes posibilidades de comprensi\u00f3n hacia lo \u00e9tico y human\u00edstico, en el marco de los derechos humanos, la constituci\u00f3n pol\u00edtica y la ley. Es una persona en construcci\u00f3n con posibilidad de autorregularse, acercarse al conocimiento y codificar conductas y reconstruir valores.<\/p>\n<hr \/>\n<\/div>\n<div class=\"col-md-6\">\n<h3 class=\"sfw\"><strong><span style=\"color: #008000;\">Perfil Ocupacional<\/span><\/strong><\/h3>\n<p>El especialista en Gesti\u00f3n Gerontol\u00f3gica de la Fundaci\u00f3n Universitaria Cat\u00f3lica del Norte, estar\u00e1 en capacidad de desempe\u00f1arse como profesional, mediante acciones orientados desde componentes de administraci\u00f3n, gesti\u00f3n de proyectos, y prospectivas gerontol\u00f3gicas:<\/p>\n<ul>\n<li>Gesti\u00f3n, coordinaci\u00f3n y asesor\u00eda a planes, programas, proyectos y servicios gerontol\u00f3gicos, interinstitucionales e intersectoriales, de car\u00e1cter disciplinario y multi-disciplinario, donde se privilegie la intervenci\u00f3n a nivel de la promoci\u00f3n y la prevenci\u00f3n de la poblaci\u00f3n envejeciente o en proceso de envejecimiento, encaminados a la transformaci\u00f3n cultural y la gesti\u00f3n del cambio social en esta poblaci\u00f3n.<\/li>\n<li>Orientar programas, proyectos y estrategias de promoci\u00f3n cultural y gerontol\u00f3gica de forma inter \u2013 multi disciplinario.<\/li>\n<li>Promoci\u00f3n de procesos de auto-gesti\u00f3n y autonom\u00eda en la poblaci\u00f3n de personas mayores, estructurando y creando ambientes y estilos de vida saludables en la persona mayor.<\/li>\n<li>Orientaci\u00f3n a las familias y a la comunidad en la atenci\u00f3n integral y apoyo social de las personas mayores, procurando el fortalecimiento y la innovaci\u00f3n de los programas para el mejoramiento de la calidad de vida y el desarrollo humano de la poblaci\u00f3n de personas mayores.<\/li>\n<\/ul>\n<hr \/>\n<h3 class=\"sfw\"><strong><span style=\"color: #008000;\">Perfil de Ingreso<\/span><\/strong><\/h3>\n<p>La especializaci\u00f3n en Gesti\u00f3n Gerontol\u00f3gica, estar\u00e1 abierto a profesionales de cualquier \u00e1rea de conocimiento, con un alto inter\u00e9s en: &#8211; cualificar su conocimiento acerca del proceso de envejecimiento, la etapa de la vejez y al adulto mayor. &#8211; cualificar en torno a temas relacionados con la administraci\u00f3n y gerencia en un contexto gerontol\u00f3gico.<\/p>\n<hr \/>\n<h3 class=\"sfw\"><span style=\"color: #008000;\"><strong>Requisitos de ingreso<\/strong><\/span><\/h3>\n<ul>\n<li><a href=\"https:\/\/ucn.edu.co\/inscripciones-en-linea\" target=\"_blank\" rel=\"noopener\">Diligenciar el formulario de ingreso.<\/a><\/li>\n<li>Fotocopia del documento de identidad ampliado al 150%.<\/li>\n<li>Fotocopia del diploma o acta de pregrado.<\/li>\n<li>Recibo de los servicios p\u00fablicos, para constatar el estrato socioecon\u00f3mico y direcci\u00f3n.<\/li>\n<li>Recibo que acredite el pago de los derechos de inscripci\u00f3n y matr\u00edcula, efectuado por comprobante de pago o pago en l\u00ednea.<\/li>\n<li>Una (1) fotograf\u00eda tama\u00f1o 3\u00d74.<\/li>\n<li>En caso de ser necesario, certificado de discapacidad otorgado por la EPS, entidad prestadora de servicio o junta Nacional calificadora, para aspirantes con discapacidad.<\/li>\n<\/ul>\n<hr \/>\n<h3><span style=\"color: #008000;\"><strong>Propuesta Acad\u00e9mica<\/strong><\/span><\/h3>\n<ul class=\"list-unstyled mx-0 lh-base\">\n<li><b>T\u00edtulo:<\/b>\u00a0\u00a0Especialista en gerencia agropecuaria<\/li>\n<li><b>Cr\u00e9ditos:<\/b>\u00a026<\/li>\n<li><b>Modalidad:<\/b>\u00a0Virtual<\/li>\n<li><strong>Duraci\u00f3n:<\/strong>\u00a02 Semestres<\/li>\n<li><span style=\"color: #0000ff;\"><a style=\"color: #0000ff;\" href=\"https:\/\/content.ucn.edu.co\/wp-media-folder-fundacion-universitaria-catolica-del-norte\/wp-content\/uploads\/2022\/01\/gg-ucn-especializacion-gestion-gerontologica-2019-02.pdf\" target=\"_blank\" rel=\"noopener\"><b>\u27a1\ufe0fPlan de Estudios<\/b><\/a><\/span><\/li>\n<li><span style=\"color: #0000ff;\"><strong><a style=\"color: #0000ff;\" href=\"https:\/\/docs.google.com\/spreadsheets\/d\/1AFnbBvhTfTV4CHqIV6-TM4ucD42vsz73\/edit?rtpof=true\">\u27a1\ufe0fValor del Semestre<\/a><\/strong><\/span><\/li>\n<li><b>Valor inscripci\u00f3n:<\/b> $ 172.000<\/li>\n<li><span style=\"color: #0000ff;\"><a style=\"color: #0000ff;\" href=\"https:\/\/ucn.edu.co\/beneficios-formas-de-pago-y-financiacion\" rel=\"noopener\"><b>\u27a1\ufe0fFinanciaci\u00f3n<\/b><\/a><\/span><\/li>\n<li><span style=\"color: #0000ff;\"><a style=\"color: #0000ff;\" href=\"https:\/\/ucn.edu.co\/beneficios-alianzas\" rel=\"noopener\"><b>\u27a1\ufe0fBeneficio Alianzas<\/b><\/a><\/span><\/li>\n<\/ul>\n<hr \/>\n<p>&nbsp;<\/p>\n<\/div>\n","protected":false},"excerpt":{"rendered":"<p>Especializaci\u00f3n en Gesti\u00f3n Gerontol\u00f3gica &nbsp; La Especializaci\u00f3n en Gesti\u00f3n Gerontol\u00f3gica, est\u00e1 orientada a desarrollar las competencias para planear, gestionar y desarrollar pol\u00edticas, planes, proyectos, programas y servicios para mejorar la calidad de vida y generar una cultura de envejecimiento en el \u00e1mbito individual, familiar, institucional&#8230;<\/p>\n","protected":false},"author":16,"featured_media":0,"parent":0,"menu_order":0,"comment_status":"closed","ping_status":"closed","template":"","meta":{"footnotes":""},"class_list":["post-5395","page","type-page","status-publish","hentry"],"aioseo_notices":[],"_links":{"self":[{"href":"https:\/\/sic.nodscloud.com\/nodsglobal\/wp-json\/wp\/v2\/pages\/5395","targetHints":{"allow":["GET"]}}],"collection":[{"href":"https:\/\/sic.nodscloud.com\/nodsglobal\/wp-json\/wp\/v2\/pages"}],"about":[{"href":"https:\/\/sic.nodscloud.com\/nodsglobal\/wp-json\/wp\/v2\/types\/page"}],"author":[{"embeddable":true,"href":"https:\/\/sic.nodscloud.com\/nodsglobal\/wp-json\/wp\/v2\/users\/16"}],"replies":[{"embeddable":true,"href":"https:\/\/sic.nodscloud.com\/nodsglobal\/wp-json\/wp\/v2\/comments?post=5395"}],"version-history":[{"count":3,"href":"https:\/\/sic.nodscloud.com\/nodsglobal\/wp-json\/wp\/v2\/pages\/5395\/revisions"}],"predecessor-version":[{"id":5963,"href":"https:\/\/sic.nodscloud.com\/nodsglobal\/wp-json\/wp\/v2\/pages\/5395\/revisions\/5963"}],"wp:attachment":[{"href":"https:\/\/sic.nodscloud.com\/nodsglobal\/wp-json\/wp\/v2\/media?parent=5395"}],"curies":[{"name":"wp","href":"https:\/\/api.w.org\/{rel}","templated":true}]}}