
{"id":5400,"date":"2024-10-01T18:35:36","date_gmt":"2024-10-01T18:35:36","guid":{"rendered":"https:\/\/sic.nodscloud.com\/nodsglobal\/?page_id=5400"},"modified":"2024-12-05T12:34:26","modified_gmt":"2024-12-05T12:34:26","slug":"especializacion-en-pedagogia-de-la-virtualidad","status":"publish","type":"page","link":"https:\/\/sic.nodscloud.com\/nodsglobal\/especializacion-en-pedagogia-de-la-virtualidad\/","title":{"rendered":"Especializaci\u00f3n en Pedagog\u00eda de la virtualidad"},"content":{"rendered":"<p><img fetchpriority=\"high\" decoding=\"async\" class=\"wp-image-5358 aligncenter\" src=\"https:\/\/sic.nodscloud.com\/nodsglobal\/wp-content\/uploads\/sites\/3\/2024\/10\/logo_catolica.png\" alt=\"\" width=\"402\" height=\"135\" srcset=\"https:\/\/sic.nodscloud.com\/nodsglobal\/wp-content\/uploads\/sites\/3\/2024\/10\/logo_catolica.png 763w, https:\/\/sic.nodscloud.com\/nodsglobal\/wp-content\/uploads\/sites\/3\/2024\/10\/logo_catolica-300x101.png 300w, https:\/\/sic.nodscloud.com\/nodsglobal\/wp-content\/uploads\/sites\/3\/2024\/10\/logo_catolica-700x235.png 700w\" sizes=\"(max-width: 402px) 100vw, 402px\" \/><\/p>\n<h1 style=\"text-align: center;\"><strong><span style=\"color: #008000;\">Especializaci\u00f3n en Pedagog\u00eda de la virtualidad<\/span><\/strong><\/h1>\n<p><iframe title=\"Especializaci\u00f3n en Pedagog\u00eda de la Virtualidad\" width=\"1060\" height=\"596\" src=\"https:\/\/www.youtube.com\/embed\/khA_38UQptQ?feature=oembed\" frameborder=\"0\" allow=\"accelerometer; autoplay; clipboard-write; encrypted-media; gyroscope; picture-in-picture; web-share\" referrerpolicy=\"strict-origin-when-cross-origin\" allowfullscreen><\/iframe><\/p>\n<p>&nbsp;<\/p>\n<p>La Especializaci\u00f3n en Pedagog\u00eda de la Virtualidad, est\u00e1 orientada a desarrollar las competencias pedag\u00f3gicas \u2013 did\u00e1cticas, cient\u00edficas \u2013 t\u00e9cnicas y human\u00edsticas para el acompa\u00f1amiento, orientaci\u00f3n y mediaci\u00f3n en la apropiaci\u00f3n de las TIC en procesos de ense\u00f1anza-aprendizaje. Contribuir al mejoramiento cualitativo de la educaci\u00f3n en la regi\u00f3n y en el pa\u00eds, orientado hacia el desarrollo humano integral, con identidad cultural, justicia y construcci\u00f3n de una democracia participativa, mediante procesos de investigaci\u00f3n, de formaci\u00f3n y de reflexi\u00f3n cr\u00edtica.<\/p>\n<hr \/>\n<div class=\"col-md-6\">\n<h3 class=\"sfw\"><strong><span style=\"color: #008000;\">Perfil Profesional<\/span><\/strong><\/h3>\n<p>El especialista en pedagog\u00eda de la virtualidad de la Fundaci\u00f3n Universitaria Cat\u00f3lica del Norte ser\u00e1 un profesional que se distingue ante la sociedad una vez egrese del programa por:<\/p>\n<ul>\n<li>Un ser humano \u00e9tico formado en competencias pedag\u00f3gicas-did\u00e1cticas, cient\u00edficas-t\u00e9cnicas y human\u00edsticas, en la apropiaci\u00f3n de las TIC en procesos de ense\u00f1anza-aprendizaje.<\/li>\n<li>Un ser humano calificado e id\u00f3neo, con principios cristianos en el ser y saber hacer en la sociedad del conocimiento y de la informaci\u00f3n.<\/li>\n<li>Un especialista id\u00f3neo en agregar valor a las TIC, desde la creatividad con posibilidades de transformaci\u00f3n en productos educativos innovadores.<\/li>\n<li>Un especialista observador y cr\u00edtico permanente de las realidades y contextos para intervenir desde propuestas de investigaci\u00f3n que generen soluciones a trav\u00e9s de diversas estrategias de ense\u00f1anza y aprendizaje mediadas por las TIC.<\/li>\n<li>Un especialista competente para realizar las funciones de administraci\u00f3n, indagaci\u00f3n, docencia, extensi\u00f3n e innovaciones en el \u00e1mbito de su formaci\u00f3n para desempe\u00f1arse en instituciones de Educaci\u00f3n superior, empresas y organizaciones.<\/li>\n<\/ul>\n<hr \/>\n<\/div>\n<div class=\"col-md-6\">\n<h3 class=\"sfw\"><strong><span style=\"color: #008000;\">Perfil Ocupacional<\/span><\/strong><\/h3>\n<p>El especialista en pedagog\u00eda de la virtualidad de la Fundaci\u00f3n Universitaria Cat\u00f3lica del Norte estar\u00e1 en capacidad de desempe\u00f1arse en contextos y escenarios como:<\/p>\n<ul>\n<li>Un ser humano con responsabilidad social, capaz de constituir y fidelizar redes de conocimiento, mediante las posibilidades educomunicativas de las TIC.<\/li>\n<li>Dise\u00f1ar, gestionar y evaluar procesos de educaci\u00f3n mediados por las TIC, con calidad y eficacia en contextos nacionales e internacionales desde curr\u00edculos pertinentes.<\/li>\n<li>Formular y desarrollar proyectos de investigaci\u00f3n en el campo de la educaci\u00f3n mediada por las TIC, que permitan llegar a soluciones y propuestas a problemas presentes en la realidad educativa y organizacional.<\/li>\n<li>Desempe\u00f1ar roles de docencia en las metodolog\u00edas presencial y a distancia (modalidad virtual).<\/li>\n<li>Dise\u00f1ar y evaluar distintas mediaciones pedag\u00f3gicas mediante la inclusi\u00f3n de las TIC.<\/li>\n<\/ul>\n<hr \/>\n<h3 class=\"sfw\"><strong><span style=\"color: #008000;\">Perfil de Ingreso<\/span><\/strong><\/h3>\n<\/div>\n<p>Quien aspire a ingresar a la especializaci\u00f3n en pedagog\u00eda de la virtualidad deben ser egresados de diversas disciplinas y profesiones: docentes y profesionales de educaci\u00f3n en todas las \u00e1reas del conocimiento; profesionales de diversas disciplinas interesados en el tema de la educaci\u00f3n, en los \u00e9nfasis o l\u00edneas de investigaci\u00f3n que ofrece la Especializaci\u00f3n en pedagog\u00eda de la virtualidad; Licenciados en educaci\u00f3n y docentes en ejercicio, que est\u00e9n dispuestos a cumplir con los siguientes criterios. \uf0b7 Respeto y compenetraci\u00f3n por la Filosof\u00eda y Principios de la Universidad. \uf0b7 Competencia intelectual en el \u00e1rea de conocimiento a desempe\u00f1ar. \uf0b7 Tradici\u00f3n acad\u00e9mica e inter\u00e9s investigativo en el n\u00facleo tem\u00e1tico a cursar. \uf0b7 Inter\u00e9s por la educaci\u00f3n, pedagog\u00eda , did\u00e1ctica y NTIC \uf0b7 Hoja de vida actualizada con los respectivos soportes \uf0b7 Cumplir con los lineamientos que establece el reglamento acad\u00e9mico de la FUCN, sobre ingreso de estudiantes<\/p>\n<hr \/>\n<h3 class=\"sfw\"><strong><span style=\"color: #008000;\">Requisitos de ingreso<\/span><\/strong><\/h3>\n<ul>\n<li><a href=\"https:\/\/ucn.edu.co\/inscripciones-en-linea\" target=\"_blank\" rel=\"noopener\">Diligenciar el formulario de ingreso.<\/a><\/li>\n<li>Fotocopia del documento de identidad ampliado al 150%.<\/li>\n<li>Fotocopia del diploma o acta de pregrado.<\/li>\n<li>Recibo de los servicios p\u00fablicos, para constatar el estrato socioecon\u00f3mico y direcci\u00f3n.<\/li>\n<li>Recibo que acredite el pago de los derechos de inscripci\u00f3n y matr\u00edcula, efectuado por comprobante de pago o pago en l\u00ednea.<\/li>\n<li>Una (1) fotograf\u00eda tama\u00f1o 3\u00d74.<\/li>\n<li>En caso de ser necesario, certificado de discapacidad otorgado por la EPS, entidad prestadora de servicio o junta Nacional calificadora, para aspirantes con discapacidad.<\/li>\n<\/ul>\n<hr \/>\n<h3><span style=\"color: #008000;\"><strong>Propuesta Acad\u00e9mica<\/strong><\/span><\/h3>\n<ul class=\"list-unstyled mx-0 lh-base\">\n<li><b>T\u00edtulo:<\/b>\u00a0\u00a0Especialista en gerencia agropecuaria<\/li>\n<li><b>Cr\u00e9ditos:<\/b> 25<\/li>\n<li><b>Modalidad:<\/b>\u00a0Virtual<\/li>\n<li><strong>Duraci\u00f3n:<\/strong>\u00a02 Semestres<\/li>\n<li><a href=\"https:\/\/content.ucn.edu.co\/wp-media-folder-fundacion-universitaria-catolica-del-norte\/wp-content\/uploads\/2022\/01\/pv-ucn-especializacion-pedagogia-virtualidad-2019-02.pdf\" target=\"_blank\" rel=\"noopener\"><b>\u27a1\ufe0f<span style=\"color: #0000ff;\">Plan de Estudios<\/span><\/b><\/a><\/li>\n<li><span style=\"color: #0000ff;\"><strong><a style=\"color: #0000ff;\" href=\"https:\/\/docs.google.com\/spreadsheets\/d\/1AFnbBvhTfTV4CHqIV6-TM4ucD42vsz73\/edit?rtpof=true\">\u27a1\ufe0fValor del Semestre<\/a><\/strong><\/span><\/li>\n<li><b>Valor inscripci\u00f3n:<\/b> $ 172.000<\/li>\n<li><span style=\"color: #0000ff;\"><a style=\"color: #0000ff;\" href=\"https:\/\/ucn.edu.co\/beneficios-formas-de-pago-y-financiacion\" rel=\"noopener\"><b>\u27a1\ufe0fFinanciaci\u00f3n<\/b><\/a><\/span><\/li>\n<li><span style=\"color: #0000ff;\"><a style=\"color: #0000ff;\" href=\"https:\/\/ucn.edu.co\/beneficios-alianzas\" rel=\"noopener\"><b>\u27a1\ufe0fBeneficio Alianzas<\/b><\/a><\/span><\/li>\n<\/ul>\n<hr \/>\n<p>&nbsp;<\/p>\n","protected":false},"excerpt":{"rendered":"<p>Especializaci\u00f3n en Pedagog\u00eda de la virtualidad &nbsp; La Especializaci\u00f3n en Pedagog\u00eda de la Virtualidad, est\u00e1 orientada a desarrollar las competencias pedag\u00f3gicas \u2013 did\u00e1cticas, cient\u00edficas \u2013 t\u00e9cnicas y human\u00edsticas para el acompa\u00f1amiento, orientaci\u00f3n y mediaci\u00f3n en la apropiaci\u00f3n de las TIC en procesos de ense\u00f1anza-aprendizaje. Contribuir&#8230;<\/p>\n","protected":false},"author":16,"featured_media":0,"parent":0,"menu_order":0,"comment_status":"closed","ping_status":"closed","template":"","meta":{"footnotes":""},"class_list":["post-5400","page","type-page","status-publish","hentry"],"aioseo_notices":[],"_links":{"self":[{"href":"https:\/\/sic.nodscloud.com\/nodsglobal\/wp-json\/wp\/v2\/pages\/5400","targetHints":{"allow":["GET"]}}],"collection":[{"href":"https:\/\/sic.nodscloud.com\/nodsglobal\/wp-json\/wp\/v2\/pages"}],"about":[{"href":"https:\/\/sic.nodscloud.com\/nodsglobal\/wp-json\/wp\/v2\/types\/page"}],"author":[{"embeddable":true,"href":"https:\/\/sic.nodscloud.com\/nodsglobal\/wp-json\/wp\/v2\/users\/16"}],"replies":[{"embeddable":true,"href":"https:\/\/sic.nodscloud.com\/nodsglobal\/wp-json\/wp\/v2\/comments?post=5400"}],"version-history":[{"count":6,"href":"https:\/\/sic.nodscloud.com\/nodsglobal\/wp-json\/wp\/v2\/pages\/5400\/revisions"}],"predecessor-version":[{"id":5964,"href":"https:\/\/sic.nodscloud.com\/nodsglobal\/wp-json\/wp\/v2\/pages\/5400\/revisions\/5964"}],"wp:attachment":[{"href":"https:\/\/sic.nodscloud.com\/nodsglobal\/wp-json\/wp\/v2\/media?parent=5400"}],"curies":[{"name":"wp","href":"https:\/\/api.w.org\/{rel}","templated":true}]}}