
{"id":5407,"date":"2024-10-01T18:58:53","date_gmt":"2024-10-01T18:58:53","guid":{"rendered":"https:\/\/sic.nodscloud.com\/nodsglobal\/?page_id=5407"},"modified":"2024-12-05T12:36:39","modified_gmt":"2024-12-05T12:36:39","slug":"especializacion-en-gestion-para-el-teletrabajo","status":"publish","type":"page","link":"https:\/\/sic.nodscloud.com\/nodsglobal\/especializacion-en-gestion-para-el-teletrabajo\/","title":{"rendered":"Especializacion en Gesti\u00f3n para el teletrabajo"},"content":{"rendered":"<p><img fetchpriority=\"high\" decoding=\"async\" class=\"wp-image-5358 aligncenter\" src=\"https:\/\/sic.nodscloud.com\/nodsglobal\/wp-content\/uploads\/sites\/3\/2024\/10\/logo_catolica.png\" alt=\"\" width=\"408\" height=\"137\" srcset=\"https:\/\/sic.nodscloud.com\/nodsglobal\/wp-content\/uploads\/sites\/3\/2024\/10\/logo_catolica.png 763w, https:\/\/sic.nodscloud.com\/nodsglobal\/wp-content\/uploads\/sites\/3\/2024\/10\/logo_catolica-300x101.png 300w, https:\/\/sic.nodscloud.com\/nodsglobal\/wp-content\/uploads\/sites\/3\/2024\/10\/logo_catolica-700x235.png 700w\" sizes=\"(max-width: 408px) 100vw, 408px\" \/><\/p>\n<h1 style=\"text-align: center;\"><span style=\"color: #008000;\"><strong>Especializaci\u00f3n en Gesti\u00f3n para el teletrabajo<\/strong><\/span><\/h1>\n<p><iframe title=\"Especializaci\u00f3n en Gesti\u00f3n para el Teletrabajo\" width=\"1060\" height=\"596\" src=\"https:\/\/www.youtube.com\/embed\/wTekLUkx6N0?feature=oembed\" frameborder=\"0\" allow=\"accelerometer; autoplay; clipboard-write; encrypted-media; gyroscope; picture-in-picture; web-share\" referrerpolicy=\"strict-origin-when-cross-origin\" allowfullscreen><\/iframe><\/p>\n<p>&nbsp;<\/p>\n<p>La Especializaci\u00f3n en Gesti\u00f3n para el teletrabajo est\u00e1 orientada a desarrollar las competencias para planificar, gestionar e implementar procesos de teletrabajo en las organizaciones, haciendo uso efectivo de herramientas tecnol\u00f3gicas. Crear un programa de nivel de especializaci\u00f3n universitaria que aborde los componentes que favorecen la planeaci\u00f3n, gesti\u00f3n e implementaci\u00f3n de procesos de teletrabajo en las organizaciones, transversalizado mediante el uso efectivo de herramientas tecnol\u00f3gicas y plataformas de colaboraci\u00f3n y comunicaci\u00f3n.<\/p>\n<p>&nbsp;<\/p>\n<hr \/>\n<div class=\"col-md-6\">\n<h3 class=\"sfw\"><span style=\"color: #008000;\"><strong>Perfil Profesional<\/strong><\/span><\/h3>\n<p>El egresado de la Especializaci\u00f3n en Gesti\u00f3n para el Teletrabajo de la Fundaci\u00f3n Universitaria Cat\u00f3lica del Norte ser\u00e1 un profesional con sentido \u00e9tico y responsabilidad social, competente para planificar, gestionar e implementar procesos de teletrabajo en las organizaciones, haciendo uso efectivo de herramientas tecnol\u00f3gicas.<\/p>\n<\/div>\n<hr \/>\n<div class=\"col-md-6\">\n<h3 class=\"sfw\"><strong><span style=\"color: #008000;\">Perfil Ocupacional<\/span><\/strong><\/h3>\n<p>El especialista en Gesti\u00f3n para el Teletrabajo de la Fundaci\u00f3n Universitaria Cat\u00f3lica del Norte estar\u00e1 en capacidad de:<\/p>\n<ul>\n<li>Dirigir y ejecutar planes, programas y proyectos relacionados con el teletrabajo en las organizaciones.<\/li>\n<li>Identificar y aplicar herramientas de colaboraci\u00f3n y comunicaci\u00f3n en el teletrabajo de acuerdo con las pol\u00edticas internas de la organizaci\u00f3n.<\/li>\n<li>Generar y aplicar estrategias que faciliten la adopci\u00f3n de la modalidad del teletrabajo en las organizaciones.<\/li>\n<li>Realizar procesos de monitoreo y evaluaci\u00f3n de los teletrabajadores con el fin de medir la productividad en la organizaci\u00f3n.<\/li>\n<li>Asesor y consultor en proyectos relacionados con el teletrabajo en las organizaciones.<\/li>\n<\/ul>\n<hr \/>\n<h3><span style=\"color: #008000;\"><strong>Perfil de Ingreso<\/strong><\/span><\/h3>\n<p>La Especializaci\u00f3n en Gesti\u00f3n para el Teletrabajo, est\u00e1 dirigida a profesionales de diversas \u00e1reas del saber que quieran profundizar en conocimientos y destrezas para la Gesti\u00f3n, uso y apropiaci\u00f3n de las TIC en las organizaciones, considerando aspectos t\u00e9cnicos y funcionales, de aprovechamiento de la informaci\u00f3n y la disponibilidad de recursos para el teletrabajo.<\/p>\n<hr \/>\n<h3 class=\"sfw\"><strong><span style=\"color: #008000;\">Requisitos de ingreso<\/span><\/strong><\/h3>\n<ul>\n<li><a href=\"https:\/\/ucn.edu.co\/inscripciones-en-linea\" target=\"_blank\" rel=\"noopener\">Diligenciar el formulario de ingreso.<\/a><\/li>\n<li>Fotocopia del documento de identidad ampliado al 150%.<\/li>\n<li>Fotocopia del diploma o acta de pregrado.<\/li>\n<li>Recibo de los servicios p\u00fablicos, para constatar el estrato socioecon\u00f3mico y direcci\u00f3n.<\/li>\n<li>Recibo que acredite el pago de los derechos de inscripci\u00f3n y matr\u00edcula, efectuado por comprobante de pago o pago en l\u00ednea.<\/li>\n<li>Una (1) fotograf\u00eda tama\u00f1o 3\u00d74.<\/li>\n<li>En caso de ser necesario, certificado de discapacidad otorgado por la EPS, entidad prestadora de servicio o junta Nacional calificadora, para aspirantes con discapacidad.<\/li>\n<\/ul>\n<hr \/>\n<h3><span style=\"color: #008000;\"><strong>Propuesta Acad\u00e9mica<\/strong><\/span><\/h3>\n<ul class=\"list-unstyled mx-0 lh-base\">\n<li><b>T\u00edtulo:<\/b>\u00a0\u00a0Especialista en gerencia agropecuaria<\/li>\n<li><b>Cr\u00e9ditos:<\/b>\u00a026<\/li>\n<li><b>Modalidad:<\/b>\u00a0Virtual<\/li>\n<li><strong>Duraci\u00f3n:<\/strong>\u00a02 Semestres<\/li>\n<li><span style=\"color: #0000ff;\"><a style=\"color: #0000ff;\" href=\"https:\/\/content.ucn.edu.co\/wp-media-folder-fundacion-universitaria-catolica-del-norte\/wp-content\/uploads\/2022\/01\/gt-ucn-especializacion-gestion-teletrabajo-02.pdf\" target=\"_blank\" rel=\"noopener\"><b>\u27a1\ufe0fPlan de Estudios<\/b><\/a><\/span><\/li>\n<li><span style=\"color: #0000ff;\"><strong><a style=\"color: #0000ff;\" href=\"https:\/\/docs.google.com\/spreadsheets\/d\/1AFnbBvhTfTV4CHqIV6-TM4ucD42vsz73\/edit?rtpof=true\">\u27a1\ufe0fValor del Semestre<\/a><\/strong><\/span><\/li>\n<li><b>Valor inscripci\u00f3n:<\/b> $ 172.000<\/li>\n<li><span style=\"color: #0000ff;\"><a style=\"color: #0000ff;\" href=\"https:\/\/ucn.edu.co\/beneficios-formas-de-pago-y-financiacion\" rel=\"noopener\"><b>\u27a1\ufe0fFinanciaci\u00f3n<\/b><\/a><\/span><\/li>\n<li><span style=\"color: #0000ff;\"><a style=\"color: #0000ff;\" href=\"https:\/\/ucn.edu.co\/beneficios-alianzas\" rel=\"noopener\"><b>\u27a1\ufe0fBeneficio Alianzas<\/b><\/a><\/span><\/li>\n<\/ul>\n<\/div>\n","protected":false},"excerpt":{"rendered":"<p>Especializaci\u00f3n en Gesti\u00f3n para el teletrabajo &nbsp; La Especializaci\u00f3n en Gesti\u00f3n para el teletrabajo est\u00e1 orientada a desarrollar las competencias para planificar, gestionar e implementar procesos de teletrabajo en las organizaciones, haciendo uso efectivo de herramientas tecnol\u00f3gicas. Crear un programa de nivel de especializaci\u00f3n universitaria&#8230;<\/p>\n","protected":false},"author":16,"featured_media":0,"parent":0,"menu_order":0,"comment_status":"closed","ping_status":"closed","template":"","meta":{"footnotes":""},"class_list":["post-5407","page","type-page","status-publish","hentry"],"aioseo_notices":[],"_links":{"self":[{"href":"https:\/\/sic.nodscloud.com\/nodsglobal\/wp-json\/wp\/v2\/pages\/5407","targetHints":{"allow":["GET"]}}],"collection":[{"href":"https:\/\/sic.nodscloud.com\/nodsglobal\/wp-json\/wp\/v2\/pages"}],"about":[{"href":"https:\/\/sic.nodscloud.com\/nodsglobal\/wp-json\/wp\/v2\/types\/page"}],"author":[{"embeddable":true,"href":"https:\/\/sic.nodscloud.com\/nodsglobal\/wp-json\/wp\/v2\/users\/16"}],"replies":[{"embeddable":true,"href":"https:\/\/sic.nodscloud.com\/nodsglobal\/wp-json\/wp\/v2\/comments?post=5407"}],"version-history":[{"count":4,"href":"https:\/\/sic.nodscloud.com\/nodsglobal\/wp-json\/wp\/v2\/pages\/5407\/revisions"}],"predecessor-version":[{"id":5967,"href":"https:\/\/sic.nodscloud.com\/nodsglobal\/wp-json\/wp\/v2\/pages\/5407\/revisions\/5967"}],"wp:attachment":[{"href":"https:\/\/sic.nodscloud.com\/nodsglobal\/wp-json\/wp\/v2\/media?parent=5407"}],"curies":[{"name":"wp","href":"https:\/\/api.w.org\/{rel}","templated":true}]}}